{"id":4294,"date":"2022-08-08T20:47:24","date_gmt":"2022-08-08T20:47:24","guid":{"rendered":"https:\/\/www.sunkaraoke.hu\/index.php\/termek\/maduar-hafanana-2014\/"},"modified":"2025-04-10T12:53:12","modified_gmt":"2025-04-10T12:53:12","slug":"maduar-hafanana-2014","status":"publish","type":"product","link":"https:\/\/www.sunkaraoke.hu\/index.php\/termek\/maduar-hafanana-2014\/","title":{"rendered":"<div class=\"wcmp-player-container product-4294\"><audio controlslist=\"nodownload\" data-product=\"4294\"  volume=\"1\"  preload=\"none\" data-lazyloading=\"none\" class=\"wcmp-player track mejs-classic\" data-duration=\"0:33\" data-estimated_duration=\"4\"><source src=\"https:\/\/www.sunkaraoke.hu\/wp-content\/uploads\/2022\/08\/Hafanana-Voc_demo.mp3\" type=\"audio\/mp3\" \/><\/audio><\/div>Maduar &#8211; Hafanana ( Magyar sz\u00f6veggel) (Original SB Edition)"},"content":{"rendered":"<p><strong>03:10<\/strong> | <strong><img loading=\"lazy\" decoding=\"async\" class=\"alignnone size-full wp-image-466\" src=\"https:\/\/www.sunkaraoke.hu\/wp-content\/uploads\/2022\/07\/choir_1-copy.webp\" alt=\"\" width=\"30\" height=\"30\" \/> <\/strong><\/p>\n","protected":false},"excerpt":{"rendered":"<h5><strong>Bits\u0171r\u0171s\u00e9g: 320kb\/s<\/strong><br \/>\n<strong>Hossz: 03:10<\/strong><br \/>\n<strong>Vok\u00e1lt tartalmaz: Igen <img loading=\"lazy\" decoding=\"async\" class=\"alignnone size-full wp-image-466\" src=\"http:\/\/www.sunkaraoke.hu\/wp-content\/uploads\/2022\/07\/choir_1-copy.png\" alt=\"\" width=\"30\" height=\"30\" \/><\/strong><strong style=\"font-size: 16px;\"><br \/>\n<\/strong><\/h5>\n<p>Sunkaraoke mp3 st\u00fadi\u00f3 \/ www.sunkaraoke.hu \/ Inf: Tel: 06 20 4275001<\/p>\n<p>N\u00e1, n\u00e1, n\u00e1, n\u00e1, n\u00e1, n\u00e1, n\u00e1, n\u00e1&#8230;<br \/>\nCsak \u00fclj ide \u00e9s ne f\u00e9lj, megtedd nekem,<br \/>\nh\u00e1t engedd hogy egy kicsit \u00e9rezz engem.<br \/>\nA sz\u00edvemet is adom, mondd h\u00e1t ha kell,<br \/>\n\u00e9s akarom hogy nagyon, j\u00f3 lesz velem.<br \/>\nCsak \u00fclj ide \u00e9s ne f\u00e9lj, fogd h\u00e1t kezem,<br \/>\nitt n\u00e1lam nincs h\u00e1t vesz\u00e9ly, b\u00edzhatsz bennem.<br \/>\nCsak annyi kell, hogy \u00e9rezz, egy sz\u00f3t se sz\u00f3lj,<br \/>\n\u00e9s mindig egyre jobb lesz, tudjuk ezt j\u00f3l!<br \/>\nH\u00e9, ne menj m\u00e9g haza, m\u00e9g hossz\u00fa az \u00e9jszaka,<br \/>\nmesszire h\u00edv \u0151r\u00fclt v\u00e1ndora, induljunk el titokba.<br \/>\nH\u00e9 v\u00e1r egy nagy csoda, h\u00e1t \u00f6lelj \u00e9s \u00e9rj oda,<br \/>\nkihagyni ezt kisl\u00e1ny nagy hiba, b\u00fajj ide a karomba.<br \/>\nN\u00e1, n\u00e1, n\u00e1, n\u00e1, n\u00e1, n\u00e1, n\u00e1, n\u00e1&#8230;<br \/>\nN\u00e1, n\u00e1, n\u00e1, n\u00e1, n\u00e1, n\u00e1, n\u00e1, n\u00e1&#8230;<br \/>\n\u00c9rzem hogy a sz\u00edved, ritmust dobog,<br \/>\nm\u00e1s az hogy csak figyel, test\u00fcnk l\u00e1ngol.<br \/>\nEz m\u00e9g csoda nyit\u00e1ny, nem kell sz\u00f6veg,<br \/>\nnem lehet hogy kisz\u00e1llj, nem teheted.<br \/>\nMenj az \u00faton v\u00e9gig, egy\u00fctt velem,<br \/>\n\u00edgy jutunk az \u00e9gig, sz\u00e9p lesz minden.<br \/>\nEgy pillanat az eg\u00e9sz, \u00f3r\u00e1nk meg\u00e1ll,<br \/>\na csillagokig el\u00e9rsz, s\u00e1-l\u00e1-l\u00e1-l\u00e1.<br \/>\nH\u00e9, ne menj m\u00e9g haza, m\u00e9g hossz\u00fa az \u00e9jszaka,<br \/>\nmesszire h\u00edv \u0151r\u00fclt v\u00e1ndora, induljunk el titokba.<br \/>\nH\u00e9 v\u00e1r egy nagy csoda, h\u00e1t \u00f6lelj \u00e9s \u00e9rj oda,<br \/>\nkihagyni ezt kisl\u00e1ny nagy hiba, b\u00fajj ide a karomba.<br \/>\n&#8212;Sz\u00f3l\u00f3&#8211;<br \/>\nHafannana&#8230;.sal\u00e1l\u00e1la&#8230;..<br \/>\nCsak \u00fclj ide \u00e9s ne f\u00e9lj, megtedd nekem,<br \/>\nh\u00e1t engedd hogy egy kicsit \u00e9rezz engem.<br \/>\nA sz\u00edvemet is adom, mondd h\u00e1t ha kell,<br \/>\n\u00e9s akarom hogy nagyon, j\u00f3 lesz velem.<br \/>\nH\u00e9, ne menj m\u00e9g haza, m\u00e9g hossz\u00fa az \u00e9jszaka,<br \/>\nmesszire h\u00edv \u0151r\u00fclt v\u00e1ndora, induljunk el titokba.<br \/>\nH\u00e9 v\u00e1r egy nagy csoda, h\u00e1t \u00f6lelj \u00e9s \u00e9rj oda,<br \/>\nkihagyni ezt kisl\u00e1ny nagy hiba, b\u00fajj ide a karomba.<br \/>\n&#8212;V\u00e9ge&#8212;<\/p>\n<p>&nbsp;<\/p>\n","protected":false},"featured_media":13682,"template":"","meta":{"site-sidebar-layout":"default","site-content-layout":"default","ast-site-content-layout":"default","site-content-style":"default","site-sidebar-style":"default","ast-global-header-display":"","ast-banner-title-visibility":"","ast-main-header-display":"","ast-hfb-above-header-display":"","ast-hfb-below-header-display":"","ast-hfb-mobile-header-display":"","site-post-title":"","ast-breadcrumbs-content":"","ast-featured-img":"","footer-sml-layout":"","theme-transparent-header-meta":"default","adv-header-id-meta":"","stick-header-meta":"","header-above-stick-meta":"","header-main-stick-meta":"","header-below-stick-meta":"","astra-migrate-meta-layouts":"set","ast-page-background-enabled":"default","ast-page-background-meta":{"desktop":{"background-color":"var(--ast-global-color-4)","background-image":"","background-repeat":"repeat","background-position":"center center","background-size":"auto","background-attachment":"scroll","background-type":"","background-media":"","overlay-type":"","overlay-color":"","overlay-opacity":"","overlay-gradient":""},"tablet":{"background-color":"","background-image":"","background-repeat":"repeat","background-position":"center center","background-size":"auto","background-attachment":"scroll","background-type":"","background-media":"","overlay-type":"","overlay-color":"","overlay-opacity":"","overlay-gradient":""},"mobile":{"background-color":"","background-image":"","background-repeat":"repeat","background-position":"center center","background-size":"auto","background-attachment":"scroll","background-type":"","background-media":"","overlay-type":"","overlay-color":"","overlay-opacity":"","overlay-gradient":""}},"ast-content-background-meta":{"desktop":{"background-color":"var(--ast-global-color-5)","background-image":"","background-repeat":"repeat","background-position":"center center","background-size":"auto","background-attachment":"scroll","background-type":"","background-media":"","overlay-type":"","overlay-color":"","overlay-opacity":"","overlay-gradient":""},"tablet":{"background-color":"var(--ast-global-color-5)","background-image":"","background-repeat":"repeat","background-position":"center center","background-size":"auto","background-attachment":"scroll","background-type":"","background-media":"","overlay-type":"","overlay-color":"","overlay-opacity":"","overlay-gradient":""},"mobile":{"background-color":"var(--ast-global-color-5)","background-image":"","background-repeat":"repeat","background-position":"center center","background-size":"auto","background-attachment":"scroll","background-type":"","background-media":"","overlay-type":"","overlay-color":"","overlay-opacity":"","overlay-gradient":""}}},"product_cat":[48],"product_tag":[],"class_list":["post-4294","product","type-product","status-publish","has-post-thumbnail","hentry","product_cat-sunkaraoke-dalok","desktop-align-left","tablet-align-left","mobile-align-left"],"_links":{"self":[{"href":"https:\/\/www.sunkaraoke.hu\/index.php\/wp-json\/wp\/v2\/product\/4294","targetHints":{"allow":["GET"]}}],"collection":[{"href":"https:\/\/www.sunkaraoke.hu\/index.php\/wp-json\/wp\/v2\/product"}],"about":[{"href":"https:\/\/www.sunkaraoke.hu\/index.php\/wp-json\/wp\/v2\/types\/product"}],"wp:featuredmedia":[{"embeddable":true,"href":"https:\/\/www.sunkaraoke.hu\/index.php\/wp-json\/wp\/v2\/media\/13682"}],"wp:attachment":[{"href":"https:\/\/www.sunkaraoke.hu\/index.php\/wp-json\/wp\/v2\/media?parent=4294"}],"wp:term":[{"taxonomy":"product_cat","embeddable":true,"href":"https:\/\/www.sunkaraoke.hu\/index.php\/wp-json\/wp\/v2\/product_cat?post=4294"},{"taxonomy":"product_tag","embeddable":true,"href":"https:\/\/www.sunkaraoke.hu\/index.php\/wp-json\/wp\/v2\/product_tag?post=4294"}],"curies":[{"name":"wp","href":"https:\/\/api.w.org\/{rel}","templated":true}]}}