{"id":4248,"date":"2022-08-08T20:47:20","date_gmt":"2022-08-08T20:47:20","guid":{"rendered":"https:\/\/www.sunkaraoke.hu\/index.php\/termek\/kadlott-karcsi-a-ven-szerenad-2014\/"},"modified":"2025-04-10T10:22:03","modified_gmt":"2025-04-10T10:22:03","slug":"kadlott-karcsi-a-ven-szerenad-2014","status":"publish","type":"product","link":"https:\/\/www.sunkaraoke.hu\/index.php\/termek\/kadlott-karcsi-a-ven-szerenad-2014\/","title":{"rendered":"<div class=\"wcmp-player-container product-4248\"><audio controlslist=\"nodownload\" data-product=\"4248\"  volume=\"1\"  preload=\"none\" data-lazyloading=\"none\" class=\"wcmp-player track mejs-classic\" data-duration=\"0:39\" data-estimated_duration=\"4\"><source src=\"https:\/\/www.sunkaraoke.hu\/wp-content\/uploads\/2022\/08\/A-ven-szerenad-SB-kdemoo.mp3\" type=\"audio\/mp3\" \/><\/audio><\/div>Kadlott Karcsi &#8211; A v\u00e9n szeren\u00e1d (Original SB Edition)"},"content":{"rendered":"<p><strong>04:44<\/strong> | <strong><img loading=\"lazy\" decoding=\"async\" class=\"alignnone size-full wp-image-467\" src=\"https:\/\/www.sunkaraoke.hu\/wp-content\/uploads\/2022\/07\/choir_2-copy.webp\" alt=\"\" width=\"30\" height=\"30\" \/> <\/strong><\/p>\n","protected":false},"excerpt":{"rendered":"<h6><strong>Bits\u0171r\u0171s\u00e9g: 320<\/strong>kb\/s<strong><br \/>\n<\/strong><strong>Hossz: <\/strong>04:44<strong><br \/>\n<\/strong><strong style=\"font-size: 16px;\">Vok\u00e1lt tartalmaz: <\/strong>Nem <img loading=\"lazy\" decoding=\"async\" class=\"alignnone size-full wp-image-467\" src=\"http:\/\/www.sunkaraoke.hu\/wp-content\/uploads\/2022\/07\/choir_2-copy.png\" alt=\"\" width=\"30\" height=\"30\" \/><strong style=\"font-size: 16px;\"><br \/>\n<\/strong><\/h6>\n<p>Sunkaraoke mp3 st\u00fadi\u00f3 \/ www.sunkaraoke.hu \/ Inf: Tel: 06 20 4275001<\/p>\n<p>&#8212;Intr\u00f3&#8212;<br \/>\nEml\u00e9kszem a szerelemre, egy volt csak nekem,<br \/>\neml\u00e9kszem a sz\u00e9p szemedre m\u00e9g,<br \/>\negy holdas \u00e9jszak\u00e1n a h\u00e1zatok el\u0151tt,<br \/>\nr\u00e9gi v\u00e1gyam \u00fajra megk\u00eds\u00e9rt.<br \/>\nMinden este megk\u00e9rt\u00e9l, hogy daloljak neked,<br \/>\nhogy kintr\u0151l h\u00fazzak b\u00facs\u00fa muzsik\u00e1t,<br \/>\ns az esti cs\u00f3k ut\u00e1n, a n\u00e9ptelen utc\u00e1n,<br \/>\nmegsz\u00f3lal egy k\u00f6nnyes szeren\u00e1d.<\/p>\n<p>Szerelmes heged\u0171mmel n\u00e9ked j\u00e1tszom \u00e9n,<br \/>\naz erk\u00e9lyr\u0151l egy mosolyt k\u00fcldesz \u00e9nfel\u00e9m,<br \/>\nsz\u00edvemb\u0151l sz\u00f3l a n\u00f3ta, \u00e9jf\u00e9lt \u00fct az \u00f3ra,<br \/>\ntudom, hogy te is \u00e9bren tartan\u00e1d az \u00e9jt.<br \/>\nDe k\u00edv\u00e1nok most neked sz\u00e9p j\u00f3 \u00e9jszak\u00e1t,<br \/>\naludj csak kedvesem, \u00e9n vigy\u00e1zok re\u00e1d.<br \/>\nHajnalig itt s\u00e9t\u00e1lok, \u00e9s k\u00f6zben csak r\u00e1d v\u00e1gyok,<br \/>\n\u00edg\u00e9rem azt, hogy holnap \u00fajra, lesz majd szeren\u00e1d.<\/p>\n<p>Eltelt negyven \u00e9v az\u00f3ta, s nem l\u00e1ttalak \u00e9n,<br \/>\nkett\u00e9t\u00f6rt a nagy nagy boldogs\u00e1g,<br \/>\nremeg m\u00e1r kezem, hom\u00e1lyos lett szemem,<br \/>\nv\u00e9n l\u00e1bamnak nagy a t\u00e1vols\u00e1g.<br \/>\nHajam bizony ez\u00fcstt\u00e9 v\u00e1lt, r\u00e1ncos lett sz\u00edvem,<br \/>\nbel\u0151lem az ifj\u00fas\u00e1g kihalt.<br \/>\nDe m\u00e9gis itt vagyok, a h\u00e1zatok el\u0151tt,<br \/>\ns a csendnek h\u00fazom el a r\u00e9gi dalt!<\/p>\n<p>Egy kopott heged\u0171vel n\u00e9ked j\u00e1tszom \u00e9n,<br \/>\na s\u00f6t\u00e9t f\u00fcgg\u00f6ny, m\u00f6g\u00f6tt felvillan a f\u00e9ny,<br \/>\na sz\u00edvem nagyot dobban, ott \u00e1llsz az ablakodban,<br \/>\nl\u00e1tom, hogy szemedben fel\u00e9bredt a rem\u00e9ny!<br \/>\nItt vagy m\u00e1r lent az utc\u00e1n, lassan j\u00f6ssz fel\u00e9m,<br \/>\nkit\u00e1rult karjaimba, z\u00e1rlak k\u00f6nnyed\u00e9n,<br \/>\nbizony, m\u00e1r b\u00f6lcsek vagyunk,<br \/>\negy kis k\u00f6nnyet hullatunk,<br \/>\n\u00e9s \u00fajra p\u00e1rj\u00e1t leli k\u00e9t megf\u00e1radt k\u00e9z.<br \/>\n&#8212;Sz\u00f3l\u00f3&#8212;<br \/>\nK\u00edv\u00e1nok \u00e9n most neked sz\u00e9p j\u00f3 \u00e9jszak\u00e1t,<br \/>\naludj csak kedvesem, \u00e9n vigy\u00e1zok re\u00e1d,<br \/>\nhajnalig itt s\u00e9t\u00e1lok, \u00e9s k\u00f6zben csak r\u00e1d v\u00e1gyok,<br \/>\n\u00edg\u00e9rem azt, hogy holnap \u00fajra lesz majd szeren\u00e1d.<br \/>\n&#8212;V\u00e9ge&#8212;<\/p>\n","protected":false},"featured_media":9991,"template":"","meta":{"site-sidebar-layout":"default","site-content-layout":"default","ast-site-content-layout":"default","site-content-style":"default","site-sidebar-style":"default","ast-global-header-display":"","ast-banner-title-visibility":"","ast-main-header-display":"","ast-hfb-above-header-display":"","ast-hfb-below-header-display":"","ast-hfb-mobile-header-display":"","site-post-title":"","ast-breadcrumbs-content":"","ast-featured-img":"","footer-sml-layout":"","theme-transparent-header-meta":"default","adv-header-id-meta":"","stick-header-meta":"","header-above-stick-meta":"","header-main-stick-meta":"","header-below-stick-meta":"","astra-migrate-meta-layouts":"set","ast-page-background-enabled":"default","ast-page-background-meta":{"desktop":{"background-color":"var(--ast-global-color-4)","background-image":"","background-repeat":"repeat","background-position":"center center","background-size":"auto","background-attachment":"scroll","background-type":"","background-media":"","overlay-type":"","overlay-color":"","overlay-opacity":"","overlay-gradient":""},"tablet":{"background-color":"","background-image":"","background-repeat":"repeat","background-position":"center center","background-size":"auto","background-attachment":"scroll","background-type":"","background-media":"","overlay-type":"","overlay-color":"","overlay-opacity":"","overlay-gradient":""},"mobile":{"background-color":"","background-image":"","background-repeat":"repeat","background-position":"center center","background-size":"auto","background-attachment":"scroll","background-type":"","background-media":"","overlay-type":"","overlay-color":"","overlay-opacity":"","overlay-gradient":""}},"ast-content-background-meta":{"desktop":{"background-color":"var(--ast-global-color-5)","background-image":"","background-repeat":"repeat","background-position":"center center","background-size":"auto","background-attachment":"scroll","background-type":"","background-media":"","overlay-type":"","overlay-color":"","overlay-opacity":"","overlay-gradient":""},"tablet":{"background-color":"var(--ast-global-color-5)","background-image":"","background-repeat":"repeat","background-position":"center center","background-size":"auto","background-attachment":"scroll","background-type":"","background-media":"","overlay-type":"","overlay-color":"","overlay-opacity":"","overlay-gradient":""},"mobile":{"background-color":"var(--ast-global-color-5)","background-image":"","background-repeat":"repeat","background-position":"center center","background-size":"auto","background-attachment":"scroll","background-type":"","background-media":"","overlay-type":"","overlay-color":"","overlay-opacity":"","overlay-gradient":""}}},"product_cat":[48],"product_tag":[],"class_list":["post-4248","product","type-product","status-publish","has-post-thumbnail","hentry","product_cat-sunkaraoke-dalok","desktop-align-left","tablet-align-left","mobile-align-left"],"_links":{"self":[{"href":"https:\/\/www.sunkaraoke.hu\/index.php\/wp-json\/wp\/v2\/product\/4248","targetHints":{"allow":["GET"]}}],"collection":[{"href":"https:\/\/www.sunkaraoke.hu\/index.php\/wp-json\/wp\/v2\/product"}],"about":[{"href":"https:\/\/www.sunkaraoke.hu\/index.php\/wp-json\/wp\/v2\/types\/product"}],"wp:featuredmedia":[{"embeddable":true,"href":"https:\/\/www.sunkaraoke.hu\/index.php\/wp-json\/wp\/v2\/media\/9991"}],"wp:attachment":[{"href":"https:\/\/www.sunkaraoke.hu\/index.php\/wp-json\/wp\/v2\/media?parent=4248"}],"wp:term":[{"taxonomy":"product_cat","embeddable":true,"href":"https:\/\/www.sunkaraoke.hu\/index.php\/wp-json\/wp\/v2\/product_cat?post=4248"},{"taxonomy":"product_tag","embeddable":true,"href":"https:\/\/www.sunkaraoke.hu\/index.php\/wp-json\/wp\/v2\/product_tag?post=4248"}],"curies":[{"name":"wp","href":"https:\/\/api.w.org\/{rel}","templated":true}]}}