{"id":4229,"date":"2022-08-08T20:47:19","date_gmt":"2022-08-08T20:47:19","guid":{"rendered":"https:\/\/www.sunkaraoke.hu\/index.php\/termek\/matyi-es-a-hegeds-necsi-necsi-2014\/"},"modified":"2025-04-10T10:30:27","modified_gmt":"2025-04-10T10:30:27","slug":"matyi-es-a-hegeds-necsi-necsi-2014","status":"publish","type":"product","link":"https:\/\/www.sunkaraoke.hu\/index.php\/termek\/matyi-es-a-hegeds-necsi-necsi-2014\/","title":{"rendered":"<div class=\"wcmp-player-container product-4229\"><audio controlslist=\"nodownload\" data-product=\"4229\"  volume=\"1\"  preload=\"none\" data-lazyloading=\"none\" class=\"wcmp-player track mejs-classic\" data-duration=\"0:33\" data-estimated_duration=\"4\"><source src=\"https:\/\/www.sunkaraoke.hu\/wp-content\/uploads\/2022\/08\/Necsi-necsi-2014.-vocal_demo-1.mp3\" type=\"audio\/mp3\" \/><\/audio><\/div>Matyi \u00e9s a heged\u0171s &#8211; Necsi necsi NEW (Original)"},"content":{"rendered":"<p><strong>03:15<\/strong> |<\/p>\n","protected":false},"excerpt":{"rendered":"<h5>Bits\u0171r\u0171s\u00e9g: 320 kb\/s<br \/>\nHossz: 03:15<br \/>\nVok\u00e1lt tartalmaz: IGEN!<strong style=\"font-size: 16px;\"><br \/>\n<\/strong><\/h5>\n<p>Sunkaraoke mp3 st\u00fadi\u00f3 \/ www.sunkaraoke.hu \/ Inf: Tel: 06 20 4275001<\/p>\n<p>&#8212;Intr\u00f3&#8212;<br \/>\nMaga olyan r\u00e9gen udvaroltat n\u00e9kem,<br \/>\nmegevett m\u00e1r \u00f6tven vacsor\u00e1t.<br \/>\nHogyha nem lesz v\u00e9ge esk\u00fcsz\u00f6m az \u00e9gre,<br \/>\nm\u00e9g ma \u00e9jjel itt hagyom mag\u00e1t.<br \/>\nNecsi necsi ne csin\u00e1lja \u00e9nvelem,<br \/>\n\u00fagyis olyan szomor\u00fa az \u00e9letem.<br \/>\nK\u00e9rtem r\u00e1,hogy este kell az \u00e9rzelem,<br \/>\nde necsi necsi ne csin\u00e1lja \u00e9nvelem.<br \/>\nNecsi necsi ne csin\u00e1lja \u00e9nvelem,<br \/>\n\u00fagyis olyan szomor\u00fa az \u00e9letem.<br \/>\nK\u00e9rtem r\u00e1,hogy este kell az \u00e9rzelem,<br \/>\nde necsi necsi ne csin\u00e1lja \u00e9nvelem.<br \/>\n&#8212;Sz\u00f3l\u00f3&#8212;<br \/>\nEngemet is cs\u00e1b\u00edt, hogy \u00f6n mire sz\u00e1m\u00edt,<br \/>\nhagyjuk m\u00e1r a szentes figur\u00e1t.<br \/>\nSzeg\u00e9ny sz\u00edvem szenved, izgatottan szenved,<br \/>\nm\u00e9g ma \u00e9jjel itt hagyom mag\u00e1t.<br \/>\nNecsi necsi ne csin\u00e1lja \u00e9nvelem,<br \/>\n\u00fagyis olyan szomor\u00fa az \u00e9letem.<br \/>\nK\u00e9rtem r\u00e1,hogy este kell az \u00e9rzelem,<br \/>\nde necsi necsi ne csin\u00e1lja \u00e9nvelem.<br \/>\nNecsi necsi ne csin\u00e1lja \u00e9nvelem,<br \/>\n\u00fagyis olyan szomor\u00fa az \u00e9letem.<br \/>\nK\u00e9rtem r\u00e1,hogy este kell az \u00e9rzelem,<br \/>\nde necsi necsi ne csin\u00e1lja \u00e9nvelem.<br \/>\n&#8212;Sz\u00f3l\u00f3&#8212;<br \/>\nNecsi necsi ne csin\u00e1lja \u00e9nvelem,<br \/>\n\u00fagyis olyan szomor\u00fa az \u00e9letem.<br \/>\nK\u00e9rtem r\u00e1,hogy este kell az \u00e9rzelem,<br \/>\nde necsi necsi ne csin\u00e1lja \u00e9nvelem.<br \/>\nNecsi necsi ne csin\u00e1lja \u00e9nvelem,<br \/>\n\u00fagyis olyan szomor\u00fa az \u00e9letem.<br \/>\nK\u00e9rtem r\u00e1, hogy este kell az \u00e9rzelem,<br \/>\nde necsi necsi ne csin\u00e1lja \u00e9nvelem.<br \/>\nNecsi necsi ne csin\u00e1lja \u00e9nvelem,<br \/>\n\u00fagyis olyan szomor\u00fa az \u00e9letem.<br \/>\nK\u00e9rtem r\u00e1,hogy este kell az \u00e9rzelem,<br \/>\nde necsi necsi ne csin\u00e1lja \u00e9nvelem.<br \/>\nNecsi necsi ne csin\u00e1lja \u00e9nvelem,<br \/>\n\u00fagyis olyan szomor\u00fa az \u00e9letem.<br \/>\nK\u00e9rtem r\u00e1,hogy este kell az \u00e9rzelem,<br \/>\nde necsi necsi ne csin\u00e1lja \u00e9nvelem.<br \/>\n&#8212;V\u00e9ge&#8212;<\/p>\n","protected":false},"featured_media":9296,"template":"","meta":{"site-sidebar-layout":"default","site-content-layout":"default","ast-site-content-layout":"default","site-content-style":"default","site-sidebar-style":"default","ast-global-header-display":"","ast-banner-title-visibility":"","ast-main-header-display":"","ast-hfb-above-header-display":"","ast-hfb-below-header-display":"","ast-hfb-mobile-header-display":"","site-post-title":"","ast-breadcrumbs-content":"","ast-featured-img":"","footer-sml-layout":"","theme-transparent-header-meta":"default","adv-header-id-meta":"","stick-header-meta":"","header-above-stick-meta":"","header-main-stick-meta":"","header-below-stick-meta":"","astra-migrate-meta-layouts":"set","ast-page-background-enabled":"default","ast-page-background-meta":{"desktop":{"background-color":"var(--ast-global-color-4)","background-image":"","background-repeat":"repeat","background-position":"center center","background-size":"auto","background-attachment":"scroll","background-type":"","background-media":"","overlay-type":"","overlay-color":"","overlay-opacity":"","overlay-gradient":""},"tablet":{"background-color":"","background-image":"","background-repeat":"repeat","background-position":"center center","background-size":"auto","background-attachment":"scroll","background-type":"","background-media":"","overlay-type":"","overlay-color":"","overlay-opacity":"","overlay-gradient":""},"mobile":{"background-color":"","background-image":"","background-repeat":"repeat","background-position":"center center","background-size":"auto","background-attachment":"scroll","background-type":"","background-media":"","overlay-type":"","overlay-color":"","overlay-opacity":"","overlay-gradient":""}},"ast-content-background-meta":{"desktop":{"background-color":"var(--ast-global-color-5)","background-image":"","background-repeat":"repeat","background-position":"center center","background-size":"auto","background-attachment":"scroll","background-type":"","background-media":"","overlay-type":"","overlay-color":"","overlay-opacity":"","overlay-gradient":""},"tablet":{"background-color":"var(--ast-global-color-5)","background-image":"","background-repeat":"repeat","background-position":"center center","background-size":"auto","background-attachment":"scroll","background-type":"","background-media":"","overlay-type":"","overlay-color":"","overlay-opacity":"","overlay-gradient":""},"mobile":{"background-color":"var(--ast-global-color-5)","background-image":"","background-repeat":"repeat","background-position":"center center","background-size":"auto","background-attachment":"scroll","background-type":"","background-media":"","overlay-type":"","overlay-color":"","overlay-opacity":"","overlay-gradient":""}}},"product_cat":[46],"product_tag":[],"class_list":["post-4229","product","type-product","status-publish","has-post-thumbnail","hentry","product_cat-eredeti-karaoke-dalok","desktop-align-left","tablet-align-left","mobile-align-left"],"_links":{"self":[{"href":"https:\/\/www.sunkaraoke.hu\/index.php\/wp-json\/wp\/v2\/product\/4229","targetHints":{"allow":["GET"]}}],"collection":[{"href":"https:\/\/www.sunkaraoke.hu\/index.php\/wp-json\/wp\/v2\/product"}],"about":[{"href":"https:\/\/www.sunkaraoke.hu\/index.php\/wp-json\/wp\/v2\/types\/product"}],"wp:featuredmedia":[{"embeddable":true,"href":"https:\/\/www.sunkaraoke.hu\/index.php\/wp-json\/wp\/v2\/media\/9296"}],"wp:attachment":[{"href":"https:\/\/www.sunkaraoke.hu\/index.php\/wp-json\/wp\/v2\/media?parent=4229"}],"wp:term":[{"taxonomy":"product_cat","embeddable":true,"href":"https:\/\/www.sunkaraoke.hu\/index.php\/wp-json\/wp\/v2\/product_cat?post=4229"},{"taxonomy":"product_tag","embeddable":true,"href":"https:\/\/www.sunkaraoke.hu\/index.php\/wp-json\/wp\/v2\/product_tag?post=4229"}],"curies":[{"name":"wp","href":"https:\/\/api.w.org\/{rel}","templated":true}]}}