{"id":4226,"date":"2022-08-08T20:47:19","date_gmt":"2022-08-08T20:47:19","guid":{"rendered":"https:\/\/www.sunkaraoke.hu\/index.php\/termek\/domotor-balazs-feat-dominika-vagyom-rad-2014\/"},"modified":"2025-03-31T16:47:22","modified_gmt":"2025-03-31T16:47:22","slug":"domotor-balazs-feat-dominika-vagyom-rad-2014","status":"publish","type":"product","link":"https:\/\/www.sunkaraoke.hu\/index.php\/termek\/domotor-balazs-feat-dominika-vagyom-rad-2014\/","title":{"rendered":"<div class=\"wcmp-player-container product-4226\"><audio controlslist=\"nodownload\" data-product=\"4226\"  volume=\"1\"  preload=\"none\" data-lazyloading=\"none\" class=\"wcmp-player track mejs-classic\" data-duration=\"0:33\" data-estimated_duration=\"4\"><source src=\"https:\/\/www.sunkaraoke.hu\/wp-content\/uploads\/2022\/08\/Vagyom-rad-2014._demo.mp3\" type=\"audio\/mp3\" \/><\/audio><\/div>D\u00f6m\u00f6t\u00f6r Bal\u00e1zs Feat Dominika &#8211; V\u00e1gyom r\u00e1d"},"content":{"rendered":"<p><strong>03:47<\/strong> | <strong><img loading=\"lazy\" decoding=\"async\" class=\"alignnone size-full wp-image-467\" src=\"https:\/\/www.sunkaraoke.hu\/wp-content\/uploads\/2022\/07\/choir_2-copy.webp\" alt=\"\" width=\"30\" height=\"30\" \/> <\/strong><\/p>\n","protected":false},"excerpt":{"rendered":"<h6><strong>Bits\u0171<\/strong><strong style=\"font-size: 16px;\">r\u0171s\u00e9g: 320 <\/strong><span style=\"font-size: 16px;\">kb\/s<\/span><\/h6>\n<h6><strong>Hossz: <\/strong>03:47<strong><br \/>\n<\/strong><strong style=\"font-size: 16px;\">Vok\u00e1lt tartalmaz: <\/strong>Nem\u00a0<strong style=\"font-size: 16px;\"><img loading=\"lazy\" decoding=\"async\" class=\"alignnone size-full wp-image-467\" style=\"font-weight: inherit;\" src=\"http:\/\/www.sunkaraoke.hu\/wp-content\/uploads\/2022\/07\/choir_2-copy.png\" alt=\"\" width=\"30\" height=\"30\" \/><br \/>\n<\/strong><\/h6>\n<p>Sunkaraoke mp3 st\u00fadi\u00f3 \/ www.sunkaraoke.hu \/ Inf: Tel: 06 20 4275001<\/p>\n<p>&#8212;Intr\u00f3&#8212;<br \/>\nF\u00fclledt \u00e9jbe fulladt v\u00e1gy,forr\u00f3 k\u00e9jt\u0151l izz\u00f3 \u00e1gy,<br \/>\nsz\u00e1zegy \u0151r\u00fclt \u00e9rint\u00e9s,minden cs\u00f3kod f\u00e1j.<br \/>\nAjkad \u00e9g, hogy hozz\u00e1m \u00e9rj,bennem l\u00e1ngra lobban a v\u00e9r,<br \/>\nb\u00e1rcsak lenne arra sz\u00f3 ,hogy, l\u00e9nyed mennyit \u00e9r!<\/p>\n<p>Hogy mondjam el, hogy v\u00e1gyom, r\u00e1d,<br \/>\nhogy szeretem a b\u0151r\u00f6d illat\u00e1t.<br \/>\nHa bennem \u00e9lsz a sz\u00edvem is \u00e9g,<br \/>\nhadd legyek \u00fajra meg \u00fajra a ti\u00e9d!<br \/>\nHogy mondjam el, hogy v\u00e1gyom, r\u00e1d,<br \/>\nhogy szeretem a b\u0151r\u00f6d illat\u00e1t.<br \/>\nHa bennem \u00e9lsz a sz\u00edvem is \u00e9g,<br \/>\nhadd legyek \u00fajra meg \u00fajra a ti\u00e9d!<br \/>\n&#8212;Sz\u00f3l\u00f3&#8212;<br \/>\nMint fekete \u00e9s feh\u00e9r,egybe forr a k\u00e9tsz\u00edn\u0171 v\u00e9r,<br \/>\nmit eltemett\u00fcnk r\u00e9g,most \u00faj \u00e9letre k\u00e9l.<br \/>\nTiltott cs\u00f3k \u00e9s tiltott sz\u00f3,b\u00e1rmi b\u0171n\u00f6s \u00e9pp oly j\u00f3,<br \/>\nb\u00e1rcsak elmes\u00e9lhetn\u00e9m,de f\u00e9lek nincs r\u00e1 sz\u00f3!<\/p>\n<p>Hogy mondjam el, hogy v\u00e1gyom r\u00e1d,<br \/>\nhogy szeretem a b\u0151r\u00f6d illat\u00e1t.<br \/>\nHa bennem \u00e9lsz a sz\u00edvem is \u00e9g,<br \/>\nhadd legyek \u00fajra meg \u00fajra a ti\u00e9d!<br \/>\nHogy mondjam el, hogy v\u00e1gyom, r\u00e1d,<br \/>\nhogy szeretem a b\u0151r\u00f6d illat\u00e1t.<br \/>\nHa bennem \u00e9lsz a sz\u00edvem is \u00e9g,<br \/>\nhadd legyek \u00fajra meg \u00fajra a ti\u00e9d!<br \/>\n&#8212;V\u00e9ge&#8212;<\/p>\n","protected":false},"featured_media":13436,"template":"","meta":{"site-sidebar-layout":"default","site-content-layout":"default","ast-site-content-layout":"default","site-content-style":"default","site-sidebar-style":"default","ast-global-header-display":"","ast-banner-title-visibility":"","ast-main-header-display":"","ast-hfb-above-header-display":"","ast-hfb-below-header-display":"","ast-hfb-mobile-header-display":"","site-post-title":"","ast-breadcrumbs-content":"","ast-featured-img":"","footer-sml-layout":"","theme-transparent-header-meta":"default","adv-header-id-meta":"","stick-header-meta":"","header-above-stick-meta":"","header-main-stick-meta":"","header-below-stick-meta":"","astra-migrate-meta-layouts":"set","ast-page-background-enabled":"default","ast-page-background-meta":{"desktop":{"background-color":"var(--ast-global-color-4)","background-image":"","background-repeat":"repeat","background-position":"center center","background-size":"auto","background-attachment":"scroll","background-type":"","background-media":"","overlay-type":"","overlay-color":"","overlay-opacity":"","overlay-gradient":""},"tablet":{"background-color":"","background-image":"","background-repeat":"repeat","background-position":"center center","background-size":"auto","background-attachment":"scroll","background-type":"","background-media":"","overlay-type":"","overlay-color":"","overlay-opacity":"","overlay-gradient":""},"mobile":{"background-color":"","background-image":"","background-repeat":"repeat","background-position":"center center","background-size":"auto","background-attachment":"scroll","background-type":"","background-media":"","overlay-type":"","overlay-color":"","overlay-opacity":"","overlay-gradient":""}},"ast-content-background-meta":{"desktop":{"background-color":"var(--ast-global-color-5)","background-image":"","background-repeat":"repeat","background-position":"center center","background-size":"auto","background-attachment":"scroll","background-type":"","background-media":"","overlay-type":"","overlay-color":"","overlay-opacity":"","overlay-gradient":""},"tablet":{"background-color":"var(--ast-global-color-5)","background-image":"","background-repeat":"repeat","background-position":"center center","background-size":"auto","background-attachment":"scroll","background-type":"","background-media":"","overlay-type":"","overlay-color":"","overlay-opacity":"","overlay-gradient":""},"mobile":{"background-color":"var(--ast-global-color-5)","background-image":"","background-repeat":"repeat","background-position":"center center","background-size":"auto","background-attachment":"scroll","background-type":"","background-media":"","overlay-type":"","overlay-color":"","overlay-opacity":"","overlay-gradient":""}}},"product_cat":[46],"product_tag":[],"class_list":["post-4226","product","type-product","status-publish","has-post-thumbnail","hentry","product_cat-eredeti-karaoke-dalok","desktop-align-left","tablet-align-left","mobile-align-left"],"_links":{"self":[{"href":"https:\/\/www.sunkaraoke.hu\/index.php\/wp-json\/wp\/v2\/product\/4226","targetHints":{"allow":["GET"]}}],"collection":[{"href":"https:\/\/www.sunkaraoke.hu\/index.php\/wp-json\/wp\/v2\/product"}],"about":[{"href":"https:\/\/www.sunkaraoke.hu\/index.php\/wp-json\/wp\/v2\/types\/product"}],"wp:featuredmedia":[{"embeddable":true,"href":"https:\/\/www.sunkaraoke.hu\/index.php\/wp-json\/wp\/v2\/media\/13436"}],"wp:attachment":[{"href":"https:\/\/www.sunkaraoke.hu\/index.php\/wp-json\/wp\/v2\/media?parent=4226"}],"wp:term":[{"taxonomy":"product_cat","embeddable":true,"href":"https:\/\/www.sunkaraoke.hu\/index.php\/wp-json\/wp\/v2\/product_cat?post=4226"},{"taxonomy":"product_tag","embeddable":true,"href":"https:\/\/www.sunkaraoke.hu\/index.php\/wp-json\/wp\/v2\/product_tag?post=4226"}],"curies":[{"name":"wp","href":"https:\/\/api.w.org\/{rel}","templated":true}]}}