{"id":4222,"date":"2022-08-08T20:47:18","date_gmt":"2022-08-08T20:47:18","guid":{"rendered":"https:\/\/www.sunkaraoke.hu\/index.php\/termek\/sihell-ferry-csere-bere-fogadom\/"},"modified":"2025-04-04T10:25:06","modified_gmt":"2025-04-04T10:25:06","slug":"sihell-ferry-csere-bere-fogadom","status":"publish","type":"product","link":"https:\/\/www.sunkaraoke.hu\/index.php\/termek\/sihell-ferry-csere-bere-fogadom\/","title":{"rendered":"<div class=\"wcmp-player-container product-4222\"><audio controlslist=\"nodownload\" data-product=\"4222\"  volume=\"1\"  preload=\"none\" data-lazyloading=\"none\" class=\"wcmp-player track mejs-classic\" data-duration=\"0:33\" data-estimated_duration=\"4\"><source src=\"https:\/\/www.sunkaraoke.hu\/wp-content\/uploads\/2022\/08\/Csere-bere-fogadom-Vocal-F-kdemooo.mp3\" type=\"audio\/mp3\" \/><\/audio><\/div>Sihell Ferry &#8211; Csere bere fogadom (Original)"},"content":{"rendered":"<p><strong>03:10<\/strong> | <strong><img loading=\"lazy\" decoding=\"async\" class=\"alignnone size-full wp-image-466\" src=\"https:\/\/www.sunkaraoke.hu\/wp-content\/uploads\/2022\/07\/choir_1-copy.webp\" alt=\"\" width=\"30\" height=\"30\" \/> <\/strong><\/p>\n","protected":false},"excerpt":{"rendered":"<h6><strong>Bits\u0171r\u0171s\u00e9g: 320<\/strong>kb\/s<strong><br \/>\n<\/strong><strong>Hossz: <\/strong>03:10<strong><br \/>\n<\/strong><strong style=\"font-size: 16px;\">Vok\u00e1lt tartalmaz: <\/strong>Igen <img loading=\"lazy\" decoding=\"async\" class=\"alignnone size-full wp-image-466\" src=\"http:\/\/www.sunkaraoke.hu\/wp-content\/uploads\/2022\/07\/choir_1-copy.png\" alt=\"\" width=\"30\" height=\"30\" \/><strong style=\"font-size: 16px;\"><br \/>\n<\/strong><\/h6>\n<p>Sunkaraoke mp3 st\u00fadi\u00f3 \/ www.sunkaraoke.hu \/ Inf: Tel: 06 20 4275001<\/p>\n<p>&#8212;Intr\u00f3&#8212;<br \/>\nCsere bere fogadom, t\u00f6bbet vissza nem adom,<br \/>\naz eny\u00e9m a boldogs\u00e1g.<br \/>\nEg\u00e9sz \u00e9jjel mulatok, a f\u00fclembe h\u00fazatom,<br \/>\na cig\u00e1nymuzsik\u00e1t.<br \/>\nCsere bere fogadom, t\u00f6bbet vissza nem adom,<br \/>\naz eny\u00e9m a boldogs\u00e1g.<br \/>\n\u00c9n minden \u00e9jjel mulatok, a f\u00fclembe h\u00fazatom,<br \/>\na cig\u00e1nymuzsik\u00e1t.<br \/>\nKaptam m\u00e1r az \u00e9lett\u0151l sok szomor\u00fas\u00e1got,<br \/>\nk\u00f6nnyeket ami f\u00e1jt nekem.<br \/>\nElhittem az \u00e9letnek a sz\u00e9p mes\u00e9ket,<br \/>\nma m\u00e9g rossz de holnap szebb lehet.<br \/>\nOda adtam a sz\u00edvemet a lelkem,<br \/>\nmert az a mindenem, minden kincs nekem.<br \/>\nMost rabja vagyok annak aki \u00e9rtem \u00e9l csak,<br \/>\n\u00e9rtem dobban az \u0151 sz\u00edve.<br \/>\nCsere bere fogadom, t\u00f6bbet vissza nem adom,<br \/>\naz eny\u00e9m a boldogs\u00e1g.<br \/>\nEg\u00e9sz \u00e9jjel mulatok, a f\u00fclembe h\u00fazatom,<br \/>\na cig\u00e1nymuzsik\u00e1t.<br \/>\nCsere bere fogadom, t\u00f6bbet vissza nem adom,<br \/>\naz eny\u00e9m a boldogs\u00e1g.<br \/>\n\u00c9n minden \u00e9jjel mulatok, a f\u00fclembe h\u00fazatom,<br \/>\na cig\u00e1nymuzsik\u00e1t.<\/p>\n<p>Kaptam m\u00e1r az \u00e9lett\u0151l sok boldog percet,<br \/>\nn\u00e9ha rosszat is de elfelejtem.<br \/>\nKitagadott a szerencse n\u00e9ha engem,<br \/>\nde kaptam cs\u00f3kot \u00e9s szerelmet.<br \/>\nOda adtam a sz\u00edvemet a lelkem,<br \/>\nmert az a mindenem, minden kincs nekem.<br \/>\nMost rabja vagyok annak aki \u00e9rtem \u00e9l csak,<br \/>\n\u00e9rtem dobban az \u0151 sz\u00edve.<br \/>\nCsere bere fogadom, t\u00f6bbet vissza nem adom,<br \/>\naz eny\u00e9m a boldogs\u00e1g.<br \/>\nEg\u00e9sz \u00e9jjel mulatok, a f\u00fclembe h\u00fazatom,<br \/>\na cig\u00e1nymuzsik\u00e1t.<br \/>\nCsere bere fogadom, t\u00f6bbet vissza nem adom,<br \/>\naz eny\u00e9m a boldogs\u00e1g.<br \/>\n\u00c9n minden \u00e9jjel mulatok, a f\u00fclembe h\u00fazatom,<br \/>\na cig\u00e1nymuzsik\u00e1t.<br \/>\nCsere bere fogadom, t\u00f6bbet vissza nem adom,<br \/>\naz eny\u00e9m a boldogs\u00e1g.<br \/>\nEg\u00e9sz \u00e9jjel mulatok, a f\u00fclembe h\u00fazatom,<br \/>\na cig\u00e1nymuzsik\u00e1t.<br \/>\nCsere bere fogadom, t\u00f6bbet vissza nem adom,<br \/>\naz eny\u00e9m a boldogs\u00e1g.<br \/>\n\u00c9n minden \u00e9jjel mulatok, a f\u00fclembe h\u00fazatom,<br \/>\na cig\u00e1nymuzsik\u00e1t.<br \/>\n&#8212;V\u00e9ge&#8212;<\/p>\n","protected":false},"featured_media":9301,"template":"","meta":{"site-sidebar-layout":"default","site-content-layout":"default","ast-site-content-layout":"default","site-content-style":"default","site-sidebar-style":"default","ast-global-header-display":"","ast-banner-title-visibility":"","ast-main-header-display":"","ast-hfb-above-header-display":"","ast-hfb-below-header-display":"","ast-hfb-mobile-header-display":"","site-post-title":"","ast-breadcrumbs-content":"","ast-featured-img":"","footer-sml-layout":"","theme-transparent-header-meta":"default","adv-header-id-meta":"","stick-header-meta":"","header-above-stick-meta":"","header-main-stick-meta":"","header-below-stick-meta":"","astra-migrate-meta-layouts":"set","ast-page-background-enabled":"default","ast-page-background-meta":{"desktop":{"background-color":"var(--ast-global-color-4)","background-image":"","background-repeat":"repeat","background-position":"center center","background-size":"auto","background-attachment":"scroll","background-type":"","background-media":"","overlay-type":"","overlay-color":"","overlay-opacity":"","overlay-gradient":""},"tablet":{"background-color":"","background-image":"","background-repeat":"repeat","background-position":"center center","background-size":"auto","background-attachment":"scroll","background-type":"","background-media":"","overlay-type":"","overlay-color":"","overlay-opacity":"","overlay-gradient":""},"mobile":{"background-color":"","background-image":"","background-repeat":"repeat","background-position":"center center","background-size":"auto","background-attachment":"scroll","background-type":"","background-media":"","overlay-type":"","overlay-color":"","overlay-opacity":"","overlay-gradient":""}},"ast-content-background-meta":{"desktop":{"background-color":"var(--ast-global-color-5)","background-image":"","background-repeat":"repeat","background-position":"center center","background-size":"auto","background-attachment":"scroll","background-type":"","background-media":"","overlay-type":"","overlay-color":"","overlay-opacity":"","overlay-gradient":""},"tablet":{"background-color":"var(--ast-global-color-5)","background-image":"","background-repeat":"repeat","background-position":"center center","background-size":"auto","background-attachment":"scroll","background-type":"","background-media":"","overlay-type":"","overlay-color":"","overlay-opacity":"","overlay-gradient":""},"mobile":{"background-color":"var(--ast-global-color-5)","background-image":"","background-repeat":"repeat","background-position":"center center","background-size":"auto","background-attachment":"scroll","background-type":"","background-media":"","overlay-type":"","overlay-color":"","overlay-opacity":"","overlay-gradient":""}}},"product_cat":[55],"product_tag":[],"class_list":["post-4222","product","type-product","status-publish","has-post-thumbnail","hentry","product_cat-sihell-ferry","desktop-align-left","tablet-align-left","mobile-align-left"],"_links":{"self":[{"href":"https:\/\/www.sunkaraoke.hu\/index.php\/wp-json\/wp\/v2\/product\/4222","targetHints":{"allow":["GET"]}}],"collection":[{"href":"https:\/\/www.sunkaraoke.hu\/index.php\/wp-json\/wp\/v2\/product"}],"about":[{"href":"https:\/\/www.sunkaraoke.hu\/index.php\/wp-json\/wp\/v2\/types\/product"}],"wp:featuredmedia":[{"embeddable":true,"href":"https:\/\/www.sunkaraoke.hu\/index.php\/wp-json\/wp\/v2\/media\/9301"}],"wp:attachment":[{"href":"https:\/\/www.sunkaraoke.hu\/index.php\/wp-json\/wp\/v2\/media?parent=4222"}],"wp:term":[{"taxonomy":"product_cat","embeddable":true,"href":"https:\/\/www.sunkaraoke.hu\/index.php\/wp-json\/wp\/v2\/product_cat?post=4222"},{"taxonomy":"product_tag","embeddable":true,"href":"https:\/\/www.sunkaraoke.hu\/index.php\/wp-json\/wp\/v2\/product_tag?post=4222"}],"curies":[{"name":"wp","href":"https:\/\/api.w.org\/{rel}","templated":true}]}}