{"id":4219,"date":"2022-08-08T20:47:18","date_gmt":"2022-08-08T20:47:18","guid":{"rendered":"https:\/\/www.sunkaraoke.hu\/index.php\/termek\/sihell-ferry-barcsak-tudnad\/"},"modified":"2025-04-04T10:28:02","modified_gmt":"2025-04-04T10:28:02","slug":"sihell-ferry-barcsak-tudnad","status":"publish","type":"product","link":"https:\/\/www.sunkaraoke.hu\/index.php\/termek\/sihell-ferry-barcsak-tudnad\/","title":{"rendered":"<div class=\"wcmp-player-container product-4219\"><audio controlslist=\"nodownload\" data-product=\"4219\"  volume=\"1\"  preload=\"none\" data-lazyloading=\"none\" class=\"wcmp-player track mejs-classic\" data-duration=\"0:35\" data-estimated_duration=\"4\"><source src=\"https:\/\/www.sunkaraoke.hu\/wp-content\/uploads\/2022\/08\/Barcsak-tudnad-F-demo.mp3\" type=\"audio\/mp3\" \/><\/audio><\/div>Sihell Ferry &#8211; B\u00e1rcsak tudn\u00e1d (Original)"},"content":{"rendered":"<p><strong>03:22<\/strong> | <strong><img loading=\"lazy\" decoding=\"async\" class=\"alignnone size-full wp-image-467\" src=\"https:\/\/www.sunkaraoke.hu\/wp-content\/uploads\/2022\/07\/choir_2-copy.webp\" alt=\"\" width=\"30\" height=\"30\" \/> <\/strong><\/p>\n","protected":false},"excerpt":{"rendered":"<h6><strong>Bits\u0171r\u0171s\u00e9g: 320<\/strong>kb\/s<strong><br \/>\n<\/strong><strong>Hossz: <\/strong>03:22<strong><br \/>\n<\/strong><strong style=\"font-size: 16px;\">Vok\u00e1lt tartalmaz: <\/strong>Nem <img loading=\"lazy\" decoding=\"async\" class=\"alignnone size-full wp-image-467\" src=\"http:\/\/www.sunkaraoke.hu\/wp-content\/uploads\/2022\/07\/choir_2-copy.png\" alt=\"\" width=\"30\" height=\"30\" \/><strong style=\"font-size: 16px;\"><br \/>\n<\/strong><\/h6>\n<p>Sunkaraoke mp3 st\u00fadi\u00f3 \/ www.sunkaraoke.hu \/ Inf: Tel: 06 20 4275001<\/p>\n<p>&#8212;Intr\u00f3&#8212;<br \/>\nLassan m\u00e1r este lesz \u00e9s elj\u00f6n az \u00e9j,<br \/>\nm\u00e1r a gyertya l\u00e1ngja is kialudt nem t\u00e1ncol r\u00e9g.<br \/>\nMintha a l\u00e9pteid hallan\u00e1m hogy j\u00f6ssz fel\u00e9m,<br \/>\nde csak a szeg\u00e9nyesen bez\u00e1rt abalakon kopog a sz\u00e9l.<br \/>\nB\u00e1rcsak tudn\u00e1d, megb\u00e1ntam mindent,<br \/>\nitt volt a kincs nekem de eldobtam \u00e9n.<br \/>\nBolond vagyok egy utols\u00f3 ember,<br \/>\naki n\u00e9lk\u00fcled semmit nem \u00e9r!<br \/>\nB\u00e1rcsak tudn\u00e1d , megb\u00e1ntam mindent,<br \/>\nitt volt a kincs nekem de eldobtam \u00e9n.<br \/>\nBolond vagyok egy utols\u00f3 ember,<br \/>\naki n\u00e9lk\u00fcled semmit nem \u00e9r!<br \/>\n&#8212;Sz\u00f3l\u00f3&#8212;<br \/>\nLassan m\u00e1r reggel lesz \u00e9s ragyog a f\u00e9ny,<br \/>\namit a boldogtalans\u00e1gt\u00f3l nem l\u00e1tok \u00e9n.<br \/>\nHa valaki megk\u00e9rdezn\u00e9 t\u0151lem, mi volt\u00e1l nekem,<br \/>\ncsendesen azt felen\u00e9m semmi m\u00e1s, csak az eg\u00e9sz \u00e9letem.<br \/>\nB\u00e1rcsak tudn\u00e1d, megb\u00e1ntam mindent,<br \/>\nitt volt a kincs nekem de eldobtam \u00e9n.<br \/>\nBolond vagyok egy utols\u00f3 ember,<br \/>\naki n\u00e9lk\u00fcled semmit nem \u00e9r!<br \/>\nB\u00e1rcsak tudn\u00e1d, megb\u00e1ntam mindent,<br \/>\nitt volt a kincs nekem, de eldobtam \u00e9n.<br \/>\nBolond vagyok egy utols\u00f3 ember,<br \/>\naki n\u00e9lk\u00fcled, semmit nem \u00e9r!<br \/>\nAki n\u00e9lk\u00fcled, semmit nem \u00e9r!<br \/>\nAki n\u00e9lk\u00fcled, semmit nem \u00e9r!<br \/>\n&#8212;V\u00e9ge&#8212;<\/p>\n","protected":false},"featured_media":9301,"template":"","meta":{"site-sidebar-layout":"default","site-content-layout":"default","ast-site-content-layout":"default","site-content-style":"default","site-sidebar-style":"default","ast-global-header-display":"","ast-banner-title-visibility":"","ast-main-header-display":"","ast-hfb-above-header-display":"","ast-hfb-below-header-display":"","ast-hfb-mobile-header-display":"","site-post-title":"","ast-breadcrumbs-content":"","ast-featured-img":"","footer-sml-layout":"","theme-transparent-header-meta":"default","adv-header-id-meta":"","stick-header-meta":"","header-above-stick-meta":"","header-main-stick-meta":"","header-below-stick-meta":"","astra-migrate-meta-layouts":"set","ast-page-background-enabled":"default","ast-page-background-meta":{"desktop":{"background-color":"var(--ast-global-color-4)","background-image":"","background-repeat":"repeat","background-position":"center center","background-size":"auto","background-attachment":"scroll","background-type":"","background-media":"","overlay-type":"","overlay-color":"","overlay-opacity":"","overlay-gradient":""},"tablet":{"background-color":"","background-image":"","background-repeat":"repeat","background-position":"center center","background-size":"auto","background-attachment":"scroll","background-type":"","background-media":"","overlay-type":"","overlay-color":"","overlay-opacity":"","overlay-gradient":""},"mobile":{"background-color":"","background-image":"","background-repeat":"repeat","background-position":"center center","background-size":"auto","background-attachment":"scroll","background-type":"","background-media":"","overlay-type":"","overlay-color":"","overlay-opacity":"","overlay-gradient":""}},"ast-content-background-meta":{"desktop":{"background-color":"var(--ast-global-color-5)","background-image":"","background-repeat":"repeat","background-position":"center center","background-size":"auto","background-attachment":"scroll","background-type":"","background-media":"","overlay-type":"","overlay-color":"","overlay-opacity":"","overlay-gradient":""},"tablet":{"background-color":"var(--ast-global-color-5)","background-image":"","background-repeat":"repeat","background-position":"center center","background-size":"auto","background-attachment":"scroll","background-type":"","background-media":"","overlay-type":"","overlay-color":"","overlay-opacity":"","overlay-gradient":""},"mobile":{"background-color":"var(--ast-global-color-5)","background-image":"","background-repeat":"repeat","background-position":"center center","background-size":"auto","background-attachment":"scroll","background-type":"","background-media":"","overlay-type":"","overlay-color":"","overlay-opacity":"","overlay-gradient":""}}},"product_cat":[55],"product_tag":[],"class_list":["post-4219","product","type-product","status-publish","has-post-thumbnail","hentry","product_cat-sihell-ferry","desktop-align-left","tablet-align-left","mobile-align-left"],"_links":{"self":[{"href":"https:\/\/www.sunkaraoke.hu\/index.php\/wp-json\/wp\/v2\/product\/4219","targetHints":{"allow":["GET"]}}],"collection":[{"href":"https:\/\/www.sunkaraoke.hu\/index.php\/wp-json\/wp\/v2\/product"}],"about":[{"href":"https:\/\/www.sunkaraoke.hu\/index.php\/wp-json\/wp\/v2\/types\/product"}],"wp:featuredmedia":[{"embeddable":true,"href":"https:\/\/www.sunkaraoke.hu\/index.php\/wp-json\/wp\/v2\/media\/9301"}],"wp:attachment":[{"href":"https:\/\/www.sunkaraoke.hu\/index.php\/wp-json\/wp\/v2\/media?parent=4219"}],"wp:term":[{"taxonomy":"product_cat","embeddable":true,"href":"https:\/\/www.sunkaraoke.hu\/index.php\/wp-json\/wp\/v2\/product_cat?post=4219"},{"taxonomy":"product_tag","embeddable":true,"href":"https:\/\/www.sunkaraoke.hu\/index.php\/wp-json\/wp\/v2\/product_tag?post=4219"}],"curies":[{"name":"wp","href":"https:\/\/api.w.org\/{rel}","templated":true}]}}