{"id":4218,"date":"2022-08-08T20:47:18","date_gmt":"2022-08-08T20:47:18","guid":{"rendered":"https:\/\/www.sunkaraoke.hu\/index.php\/termek\/sihell-ferry-nem-sirok-en-tobbe-mar\/"},"modified":"2025-04-04T10:33:22","modified_gmt":"2025-04-04T10:33:22","slug":"sihell-ferry-nem-sirok-en-tobbe-mar","status":"publish","type":"product","link":"https:\/\/www.sunkaraoke.hu\/index.php\/termek\/sihell-ferry-nem-sirok-en-tobbe-mar\/","title":{"rendered":"<div class=\"wcmp-player-container product-4218\"><audio controlslist=\"nodownload\" data-product=\"4218\"  volume=\"1\"  preload=\"none\" data-lazyloading=\"none\" class=\"wcmp-player track mejs-classic\" data-duration=\"0:32\" data-estimated_duration=\"4\"><source src=\"https:\/\/www.sunkaraoke.hu\/wp-content\/uploads\/2022\/08\/Nem-sirok-en-tobbe-Vocal-F-demoo.mp3\" type=\"audio\/mp3\" \/><\/audio><\/div>Sihell Ferry &#8211; Nem s\u00edrok \u00e9n t\u00f6bb\u00e9 m\u00e1r (Original)"},"content":{"rendered":"<p><strong>03:29<\/strong> | <strong><img loading=\"lazy\" decoding=\"async\" class=\"alignnone size-full wp-image-466\" src=\"https:\/\/www.sunkaraoke.hu\/wp-content\/uploads\/2022\/07\/choir_1-copy.webp\" alt=\"\" width=\"30\" height=\"30\" \/> <\/strong><\/p>\n","protected":false},"excerpt":{"rendered":"<h6><strong>Bits\u0171r\u0171s\u00e9g: 320<\/strong>kb\/s<strong><br \/>\n<\/strong><strong>Hossz: <\/strong>03:29<strong><br \/>\n<\/strong><strong style=\"font-size: 16px;\">Vok\u00e1lt tartalmaz: <\/strong>Igen <img loading=\"lazy\" decoding=\"async\" class=\"alignnone size-full wp-image-466\" src=\"http:\/\/www.sunkaraoke.hu\/wp-content\/uploads\/2022\/07\/choir_1-copy.png\" alt=\"\" width=\"30\" height=\"30\" \/><strong style=\"font-size: 16px;\"><br \/>\n<\/strong><\/h6>\n<p>Sunkaraoke mp3 st\u00fadi\u00f3 \/ www.sunkaraoke.hu \/ Inf: Tel: 06 20 4275001<\/p>\n<p>&#8212;Intr\u00f3&#8212;<\/p>\n<p>A sz\u00edvemnek parancsolni nem tudok,<br \/>\nmindig azt csin\u00e1lja amit nem akarok.<br \/>\nMindig megbocs\u00e1jt, akkor is ha f\u00e1j,<br \/>\nez\u00e9rt n\u00e9ha n\u00e9ha becsapj\u00e1k.<\/p>\n<p>Ez\u00e9rt h\u00e1t nem s\u00edrok \u00e9n t\u00f6bb\u00e9 most m\u00e1r, boldog leszek,<br \/>\n\u00e9n elfelejtem minden k\u00f6nnyemet.<br \/>\nAz utc\u00e1n emelt fejjel, jaj de b\u00fcszk\u00e9n v\u00e9gig megyek,<br \/>\n\u00e9s minden sz\u00e9p l\u00e1ny nekem integet.<br \/>\nEz\u00e9rt h\u00e1t nem s\u00edrok \u00e9n t\u00f6bb\u00e9, mostm\u00e1r boldog leszek,<br \/>\n\u00e9n elfelejtem minden k\u00f6nnyemet.<br \/>\nAz utc\u00e1n emelt fejjel, jaj de b\u00fcszk\u00e9n v\u00e9gig megyek,<br \/>\n\u00e9s minden sz\u00e9p l\u00e1ny nekem integet.<\/p>\n<p>A sz\u00edvemnek parancsolni nem tudok,<br \/>\n\u00e9s a kulcs\u00e1t vissza kapni sem tudom.<br \/>\nHi\u00e1ba k\u00e9rn\u00e9d, hogy m\u00e1snak adjam \u00e9n,<br \/>\naki \u0151rzi a sz\u00edve m\u00e9ly\u00e9n.<\/p>\n<p>Ez\u00e9rt h\u00e1t nem s\u00edrok \u00e9n t\u00f6bb\u00e9 mostm\u00e1r, boldog leszek,<br \/>\n\u00e9n elfelejtem minden k\u00f6nnyemet.<br \/>\nAz utc\u00e1n emelt fejjel, jaj de b\u00fcszk\u00e9n v\u00e9gig megyek,<br \/>\n\u00e9s minden sz\u00e9p l\u00e1ny nekem integet.<br \/>\nEz\u00e9rt h\u00e1t nem s\u00edrok \u00e9n t\u00f6bb\u00e9, mostm\u00e1r boldog leszek,<br \/>\n\u00e9n elfelejtem minden k\u00f6nnyemet.<br \/>\nAz utc\u00e1n emelt fejjel, jaj de b\u00fcszk\u00e9n v\u00e9gig megyek,<br \/>\n\u00e9s minden sz\u00e9p l\u00e1ny nekem integet.<\/p>\n<p>\u00c9n ma eg\u00e9sz \u00e9jjel mulatok,nem az egereket s\u00edratom,<br \/>\n\u00e9n elfeledem ami f\u00e1j, \u00e1tmulatom az \u00e9jszak\u00e1t.<br \/>\n\u00c9n ma eg\u00e9sz \u00e9jjel mulatok,nem az egereket s\u00edratom,<br \/>\n\u00e9n elfeledem ami f\u00e1j, \u00e1tmulatom az \u00e9jszak\u00e1t.<\/p>\n<p>Ez\u00e9rt h\u00e1t nem s\u00edrok \u00e9n t\u00f6bb\u00e9 mostm\u00e1r, boldog leszek,<br \/>\n\u00e9n elfelejtem minden k\u00f6nnyemet.<br \/>\nAz utc\u00e1n emelt fejjel, jaj de b\u00fcszk\u00e9n v\u00e9gig megyek,<br \/>\n\u00e9s minden sz\u00e9p l\u00e1ny nekem integet.<br \/>\nEz\u00e9rt h\u00e1t nem s\u00edrok \u00e9n t\u00f6bb\u00e9, mostm\u00e1r boldog leszek,<br \/>\n\u00e9n elfelejtem minden k\u00f6nnyemet.<br \/>\nAz utc\u00e1n emelt fejjel, jaj de b\u00fcszk\u00e9n v\u00e9gig megyek,<br \/>\n\u00e9s minden sz\u00e9p l\u00e1ny nekem integet.<br \/>\n\u00c9s csak engem szeret!<br \/>\n&#8212;V\u00e9ge&#8212;<\/p>\n","protected":false},"featured_media":9301,"template":"","meta":{"site-sidebar-layout":"default","site-content-layout":"default","ast-site-content-layout":"default","site-content-style":"default","site-sidebar-style":"default","ast-global-header-display":"","ast-banner-title-visibility":"","ast-main-header-display":"","ast-hfb-above-header-display":"","ast-hfb-below-header-display":"","ast-hfb-mobile-header-display":"","site-post-title":"","ast-breadcrumbs-content":"","ast-featured-img":"","footer-sml-layout":"","theme-transparent-header-meta":"default","adv-header-id-meta":"","stick-header-meta":"","header-above-stick-meta":"","header-main-stick-meta":"","header-below-stick-meta":"","astra-migrate-meta-layouts":"set","ast-page-background-enabled":"default","ast-page-background-meta":{"desktop":{"background-color":"var(--ast-global-color-4)","background-image":"","background-repeat":"repeat","background-position":"center center","background-size":"auto","background-attachment":"scroll","background-type":"","background-media":"","overlay-type":"","overlay-color":"","overlay-opacity":"","overlay-gradient":""},"tablet":{"background-color":"","background-image":"","background-repeat":"repeat","background-position":"center center","background-size":"auto","background-attachment":"scroll","background-type":"","background-media":"","overlay-type":"","overlay-color":"","overlay-opacity":"","overlay-gradient":""},"mobile":{"background-color":"","background-image":"","background-repeat":"repeat","background-position":"center center","background-size":"auto","background-attachment":"scroll","background-type":"","background-media":"","overlay-type":"","overlay-color":"","overlay-opacity":"","overlay-gradient":""}},"ast-content-background-meta":{"desktop":{"background-color":"var(--ast-global-color-5)","background-image":"","background-repeat":"repeat","background-position":"center center","background-size":"auto","background-attachment":"scroll","background-type":"","background-media":"","overlay-type":"","overlay-color":"","overlay-opacity":"","overlay-gradient":""},"tablet":{"background-color":"var(--ast-global-color-5)","background-image":"","background-repeat":"repeat","background-position":"center center","background-size":"auto","background-attachment":"scroll","background-type":"","background-media":"","overlay-type":"","overlay-color":"","overlay-opacity":"","overlay-gradient":""},"mobile":{"background-color":"var(--ast-global-color-5)","background-image":"","background-repeat":"repeat","background-position":"center center","background-size":"auto","background-attachment":"scroll","background-type":"","background-media":"","overlay-type":"","overlay-color":"","overlay-opacity":"","overlay-gradient":""}}},"product_cat":[55],"product_tag":[],"class_list":["post-4218","product","type-product","status-publish","has-post-thumbnail","hentry","product_cat-sihell-ferry","desktop-align-left","tablet-align-left","mobile-align-left"],"_links":{"self":[{"href":"https:\/\/www.sunkaraoke.hu\/index.php\/wp-json\/wp\/v2\/product\/4218","targetHints":{"allow":["GET"]}}],"collection":[{"href":"https:\/\/www.sunkaraoke.hu\/index.php\/wp-json\/wp\/v2\/product"}],"about":[{"href":"https:\/\/www.sunkaraoke.hu\/index.php\/wp-json\/wp\/v2\/types\/product"}],"wp:featuredmedia":[{"embeddable":true,"href":"https:\/\/www.sunkaraoke.hu\/index.php\/wp-json\/wp\/v2\/media\/9301"}],"wp:attachment":[{"href":"https:\/\/www.sunkaraoke.hu\/index.php\/wp-json\/wp\/v2\/media?parent=4218"}],"wp:term":[{"taxonomy":"product_cat","embeddable":true,"href":"https:\/\/www.sunkaraoke.hu\/index.php\/wp-json\/wp\/v2\/product_cat?post=4218"},{"taxonomy":"product_tag","embeddable":true,"href":"https:\/\/www.sunkaraoke.hu\/index.php\/wp-json\/wp\/v2\/product_tag?post=4218"}],"curies":[{"name":"wp","href":"https:\/\/api.w.org\/{rel}","templated":true}]}}