{"id":4216,"date":"2022-08-08T20:47:18","date_gmt":"2022-08-08T20:47:18","guid":{"rendered":"https:\/\/www.sunkaraoke.hu\/index.php\/termek\/100-folk-celsius-a-nagy-ho-ho-ho-horgasz-2014\/"},"modified":"2022-10-21T14:14:21","modified_gmt":"2022-10-21T14:14:21","slug":"100-folk-celsius-a-nagy-ho-ho-ho-horgasz-2014","status":"publish","type":"product","link":"https:\/\/www.sunkaraoke.hu\/index.php\/termek\/100-folk-celsius-a-nagy-ho-ho-ho-horgasz-2014\/","title":{"rendered":"<div class=\"wcmp-player-container product-4216\"><audio controlslist=\"nodownload\" data-product=\"4216\"  volume=\"1\"  preload=\"none\" data-lazyloading=\"none\" class=\"wcmp-player track mejs-classic\" data-duration=\"3:13\" data-estimated_duration=\"20\"><source src=\"https:\/\/www.sunkaraoke.hu\/wp-content\/uploads\/wcmp\/97028883443c1dcf6aac7f8ed697d00b.mp3\" type=\"audio\/mp3\" \/><\/audio><\/div>100 Folk Celsius &#8211; A nagy ho ho ho horg\u00e1sz 2014."},"content":{"rendered":"<p><strong>03:12<\/strong> | <strong><img loading=\"lazy\" decoding=\"async\" class=\"alignnone size-full wp-image-467\" src=\"https:\/\/www.sunkaraoke.hu\/wp-content\/uploads\/2022\/07\/choir_2-copy.webp\" alt=\"\" width=\"30\" height=\"30\" \/> <\/p>\n","protected":false},"excerpt":{"rendered":"<p><strong>Bits\u0171r\u0171s\u00e9g: <\/strong>196kb\/s<strong><br \/>\n<\/strong><strong>Hossz: <\/strong>03:12<strong><br \/>\n<\/strong><strong style=\"font-size: 16px;\">Vok\u00e1lt tartalmaz: <\/strong>Nem <img loading=\"lazy\" decoding=\"async\" class=\"alignnone size-full wp-image-467\" src=\"http:\/\/www.sunkaraoke.hu\/wp-content\/uploads\/2022\/07\/choir_2-copy.png\" alt=\"\" width=\"30\" height=\"30\" \/><strong style=\"font-size: 16px;\"><br \/>\n<\/strong><\/p>\n<p>&nbsp;<\/p>\n<p>&#8212;Intr\u00f3&#8212;<br \/>\nHa itt a ny\u00e1r, ugye kom\u00e1m,a sz\u00edv a v\u00edznek szalut\u00e1l,<br \/>\n\u00e9s v\u00edgan l\u00e9pked, ak\u00e1r a torn\u00e1sz,\u00edgy megy a nagy ho-ho-ho-horg\u00e1sz.<br \/>\nB\u00e1tran rikkant,puh\u00e1nyok ho-ho-ho-ho-ho, megint csak ho-ho-ho-ho.<br \/>\nVan itt csali, s egy-k\u00e9t horog,az eszem pedig j\u00f3l forog,<br \/>\ns cselt a cselre kiv\u00e1l\u00f3n sorj\u00e1z,ravasz a nagy ho-ho-ho-horg\u00e1sz.<br \/>\nV\u00e1rosb\u00e9li puh\u00e1nyok, nyavaly\u00e1sok,ha gy\u00f6t\u00f6r a l\u00e1z,<br \/>\nf\u00fcletek nyiss\u00e1tok gyorsan, hallgass\u00e1tok,<br \/>\namit most n\u00e9ktek, hallgass\u00e1tok,<br \/>\namit most n\u00e9ktek eldalol a ho-ho-ho-nagy-horg\u00e1sz.<br \/>\n&#8212;Sz\u00f3l\u00f3&#8212;<br \/>\nHa itt a ny\u00e1r, ugye kom\u00e1m,a sz\u00edv a v\u00edznek szalut\u00e1l,<br \/>\n\u00e9s v\u00edgan l\u00e9pked, ak\u00e1r a torn\u00e1sz,\u00edgy megy a nagy ho-ho-ho-horg\u00e1sz.<br \/>\nB\u00e1tran rikkant,puh\u00e1nyok ho-ho-ho-ho-ho, megint csak ho-ho-ho-ho.<br \/>\nVan itt csali, s egy-k\u00e9t horog,az eszem pedig j\u00f3l forog,<br \/>\ns cselt a cselre kiv\u00e1l\u00f3n sorj\u00e1z,ravasz a nagy ho-ho-ho-horg\u00e1sz.<br \/>\nV\u00e1rosb\u00e9li puh\u00e1nyok, nyavaly\u00e1sok,ha gy\u00f6t\u00f6r a l\u00e1z,<br \/>\nf\u00fcletek nyiss\u00e1tok gyorsan, hallgass\u00e1tok,<br \/>\namit most n\u00e9ktek, hallgass\u00e1tok,<br \/>\namit most n\u00e9ktek eldalol a ho-ho-ho-nagy-horg\u00e1sz.<br \/>\n&#8212;V\u00e9ge&#8212;<\/p>\n","protected":false},"featured_media":10078,"template":"","meta":{"site-sidebar-layout":"default","site-content-layout":"default","ast-site-content-layout":"","site-content-style":"default","site-sidebar-style":"default","ast-global-header-display":"","ast-banner-title-visibility":"","ast-main-header-display":"","ast-hfb-above-header-display":"","ast-hfb-below-header-display":"","ast-hfb-mobile-header-display":"","site-post-title":"","ast-breadcrumbs-content":"","ast-featured-img":"","footer-sml-layout":"","theme-transparent-header-meta":"default","adv-header-id-meta":"","stick-header-meta":"","header-above-stick-meta":"","header-main-stick-meta":"","header-below-stick-meta":"","astra-migrate-meta-layouts":"default","ast-page-background-enabled":"default","ast-page-background-meta":{"desktop":{"background-color":"var(--ast-global-color-4)","background-image":"","background-repeat":"repeat","background-position":"center center","background-size":"auto","background-attachment":"scroll","background-type":"","background-media":"","overlay-type":"","overlay-color":"","overlay-opacity":"","overlay-gradient":""},"tablet":{"background-color":"","background-image":"","background-repeat":"repeat","background-position":"center center","background-size":"auto","background-attachment":"scroll","background-type":"","background-media":"","overlay-type":"","overlay-color":"","overlay-opacity":"","overlay-gradient":""},"mobile":{"background-color":"","background-image":"","background-repeat":"repeat","background-position":"center center","background-size":"auto","background-attachment":"scroll","background-type":"","background-media":"","overlay-type":"","overlay-color":"","overlay-opacity":"","overlay-gradient":""}},"ast-content-background-meta":{"desktop":{"background-color":"var(--ast-global-color-5)","background-image":"","background-repeat":"repeat","background-position":"center center","background-size":"auto","background-attachment":"scroll","background-type":"","background-media":"","overlay-type":"","overlay-color":"","overlay-opacity":"","overlay-gradient":""},"tablet":{"background-color":"var(--ast-global-color-5)","background-image":"","background-repeat":"repeat","background-position":"center center","background-size":"auto","background-attachment":"scroll","background-type":"","background-media":"","overlay-type":"","overlay-color":"","overlay-opacity":"","overlay-gradient":""},"mobile":{"background-color":"var(--ast-global-color-5)","background-image":"","background-repeat":"repeat","background-position":"center center","background-size":"auto","background-attachment":"scroll","background-type":"","background-media":"","overlay-type":"","overlay-color":"","overlay-opacity":"","overlay-gradient":""}}},"product_cat":[58],"product_tag":[],"class_list":["post-4216","product","type-product","status-publish","has-post-thumbnail","hentry","product_cat-erdelyi-zoltan","desktop-align-left","tablet-align-left","mobile-align-left"],"_links":{"self":[{"href":"https:\/\/www.sunkaraoke.hu\/index.php\/wp-json\/wp\/v2\/product\/4216","targetHints":{"allow":["GET"]}}],"collection":[{"href":"https:\/\/www.sunkaraoke.hu\/index.php\/wp-json\/wp\/v2\/product"}],"about":[{"href":"https:\/\/www.sunkaraoke.hu\/index.php\/wp-json\/wp\/v2\/types\/product"}],"wp:featuredmedia":[{"embeddable":true,"href":"https:\/\/www.sunkaraoke.hu\/index.php\/wp-json\/wp\/v2\/media\/10078"}],"wp:attachment":[{"href":"https:\/\/www.sunkaraoke.hu\/index.php\/wp-json\/wp\/v2\/media?parent=4216"}],"wp:term":[{"taxonomy":"product_cat","embeddable":true,"href":"https:\/\/www.sunkaraoke.hu\/index.php\/wp-json\/wp\/v2\/product_cat?post=4216"},{"taxonomy":"product_tag","embeddable":true,"href":"https:\/\/www.sunkaraoke.hu\/index.php\/wp-json\/wp\/v2\/product_tag?post=4216"}],"curies":[{"name":"wp","href":"https:\/\/api.w.org\/{rel}","templated":true}]}}