{"id":4156,"date":"2022-08-08T20:47:14","date_gmt":"2022-08-08T20:47:14","guid":{"rendered":"https:\/\/www.sunkaraoke.hu\/index.php\/termek\/simon-b-feat-the-soldier-engedd-be-a-fenyt\/"},"modified":"2025-04-10T09:07:57","modified_gmt":"2025-04-10T09:07:57","slug":"simon-b-feat-the-soldier-engedd-be-a-fenyt","status":"publish","type":"product","link":"https:\/\/www.sunkaraoke.hu\/index.php\/termek\/simon-b-feat-the-soldier-engedd-be-a-fenyt\/","title":{"rendered":"<div class=\"wcmp-player-container product-4156\"><audio controlslist=\"nodownload\" data-product=\"4156\"  volume=\"1\"  preload=\"none\" data-lazyloading=\"none\" class=\"wcmp-player track mejs-classic\" data-duration=\"0:37\" data-estimated_duration=\"4\"><source src=\"https:\/\/www.sunkaraoke.hu\/wp-content\/uploads\/2022\/08\/Engedd-be-a-fenyt-SB-demoo.mp3\" type=\"audio\/mp3\" \/><\/audio><\/div>Simon B. feat The Soldier &#8211; Engedd be a f\u00e9nyt (Original)"},"content":{"rendered":"<p><strong>05:05<\/strong> | <strong><img loading=\"lazy\" decoding=\"async\" class=\"alignnone size-full wp-image-467\" src=\"https:\/\/www.sunkaraoke.hu\/wp-content\/uploads\/2022\/07\/choir_2-copy.webp\" alt=\"\" width=\"30\" height=\"30\" \/> <\/strong><\/p>\n","protected":false},"excerpt":{"rendered":"<h6><strong>Bits\u0171r\u0171s\u00e9g: 320<\/strong>kb\/s<strong><br \/>\n<\/strong><strong>Hossz: <\/strong>05:05<strong><br \/>\n<\/strong><strong style=\"font-size: 16px;\">Vok\u00e1lt tartalmaz: <\/strong>Nem <img loading=\"lazy\" decoding=\"async\" class=\"alignnone size-full wp-image-467\" src=\"http:\/\/www.sunkaraoke.hu\/wp-content\/uploads\/2022\/07\/choir_2-copy.png\" alt=\"\" width=\"30\" height=\"30\" \/><strong style=\"font-size: 16px;\"><br \/>\n<\/strong><\/h6>\n<p>Sunkaraoke mp3 st\u00fadi\u00f3 \/ www.sunkaraoke.hu \/ Inf: Tel: 06 20 4275001<\/p>\n<p>&#8212;Intr\u00f3&#8212;<\/p>\n<p>Elrep\u00fclt m\u00e1r az \u0151sz, v\u00e9ge messze j\u00e1r,<br \/>\nh\u00f3 lepi az utakat feh\u00e9r \u00fajra a vil\u00e1g.<br \/>\nIsmer\u0151s dallam sz\u00e1ll, benn a sz\u00edvemben,<br \/>\ntal\u00e1n te is hallod m\u00e1r, f\u00e9nyben \u00faszik a vil\u00e1g.<\/p>\n<p>Engedd h\u00e1t be sz\u00edvedbe a f\u00e9nyt,<br \/>\n\u0151rizd \u0151t j\u00f3l nehogy kialudj\u00e9k.<br \/>\nHidd el m\u00e1sk\u00e9pp l\u00e1tod, hogyha felragyog a f\u00e9ny,<br \/>\nszebb lesz a holnap, szebb lesz az \u00e9let,<br \/>\na f\u00f6lddel egybe \u00e9r az \u00e9g,hiszen enn\u00e9l t\u00f6bbet mit k\u00edv\u00e1nhatn\u00e9k.<br \/>\nEngedd h\u00e1t be sz\u00edvedbe a f\u00e9nyt,<br \/>\n\u0151rizd \u0151t j\u00f3l nehogy kialudj\u00e9k.<br \/>\nHidd el m\u00e1sk\u00e9pp l\u00e1tod, hogyha felragyog a f\u00e9ny,<br \/>\nszebb lesz a holnap, szebb lesz az \u00e9let,<br \/>\na f\u00f6lddel egybe \u00e9r az \u00e9g,hiszen enn\u00e9l t\u00f6bbet mit k\u00edv\u00e1nhatn\u00e9k.<\/p>\n<p>Elrep\u00fclt m\u00e1r az \u0151sz, v\u00e9ge messze j\u00e1r,<br \/>\nh\u00f3 lepi az utakat feh\u00e9r \u00fajra a vil\u00e1g.<br \/>\nIsmer\u0151s dallam sz\u00e1ll, benn a sz\u00edvemben,<br \/>\ntal\u00e1n te is hallod m\u00e1r, f\u00e9nyben \u00faszik a vil\u00e1g.<\/p>\n<p>Engedd h\u00e1t be sz\u00edvedbe a f\u00e9nyt,<br \/>\n\u0151rizd \u0151t j\u00f3l nehogy kialudj\u00e9k.<br \/>\nHidd el m\u00e1sk\u00e9pp l\u00e1tod, hogyha felragyog a f\u00e9ny,<br \/>\nszebb lesz a holnap, szebb lesz az \u00e9let,<br \/>\na f\u00f6lddel egybe \u00e9r az \u00e9g,hiszen enn\u00e9l t\u00f6bbet mit k\u00edv\u00e1nhatn\u00e9k.<\/p>\n<p>Engedd h\u00e1t be sz\u00edvedbe a f\u00e9nyt,<br \/>\n\u0151rizd \u0151t j\u00f3l nehogy kialudj\u00e9k.<br \/>\nHidd el m\u00e1sk\u00e9pp l\u00e1tod, hogyha felragyog a f\u00e9ny,<br \/>\nszebb lesz a holnap, szebb lesz az \u00e9let,<br \/>\na f\u00f6lddel egybe \u00e9r az \u00e9g,hiszen enn\u00e9l t\u00f6bbet mit k\u00edv\u00e1nhatn\u00e9k.<\/p>\n<p>&#8212;Sz\u00f3l\u00f3&#8212;<br \/>\nEngedd h\u00e1t be sz\u00edvedbe a f\u00e9nyt,<br \/>\n\u0151rizd \u0151t j\u00f3l nehogy kialudj\u00e9k.<br \/>\nHidd el m\u00e1sk\u00e9pp l\u00e1tod, hogyha felragyog a f\u00e9ny,<br \/>\nszebb lesz a holnap, szebb lesz az \u00e9let,<br \/>\na f\u00f6lddel egybe \u00e9r az \u00e9g,hiszen enn\u00e9l t\u00f6bbet mit k\u00edv\u00e1nhatn\u00e9k.<br \/>\nEngedd h\u00e1t be sz\u00edvedbe a f\u00e9nyt,<br \/>\n\u0151rizd \u0151t j\u00f3l nehogy kialudj\u00e9k.<br \/>\nHidd el m\u00e1sk\u00e9pp l\u00e1tod, hogyha felragyog a f\u00e9ny,<br \/>\nszebb lesz a holnap, szebb lesz az \u00e9let,<br \/>\na f\u00f6lddel egybe \u00e9r az \u00e9g,hiszen enn\u00e9l t\u00f6bbet mit k\u00edv\u00e1nhatn\u00e9k.<\/p>\n<p>Hiszen enn\u00e9l t\u00f6bbet mit k\u00edv\u00e1nhatn\u00e9k.<br \/>\nHiszen enn\u00e9l t\u00f6bbet mit k\u00edv\u00e1nhatn\u00e9k.<br \/>\n&#8212;V\u00e9ge&#8212;<\/p>\n","protected":false},"featured_media":8720,"template":"","meta":{"site-sidebar-layout":"default","site-content-layout":"default","ast-site-content-layout":"default","site-content-style":"default","site-sidebar-style":"default","ast-global-header-display":"","ast-banner-title-visibility":"","ast-main-header-display":"","ast-hfb-above-header-display":"","ast-hfb-below-header-display":"","ast-hfb-mobile-header-display":"","site-post-title":"","ast-breadcrumbs-content":"","ast-featured-img":"","footer-sml-layout":"","theme-transparent-header-meta":"default","adv-header-id-meta":"","stick-header-meta":"","header-above-stick-meta":"","header-main-stick-meta":"","header-below-stick-meta":"","astra-migrate-meta-layouts":"set","ast-page-background-enabled":"default","ast-page-background-meta":{"desktop":{"background-color":"var(--ast-global-color-4)","background-image":"","background-repeat":"repeat","background-position":"center center","background-size":"auto","background-attachment":"scroll","background-type":"","background-media":"","overlay-type":"","overlay-color":"","overlay-opacity":"","overlay-gradient":""},"tablet":{"background-color":"","background-image":"","background-repeat":"repeat","background-position":"center center","background-size":"auto","background-attachment":"scroll","background-type":"","background-media":"","overlay-type":"","overlay-color":"","overlay-opacity":"","overlay-gradient":""},"mobile":{"background-color":"","background-image":"","background-repeat":"repeat","background-position":"center center","background-size":"auto","background-attachment":"scroll","background-type":"","background-media":"","overlay-type":"","overlay-color":"","overlay-opacity":"","overlay-gradient":""}},"ast-content-background-meta":{"desktop":{"background-color":"var(--ast-global-color-5)","background-image":"","background-repeat":"repeat","background-position":"center center","background-size":"auto","background-attachment":"scroll","background-type":"","background-media":"","overlay-type":"","overlay-color":"","overlay-opacity":"","overlay-gradient":""},"tablet":{"background-color":"var(--ast-global-color-5)","background-image":"","background-repeat":"repeat","background-position":"center center","background-size":"auto","background-attachment":"scroll","background-type":"","background-media":"","overlay-type":"","overlay-color":"","overlay-opacity":"","overlay-gradient":""},"mobile":{"background-color":"var(--ast-global-color-5)","background-image":"","background-repeat":"repeat","background-position":"center center","background-size":"auto","background-attachment":"scroll","background-type":"","background-media":"","overlay-type":"","overlay-color":"","overlay-opacity":"","overlay-gradient":""}}},"product_cat":[46],"product_tag":[],"class_list":["post-4156","product","type-product","status-publish","has-post-thumbnail","hentry","product_cat-eredeti-karaoke-dalok","desktop-align-left","tablet-align-left","mobile-align-left"],"_links":{"self":[{"href":"https:\/\/www.sunkaraoke.hu\/index.php\/wp-json\/wp\/v2\/product\/4156","targetHints":{"allow":["GET"]}}],"collection":[{"href":"https:\/\/www.sunkaraoke.hu\/index.php\/wp-json\/wp\/v2\/product"}],"about":[{"href":"https:\/\/www.sunkaraoke.hu\/index.php\/wp-json\/wp\/v2\/types\/product"}],"wp:featuredmedia":[{"embeddable":true,"href":"https:\/\/www.sunkaraoke.hu\/index.php\/wp-json\/wp\/v2\/media\/8720"}],"wp:attachment":[{"href":"https:\/\/www.sunkaraoke.hu\/index.php\/wp-json\/wp\/v2\/media?parent=4156"}],"wp:term":[{"taxonomy":"product_cat","embeddable":true,"href":"https:\/\/www.sunkaraoke.hu\/index.php\/wp-json\/wp\/v2\/product_cat?post=4156"},{"taxonomy":"product_tag","embeddable":true,"href":"https:\/\/www.sunkaraoke.hu\/index.php\/wp-json\/wp\/v2\/product_tag?post=4156"}],"curies":[{"name":"wp","href":"https:\/\/api.w.org\/{rel}","templated":true}]}}