{"id":4155,"date":"2022-08-08T20:47:14","date_gmt":"2022-08-08T20:47:14","guid":{"rendered":"https:\/\/www.sunkaraoke.hu\/index.php\/termek\/jolly-megegyszer-megprobalok\/"},"modified":"2025-04-10T09:00:47","modified_gmt":"2025-04-10T09:00:47","slug":"jolly-megegyszer-megprobalok","status":"publish","type":"product","link":"https:\/\/www.sunkaraoke.hu\/index.php\/termek\/jolly-megegyszer-megprobalok\/","title":{"rendered":"<div class=\"wcmp-player-container product-4155\"><audio controlslist=\"nodownload\" data-product=\"4155\"  volume=\"1\"  preload=\"none\" data-lazyloading=\"none\" class=\"wcmp-player track mejs-classic\" data-duration=\"0:37\" data-estimated_duration=\"4\"><source src=\"https:\/\/www.sunkaraoke.hu\/wp-content\/uploads\/2022\/08\/Megegyszer-megprobalok-transz-E_demo.mp3\" type=\"audio\/mp3\" \/><\/audio><\/div>Jolly &#8211; M\u00e9gegyszer megpr\u00f3b\u00e1lok (Zoly Edition)"},"content":{"rendered":"<p><strong>03:54<\/strong> | <strong><img loading=\"lazy\" decoding=\"async\" class=\"alignnone size-full wp-image-467\" src=\"https:\/\/www.sunkaraoke.hu\/wp-content\/uploads\/2022\/07\/choir_2-copy.webp\" alt=\"\" width=\"30\" height=\"30\" \/> <strong> | <img loading=\"lazy\" decoding=\"async\" class=\"alignnone size-full wp-image-613\" src=\"https:\/\/www.sunkaraoke.hu\/wp-content\/uploads\/2022\/07\/transzponalas.webp\" alt=\"\" width=\"30\" height=\"30\" \/> -2<\/strong><\/strong><\/p>\n","protected":false},"excerpt":{"rendered":"<h6><strong>Bits\u0171r\u0171s\u00e9g: 320 kb\/s<\/strong><br \/>\n<strong>Hossz: 03:54<\/strong><br \/>\n<strong>Vok\u00e1lt tartalmaz: Nem <img loading=\"lazy\" decoding=\"async\" class=\"alignnone size-full wp-image-467\" src=\"http:\/\/www.sunkaraoke.hu\/wp-content\/uploads\/2022\/07\/choir_2-copy.png\" alt=\"\" width=\"30\" height=\"30\" \/><br \/>\nTranszpon\u00e1l\u00e1s:-2<\/strong><\/h6>\n<p>Sunkaraoke mp3 st\u00fadi\u00f3 \/ www.sunkaraoke.hu \/ Inf: Tel: 06 20 4275001<\/p>\n<p>&#8212;Intr\u00f3&#8212;<br \/>\nK\u00e9s\u0151 ma m\u00e1r,\u00fajra kezdj\u00fck m\u00e1r,<br \/>\nelveszett \u00e1lmok,sz\u00edvem nem tal\u00e1l.<\/p>\n<p>Kell m\u00e9g egy sz\u00f3,mi \u00fajra mondhat\u00f3,<br \/>\nkell m\u00e9g az \u00e1lmod,oly meghat\u00f3.<\/p>\n<p>M\u00e9gegyszer megpr\u00f3b\u00e1lok,boldog ember lenni,<br \/>\nm\u00e9gegyszer megpr\u00f3b\u00e1lok,nem gondolni r\u00e1d.<br \/>\nTitokban v\u00e1rok r\u00e1d,ugyan\u00fagy mint r\u00e9gen,<br \/>\nengedd hogy elb\u00facs\u00fazzak,sz\u00edvb\u0151l igaz\u00e1n.<br \/>\nM\u00e9gegyszer megpr\u00f3b\u00e1lok,boldog ember lenni,<br \/>\nm\u00e9gegyszer megpr\u00f3b\u00e1lok,nem gondolni r\u00e1d.<br \/>\nTitokban v\u00e1rok r\u00e1d,ugyan\u00fagy mint r\u00e9gen,<br \/>\nengedd hogy elb\u00facs\u00fazzak,sz\u00edvb\u0151l igaz\u00e1n.<\/p>\n<p>K\u00e9s\u0151 ma m\u00e1r,hogy \u00fajra kezdj\u00fck t\u00e1n,<br \/>\ns elm\u00falt mi sz\u00e9p volt,m\u00e1r meszze sz\u00e1llt.<br \/>\nDe kell m\u00e9g egy sz\u00f3,mit mondt\u00e1l meghat\u00f3,<br \/>\nkell m\u00e9g egy \u00e1lom,v\u00edgasztal\u00f3.<\/p>\n<p>M\u00e9gegyszer megpr\u00f3b\u00e1lok,boldog ember lenni,<br \/>\nm\u00e9gegyszer megpr\u00f3b\u00e1lok,nem gondolni r\u00e1d.<br \/>\nTitokban v\u00e1rok r\u00e1d,ugyan\u00fagy mint r\u00e9gen,<br \/>\nengedd hogy elb\u00facs\u00fazzak,sz\u00edvb\u0151l igaz\u00e1n.<br \/>\nM\u00e9gegyszer megpr\u00f3b\u00e1lok,boldog ember lenni,<br \/>\nm\u00e9gegyszer megpr\u00f3b\u00e1lok, nem gondolni r\u00e1d.<br \/>\nTitokban v\u00e1rok r\u00e1d,ugyan\u00fagy mint r\u00e9gen,<br \/>\nengedd hogy elb\u00facs\u00fazzak, sz\u00edvb\u0151l igaz\u00e1n.<br \/>\n&#8212;Sz\u00f3l\u00f3&#8212;<br \/>\nM\u00e9gegyszer megpr\u00f3b\u00e1lok,boldog ember lenni,<br \/>\nm\u00e9gegyszer megpr\u00f3b\u00e1lok, nem gondolni r\u00e1d.<br \/>\nTitokban v\u00e1rok r\u00e1d,ugyan\u00fagy mint r\u00e9gen,<br \/>\nengedd hogy elb\u00facs\u00fazzak, sz\u00edvb\u0151l igaz\u00e1n.<br \/>\n&#8212;V\u00e9ge&#8212;<\/p>\n","protected":false},"featured_media":6147,"template":"","meta":{"site-sidebar-layout":"default","site-content-layout":"default","ast-site-content-layout":"default","site-content-style":"default","site-sidebar-style":"default","ast-global-header-display":"","ast-banner-title-visibility":"","ast-main-header-display":"","ast-hfb-above-header-display":"","ast-hfb-below-header-display":"","ast-hfb-mobile-header-display":"","site-post-title":"","ast-breadcrumbs-content":"","ast-featured-img":"","footer-sml-layout":"","theme-transparent-header-meta":"default","adv-header-id-meta":"","stick-header-meta":"","header-above-stick-meta":"","header-main-stick-meta":"","header-below-stick-meta":"","astra-migrate-meta-layouts":"set","ast-page-background-enabled":"default","ast-page-background-meta":{"desktop":{"background-color":"var(--ast-global-color-4)","background-image":"","background-repeat":"repeat","background-position":"center center","background-size":"auto","background-attachment":"scroll","background-type":"","background-media":"","overlay-type":"","overlay-color":"","overlay-opacity":"","overlay-gradient":""},"tablet":{"background-color":"","background-image":"","background-repeat":"repeat","background-position":"center center","background-size":"auto","background-attachment":"scroll","background-type":"","background-media":"","overlay-type":"","overlay-color":"","overlay-opacity":"","overlay-gradient":""},"mobile":{"background-color":"","background-image":"","background-repeat":"repeat","background-position":"center center","background-size":"auto","background-attachment":"scroll","background-type":"","background-media":"","overlay-type":"","overlay-color":"","overlay-opacity":"","overlay-gradient":""}},"ast-content-background-meta":{"desktop":{"background-color":"var(--ast-global-color-5)","background-image":"","background-repeat":"repeat","background-position":"center center","background-size":"auto","background-attachment":"scroll","background-type":"","background-media":"","overlay-type":"","overlay-color":"","overlay-opacity":"","overlay-gradient":""},"tablet":{"background-color":"var(--ast-global-color-5)","background-image":"","background-repeat":"repeat","background-position":"center center","background-size":"auto","background-attachment":"scroll","background-type":"","background-media":"","overlay-type":"","overlay-color":"","overlay-opacity":"","overlay-gradient":""},"mobile":{"background-color":"var(--ast-global-color-5)","background-image":"","background-repeat":"repeat","background-position":"center center","background-size":"auto","background-attachment":"scroll","background-type":"","background-media":"","overlay-type":"","overlay-color":"","overlay-opacity":"","overlay-gradient":""}}},"product_cat":[58],"product_tag":[],"class_list":["post-4155","product","type-product","status-publish","has-post-thumbnail","hentry","product_cat-erdelyi-zoltan","desktop-align-left","tablet-align-left","mobile-align-left"],"_links":{"self":[{"href":"https:\/\/www.sunkaraoke.hu\/index.php\/wp-json\/wp\/v2\/product\/4155","targetHints":{"allow":["GET"]}}],"collection":[{"href":"https:\/\/www.sunkaraoke.hu\/index.php\/wp-json\/wp\/v2\/product"}],"about":[{"href":"https:\/\/www.sunkaraoke.hu\/index.php\/wp-json\/wp\/v2\/types\/product"}],"wp:featuredmedia":[{"embeddable":true,"href":"https:\/\/www.sunkaraoke.hu\/index.php\/wp-json\/wp\/v2\/media\/6147"}],"wp:attachment":[{"href":"https:\/\/www.sunkaraoke.hu\/index.php\/wp-json\/wp\/v2\/media?parent=4155"}],"wp:term":[{"taxonomy":"product_cat","embeddable":true,"href":"https:\/\/www.sunkaraoke.hu\/index.php\/wp-json\/wp\/v2\/product_cat?post=4155"},{"taxonomy":"product_tag","embeddable":true,"href":"https:\/\/www.sunkaraoke.hu\/index.php\/wp-json\/wp\/v2\/product_tag?post=4155"}],"curies":[{"name":"wp","href":"https:\/\/api.w.org\/{rel}","templated":true}]}}