{"id":4154,"date":"2022-08-08T20:47:14","date_gmt":"2022-08-08T20:47:14","guid":{"rendered":"https:\/\/www.sunkaraoke.hu\/index.php\/termek\/tajtiboy-a-balba-beleptem\/"},"modified":"2025-04-05T11:05:36","modified_gmt":"2025-04-05T11:05:36","slug":"tajtiboy-a-balba-beleptem","status":"publish","type":"product","link":"https:\/\/www.sunkaraoke.hu\/index.php\/termek\/tajtiboy-a-balba-beleptem\/","title":{"rendered":"<div class=\"wcmp-player-container product-4154\"><audio controlslist=\"nodownload\" data-product=\"4154\"  volume=\"1\"  preload=\"none\" data-lazyloading=\"none\" class=\"wcmp-player track mejs-classic\" data-duration=\"0:33\" data-estimated_duration=\"4\"><source src=\"https:\/\/www.sunkaraoke.hu\/wp-content\/uploads\/2022\/08\/A-balba-beleptem-voc-N-demooo.mp3\" type=\"audio\/mp3\" \/><\/audio><\/div>Tajtiboy &#8211; A b\u00e1lba bel\u00e9ptem (Original)"},"content":{"rendered":"<p><strong>03:33<\/strong> | <strong><img loading=\"lazy\" decoding=\"async\" class=\"alignnone size-full wp-image-466\" src=\"https:\/\/www.sunkaraoke.hu\/wp-content\/uploads\/2022\/07\/choir_1-copy.webp\" alt=\"\" width=\"30\" height=\"30\" \/> <\/strong><\/p>\n","protected":false},"excerpt":{"rendered":"<h6><strong>Bits\u0171r\u0171s\u00e9g: 320<\/strong>kb\/s<strong><br \/>\n<\/strong><strong>Hossz: <\/strong>03:33<strong><br \/>\n<\/strong><strong style=\"font-size: 16px;\">Vok\u00e1lt tartalmaz: <\/strong>Igen <img loading=\"lazy\" decoding=\"async\" class=\"alignnone size-full wp-image-466\" src=\"http:\/\/www.sunkaraoke.hu\/wp-content\/uploads\/2022\/07\/choir_1-copy.png\" alt=\"\" width=\"30\" height=\"30\" \/><strong style=\"font-size: 16px;\"><br \/>\n<\/strong><\/h6>\n<p>Sunkaraoke mp3 st\u00fadi\u00f3 \/ www.sunkaraoke.hu \/ Inf: Tel: 06 20 4275001<\/p>\n<p>&#8212;Intr\u00f3&#8212;<br \/>\nA b\u00e1lba bel\u00e9ptem megj\u00f6tt a kedvem mert l\u00e1tom \u0151t,<br \/>\n\u00e9s \u00c1mor nyil\u00e1val sz\u00edvembe l\u0151tt.<br \/>\nP\u00e9nz van a zsebemben, j\u00f3kedv sz\u00edvemben,szeretlek \u00e9n,<br \/>\nt\u00e1ncolj velem most a kedvem\u00e9rt.<\/p>\n<p>Whiskyt iszunk j\u00e9ggel, ne t\u00f6r\u0151j a p\u00e9nzzel,<br \/>\n\u00edgy mulatjuk \u00e1t az \u00e9jszak\u00e1t,<br \/>\nWhiskyt iszunk egy\u00fctt, ett\u0151l lesz majd kedv\u00fcnk,<br \/>\n\u00edgy mulatjuk \u00e1t az \u00e9jszak\u00e1t.<\/p>\n<p>A b\u00e1lba bel\u00e9ptem megj\u00f6tt a kedvem mert l\u00e1tom \u0151t,<br \/>\n\u00e9s \u00c1mor nyil\u00e1val sz\u00edvembe l\u0151tt.<br \/>\nP\u00e9nz van a zsebemben, j\u00f3kedv sz\u00edvemben,szeretlek \u00e9n,<br \/>\nt\u00e1ncolj velem most a kedvem\u00e9rt.<\/p>\n<p>Whiskyt iszunk j\u00e9ggel, ne t\u00f6r\u0151j a p\u00e9nzzel,<br \/>\n\u00edgy mulatjuk \u00e1t az \u00e9jszak\u00e1t,<br \/>\nWhiskyt iszunk egy\u00fctt, ett\u0151l lesz majd kedv\u00fcnk,<br \/>\n\u00edgy mulatjuk \u00e1t az \u00e9jszak\u00e1t.<br \/>\n&#8212;Sz\u00f3l\u00f3&#8212;<br \/>\nWhiskyt iszunk j\u00e9ggel, ne t\u00f6r\u0151j a p\u00e9nzzel,<br \/>\n\u00edgy mulatjuk \u00e1t az \u00e9jszak\u00e1t,<br \/>\nWhiskyt iszunk egy\u00fctt, ett\u0151l lesz majd kedv\u00fcnk,<br \/>\n\u00edgy mulatjuk \u00e1t az \u00e9jszak\u00e1t.<br \/>\nWhiskyt iszunk j\u00e9ggel, ne t\u00f6r\u0151j a p\u00e9nzzel,<br \/>\n\u00edgy mulatjuk \u00e1t az \u00e9jszak\u00e1t,<br \/>\nWhiskyt iszunk egy\u00fctt, ett\u0151l lesz majd kedv\u00fcnk,<br \/>\n\u00edgy mulatjuk \u00e1t az \u00e9jszak\u00e1t.<br \/>\n&#8212;V\u00e9ge&#8212;<\/p>\n","protected":false},"featured_media":9020,"template":"","meta":{"site-sidebar-layout":"default","site-content-layout":"default","ast-site-content-layout":"default","site-content-style":"default","site-sidebar-style":"default","ast-global-header-display":"","ast-banner-title-visibility":"","ast-main-header-display":"","ast-hfb-above-header-display":"","ast-hfb-below-header-display":"","ast-hfb-mobile-header-display":"","site-post-title":"","ast-breadcrumbs-content":"","ast-featured-img":"","footer-sml-layout":"","theme-transparent-header-meta":"default","adv-header-id-meta":"","stick-header-meta":"","header-above-stick-meta":"","header-main-stick-meta":"","header-below-stick-meta":"","astra-migrate-meta-layouts":"set","ast-page-background-enabled":"default","ast-page-background-meta":{"desktop":{"background-color":"var(--ast-global-color-4)","background-image":"","background-repeat":"repeat","background-position":"center center","background-size":"auto","background-attachment":"scroll","background-type":"","background-media":"","overlay-type":"","overlay-color":"","overlay-opacity":"","overlay-gradient":""},"tablet":{"background-color":"","background-image":"","background-repeat":"repeat","background-position":"center center","background-size":"auto","background-attachment":"scroll","background-type":"","background-media":"","overlay-type":"","overlay-color":"","overlay-opacity":"","overlay-gradient":""},"mobile":{"background-color":"","background-image":"","background-repeat":"repeat","background-position":"center center","background-size":"auto","background-attachment":"scroll","background-type":"","background-media":"","overlay-type":"","overlay-color":"","overlay-opacity":"","overlay-gradient":""}},"ast-content-background-meta":{"desktop":{"background-color":"var(--ast-global-color-5)","background-image":"","background-repeat":"repeat","background-position":"center center","background-size":"auto","background-attachment":"scroll","background-type":"","background-media":"","overlay-type":"","overlay-color":"","overlay-opacity":"","overlay-gradient":""},"tablet":{"background-color":"var(--ast-global-color-5)","background-image":"","background-repeat":"repeat","background-position":"center center","background-size":"auto","background-attachment":"scroll","background-type":"","background-media":"","overlay-type":"","overlay-color":"","overlay-opacity":"","overlay-gradient":""},"mobile":{"background-color":"var(--ast-global-color-5)","background-image":"","background-repeat":"repeat","background-position":"center center","background-size":"auto","background-attachment":"scroll","background-type":"","background-media":"","overlay-type":"","overlay-color":"","overlay-opacity":"","overlay-gradient":""}}},"product_cat":[52],"product_tag":[],"class_list":["post-4154","product","type-product","status-publish","has-post-thumbnail","hentry","product_cat-tajtiboy","desktop-align-left","tablet-align-left","mobile-align-left"],"_links":{"self":[{"href":"https:\/\/www.sunkaraoke.hu\/index.php\/wp-json\/wp\/v2\/product\/4154","targetHints":{"allow":["GET"]}}],"collection":[{"href":"https:\/\/www.sunkaraoke.hu\/index.php\/wp-json\/wp\/v2\/product"}],"about":[{"href":"https:\/\/www.sunkaraoke.hu\/index.php\/wp-json\/wp\/v2\/types\/product"}],"wp:featuredmedia":[{"embeddable":true,"href":"https:\/\/www.sunkaraoke.hu\/index.php\/wp-json\/wp\/v2\/media\/9020"}],"wp:attachment":[{"href":"https:\/\/www.sunkaraoke.hu\/index.php\/wp-json\/wp\/v2\/media?parent=4154"}],"wp:term":[{"taxonomy":"product_cat","embeddable":true,"href":"https:\/\/www.sunkaraoke.hu\/index.php\/wp-json\/wp\/v2\/product_cat?post=4154"},{"taxonomy":"product_tag","embeddable":true,"href":"https:\/\/www.sunkaraoke.hu\/index.php\/wp-json\/wp\/v2\/product_tag?post=4154"}],"curies":[{"name":"wp","href":"https:\/\/api.w.org\/{rel}","templated":true}]}}