{"id":4150,"date":"2022-08-08T20:47:13","date_gmt":"2022-08-08T20:47:13","guid":{"rendered":"https:\/\/www.sunkaraoke.hu\/index.php\/termek\/akos-1984\/"},"modified":"2025-04-01T10:51:32","modified_gmt":"2025-04-01T10:51:32","slug":"akos-1984","status":"publish","type":"product","link":"https:\/\/www.sunkaraoke.hu\/index.php\/termek\/akos-1984\/","title":{"rendered":"<div class=\"wcmp-player-container product-4150\"><audio controlslist=\"nodownload\" data-product=\"4150\"  volume=\"1\"  preload=\"none\" data-lazyloading=\"none\" class=\"wcmp-player track mejs-classic\" data-duration=\"0:33\" data-estimated_duration=\"4\"><source src=\"https:\/\/www.sunkaraoke.hu\/wp-content\/uploads\/2022\/08\/1984-E-demoo.mp3\" type=\"audio\/mp3\" \/><\/audio><\/div>\u00c1kos &#8211; 1984 (Original)"},"content":{"rendered":"<p><strong>03:26<\/strong> | <strong><img loading=\"lazy\" decoding=\"async\" class=\"alignnone size-full wp-image-467\" src=\"https:\/\/www.sunkaraoke.hu\/wp-content\/uploads\/2022\/07\/choir_2-copy.webp\" alt=\"\" width=\"30\" height=\"30\" \/> <\/strong><\/p>\n","protected":false},"excerpt":{"rendered":"<h6><strong>Bits\u0171r\u0171s\u00e9g: 320<\/strong>kb\/s<strong><br \/>\n<\/strong><strong>Hossz: <\/strong>03:26<strong><br \/>\n<\/strong><strong style=\"font-size: 16px;\">Vok\u00e1lt tartalmaz: <\/strong>Nem <img loading=\"lazy\" decoding=\"async\" class=\"alignnone size-full wp-image-467\" src=\"http:\/\/www.sunkaraoke.hu\/wp-content\/uploads\/2022\/07\/choir_2-copy.png\" alt=\"\" width=\"30\" height=\"30\" \/><strong style=\"font-size: 16px;\"><br \/>\n<\/strong><\/h6>\n<p>Sunkaraoke mp3 st\u00fadi\u00f3 \/ www.sunkaraoke.hu \/ Inf: Tel: 06 20 4275001<\/p>\n<p>&#8212;Int\u00f3&#8212;<br \/>\nAz \u00e1lmaimat g\u00e9pek r\u00e1zz\u00e1k,<br \/>\nhogy ne tudjak aludni,<br \/>\nhogy folyton f\u00e1radt legyek,<br \/>\n\u00e9s ne \u00e9rdekeljen semmi, de semmi.<\/p>\n<p>A sz\u00e9ps\u00e9gedet elcs\u00faf\u00edtj\u00e1k,<br \/>\nhogy ne tudj\u00e1l kit\u0171nni,<br \/>\n\u00edgy vesz\u00e9lytelen leszel r\u00e1juk,<br \/>\nak\u00e1r az \u00f6sszes t\u00f6bbi.<\/p>\n<p>V\u00e1rom, hogy egy angyal \u00e9rkezzen,<br \/>\n\u00e9s fizessek a b\u0171n\u00e9rt, ha v\u00e9tkeztem,<br \/>\n\u00e9s ha el kell mennem innen, h\u00e1t meglehet,<br \/>\nhogy te temeted el a testemet.<br \/>\n&#8212;Sz\u00f3l\u00f3&#8212;<br \/>\nNagy testv\u00e9red figyel t\u00e9ged,<br \/>\na hangja r\u00e1d sz\u00f3l a falakb\u00f3l.<br \/>\nMinden\u00fctt ott van, \u00e9rzed,<br \/>\nm\u00e9gsem l\u00e1that\u00f3 sehol.<br \/>\nV\u00e1rom, hogy egy angyal \u00e9rkezzen,<br \/>\n\u00e9s fizessek a b\u0171n\u00e9rt, ha v\u00e9tkeztem,<br \/>\n\u00e9s ha el kell mennem innen, meglehet,<br \/>\nhogy te temeted el a testemet.<br \/>\nV\u00e1rjuk, hogy egy angyal \u00e9rkezzen,<br \/>\n\u00e9s \u00e9n fizetek a b\u0171n\u00e9rt, mert v\u00e9tkeztem,<br \/>\n\u00e9s ha el kell mennem innen, h\u00e1t elmegyek,<br \/>\nde k\u00e9rlek temesd el a testemet!<br \/>\n&#8212;Sz\u00f3l\u00f3&#8212;<br \/>\nV\u00e1rom, hogy egy angyal \u00e9rkezzen,<br \/>\n\u00e9s fizessek a b\u0171n\u00e9rt, ha v\u00e9tkeztem,<br \/>\n\u00e9s ha el kell mennem innen, meglehet,<br \/>\nhogy te temeted el a testemet.<br \/>\nV\u00e1rjuk, hogy egy angyal \u00e9rkezzen,<br \/>\n\u00e9s \u00e9n fizetek a b\u0171n\u00e9rt, mert v\u00e9tkeztem,<br \/>\n\u00e9s ha el kell mennem innen, h\u00e1t elmegyek,<br \/>\nde k\u00e9rlek temesd el a testemet!<br \/>\n&#8212;V\u00e9ge&#8212;<\/p>\n","protected":false},"featured_media":8999,"template":"","meta":{"site-sidebar-layout":"default","site-content-layout":"default","ast-site-content-layout":"default","site-content-style":"default","site-sidebar-style":"default","ast-global-header-display":"","ast-banner-title-visibility":"","ast-main-header-display":"","ast-hfb-above-header-display":"","ast-hfb-below-header-display":"","ast-hfb-mobile-header-display":"","site-post-title":"","ast-breadcrumbs-content":"","ast-featured-img":"","footer-sml-layout":"","theme-transparent-header-meta":"default","adv-header-id-meta":"","stick-header-meta":"","header-above-stick-meta":"","header-main-stick-meta":"","header-below-stick-meta":"","astra-migrate-meta-layouts":"set","ast-page-background-enabled":"default","ast-page-background-meta":{"desktop":{"background-color":"var(--ast-global-color-4)","background-image":"","background-repeat":"repeat","background-position":"center center","background-size":"auto","background-attachment":"scroll","background-type":"","background-media":"","overlay-type":"","overlay-color":"","overlay-opacity":"","overlay-gradient":""},"tablet":{"background-color":"","background-image":"","background-repeat":"repeat","background-position":"center center","background-size":"auto","background-attachment":"scroll","background-type":"","background-media":"","overlay-type":"","overlay-color":"","overlay-opacity":"","overlay-gradient":""},"mobile":{"background-color":"","background-image":"","background-repeat":"repeat","background-position":"center center","background-size":"auto","background-attachment":"scroll","background-type":"","background-media":"","overlay-type":"","overlay-color":"","overlay-opacity":"","overlay-gradient":""}},"ast-content-background-meta":{"desktop":{"background-color":"var(--ast-global-color-5)","background-image":"","background-repeat":"repeat","background-position":"center center","background-size":"auto","background-attachment":"scroll","background-type":"","background-media":"","overlay-type":"","overlay-color":"","overlay-opacity":"","overlay-gradient":""},"tablet":{"background-color":"var(--ast-global-color-5)","background-image":"","background-repeat":"repeat","background-position":"center center","background-size":"auto","background-attachment":"scroll","background-type":"","background-media":"","overlay-type":"","overlay-color":"","overlay-opacity":"","overlay-gradient":""},"mobile":{"background-color":"var(--ast-global-color-5)","background-image":"","background-repeat":"repeat","background-position":"center center","background-size":"auto","background-attachment":"scroll","background-type":"","background-media":"","overlay-type":"","overlay-color":"","overlay-opacity":"","overlay-gradient":""}}},"product_cat":[58],"product_tag":[],"class_list":["post-4150","product","type-product","status-publish","has-post-thumbnail","hentry","product_cat-erdelyi-zoltan","desktop-align-left","tablet-align-left","mobile-align-left"],"_links":{"self":[{"href":"https:\/\/www.sunkaraoke.hu\/index.php\/wp-json\/wp\/v2\/product\/4150","targetHints":{"allow":["GET"]}}],"collection":[{"href":"https:\/\/www.sunkaraoke.hu\/index.php\/wp-json\/wp\/v2\/product"}],"about":[{"href":"https:\/\/www.sunkaraoke.hu\/index.php\/wp-json\/wp\/v2\/types\/product"}],"wp:featuredmedia":[{"embeddable":true,"href":"https:\/\/www.sunkaraoke.hu\/index.php\/wp-json\/wp\/v2\/media\/8999"}],"wp:attachment":[{"href":"https:\/\/www.sunkaraoke.hu\/index.php\/wp-json\/wp\/v2\/media?parent=4150"}],"wp:term":[{"taxonomy":"product_cat","embeddable":true,"href":"https:\/\/www.sunkaraoke.hu\/index.php\/wp-json\/wp\/v2\/product_cat?post=4150"},{"taxonomy":"product_tag","embeddable":true,"href":"https:\/\/www.sunkaraoke.hu\/index.php\/wp-json\/wp\/v2\/product_tag?post=4150"}],"curies":[{"name":"wp","href":"https:\/\/api.w.org\/{rel}","templated":true}]}}