{"id":4147,"date":"2022-08-08T20:47:13","date_gmt":"2022-08-08T20:47:13","guid":{"rendered":"https:\/\/www.sunkaraoke.hu\/index.php\/termek\/tajtiboy-ez-mar-nem-az-az-ut\/"},"modified":"2025-04-05T10:56:06","modified_gmt":"2025-04-05T10:56:06","slug":"tajtiboy-ez-mar-nem-az-az-ut","status":"publish","type":"product","link":"https:\/\/www.sunkaraoke.hu\/index.php\/termek\/tajtiboy-ez-mar-nem-az-az-ut\/","title":{"rendered":"<div class=\"wcmp-player-container product-4147\"><audio controlslist=\"nodownload\" data-product=\"4147\"  volume=\"1\"  preload=\"none\" data-lazyloading=\"none\" class=\"wcmp-player track mejs-classic\" data-duration=\"0:32\" data-estimated_duration=\"4\"><source src=\"https:\/\/www.sunkaraoke.hu\/wp-content\/uploads\/2022\/08\/Ez-mar-nem-az-az-ut-voc-kdemoo.mp3\" type=\"audio\/mp3\" \/><\/audio><\/div>Tajtiboy &#8211; Ez m\u00e1r nem az az \u00fat (Original)"},"content":{"rendered":"<p><strong>04:10<\/strong> | <strong><img loading=\"lazy\" decoding=\"async\" class=\"alignnone size-full wp-image-466\" src=\"https:\/\/www.sunkaraoke.hu\/wp-content\/uploads\/2022\/07\/choir_1-copy.webp\" alt=\"\" width=\"30\" height=\"30\" \/> <\/strong><\/p>\n","protected":false},"excerpt":{"rendered":"<h6><strong>Bits\u0171r\u0171s\u00e9g: 320<\/strong>kb\/s<strong><br \/>\n<\/strong><strong>Hossz: <\/strong>04:10<strong><br \/>\n<\/strong><strong style=\"font-size: 16px;\">Vok\u00e1lt tartalmaz: <\/strong>Igen <img loading=\"lazy\" decoding=\"async\" class=\"alignnone size-full wp-image-466\" src=\"http:\/\/www.sunkaraoke.hu\/wp-content\/uploads\/2022\/07\/choir_1-copy.png\" alt=\"\" width=\"30\" height=\"30\" \/><strong style=\"font-size: 16px;\"><br \/>\n<\/strong><\/h6>\n<p>Sunkaraoke mp3 st\u00fadi\u00f3 \/ www.sunkaraoke.hu \/ Inf: Tel: 06 20 4275001<\/p>\n<p>&#8212;Intr\u00f3&#8212;<br \/>\nEz m\u00e1r nem az az \u00fat amin elindultam,<br \/>\nnem az az \u00fat mir\u0151l \u00e1lmodoztam,<br \/>\nvalahol r\u00e9ges r\u00e9g let\u00e9rtem \u00e9n.<br \/>\nKalandra csalt\u00e1k gyenge sz\u00edvem,<br \/>\n\u00e9s elveszett v\u00e9gleg minden kincsem,<br \/>\nha tehetn\u00e9m, mindent \u00fajra kezden\u00e9k.<\/p>\n<p>V\u00e1rom azt hogy j\u00f6jj\u00f6n egy igazi \u00e9let,<br \/>\nminden \u00e9jjel vissza s\u00edrlak t\u00e9ged,<br \/>\nnem kell soha m\u00e1r olyan aki csak cs\u00e1b\u00edt,<br \/>\ncs\u00e1b\u00edt \u00e9s nem \u00edg\u00e9r.<br \/>\nV\u00e1rom azt hogy j\u00f6jj\u00f6n egy igazi \u00e9let,<br \/>\nminden v\u00e1gyam az hogy \u00fajra \u00e9rted,<br \/>\n\u00e9s veled \u00e9ljek \u00e1t minden sz\u00e9pet mi v\u00e1r m\u00e9g,<br \/>\nam\u00edg csak \u00e9lek \u00e9n.<\/p>\n<p>R\u00e9gen boldogan \u00e9ltem minden percet,<br \/>\nmert mellettem volt\u00e1l b\u00e1rmi kellett,<br \/>\nk\u00f6z\u00f6s volt minden a j\u00f3 a rossz a sz\u00e9p.<br \/>\nEgy l\u00e1zas rem\u00e9ny ami \u00e9ltet engem,<br \/>\nhogy visszaj\u00f6ssz hozz\u00e1m t\u00e1n m\u00e9g egyszer,<br \/>\n\u00e9s \u00fajra oly sz\u00e9p lesz minden mint az elej\u00e9n.<\/p>\n<p>V\u00e1rom azt hogy j\u00f6jj\u00f6n egy igazi \u00e9let,<br \/>\nminden \u00e9jjel vissza s\u00edrlak t\u00e9ged,<br \/>\nnem kell soha m\u00e1r olyan aki csak cs\u00e1b\u00edt,<br \/>\ncs\u00e1b\u00edt \u00e9s nem \u00edg\u00e9r.<br \/>\nV\u00e1rom azt hogy j\u00f6jj\u00f6n egy igazi \u00e9let,<br \/>\nminden v\u00e1gyam az hogy \u00fajra \u00e9rted,<br \/>\n\u00e9s veled \u00e9ljek \u00e1t minden sz\u00e9pet mi v\u00e1r m\u00e9g,<br \/>\nam\u00edg csak \u00e9lek \u00e9n.<br \/>\n&#8212;Sz\u00f3l\u00f3&#8212;<br \/>\nEz m\u00e1r nem az az \u00fat amin elindultam,<br \/>\nnem az az \u00fat mir\u0151l \u00e1lmodoztam,<br \/>\nvalahol r\u00e9ges r\u00e9g let\u00e9rtem \u00e9n.<br \/>\nKalandra csalt\u00e1k gyenge sz\u00edvem,<br \/>\n\u00e9s elveszett v\u00e9gleg minden kincsem,<br \/>\nha tehetn\u00e9m, mindent \u00fajra kezden\u00e9k.<\/p>\n<p>V\u00e1rom azt hogy j\u00f6jj\u00f6n egy igazi \u00e9let,<br \/>\nminden \u00e9jjel vissza s\u00edrlak t\u00e9ged,<br \/>\nnem kell soha m\u00e1r, olyan aki csak cs\u00e1b\u00edt,<br \/>\ncs\u00e1b\u00edt \u00e9s nem \u00edg\u00e9r.<br \/>\nV\u00e1rom azt hogy j\u00f6jj\u00f6n egy igazi \u00e9let,<br \/>\nminden v\u00e1gyam az hogy \u00fajra \u00e9rted,<br \/>\n\u00e9s veled \u00e9ljek \u00e1t minden sz\u00e9pet mi v\u00e1r m\u00e9g,<br \/>\nam\u00edg csak \u00e9lek \u00e9n.<\/p>\n<p>V\u00e1rom azt hogy j\u00f6jj\u00f6n egy igazi \u00e9let,<br \/>\nminden \u00e9jjel vissza s\u00edrlak t\u00e9ged,<br \/>\nnem kell soha m\u00e1r, olyan aki csak cs\u00e1b\u00edt,<br \/>\ncs\u00e1b\u00edt \u00e9s nem \u00edg\u00e9r.<br \/>\nV\u00e1rom azt hogy j\u00f6jj\u00f6n egy igazi \u00e9let,<br \/>\nminden v\u00e1gyam az hogy \u00fajra \u00e9rted,<br \/>\n\u00e9s veled \u00e9ljek \u00e1t minden sz\u00e9pet mi v\u00e1r m\u00e9g,<br \/>\nam\u00edg csak \u00e9lek \u00e9n.<\/p>\n<p>&#8212;V\u00e9ge&#8212;<\/p>\n","protected":false},"featured_media":9020,"template":"","meta":{"site-sidebar-layout":"default","site-content-layout":"default","ast-site-content-layout":"default","site-content-style":"default","site-sidebar-style":"default","ast-global-header-display":"","ast-banner-title-visibility":"","ast-main-header-display":"","ast-hfb-above-header-display":"","ast-hfb-below-header-display":"","ast-hfb-mobile-header-display":"","site-post-title":"","ast-breadcrumbs-content":"","ast-featured-img":"","footer-sml-layout":"","theme-transparent-header-meta":"default","adv-header-id-meta":"","stick-header-meta":"","header-above-stick-meta":"","header-main-stick-meta":"","header-below-stick-meta":"","astra-migrate-meta-layouts":"set","ast-page-background-enabled":"default","ast-page-background-meta":{"desktop":{"background-color":"var(--ast-global-color-4)","background-image":"","background-repeat":"repeat","background-position":"center center","background-size":"auto","background-attachment":"scroll","background-type":"","background-media":"","overlay-type":"","overlay-color":"","overlay-opacity":"","overlay-gradient":""},"tablet":{"background-color":"","background-image":"","background-repeat":"repeat","background-position":"center center","background-size":"auto","background-attachment":"scroll","background-type":"","background-media":"","overlay-type":"","overlay-color":"","overlay-opacity":"","overlay-gradient":""},"mobile":{"background-color":"","background-image":"","background-repeat":"repeat","background-position":"center center","background-size":"auto","background-attachment":"scroll","background-type":"","background-media":"","overlay-type":"","overlay-color":"","overlay-opacity":"","overlay-gradient":""}},"ast-content-background-meta":{"desktop":{"background-color":"var(--ast-global-color-5)","background-image":"","background-repeat":"repeat","background-position":"center center","background-size":"auto","background-attachment":"scroll","background-type":"","background-media":"","overlay-type":"","overlay-color":"","overlay-opacity":"","overlay-gradient":""},"tablet":{"background-color":"var(--ast-global-color-5)","background-image":"","background-repeat":"repeat","background-position":"center center","background-size":"auto","background-attachment":"scroll","background-type":"","background-media":"","overlay-type":"","overlay-color":"","overlay-opacity":"","overlay-gradient":""},"mobile":{"background-color":"var(--ast-global-color-5)","background-image":"","background-repeat":"repeat","background-position":"center center","background-size":"auto","background-attachment":"scroll","background-type":"","background-media":"","overlay-type":"","overlay-color":"","overlay-opacity":"","overlay-gradient":""}}},"product_cat":[52],"product_tag":[],"class_list":["post-4147","product","type-product","status-publish","has-post-thumbnail","hentry","product_cat-tajtiboy","desktop-align-left","tablet-align-left","mobile-align-left"],"_links":{"self":[{"href":"https:\/\/www.sunkaraoke.hu\/index.php\/wp-json\/wp\/v2\/product\/4147","targetHints":{"allow":["GET"]}}],"collection":[{"href":"https:\/\/www.sunkaraoke.hu\/index.php\/wp-json\/wp\/v2\/product"}],"about":[{"href":"https:\/\/www.sunkaraoke.hu\/index.php\/wp-json\/wp\/v2\/types\/product"}],"wp:featuredmedia":[{"embeddable":true,"href":"https:\/\/www.sunkaraoke.hu\/index.php\/wp-json\/wp\/v2\/media\/9020"}],"wp:attachment":[{"href":"https:\/\/www.sunkaraoke.hu\/index.php\/wp-json\/wp\/v2\/media?parent=4147"}],"wp:term":[{"taxonomy":"product_cat","embeddable":true,"href":"https:\/\/www.sunkaraoke.hu\/index.php\/wp-json\/wp\/v2\/product_cat?post=4147"},{"taxonomy":"product_tag","embeddable":true,"href":"https:\/\/www.sunkaraoke.hu\/index.php\/wp-json\/wp\/v2\/product_tag?post=4147"}],"curies":[{"name":"wp","href":"https:\/\/api.w.org\/{rel}","templated":true}]}}