{"id":4144,"date":"2022-08-08T20:47:13","date_gmt":"2022-08-08T20:47:13","guid":{"rendered":"https:\/\/www.sunkaraoke.hu\/index.php\/termek\/tajtiboy-milliomos-lehetnek\/"},"modified":"2025-04-05T11:02:43","modified_gmt":"2025-04-05T11:02:43","slug":"tajtiboy-milliomos-lehetnek","status":"publish","type":"product","link":"https:\/\/www.sunkaraoke.hu\/index.php\/termek\/tajtiboy-milliomos-lehetnek\/","title":{"rendered":"<div class=\"wcmp-player-container product-4144\"><audio controlslist=\"nodownload\" data-product=\"4144\"  volume=\"1\"  preload=\"none\" data-lazyloading=\"none\" class=\"wcmp-player track mejs-classic\" data-duration=\"0:33\" data-estimated_duration=\"4\"><source src=\"https:\/\/www.sunkaraoke.hu\/wp-content\/uploads\/2022\/08\/Milliomos-voc-N-kdemooo.mp3\" type=\"audio\/mp3\" \/><\/audio><\/div>Tajtiboy &#8211; Milliomos lehetn\u00e9k (Original)"},"content":{"rendered":"<p><strong>03:22<\/strong> | <strong><img loading=\"lazy\" decoding=\"async\" class=\"alignnone size-full wp-image-466\" src=\"https:\/\/www.sunkaraoke.hu\/wp-content\/uploads\/2022\/07\/choir_1-copy.webp\" alt=\"\" width=\"30\" height=\"30\" \/> <\/strong><\/p>\n","protected":false},"excerpt":{"rendered":"<h6><strong>Bits\u0171r\u0171s\u00e9g: 320<\/strong>kb\/s<strong><br \/>\n<\/strong><strong>Hossz: <\/strong>03:22<strong><br \/>\n<\/strong><strong style=\"font-size: 16px;\">Vok\u00e1lt tartalmaz: <\/strong>Igen <img loading=\"lazy\" decoding=\"async\" class=\"alignnone size-full wp-image-466\" src=\"http:\/\/www.sunkaraoke.hu\/wp-content\/uploads\/2022\/07\/choir_1-copy.png\" alt=\"\" width=\"30\" height=\"30\" \/><strong style=\"font-size: 16px;\"><br \/>\n<\/strong><\/h6>\n<p>Sunkaraoke mp3 st\u00fadi\u00f3 \/ www.sunkaraoke.hu \/ Inf: Tel: 06 20 4275001<\/p>\n<p>&#8212;Intr\u00f3&#8212;<\/p>\n<p>Ha \u00e9n egyszer milliomos lehetn\u00e9k, mindenf\u00e9l\u00e9t \u00e9n megtehetn\u00e9k,<br \/>\nmegvehetn\u00e9k, megtehetn\u00e9k b\u00e1rmit, ilyen lehet ha p\u00e9nz nem sz\u00e1m\u00edt.<br \/>\nBe\u00fcln\u00e9k az arnysz\u00edn\u0171 mercibe,aranyakkal sok p\u00e9nzel a zsebembe,<br \/>\nelmenn\u00e9k az \u00f6sszes fullos b\u00e1rba,ott \u00e9n lenn\u00e9k a raj az \u00e9jszak\u00e1ba.<\/p>\n<p>Gyertek h\u00e1t bar\u00e1tok , t\u00e1ncoljatok velem,<br \/>\nmert ma este mindenki az \u00e9n vend\u00e9gem,<br \/>\nwhyskit bomb\u00e1t a testv\u00e9reimnek, a zen\u00e9sznek sz\u00e1zezret.<br \/>\nGyertek h\u00e1t bar\u00e1tok , t\u00e1ncoljatok velem,<br \/>\nmert ma este mindenki az \u00e9n vend\u00e9gem,<br \/>\nwhyskit bomb\u00e1t a testv\u00e9reimnek, a zen\u00e9sznek sz\u00e1zezret.<\/p>\n<p>Ha \u00e9n egyszer milliomos lehetn\u00e9k, mindenf\u00e9l\u00e9t \u00e9n megtehetn\u00e9k,<br \/>\nmegvehetn\u00e9k, megtehetn\u00e9k b\u00e1rmit, ilyen lehet ha p\u00e9nz nem sz\u00e1m\u00edt.<br \/>\nBe\u00fcln\u00e9k az arnysz\u00edn\u0171 mercibe,aranyakkal sok p\u00e9nzel a zsebembe,<br \/>\nelmenn\u00e9k az \u00f6sszes fullos b\u00e1rba,ott \u00e9n lenn\u00e9k a raj az \u00e9jszak\u00e1ba.<\/p>\n<p>Gyertek h\u00e1t bar\u00e1tok , t\u00e1ncoljatok velem,<br \/>\nmert ma este mindenki az \u00e9n vend\u00e9gem,<br \/>\nwhyskit bomb\u00e1t a testv\u00e9reimnek, a zen\u00e9sznek sz\u00e1zezret.<br \/>\nGyertek h\u00e1t bar\u00e1tok , t\u00e1ncoljatok velem,<br \/>\nmert ma este mindenki az \u00e9n vend\u00e9gem,<br \/>\nwhyskit bomb\u00e1t a testv\u00e9reimnek, a zen\u00e9sznek sz\u00e1zezret.<\/p>\n<p>&#8212;Sz\u00f3l\u00f3&#8212;<\/p>\n<p>Gyertek h\u00e1t bar\u00e1tok , t\u00e1ncoljatok velem,<br \/>\nmert ma este mindenki az \u00e9n vend\u00e9gem,<br \/>\nwhyskit bomb\u00e1t a testv\u00e9reimnek, a zen\u00e9sznek sz\u00e1zezret.<br \/>\nGyertek h\u00e1t bar\u00e1tok , t\u00e1ncoljatok velem,<br \/>\nmert ma este mindenki az \u00e9n vend\u00e9gem,<br \/>\nwhyskit bomb\u00e1t a testv\u00e9reimnek, a zen\u00e9sznek sz\u00e1zezret.<\/p>\n<p>Gyertek h\u00e1t bar\u00e1tok , t\u00e1ncoljatok velem,<br \/>\nmert ma este mindenki az \u00e9n vend\u00e9gem,<br \/>\nwhyskit bomb\u00e1t a testv\u00e9reimnek, a zen\u00e9sznek sz\u00e1zezret.<br \/>\nGyertek h\u00e1t bar\u00e1tok , t\u00e1ncoljatok velem,<br \/>\nmert ma este mindenki az \u00e9n vend\u00e9gem,<br \/>\nwhyskit bomb\u00e1t a testv\u00e9reimnek, a zen\u00e9sznek sz\u00e1zezret.<br \/>\nA zen\u00e9sznek sz\u00e1zezret!<br \/>\n&#8212;V\u00e9ge&#8212;<\/p>\n","protected":false},"featured_media":9020,"template":"","meta":{"site-sidebar-layout":"default","site-content-layout":"default","ast-site-content-layout":"default","site-content-style":"default","site-sidebar-style":"default","ast-global-header-display":"","ast-banner-title-visibility":"","ast-main-header-display":"","ast-hfb-above-header-display":"","ast-hfb-below-header-display":"","ast-hfb-mobile-header-display":"","site-post-title":"","ast-breadcrumbs-content":"","ast-featured-img":"","footer-sml-layout":"","theme-transparent-header-meta":"default","adv-header-id-meta":"","stick-header-meta":"","header-above-stick-meta":"","header-main-stick-meta":"","header-below-stick-meta":"","astra-migrate-meta-layouts":"set","ast-page-background-enabled":"default","ast-page-background-meta":{"desktop":{"background-color":"var(--ast-global-color-4)","background-image":"","background-repeat":"repeat","background-position":"center center","background-size":"auto","background-attachment":"scroll","background-type":"","background-media":"","overlay-type":"","overlay-color":"","overlay-opacity":"","overlay-gradient":""},"tablet":{"background-color":"","background-image":"","background-repeat":"repeat","background-position":"center center","background-size":"auto","background-attachment":"scroll","background-type":"","background-media":"","overlay-type":"","overlay-color":"","overlay-opacity":"","overlay-gradient":""},"mobile":{"background-color":"","background-image":"","background-repeat":"repeat","background-position":"center center","background-size":"auto","background-attachment":"scroll","background-type":"","background-media":"","overlay-type":"","overlay-color":"","overlay-opacity":"","overlay-gradient":""}},"ast-content-background-meta":{"desktop":{"background-color":"var(--ast-global-color-5)","background-image":"","background-repeat":"repeat","background-position":"center center","background-size":"auto","background-attachment":"scroll","background-type":"","background-media":"","overlay-type":"","overlay-color":"","overlay-opacity":"","overlay-gradient":""},"tablet":{"background-color":"var(--ast-global-color-5)","background-image":"","background-repeat":"repeat","background-position":"center center","background-size":"auto","background-attachment":"scroll","background-type":"","background-media":"","overlay-type":"","overlay-color":"","overlay-opacity":"","overlay-gradient":""},"mobile":{"background-color":"var(--ast-global-color-5)","background-image":"","background-repeat":"repeat","background-position":"center center","background-size":"auto","background-attachment":"scroll","background-type":"","background-media":"","overlay-type":"","overlay-color":"","overlay-opacity":"","overlay-gradient":""}}},"product_cat":[52],"product_tag":[],"class_list":["post-4144","product","type-product","status-publish","has-post-thumbnail","hentry","product_cat-tajtiboy","desktop-align-left","tablet-align-left","mobile-align-left"],"_links":{"self":[{"href":"https:\/\/www.sunkaraoke.hu\/index.php\/wp-json\/wp\/v2\/product\/4144","targetHints":{"allow":["GET"]}}],"collection":[{"href":"https:\/\/www.sunkaraoke.hu\/index.php\/wp-json\/wp\/v2\/product"}],"about":[{"href":"https:\/\/www.sunkaraoke.hu\/index.php\/wp-json\/wp\/v2\/types\/product"}],"wp:featuredmedia":[{"embeddable":true,"href":"https:\/\/www.sunkaraoke.hu\/index.php\/wp-json\/wp\/v2\/media\/9020"}],"wp:attachment":[{"href":"https:\/\/www.sunkaraoke.hu\/index.php\/wp-json\/wp\/v2\/media?parent=4144"}],"wp:term":[{"taxonomy":"product_cat","embeddable":true,"href":"https:\/\/www.sunkaraoke.hu\/index.php\/wp-json\/wp\/v2\/product_cat?post=4144"},{"taxonomy":"product_tag","embeddable":true,"href":"https:\/\/www.sunkaraoke.hu\/index.php\/wp-json\/wp\/v2\/product_tag?post=4144"}],"curies":[{"name":"wp","href":"https:\/\/api.w.org\/{rel}","templated":true}]}}