{"id":4134,"date":"2022-08-08T20:47:12","date_gmt":"2022-08-08T20:47:12","guid":{"rendered":"https:\/\/www.sunkaraoke.hu\/index.php\/termek\/mario-tevedes-volt\/"},"modified":"2025-04-10T08:37:23","modified_gmt":"2025-04-10T08:37:23","slug":"mario-tevedes-volt","status":"publish","type":"product","link":"https:\/\/www.sunkaraoke.hu\/index.php\/termek\/mario-tevedes-volt\/","title":{"rendered":"<div class=\"wcmp-player-container product-4134\"><audio controlslist=\"nodownload\" data-product=\"4134\"  volume=\"1\"  preload=\"none\" data-lazyloading=\"none\" class=\"wcmp-player track mejs-classic\" data-duration=\"0:32\" data-estimated_duration=\"4\"><source src=\"https:\/\/www.sunkaraoke.hu\/wp-content\/uploads\/2022\/08\/Tevedes-volt-SB-kdemoo.mp3\" type=\"audio\/mp3\" \/><\/audio><\/div>M\u00e1ri\u00f3 &#8211; T\u00e9ved\u00e9s volt (Original SB Edition)"},"content":{"rendered":"<p><strong>03:19<\/strong> | <strong><img loading=\"lazy\" decoding=\"async\" class=\"alignnone size-full wp-image-467\" src=\"https:\/\/www.sunkaraoke.hu\/wp-content\/uploads\/2022\/07\/choir_2-copy.webp\" alt=\"\" width=\"30\" height=\"30\" \/> <\/strong><\/p>\n","protected":false},"excerpt":{"rendered":"<h6><strong>Bits\u0171r\u0171s\u00e9g: 320<\/strong>kb\/s<strong><br \/>\n<\/strong><strong>Hossz: <\/strong>03:19<strong><br \/>\n<\/strong><strong style=\"font-size: 16px;\">Vok\u00e1lt tartalmaz: <\/strong>Nem <img loading=\"lazy\" decoding=\"async\" class=\"alignnone size-full wp-image-467\" src=\"http:\/\/www.sunkaraoke.hu\/wp-content\/uploads\/2022\/07\/choir_2-copy.png\" alt=\"\" width=\"30\" height=\"30\" \/><strong style=\"font-size: 16px;\"><br \/>\n<\/strong><\/h6>\n<p>Sunkaraoke mp3 st\u00fadi\u00f3 \/ www.sunkaraoke.hu \/ Inf: Tel: 06 20 4275001<\/p>\n<p>&#8212;Intr\u00f3&#8212;<br \/>\nCsendes \u00faton, hideg t\u00e9len,mentem \u00e9n el\u00e9d,<br \/>\nv\u00e1rtam arra, arra a l\u00e1nyra,kit \u00fagy szerettem \u00e9n.<br \/>\nEltelt sok \u00f3ra, sok hossz\u00fa \u00f3ra,s \u0151 sehol nem volt m\u00e1r,<br \/>\nmajd megpillantva, a padon egy b\u00facs\u00falevelet hagyott r\u00e1m.<\/p>\n<p>Azt \u00edrta, t\u00e9ved\u00e9s volt nincs mit tennem,<br \/>\nha f\u00e1j\u00f3 sz\u00edvvel is de el kell mennem,<br \/>\nn\u00e9zd ott egy halv\u00e1ny f\u00e9ny,mi lelkemnek \u00faj rem\u00e9nyt \u00edg\u00e9r.<br \/>\nEz a titok nem maradhat tov\u00e1bb bennem,<br \/>\nde mit sem \u00e9r ha soha nem szerettem,<br \/>\nn\u00e9zd, kihunyt a f\u00e9ny,\u0151 m\u00e1r soha nem lesz eny\u00e9m.<br \/>\n&#8212;Sz\u00f3l\u00f3&#8212;<\/p>\n<p>Nekem adta minden \u00e1lm\u00e1t,h\u00e1t tov\u00e1bb \u00e1lmodom \u00e9n,<br \/>\nezer eml\u00e9k mi hozz\u00e1 f\u0171z\u00f6tt, vissza vissza t\u00e9r.<br \/>\nR\u00e9g nem s\u00edrok hisz elengedtem,m\u00e1shol v\u00e1rnak r\u00e1m,<br \/>\nsz\u00edvem halkan szenved ink\u00e1bb b\u00facs\u00fat intek,<br \/>\nmert egy levelet hagyott r\u00e1m.<\/p>\n<p>Azt \u00edrta, t\u00e9ved\u00e9s volt nincs mit tennem,<br \/>\nha f\u00e1j\u00f3 sz\u00edvvel is de el kell mennem,<br \/>\nn\u00e9zd ott egy halv\u00e1ny f\u00e9ny,mi lelkemnek \u00faj rem\u00e9nyt \u00edg\u00e9r.<br \/>\nEz a titok nem maradhat tov\u00e1bb bennem,<br \/>\nde mit sem \u00e9r, ha soha nem szerettem,<br \/>\nn\u00e9zd kihunyt a f\u00e9ny,\u0151 m\u00e1r soha nem lesz eny\u00e9m.<\/p>\n<p>Azt \u00edrta, t\u00e9ved\u00e9s volt nincs mit tennem,<br \/>\nha f\u00e1j\u00f3 sz\u00edvvel is de el kell mennem,<br \/>\nn\u00e9zd ott egy halv\u00e1ny f\u00e9ny,mi lelkemnek \u00faj rem\u00e9nyt \u00edg\u00e9r.<br \/>\nEz a titok nem maradhat tov\u00e1bb bennem,<br \/>\nde mit sem \u00e9r ha soha nem szerettem,<br \/>\nn\u00e9zd, kihunyt a f\u00e9ny,\u0151 m\u00e1r soha nem lesz eny\u00e9m.<\/p>\n<p>T\u00e9ved\u00e9s volt nincs mit tennem,<br \/>\nha f\u00e1j\u00f3 sz\u00edvvel is de el kell mennem,<br \/>\nn\u00e9zd ott egy halv\u00e1ny f\u00e9ny,<br \/>\nmi lelkemnek \u00faj rem\u00e9nyt \u00edg\u00e9r.<br \/>\n&#8212;V\u00e9ge&#8212;<\/p>\n","protected":false},"featured_media":10392,"template":"","meta":{"site-sidebar-layout":"default","site-content-layout":"default","ast-site-content-layout":"default","site-content-style":"default","site-sidebar-style":"default","ast-global-header-display":"","ast-banner-title-visibility":"","ast-main-header-display":"","ast-hfb-above-header-display":"","ast-hfb-below-header-display":"","ast-hfb-mobile-header-display":"","site-post-title":"","ast-breadcrumbs-content":"","ast-featured-img":"","footer-sml-layout":"","theme-transparent-header-meta":"default","adv-header-id-meta":"","stick-header-meta":"","header-above-stick-meta":"","header-main-stick-meta":"","header-below-stick-meta":"","astra-migrate-meta-layouts":"set","ast-page-background-enabled":"default","ast-page-background-meta":{"desktop":{"background-color":"var(--ast-global-color-4)","background-image":"","background-repeat":"repeat","background-position":"center center","background-size":"auto","background-attachment":"scroll","background-type":"","background-media":"","overlay-type":"","overlay-color":"","overlay-opacity":"","overlay-gradient":""},"tablet":{"background-color":"","background-image":"","background-repeat":"repeat","background-position":"center center","background-size":"auto","background-attachment":"scroll","background-type":"","background-media":"","overlay-type":"","overlay-color":"","overlay-opacity":"","overlay-gradient":""},"mobile":{"background-color":"","background-image":"","background-repeat":"repeat","background-position":"center center","background-size":"auto","background-attachment":"scroll","background-type":"","background-media":"","overlay-type":"","overlay-color":"","overlay-opacity":"","overlay-gradient":""}},"ast-content-background-meta":{"desktop":{"background-color":"var(--ast-global-color-5)","background-image":"","background-repeat":"repeat","background-position":"center center","background-size":"auto","background-attachment":"scroll","background-type":"","background-media":"","overlay-type":"","overlay-color":"","overlay-opacity":"","overlay-gradient":""},"tablet":{"background-color":"var(--ast-global-color-5)","background-image":"","background-repeat":"repeat","background-position":"center center","background-size":"auto","background-attachment":"scroll","background-type":"","background-media":"","overlay-type":"","overlay-color":"","overlay-opacity":"","overlay-gradient":""},"mobile":{"background-color":"var(--ast-global-color-5)","background-image":"","background-repeat":"repeat","background-position":"center center","background-size":"auto","background-attachment":"scroll","background-type":"","background-media":"","overlay-type":"","overlay-color":"","overlay-opacity":"","overlay-gradient":""}}},"product_cat":[48],"product_tag":[],"class_list":["post-4134","product","type-product","status-publish","has-post-thumbnail","hentry","product_cat-sunkaraoke-dalok","desktop-align-left","tablet-align-left","mobile-align-left"],"_links":{"self":[{"href":"https:\/\/www.sunkaraoke.hu\/index.php\/wp-json\/wp\/v2\/product\/4134","targetHints":{"allow":["GET"]}}],"collection":[{"href":"https:\/\/www.sunkaraoke.hu\/index.php\/wp-json\/wp\/v2\/product"}],"about":[{"href":"https:\/\/www.sunkaraoke.hu\/index.php\/wp-json\/wp\/v2\/types\/product"}],"wp:featuredmedia":[{"embeddable":true,"href":"https:\/\/www.sunkaraoke.hu\/index.php\/wp-json\/wp\/v2\/media\/10392"}],"wp:attachment":[{"href":"https:\/\/www.sunkaraoke.hu\/index.php\/wp-json\/wp\/v2\/media?parent=4134"}],"wp:term":[{"taxonomy":"product_cat","embeddable":true,"href":"https:\/\/www.sunkaraoke.hu\/index.php\/wp-json\/wp\/v2\/product_cat?post=4134"},{"taxonomy":"product_tag","embeddable":true,"href":"https:\/\/www.sunkaraoke.hu\/index.php\/wp-json\/wp\/v2\/product_tag?post=4134"}],"curies":[{"name":"wp","href":"https:\/\/api.w.org\/{rel}","templated":true}]}}