{"id":4127,"date":"2022-08-08T20:47:12","date_gmt":"2022-08-08T20:47:12","guid":{"rendered":"https:\/\/www.sunkaraoke.hu\/index.php\/termek\/domotor-balazs-lady-n\/"},"modified":"2025-03-31T16:54:47","modified_gmt":"2025-03-31T16:54:47","slug":"domotor-balazs-lady-n","status":"publish","type":"product","link":"https:\/\/www.sunkaraoke.hu\/index.php\/termek\/domotor-balazs-lady-n\/","title":{"rendered":"<div class=\"wcmp-player-container product-4127\"><audio controlslist=\"nodownload\" data-product=\"4127\"  volume=\"1\"  preload=\"none\" data-lazyloading=\"none\" class=\"wcmp-player track mejs-classic\" data-duration=\"0:31\" data-estimated_duration=\"4\"><source src=\"https:\/\/www.sunkaraoke.hu\/wp-content\/uploads\/2022\/08\/Lady-N-B-demo.mp3\" type=\"audio\/mp3\" \/><\/audio><\/div>D\u00f6m\u00f6t\u00f6r Bal\u00e1zs &#8211; Lady N (Original)"},"content":{"rendered":"<p><strong>03:16<\/strong> | <strong><img loading=\"lazy\" decoding=\"async\" class=\"alignnone size-full wp-image-466\" src=\"https:\/\/www.sunkaraoke.hu\/wp-content\/uploads\/2022\/07\/choir_1-copy.webp\" alt=\"\" width=\"30\" height=\"30\" \/> <\/strong><\/p>\n","protected":false},"excerpt":{"rendered":"<h6><strong>Bits\u0171r\u0171s\u00e9g: 320<\/strong>kb\/s<strong><br \/>\n<\/strong><strong>Hossz: <\/strong>03:16<strong><br \/>\n<\/strong><strong style=\"font-size: 16px;\">Vok\u00e1lt tartalmaz: <\/strong>Igen <img loading=\"lazy\" decoding=\"async\" class=\"alignnone size-full wp-image-466\" src=\"http:\/\/www.sunkaraoke.hu\/wp-content\/uploads\/2022\/07\/choir_1-copy.png\" alt=\"\" width=\"30\" height=\"30\" \/><strong style=\"font-size: 16px;\"><br \/>\n<\/strong><\/h6>\n<p>Sunkaraoke mp3 st\u00fadi\u00f3 \/ www.sunkaraoke.hu \/ Inf: Tel: 06 20 4275001<\/p>\n<p>&#8212;Intr\u00f3&#8212;<br \/>\n\u00d3h Lady N, t\u00e1ncolj velem,<br \/>\n\u00f3h Lady N, ne mondd, hogy nem.<br \/>\n\u00dajra t\u00e1ncba h\u00edvlak \u00e9n,<br \/>\nma \u00e9jjel, indulj el fel\u00e9m,<br \/>\naddig k\u00e9rlek, am\u00edg nem j\u00f6ssz, Lady N.<br \/>\n\u00d3h lady N, \u00f3 kedvesem.<br \/>\n\u00d3h lady N, ne mondd, hogy nem.<br \/>\nTombol, l\u00e1zban \u00e9g a diszk\u00f3,<br \/>\nk\u00e9ne m\u00e1r egy, r\u00e9gi tang\u00f3,<br \/>\nhogy velem t\u00e1ncolj, v\u00e9gre Lady N!<br \/>\n&#8212;Sz\u00f3l\u00f3&#8212;<br \/>\n\u00d3h Lady N, t\u00e1ncolj velem,<br \/>\n\u00f3h Lady N, ne mondd, hogy nem.<br \/>\n\u00dajra vissza h\u00edv a tang\u00f3,<br \/>\n\u00fajra lesz szerelemes sz\u00e9p sz\u00f3,<br \/>\n\u00e9s megtal\u00e1llak t\u00e9ged Lady N.<br \/>\n&#8212;Sz\u00f3l\u00f3&#8212;<br \/>\n\u00d3h Lady N, t\u00e1ncolj velem,<br \/>\n\u00f3h Lady N, ne mondd, hogy nem.<br \/>\n\u00dajra t\u00e1ncba h\u00edvlak \u00e9n,<br \/>\nma \u00e9jjel, indulj el fel\u00e9m,<br \/>\naddig k\u00e9rlek, am\u00edg nem j\u00f6ssz, Lady N.<br \/>\n\u00d3h lady N, \u00f3 kedvesem.<br \/>\n\u00d3h lady N, ne mondd, hogy nem.<br \/>\nTombol, l\u00e1zban \u00e9g a diszk\u00f3,<br \/>\nk\u00e9ne m\u00e1r egy, r\u00e9gi tang\u00f3,<br \/>\nhogy velem t\u00e1ncolj, v\u00e9gre Lady N!<br \/>\n&#8212;Sz\u00f3l\u00f3&#8212;<br \/>\n\u00d3h Lady N, t\u00e1ncolj velem,<br \/>\n\u00f3h Lady N, ne mondd, hogy nem.<br \/>\n\u00dajra vissza h\u00edv a tang\u00f3,<br \/>\n\u00fajra lesz szerelemes sz\u00e9p sz\u00f3,<br \/>\n\u00e9s megtal\u00e1llak t\u00e9ged Lady N.<br \/>\n&#8212;V\u00e9ge&#8212;<\/p>\n","protected":false},"featured_media":13436,"template":"","meta":{"site-sidebar-layout":"default","site-content-layout":"default","ast-site-content-layout":"default","site-content-style":"default","site-sidebar-style":"default","ast-global-header-display":"","ast-banner-title-visibility":"","ast-main-header-display":"","ast-hfb-above-header-display":"","ast-hfb-below-header-display":"","ast-hfb-mobile-header-display":"","site-post-title":"","ast-breadcrumbs-content":"","ast-featured-img":"","footer-sml-layout":"","theme-transparent-header-meta":"default","adv-header-id-meta":"","stick-header-meta":"","header-above-stick-meta":"","header-main-stick-meta":"","header-below-stick-meta":"","astra-migrate-meta-layouts":"set","ast-page-background-enabled":"default","ast-page-background-meta":{"desktop":{"background-color":"var(--ast-global-color-4)","background-image":"","background-repeat":"repeat","background-position":"center center","background-size":"auto","background-attachment":"scroll","background-type":"","background-media":"","overlay-type":"","overlay-color":"","overlay-opacity":"","overlay-gradient":""},"tablet":{"background-color":"","background-image":"","background-repeat":"repeat","background-position":"center center","background-size":"auto","background-attachment":"scroll","background-type":"","background-media":"","overlay-type":"","overlay-color":"","overlay-opacity":"","overlay-gradient":""},"mobile":{"background-color":"","background-image":"","background-repeat":"repeat","background-position":"center center","background-size":"auto","background-attachment":"scroll","background-type":"","background-media":"","overlay-type":"","overlay-color":"","overlay-opacity":"","overlay-gradient":""}},"ast-content-background-meta":{"desktop":{"background-color":"var(--ast-global-color-5)","background-image":"","background-repeat":"repeat","background-position":"center center","background-size":"auto","background-attachment":"scroll","background-type":"","background-media":"","overlay-type":"","overlay-color":"","overlay-opacity":"","overlay-gradient":""},"tablet":{"background-color":"var(--ast-global-color-5)","background-image":"","background-repeat":"repeat","background-position":"center center","background-size":"auto","background-attachment":"scroll","background-type":"","background-media":"","overlay-type":"","overlay-color":"","overlay-opacity":"","overlay-gradient":""},"mobile":{"background-color":"var(--ast-global-color-5)","background-image":"","background-repeat":"repeat","background-position":"center center","background-size":"auto","background-attachment":"scroll","background-type":"","background-media":"","overlay-type":"","overlay-color":"","overlay-opacity":"","overlay-gradient":""}}},"product_cat":[46],"product_tag":[],"class_list":["post-4127","product","type-product","status-publish","has-post-thumbnail","hentry","product_cat-eredeti-karaoke-dalok","desktop-align-left","tablet-align-left","mobile-align-left"],"_links":{"self":[{"href":"https:\/\/www.sunkaraoke.hu\/index.php\/wp-json\/wp\/v2\/product\/4127","targetHints":{"allow":["GET"]}}],"collection":[{"href":"https:\/\/www.sunkaraoke.hu\/index.php\/wp-json\/wp\/v2\/product"}],"about":[{"href":"https:\/\/www.sunkaraoke.hu\/index.php\/wp-json\/wp\/v2\/types\/product"}],"wp:featuredmedia":[{"embeddable":true,"href":"https:\/\/www.sunkaraoke.hu\/index.php\/wp-json\/wp\/v2\/media\/13436"}],"wp:attachment":[{"href":"https:\/\/www.sunkaraoke.hu\/index.php\/wp-json\/wp\/v2\/media?parent=4127"}],"wp:term":[{"taxonomy":"product_cat","embeddable":true,"href":"https:\/\/www.sunkaraoke.hu\/index.php\/wp-json\/wp\/v2\/product_cat?post=4127"},{"taxonomy":"product_tag","embeddable":true,"href":"https:\/\/www.sunkaraoke.hu\/index.php\/wp-json\/wp\/v2\/product_tag?post=4127"}],"curies":[{"name":"wp","href":"https:\/\/api.w.org\/{rel}","templated":true}]}}