{"id":4126,"date":"2022-08-08T20:47:11","date_gmt":"2022-08-08T20:47:11","guid":{"rendered":"https:\/\/www.sunkaraoke.hu\/index.php\/termek\/domotor-balazs-pam-pam-2013\/"},"modified":"2025-03-31T16:59:04","modified_gmt":"2025-03-31T16:59:04","slug":"domotor-balazs-pam-pam-2013","status":"publish","type":"product","link":"https:\/\/www.sunkaraoke.hu\/index.php\/termek\/domotor-balazs-pam-pam-2013\/","title":{"rendered":"<div class=\"wcmp-player-container product-4126\"><audio controlslist=\"nodownload\" data-product=\"4126\"  volume=\"1\"  preload=\"none\" data-lazyloading=\"none\" class=\"wcmp-player track mejs-classic\" data-duration=\"0:32\" data-estimated_duration=\"4\"><source src=\"https:\/\/www.sunkaraoke.hu\/wp-content\/uploads\/2022\/08\/Pam-pam-vocal-2013.-demo.mp3\" type=\"audio\/mp3\" \/><\/audio><\/div>D\u00f6m\u00f6t\u00f6r Bal\u00e1zs &#8211; Pam Pam (New Edition)"},"content":{"rendered":"<p><strong>03:24<\/strong> | <strong><img loading=\"lazy\" decoding=\"async\" class=\"alignnone size-full wp-image-466\" src=\"https:\/\/www.sunkaraoke.hu\/wp-content\/uploads\/2022\/07\/choir_1-copy.webp\" alt=\"\" width=\"30\" height=\"30\" \/> <\/strong><\/p>\n","protected":false},"excerpt":{"rendered":"<h6><strong>Bits\u0171r\u0171s\u00e9g: 320<\/strong>kb\/s<strong><br \/>\n<\/strong><strong>Hossz: <\/strong>03:24<strong><br \/>\n<\/strong><strong style=\"font-size: 16px;\">Vok\u00e1lt tartalmaz: <\/strong>Igen <img loading=\"lazy\" decoding=\"async\" class=\"alignnone size-full wp-image-466\" src=\"http:\/\/www.sunkaraoke.hu\/wp-content\/uploads\/2022\/07\/choir_1-copy.png\" alt=\"\" width=\"30\" height=\"30\" \/><strong style=\"font-size: 16px;\"><br \/>\n<\/strong><\/h6>\n<p>Sunkaraoke mp3 st\u00fadi\u00f3 \/ www.sunkaraoke.hu \/ Inf: Tel: 06 20 4275001<\/p>\n<p>&#8212;Intr\u00f3&#8212;<br \/>\nPam-pam, pa-pa-ra-pa pam-pam,<br \/>\npa-pa-ra-pa pam-pam,<br \/>\npa-pa-rap-pa, pa-pa-pa-pa.Ra-pa-pa-pa-pam.<br \/>\nPam-pam, pa-pa-ra-pa pam-pam,<br \/>\npa-pa-ra-pa pam-pam,<br \/>\npa-pa-rap-pa, pa-pa-pa-pa.<br \/>\nPam-pam, pa-pa-ra-pa pam-pam,<br \/>\npa-pa-ra-pa pam-pam,<br \/>\npa-pa-rap-pa, pa-pa-pa-pa.Ra-pa-pa-pa-pam.<br \/>\nPam-pam, pa-pa-ra-pa pam-pam,<br \/>\npa-pa-ra-pa pam-pam,<br \/>\npa-pa-rap-pa, pa-pa-pa-pa.<br \/>\nVan nekem egy j\u00f3 szomsz\u00e9dom,sajnos \u00e9ppen trombit\u00e1s.<br \/>\nHa megf\u00fajja trombit\u00e1j\u00e1t,zeng bel\u00e9 az eg\u00e9sz h\u00e1z.<br \/>\nNem is volna nagy baj az,hogy haszn\u00e1lja a hangszer\u00e9t,<br \/>\ncsak ne f\u00fajn\u00e1 \u00e1lland\u00f3an,ugyanazt az egy zen\u00e9t.<br \/>\nPam-pam, pa-pa-ra-pa pam-pam,<br \/>\npa-pa-ra-pa pam-pam,<br \/>\npa-pa-rap-pa, pa-pa-pa-pa.Ra-pa-pa-pa-pam.<br \/>\nPam-pam, pa-pa-ra-pa pam-pam,<br \/>\npa-pa-ra-pa pam-pam,<br \/>\npa-pa-rap-pa, pa-pa-pa-pa.<br \/>\nKora reggel megkezdi,a munk\u00e1j\u00e1t a szemetes,<br \/>\nszomsz\u00e9duram el\u0151kapja trombit\u00e1j\u00e1t \u0151 se rest.<br \/>\nR\u00e1zend\u00edt a n\u00f3t\u00e1j\u00e1ra,ett\u0151l kiss\u00e9 reszketek,<br \/>\nel\u00e9g lenne nyolckor kelnem, m\u00e9gis hatkor \u00e9bredek.<br \/>\nPam-pam, pa-pa-ra-pa pam-pam,<br \/>\npa-pa-ra-pa pam-pam,<br \/>\npa-pa-rap-pa, pa-pa-pa-pa.Ra-pa-pa-pa-pam.<br \/>\nPam-pam, pa-pa-ra-pa pam-pam,<br \/>\npa-pa-ra-pa pam-pam,<br \/>\npa-pa-rap-pa, pa-pa-pa-pa.<br \/>\nTegnap azt\u00e1n k\u00f6z\u00f6ltem, hogyunom m\u00e1r a sl\u00e1ger\u00e9t,<br \/>\ndr\u00e1ga, kedves szomsz\u00e9d b\u00e1csi,j\u00e1tsszon ink\u00e1bb beatzen\u00e9t.<br \/>\nAzt felelete haragosan,minden besz\u00e9d hi\u00e1ba,<br \/>\n\u00e9s akinek nem tetszik,az menjen el a csud\u00e1ba!<br \/>\nPam-pam, pa-pa-ra-pa pam-pam,<br \/>\npa-pa-ra-pa pam-pam,<br \/>\npa-pa-rap-pa, pa-pa-pa-pa.Ra-pa-pa-pa-pam.<br \/>\nPam-pam, pa-pa-ra-pa pam-pam,<br \/>\npa-pa-ra-pa pam-pam,<br \/>\npa-pa-rap-pa, pa-pa-pa-pa.<br \/>\nPam-pam, pa-pa-ra-pa pam-pam,<br \/>\npa-pa-ra-pa pam-pam,<br \/>\npa-pa-rap-pa, pa-pa-pa-pa&#8230;.<br \/>\n&#8212;Sz\u00f3l\u00f3&#8212;<br \/>\nPam-pam, pa-pa-ra-pa pam-pam,<br \/>\npa-pa-ra-pa pam-pam,<br \/>\npa-pa-rap-pa, pa-pa-pa-pa.Ra-pa-pa-pa-pam.<br \/>\nPam-pam, pa-pa-ra-pa pam-pam,<br \/>\npa-pa-ra-pa pam-pam,<br \/>\npa-pa-rap-pa, pa-pa-pa-pa.<br \/>\n&#8212;V\u00e9ge&#8212;<\/p>\n","protected":false},"featured_media":13436,"template":"","meta":{"site-sidebar-layout":"default","site-content-layout":"default","ast-site-content-layout":"default","site-content-style":"default","site-sidebar-style":"default","ast-global-header-display":"","ast-banner-title-visibility":"","ast-main-header-display":"","ast-hfb-above-header-display":"","ast-hfb-below-header-display":"","ast-hfb-mobile-header-display":"","site-post-title":"","ast-breadcrumbs-content":"","ast-featured-img":"","footer-sml-layout":"","theme-transparent-header-meta":"default","adv-header-id-meta":"","stick-header-meta":"","header-above-stick-meta":"","header-main-stick-meta":"","header-below-stick-meta":"","astra-migrate-meta-layouts":"set","ast-page-background-enabled":"default","ast-page-background-meta":{"desktop":{"background-color":"var(--ast-global-color-4)","background-image":"","background-repeat":"repeat","background-position":"center center","background-size":"auto","background-attachment":"scroll","background-type":"","background-media":"","overlay-type":"","overlay-color":"","overlay-opacity":"","overlay-gradient":""},"tablet":{"background-color":"","background-image":"","background-repeat":"repeat","background-position":"center center","background-size":"auto","background-attachment":"scroll","background-type":"","background-media":"","overlay-type":"","overlay-color":"","overlay-opacity":"","overlay-gradient":""},"mobile":{"background-color":"","background-image":"","background-repeat":"repeat","background-position":"center center","background-size":"auto","background-attachment":"scroll","background-type":"","background-media":"","overlay-type":"","overlay-color":"","overlay-opacity":"","overlay-gradient":""}},"ast-content-background-meta":{"desktop":{"background-color":"var(--ast-global-color-5)","background-image":"","background-repeat":"repeat","background-position":"center center","background-size":"auto","background-attachment":"scroll","background-type":"","background-media":"","overlay-type":"","overlay-color":"","overlay-opacity":"","overlay-gradient":""},"tablet":{"background-color":"var(--ast-global-color-5)","background-image":"","background-repeat":"repeat","background-position":"center center","background-size":"auto","background-attachment":"scroll","background-type":"","background-media":"","overlay-type":"","overlay-color":"","overlay-opacity":"","overlay-gradient":""},"mobile":{"background-color":"var(--ast-global-color-5)","background-image":"","background-repeat":"repeat","background-position":"center center","background-size":"auto","background-attachment":"scroll","background-type":"","background-media":"","overlay-type":"","overlay-color":"","overlay-opacity":"","overlay-gradient":""}}},"product_cat":[46],"product_tag":[],"class_list":["post-4126","product","type-product","status-publish","has-post-thumbnail","hentry","product_cat-eredeti-karaoke-dalok","desktop-align-left","tablet-align-left","mobile-align-left"],"_links":{"self":[{"href":"https:\/\/www.sunkaraoke.hu\/index.php\/wp-json\/wp\/v2\/product\/4126","targetHints":{"allow":["GET"]}}],"collection":[{"href":"https:\/\/www.sunkaraoke.hu\/index.php\/wp-json\/wp\/v2\/product"}],"about":[{"href":"https:\/\/www.sunkaraoke.hu\/index.php\/wp-json\/wp\/v2\/types\/product"}],"wp:featuredmedia":[{"embeddable":true,"href":"https:\/\/www.sunkaraoke.hu\/index.php\/wp-json\/wp\/v2\/media\/13436"}],"wp:attachment":[{"href":"https:\/\/www.sunkaraoke.hu\/index.php\/wp-json\/wp\/v2\/media?parent=4126"}],"wp:term":[{"taxonomy":"product_cat","embeddable":true,"href":"https:\/\/www.sunkaraoke.hu\/index.php\/wp-json\/wp\/v2\/product_cat?post=4126"},{"taxonomy":"product_tag","embeddable":true,"href":"https:\/\/www.sunkaraoke.hu\/index.php\/wp-json\/wp\/v2\/product_tag?post=4126"}],"curies":[{"name":"wp","href":"https:\/\/api.w.org\/{rel}","templated":true}]}}