{"id":4118,"date":"2022-08-08T20:47:11","date_gmt":"2022-08-08T20:47:11","guid":{"rendered":"https:\/\/www.sunkaraoke.hu\/index.php\/termek\/horvath-tamas-tunj-el-az-eletembol-2013\/"},"modified":"2025-04-10T08:46:03","modified_gmt":"2025-04-10T08:46:03","slug":"horvath-tamas-tunj-el-az-eletembol-2013","status":"publish","type":"product","link":"https:\/\/www.sunkaraoke.hu\/index.php\/termek\/horvath-tamas-tunj-el-az-eletembol-2013\/","title":{"rendered":"<div class=\"wcmp-player-container product-4118\"><audio controlslist=\"nodownload\" data-product=\"4118\"  volume=\"1\"  preload=\"none\" data-lazyloading=\"none\" class=\"wcmp-player track mejs-classic\" data-duration=\"0:31\" data-estimated_duration=\"4\"><source src=\"https:\/\/www.sunkaraoke.hu\/wp-content\/uploads\/2022\/08\/Tunj-el-az-eletembol-SB-kdemoo.mp3\" type=\"audio\/mp3\" \/><\/audio><\/div>Horv\u00e1th Tam\u00e1s  &#8211; T\u0171nj el az \u00e9letemb\u0151l (Original SB. Edition)"},"content":{"rendered":"<p><strong>03:29<\/strong> | <strong><img loading=\"lazy\" decoding=\"async\" class=\"alignnone size-full wp-image-467\" src=\"https:\/\/www.sunkaraoke.hu\/wp-content\/uploads\/2022\/07\/choir_2-copy.webp\" alt=\"\" width=\"30\" height=\"30\" \/> <\/strong><\/p>\n","protected":false},"excerpt":{"rendered":"<h6><strong>Bits\u0171r\u0171s\u00e9g: 320<\/strong>kb\/s<strong><br \/>\n<\/strong><strong>Hossz: <\/strong>03:29<strong><br \/>\n<\/strong><strong style=\"font-size: 16px;\">Vok\u00e1lt tartalmaz: <\/strong>Nem <img loading=\"lazy\" decoding=\"async\" class=\"alignnone size-full wp-image-467\" src=\"http:\/\/www.sunkaraoke.hu\/wp-content\/uploads\/2022\/07\/choir_2-copy.png\" alt=\"\" width=\"30\" height=\"30\" \/><strong style=\"font-size: 16px;\"><br \/>\n<\/strong><\/h6>\n<p>Sunkaraoke mp3 st\u00fadi\u00f3 \/ www.sunkaraoke.hu \/ Inf: Tel: 06 20 4275001<\/p>\n<p>\u00c9n \u0151szinte voltam, \u00e9n nem hazudtam,<br \/>\n\u00e9n mindig mindent elmondtam,<br \/>\nde most j\u00f3l \u00e1tgondoltam.<br \/>\nTe hazudt\u00e1l, nagyon nagy f\u00e1jdalmat okozt\u00e1l,<br \/>\nbaby k\u00e9s\u0151 m\u00e1r, mi\u00e9rt nem el\u0151bb gondolkodt\u00e1l.<br \/>\nT\u0171nj el az \u00e9letemb\u0151l,<br \/>\nkiszak\u00edtott\u00e1l egy darabot a sz\u00edvemb\u0151l,<br \/>\nnem \u00e9rdekel engem ez a sok hazugs\u00e1g.<br \/>\ntartsd meg ink\u00e1bb azoknak kik talpadat nyalj\u00e1k.<br \/>\nNe v\u00e1rd el hogy majd \u00e9n kereslek,<br \/>\naz \u00e9n sz\u00e1mb\u00f3l t\u00f6bb\u00e9 nem hallod hogy szeretlek,<br \/>\n\u00e9n nem leszek olyan kit palira vesznek,<br \/>\nink\u00e1bb leszek olyan kit a csajok megesznek.<br \/>\n&#8212;Sz\u00f3l\u00f3&#8212;<br \/>\nM\u00e1r nem is tudom mit \u00edrjak, nevessek-e vagy s\u00edrjak,<br \/>\nm\u00e1r k\u00f6nnyeket sem \u00e9rdemelsz, engem m\u00e1r nem \u00e9rdekelsz.<br \/>\nTe hazudt\u00e1l, nagyon nagy f\u00e1jdalmat okozt\u00e1l,<br \/>\nbaby k\u00e9s\u0151 m\u00e1r, mi\u00e9rt nem el\u0151bb gondolkodt\u00e1l.<br \/>\nT\u0171nj el az \u00e9letemb\u0151l,<br \/>\nkiszak\u00edtott\u00e1l egy darabot a sz\u00edvemb\u0151l,<br \/>\nnem \u00e9rdekel engem ez a sok hazugs\u00e1g,<br \/>\ntartsd meg ink\u00e1bb azoknak kik talpadat nyalj\u00e1k.<br \/>\n&#8212;Sz\u00f3l\u00f3&#8212;<br \/>\n\u00c9n \u0151szinte voltam, \u00e9n nem hazudtam,<br \/>\n\u00e9n mindig mindent elmondtam,<br \/>\nde most j\u00f3l \u00e1tgondoltam.<br \/>\nTe hazudt\u00e1l, nagyon nagy f\u00e1jdalmat okozt\u00e1l,<br \/>\nbaby k\u00e9s\u0151 m\u00e1r, mi\u00e9rt nem el\u0151bb gondolkodt\u00e1l.<br \/>\nT\u0171nj el az \u00e9letemb\u0151l,<br \/>\nkiszak\u00edtott\u00e1l egy darabot a sz\u00edvemb\u0151l,<br \/>\nnem \u00e9rdekel engem ez a sok hazugs\u00e1g.<br \/>\ntartsd meg ink\u00e1bb azoknak kik talpadat nyalj\u00e1k.<br \/>\nNe v\u00e1rd el hogy majd \u00e9n kereslek,<br \/>\naz \u00e9n sz\u00e1mb\u00f3l t\u00f6bb\u00e9 nem hallod hogy szeretlek,<br \/>\n\u00e9n nem leszek olyan kit palira vesznek,<br \/>\nink\u00e1bb leszek olyan kit a csajok megesznek.<br \/>\n&#8212;V\u00e9ge&#8212;<\/p>\n","protected":false},"featured_media":10635,"template":"","meta":{"site-sidebar-layout":"default","site-content-layout":"default","ast-site-content-layout":"default","site-content-style":"default","site-sidebar-style":"default","ast-global-header-display":"","ast-banner-title-visibility":"","ast-main-header-display":"","ast-hfb-above-header-display":"","ast-hfb-below-header-display":"","ast-hfb-mobile-header-display":"","site-post-title":"","ast-breadcrumbs-content":"","ast-featured-img":"","footer-sml-layout":"","theme-transparent-header-meta":"default","adv-header-id-meta":"","stick-header-meta":"","header-above-stick-meta":"","header-main-stick-meta":"","header-below-stick-meta":"","astra-migrate-meta-layouts":"set","ast-page-background-enabled":"default","ast-page-background-meta":{"desktop":{"background-color":"var(--ast-global-color-4)","background-image":"","background-repeat":"repeat","background-position":"center center","background-size":"auto","background-attachment":"scroll","background-type":"","background-media":"","overlay-type":"","overlay-color":"","overlay-opacity":"","overlay-gradient":""},"tablet":{"background-color":"","background-image":"","background-repeat":"repeat","background-position":"center center","background-size":"auto","background-attachment":"scroll","background-type":"","background-media":"","overlay-type":"","overlay-color":"","overlay-opacity":"","overlay-gradient":""},"mobile":{"background-color":"","background-image":"","background-repeat":"repeat","background-position":"center center","background-size":"auto","background-attachment":"scroll","background-type":"","background-media":"","overlay-type":"","overlay-color":"","overlay-opacity":"","overlay-gradient":""}},"ast-content-background-meta":{"desktop":{"background-color":"var(--ast-global-color-5)","background-image":"","background-repeat":"repeat","background-position":"center center","background-size":"auto","background-attachment":"scroll","background-type":"","background-media":"","overlay-type":"","overlay-color":"","overlay-opacity":"","overlay-gradient":""},"tablet":{"background-color":"var(--ast-global-color-5)","background-image":"","background-repeat":"repeat","background-position":"center center","background-size":"auto","background-attachment":"scroll","background-type":"","background-media":"","overlay-type":"","overlay-color":"","overlay-opacity":"","overlay-gradient":""},"mobile":{"background-color":"var(--ast-global-color-5)","background-image":"","background-repeat":"repeat","background-position":"center center","background-size":"auto","background-attachment":"scroll","background-type":"","background-media":"","overlay-type":"","overlay-color":"","overlay-opacity":"","overlay-gradient":""}}},"product_cat":[48],"product_tag":[],"class_list":["post-4118","product","type-product","status-publish","has-post-thumbnail","hentry","product_cat-sunkaraoke-dalok","desktop-align-left","tablet-align-left","mobile-align-left"],"_links":{"self":[{"href":"https:\/\/www.sunkaraoke.hu\/index.php\/wp-json\/wp\/v2\/product\/4118","targetHints":{"allow":["GET"]}}],"collection":[{"href":"https:\/\/www.sunkaraoke.hu\/index.php\/wp-json\/wp\/v2\/product"}],"about":[{"href":"https:\/\/www.sunkaraoke.hu\/index.php\/wp-json\/wp\/v2\/types\/product"}],"wp:featuredmedia":[{"embeddable":true,"href":"https:\/\/www.sunkaraoke.hu\/index.php\/wp-json\/wp\/v2\/media\/10635"}],"wp:attachment":[{"href":"https:\/\/www.sunkaraoke.hu\/index.php\/wp-json\/wp\/v2\/media?parent=4118"}],"wp:term":[{"taxonomy":"product_cat","embeddable":true,"href":"https:\/\/www.sunkaraoke.hu\/index.php\/wp-json\/wp\/v2\/product_cat?post=4118"},{"taxonomy":"product_tag","embeddable":true,"href":"https:\/\/www.sunkaraoke.hu\/index.php\/wp-json\/wp\/v2\/product_tag?post=4118"}],"curies":[{"name":"wp","href":"https:\/\/api.w.org\/{rel}","templated":true}]}}