{"id":4108,"date":"2022-08-08T20:47:10","date_gmt":"2022-08-08T20:47:10","guid":{"rendered":"https:\/\/www.sunkaraoke.hu\/index.php\/termek\/notar-mary-megegett-a-vakaro\/"},"modified":"2025-03-29T12:01:13","modified_gmt":"2025-03-29T12:01:13","slug":"notar-mary-megegett-a-vakaro","status":"publish","type":"product","link":"https:\/\/www.sunkaraoke.hu\/index.php\/termek\/notar-mary-megegett-a-vakaro\/","title":{"rendered":"<div class=\"wcmp-player-container product-4108\"><audio controlslist=\"nodownload\" data-product=\"4108\"  volume=\"1\"  preload=\"none\" data-lazyloading=\"none\" class=\"wcmp-player track mejs-classic\" data-duration=\"0:32\" data-estimated_duration=\"4\"><source src=\"https:\/\/www.sunkaraoke.hu\/wp-content\/uploads\/2022\/08\/Megegett-a-vakaro-vocal-SB_demo.mp3\" type=\"audio\/mp3\" \/><\/audio><\/div>Notar Mary &#8211; Meg\u00e9gett a vakar\u00f3 (Original)"},"content":{"rendered":"<p><strong>02:48<\/strong> | <strong><img loading=\"lazy\" decoding=\"async\" class=\"alignnone size-full wp-image-466\" src=\"https:\/\/www.sunkaraoke.hu\/wp-content\/uploads\/2022\/07\/choir_1-copy.webp\" alt=\"\" width=\"30\" height=\"30\" \/> <strong> | <img loading=\"lazy\" decoding=\"async\" class=\"alignnone size-full wp-image-613\" src=\"https:\/\/www.sunkaraoke.hu\/wp-content\/uploads\/2022\/07\/transzponalas.webp\" alt=\"\" width=\"30\" height=\"30\" \/> <\/strong><strong>0<\/strong><\/strong><\/p>\n","protected":false},"excerpt":{"rendered":"<h6>Bits\u0171r\u0171s\u00e9g: 320 kb\/s<br \/>\nHossz: 02:48<br \/>\nVok\u00e1lt tartalmaz: Igen <img loading=\"lazy\" decoding=\"async\" class=\"alignnone size-full wp-image-466\" src=\"http:\/\/www.sunkaraoke.hu\/wp-content\/uploads\/2022\/07\/choir_1-copy.png\" alt=\"\" width=\"30\" height=\"30\" \/><strong style=\"font-size: 16px;\"><br \/>\n<\/strong><\/h6>\n<p>Sunkaraoke mp3 st\u00fadi\u00f3 \/ www.sunkaraoke.hu \/ Inf: Tel: 06 20 4275001<\/p>\n<p>\u00c1lom, \u00e1lom, \u00e1j, t\u00e1, n\u00e1, n\u00e1, n\u00e1, n\u00e1, n\u00e1&#8230;.<br \/>\n\u00e1j, digi, digi, digi, digi, t\u00e1, l\u00e1, l\u00e9j, l\u00e9, l\u00e9j&#8230;<br \/>\n\u00e1j, n\u00e1, n\u00e1, n\u00e1, n\u00e1, ti d\u00e1, di, t\u00e1, d\u00e9, n\u00e1, n\u00e1, n\u00e1..<br \/>\n\u00c1lom, \u00e1lom, \u00e1j, t\u00e1, n\u00e1, n\u00e1, n\u00e1, n\u00e1, n\u00e1&#8230;.<br \/>\n\u00e1j, digi, digi, digi, digi, t\u00e1, l\u00e1, l\u00e1j, l\u00e1, l\u00e1j&#8230;<br \/>\n\u00e1j, n\u00e1, n\u00e1, n\u00e1, n\u00e1, ti d\u00e1, di, t\u00e1, d\u00e9, l\u00e9, l\u00e9, l\u00e9j&#8230;<br \/>\nRosszabb \u00e9letem van mint egy kuty\u00e1nak,<br \/>\ngyere any\u00e1m mosd ki az \u00e9n ruh\u00e1mat.<br \/>\nMert a ruh\u00e1m s\u00e1ros lett az \u00faton,<br \/>\nmajdnem bele fulladtam egy patakba,<br \/>\nmajdnem bele fulladtam egy patakba.<br \/>\nMert a ruh\u00e1m s\u00e1ros lett az \u00faton,<br \/>\nmajdnem bele fulladtam egy patakba,<br \/>\nmajdnem bele fulladtam egy patakba.<br \/>\n&#8212;Sz\u00f3l\u00f3&#8212;<br \/>\nMeg\u00e9gett a vakar\u00f3, a vakar\u00f3,<br \/>\nnek\u00fcnk bab\u00e1m feket\u00e9n de \u00fagy is j\u00f3.<br \/>\nHa meg\u00e9gett, meg\u00e9gett, h\u00e1t meg\u00e9gett,<br \/>\n\u00edgy j\u00f3 nekem m\u00e1ssal \u00e9n nem cser\u00e9lek,<br \/>\n\u00edgy j\u00f3 nekem m\u00e1ssal \u00e9n nem cser\u00e9lek.<br \/>\nHa meg\u00e9gett, meg\u00e9gett, h\u00e1t meg\u00e9gett,<br \/>\n\u00edgy j\u00f3 nekem m\u00e1ssal \u00e9n nem cser\u00e9lek,<br \/>\n\u00edgy j\u00f3 nekem m\u00e1ssal \u00e9n nem cser\u00e9lek.<br \/>\n\u00c1lom, \u00e1lom, \u00e1j, t\u00e1, n\u00e1, n\u00e1, n\u00e1, n\u00e1, n\u00e1&#8230;.<br \/>\n\u00e1j, digi, digi, digi, digi, t\u00e1, l\u00e1, l\u00e9j, l\u00e9, l\u00e9j&#8230;<br \/>\n\u00e1j, n\u00e1, n\u00e1, n\u00e1, n\u00e1, ti d\u00e1, di, t\u00e1, d\u00e9, n\u00e1, n\u00e1, n\u00e1&#8230;<br \/>\n\u00c1lom, \u00e1lom, \u00e1j, t\u00e1, n\u00e1, n\u00e1, n\u00e1, n\u00e1, n\u00e1&#8230;.<br \/>\n\u00e1j, digi, digi, digi, digi, t\u00e1, l\u00e1, l\u00e1j, l\u00e1, l\u00e1j&#8230;<br \/>\n\u00e1j, n\u00e1, n\u00e1, n\u00e1, n\u00e1, ti d\u00e1, di, t\u00e1, d\u00e9, l\u00e9, l\u00e9, l\u00e9j&#8230;<br \/>\nGyere bab\u00e1m, s\u00fct\u00f6k neked vakar\u00f3t,<br \/>\neste leh\u00fazom r\u00f3lad a takar\u00f3t.<br \/>\nNem kell nek\u00fcnk se p\u00e1rna se takar\u00f3,<br \/>\njaj de nagyon meleg volt a vakar\u00f3,<br \/>\njaj de nagyon meleg volt a vakar\u00f3.<br \/>\nNem kell nek\u00fcnk se p\u00e1rna se takar\u00f3,<br \/>\njaj de nagyon meleg volt a vakar\u00f3,<br \/>\njaj de nagyon meleg volt a vakar\u00f3.<br \/>\n\u00c1lom, \u00e1lom, \u00e1j, t\u00e1, n\u00e1, n\u00e1, n\u00e1, n\u00e1, n\u00e1&#8230;.<br \/>\n\u00e1j, digi, digi, digi, digi, t\u00e1, l\u00e1, l\u00e9j, l\u00e9, l\u00e9j&#8230;<br \/>\n\u00e1j, n\u00e1, n\u00e1, n\u00e1, n\u00e1, ti d\u00e1, di, t\u00e1, d\u00e9, n\u00e1, n\u00e1, n\u00e1&#8230;<br \/>\n\u00c1lom, \u00e1lom, \u00e1j, t\u00e1, n\u00e1, n\u00e1, n\u00e1, n\u00e1, n\u00e1&#8230;.<br \/>\n\u00e1j, digi, digi, digi, digi, t\u00e1, l\u00e1, l\u00e1j, l\u00e1, l\u00e1j&#8230;<br \/>\n\u00e1j, n\u00e1, n\u00e1, n\u00e1, n\u00e1, ti d\u00e1, di, t\u00e1, d\u00e9, l\u00e9, l\u00e9, l\u00e9j..<br \/>\n&#8212;V\u00e9ge&#8212;<\/p>\n","protected":false},"featured_media":8740,"template":"","meta":{"site-sidebar-layout":"default","site-content-layout":"default","ast-site-content-layout":"default","site-content-style":"default","site-sidebar-style":"default","ast-global-header-display":"","ast-banner-title-visibility":"","ast-main-header-display":"","ast-hfb-above-header-display":"","ast-hfb-below-header-display":"","ast-hfb-mobile-header-display":"","site-post-title":"","ast-breadcrumbs-content":"","ast-featured-img":"","footer-sml-layout":"","theme-transparent-header-meta":"default","adv-header-id-meta":"","stick-header-meta":"","header-above-stick-meta":"","header-main-stick-meta":"","header-below-stick-meta":"","astra-migrate-meta-layouts":"set","ast-page-background-enabled":"default","ast-page-background-meta":{"desktop":{"background-color":"var(--ast-global-color-4)","background-image":"","background-repeat":"repeat","background-position":"center center","background-size":"auto","background-attachment":"scroll","background-type":"","background-media":"","overlay-type":"","overlay-color":"","overlay-opacity":"","overlay-gradient":""},"tablet":{"background-color":"","background-image":"","background-repeat":"repeat","background-position":"center center","background-size":"auto","background-attachment":"scroll","background-type":"","background-media":"","overlay-type":"","overlay-color":"","overlay-opacity":"","overlay-gradient":""},"mobile":{"background-color":"","background-image":"","background-repeat":"repeat","background-position":"center center","background-size":"auto","background-attachment":"scroll","background-type":"","background-media":"","overlay-type":"","overlay-color":"","overlay-opacity":"","overlay-gradient":""}},"ast-content-background-meta":{"desktop":{"background-color":"var(--ast-global-color-5)","background-image":"","background-repeat":"repeat","background-position":"center center","background-size":"auto","background-attachment":"scroll","background-type":"","background-media":"","overlay-type":"","overlay-color":"","overlay-opacity":"","overlay-gradient":""},"tablet":{"background-color":"var(--ast-global-color-5)","background-image":"","background-repeat":"repeat","background-position":"center center","background-size":"auto","background-attachment":"scroll","background-type":"","background-media":"","overlay-type":"","overlay-color":"","overlay-opacity":"","overlay-gradient":""},"mobile":{"background-color":"var(--ast-global-color-5)","background-image":"","background-repeat":"repeat","background-position":"center center","background-size":"auto","background-attachment":"scroll","background-type":"","background-media":"","overlay-type":"","overlay-color":"","overlay-opacity":"","overlay-gradient":""}}},"product_cat":[48],"product_tag":[],"class_list":["post-4108","product","type-product","status-publish","has-post-thumbnail","hentry","product_cat-sunkaraoke-dalok","desktop-align-left","tablet-align-left","mobile-align-left"],"_links":{"self":[{"href":"https:\/\/www.sunkaraoke.hu\/index.php\/wp-json\/wp\/v2\/product\/4108","targetHints":{"allow":["GET"]}}],"collection":[{"href":"https:\/\/www.sunkaraoke.hu\/index.php\/wp-json\/wp\/v2\/product"}],"about":[{"href":"https:\/\/www.sunkaraoke.hu\/index.php\/wp-json\/wp\/v2\/types\/product"}],"wp:featuredmedia":[{"embeddable":true,"href":"https:\/\/www.sunkaraoke.hu\/index.php\/wp-json\/wp\/v2\/media\/8740"}],"wp:attachment":[{"href":"https:\/\/www.sunkaraoke.hu\/index.php\/wp-json\/wp\/v2\/media?parent=4108"}],"wp:term":[{"taxonomy":"product_cat","embeddable":true,"href":"https:\/\/www.sunkaraoke.hu\/index.php\/wp-json\/wp\/v2\/product_cat?post=4108"},{"taxonomy":"product_tag","embeddable":true,"href":"https:\/\/www.sunkaraoke.hu\/index.php\/wp-json\/wp\/v2\/product_tag?post=4108"}],"curies":[{"name":"wp","href":"https:\/\/api.w.org\/{rel}","templated":true}]}}