{"id":4105,"date":"2022-08-08T20:47:10","date_gmt":"2022-08-08T20:47:10","guid":{"rendered":"https:\/\/www.sunkaraoke.hu\/index.php\/termek\/sihell-ferry-kaszino\/"},"modified":"2025-04-04T10:22:31","modified_gmt":"2025-04-04T10:22:31","slug":"sihell-ferry-kaszino","status":"publish","type":"product","link":"https:\/\/www.sunkaraoke.hu\/index.php\/termek\/sihell-ferry-kaszino\/","title":{"rendered":"<div class=\"wcmp-player-container product-4105\"><audio controlslist=\"nodownload\" data-product=\"4105\"  volume=\"1\"  preload=\"none\" data-lazyloading=\"none\" class=\"wcmp-player track mejs-classic\" data-duration=\"0:31\" data-estimated_duration=\"4\"><source src=\"https:\/\/www.sunkaraoke.hu\/wp-content\/uploads\/2022\/08\/Kaszino-vocal-SF-kdwemoo.mp3\" type=\"audio\/mp3\" \/><\/audio><\/div>Sihell Ferry &#8211; Kaszin\u00f3 (Original)"},"content":{"rendered":"<p><strong>03:16<\/strong> | <strong><img loading=\"lazy\" decoding=\"async\" class=\"alignnone size-full wp-image-466\" src=\"https:\/\/www.sunkaraoke.hu\/wp-content\/uploads\/2022\/07\/choir_1-copy.webp\" alt=\"\" width=\"30\" height=\"30\" \/> <\/strong><\/p>\n","protected":false},"excerpt":{"rendered":"<h6><strong>Bits\u0171r\u0171s\u00e9g: 320<\/strong>kb\/s<strong><br \/>\n<\/strong><strong>Hossz: <\/strong>03:16<strong><br \/>\n<\/strong><strong style=\"font-size: 16px;\">Vok\u00e1lt tartalmaz: <\/strong>Igen <img loading=\"lazy\" decoding=\"async\" class=\"alignnone size-full wp-image-466\" src=\"http:\/\/www.sunkaraoke.hu\/wp-content\/uploads\/2022\/07\/choir_1-copy.png\" alt=\"\" width=\"30\" height=\"30\" \/><strong style=\"font-size: 16px;\"><br \/>\n<\/strong><\/h6>\n<p>Sunkaraoke mp3 st\u00fadi\u00f3 \/ www.sunkaraoke.hu \/ Inf: Tel: 06 20 4275001<\/p>\n<p>&#8212;Intr\u00f3&#8212;<br \/>\nJaj Istenem mi lesz v\u00e9lem, elveszett a b\u00fcszkes\u00e9gem,<br \/>\nelhagyott a csal\u00e1dom, eg\u00e9sz \u00e9jjel s\u00edratom,<br \/>\neg\u00e9sz \u00e9jjel \u00edratom.<br \/>\nElhagyott a csal\u00e1dom, eg\u00e9sz \u00e9jjel s\u00edratom,<br \/>\neg\u00e9sz \u00e9jjel s\u00edratom.<br \/>\nA Kaszin\u00f3 lett az \u00e9n vesztem, ott mindenemet elvesztettem,<br \/>\nszomor\u00fa az \u00e9n sz\u00edvem, a csal\u00e1dom nincs velem,<br \/>\nmeg a sz\u00e9p feles\u00e9gem.<br \/>\nSzomor\u00fa az \u00e9n sz\u00edvem, a csal\u00e1dom nincs velem,<br \/>\nmeg a sz\u00e9p feles\u00e9gem.<br \/>\nMeg\u00edg\u00e9rem Istenem, mert a csal\u00e1dom szeretem,<br \/>\nhogy kaszin\u00f3ba nem megyek, \u00e9n nem megyek,<br \/>\nnem, nem, nem, nem, nem&#8230;..<br \/>\nMeg\u00edg\u00e9rem Istenem, mert a csal\u00e1dom szeretem,<br \/>\nhogy kaszin\u00f3ba nem megyek, \u00e9n nem megyek.<br \/>\nMeg\u00edg\u00e9rem Istenem, mert a csal\u00e1dom szeretem,<br \/>\nhogy kaszin\u00f3ba nem megyek, \u00e9n nem megyek,<br \/>\nnem, nem, nem, nem, nem&#8230;..<br \/>\nMeg\u00edg\u00e9rem Istenem, mert a csal\u00e1dom szeretem,<br \/>\nhogy kaszin\u00f3ba nem megyek, \u00e9n nem megyek.<br \/>\nJaj istenem , mi lett v\u00e9lem,szomor\u00fa lett az \u00e9n sz\u00edvem,<br \/>\nmag\u00e1nyos az \u00e9letem, a csal\u00e1dom nincs velem,<br \/>\nmeg a sz\u00e9p feles\u00e9gem.<br \/>\nMag\u00e1nyos az \u00e9letem, a csal\u00e1dom nincs velem,<br \/>\nmeg a sz\u00e9p feles\u00e9gem.<br \/>\nA kaszin\u00f3 lett az \u00e9n vesztem, ott mindenemet elvesztettem,<br \/>\nmost ak\u00e1rmit \u00e9n megteszek, hogy a csal\u00e1dom itt legyen,<br \/>\nmeg a sz\u00e9p feles\u00e9gem.<br \/>\nMost ak\u00e1rmit \u00e9n megteszek, hogy a csal\u00e1dom itt legyen,<br \/>\nmeg a sz\u00e9p feles\u00e9gem.<br \/>\nMeg\u00edg\u00e9rem Istenem, mert a csal\u00e1dom szeretem,<br \/>\nhogy kaszin\u00f3ba nem megyek, \u00e9n nem megyek,<br \/>\nnem, nem, nem, nem, nem&#8230;..<br \/>\nMeg\u00edg\u00e9rem Istenem, mert a csal\u00e1dom szeretem,<br \/>\nhogy kaszin\u00f3ba nem megyek, \u00e9n nem megyek.<br \/>\nMeg\u00edg\u00e9rem Istenem, mert a csal\u00e1dom szeretem,<br \/>\nhogy kaszin\u00f3ba nem megyek, \u00e9n nem megyek,<br \/>\nnem, nem, nem, nem, nem&#8230;..<br \/>\nMeg\u00edg\u00e9rem Istenem, mert a csal\u00e1dom szeretem,<br \/>\nhogy kaszin\u00f3ba nem megyek, \u00e9n nem megyek.<br \/>\nHogy kaszin\u00f3ba nem megyek, \u00e9n nem megyek.<br \/>\n&#8212;V\u00e9ge&#8212;<\/p>\n","protected":false},"featured_media":9301,"template":"","meta":{"site-sidebar-layout":"default","site-content-layout":"default","ast-site-content-layout":"default","site-content-style":"default","site-sidebar-style":"default","ast-global-header-display":"","ast-banner-title-visibility":"","ast-main-header-display":"","ast-hfb-above-header-display":"","ast-hfb-below-header-display":"","ast-hfb-mobile-header-display":"","site-post-title":"","ast-breadcrumbs-content":"","ast-featured-img":"","footer-sml-layout":"","theme-transparent-header-meta":"default","adv-header-id-meta":"","stick-header-meta":"","header-above-stick-meta":"","header-main-stick-meta":"","header-below-stick-meta":"","astra-migrate-meta-layouts":"set","ast-page-background-enabled":"default","ast-page-background-meta":{"desktop":{"background-color":"var(--ast-global-color-4)","background-image":"","background-repeat":"repeat","background-position":"center center","background-size":"auto","background-attachment":"scroll","background-type":"","background-media":"","overlay-type":"","overlay-color":"","overlay-opacity":"","overlay-gradient":""},"tablet":{"background-color":"","background-image":"","background-repeat":"repeat","background-position":"center center","background-size":"auto","background-attachment":"scroll","background-type":"","background-media":"","overlay-type":"","overlay-color":"","overlay-opacity":"","overlay-gradient":""},"mobile":{"background-color":"","background-image":"","background-repeat":"repeat","background-position":"center center","background-size":"auto","background-attachment":"scroll","background-type":"","background-media":"","overlay-type":"","overlay-color":"","overlay-opacity":"","overlay-gradient":""}},"ast-content-background-meta":{"desktop":{"background-color":"var(--ast-global-color-5)","background-image":"","background-repeat":"repeat","background-position":"center center","background-size":"auto","background-attachment":"scroll","background-type":"","background-media":"","overlay-type":"","overlay-color":"","overlay-opacity":"","overlay-gradient":""},"tablet":{"background-color":"var(--ast-global-color-5)","background-image":"","background-repeat":"repeat","background-position":"center center","background-size":"auto","background-attachment":"scroll","background-type":"","background-media":"","overlay-type":"","overlay-color":"","overlay-opacity":"","overlay-gradient":""},"mobile":{"background-color":"var(--ast-global-color-5)","background-image":"","background-repeat":"repeat","background-position":"center center","background-size":"auto","background-attachment":"scroll","background-type":"","background-media":"","overlay-type":"","overlay-color":"","overlay-opacity":"","overlay-gradient":""}}},"product_cat":[55],"product_tag":[],"class_list":["post-4105","product","type-product","status-publish","has-post-thumbnail","hentry","product_cat-sihell-ferry","desktop-align-left","tablet-align-left","mobile-align-left"],"_links":{"self":[{"href":"https:\/\/www.sunkaraoke.hu\/index.php\/wp-json\/wp\/v2\/product\/4105","targetHints":{"allow":["GET"]}}],"collection":[{"href":"https:\/\/www.sunkaraoke.hu\/index.php\/wp-json\/wp\/v2\/product"}],"about":[{"href":"https:\/\/www.sunkaraoke.hu\/index.php\/wp-json\/wp\/v2\/types\/product"}],"wp:featuredmedia":[{"embeddable":true,"href":"https:\/\/www.sunkaraoke.hu\/index.php\/wp-json\/wp\/v2\/media\/9301"}],"wp:attachment":[{"href":"https:\/\/www.sunkaraoke.hu\/index.php\/wp-json\/wp\/v2\/media?parent=4105"}],"wp:term":[{"taxonomy":"product_cat","embeddable":true,"href":"https:\/\/www.sunkaraoke.hu\/index.php\/wp-json\/wp\/v2\/product_cat?post=4105"},{"taxonomy":"product_tag","embeddable":true,"href":"https:\/\/www.sunkaraoke.hu\/index.php\/wp-json\/wp\/v2\/product_tag?post=4105"}],"curies":[{"name":"wp","href":"https:\/\/api.w.org\/{rel}","templated":true}]}}