{"id":4099,"date":"2022-08-08T20:47:09","date_gmt":"2022-08-08T20:47:09","guid":{"rendered":"https:\/\/www.sunkaraoke.hu\/index.php\/termek\/hobo-blues-band-nem-lehet-ket-hazad\/"},"modified":"2025-04-10T05:37:04","modified_gmt":"2025-04-10T05:37:04","slug":"hobo-blues-band-nem-lehet-ket-hazad","status":"publish","type":"product","link":"https:\/\/www.sunkaraoke.hu\/index.php\/termek\/hobo-blues-band-nem-lehet-ket-hazad\/","title":{"rendered":"<div class=\"wcmp-player-container product-4099\"><audio controlslist=\"nodownload\" data-product=\"4099\"  volume=\"1\"  preload=\"none\" data-lazyloading=\"none\" class=\"wcmp-player track mejs-classic\" data-duration=\"0:39\" data-estimated_duration=\"4\"><source src=\"https:\/\/www.sunkaraoke.hu\/wp-content\/uploads\/2022\/08\/Nem-lehet-ket-hazad-vokal-SB-demoo.mp3\" type=\"audio\/mp3\" \/><\/audio><\/div>Hobo Blues Band &#8211; Nem lehet k\u00e9t haz\u00e1d (Original SB edition)"},"content":{"rendered":"<p><strong>07:29<\/strong> | <strong><img loading=\"lazy\" decoding=\"async\" class=\"alignnone size-full wp-image-466\" src=\"https:\/\/www.sunkaraoke.hu\/wp-content\/uploads\/2022\/07\/choir_1-copy.webp\" alt=\"\" width=\"30\" height=\"30\" \/> <\/strong><\/p>\n","protected":false},"excerpt":{"rendered":"<h6><strong>Bits\u0171r\u0171s\u00e9g: 320<\/strong>kb\/s<strong><br \/>\n<\/strong><strong>Hossz: <\/strong>07:29<strong><br \/>\n<\/strong><strong style=\"font-size: 16px;\">Vok\u00e1lt tartalmaz: <\/strong>Igen <img loading=\"lazy\" decoding=\"async\" class=\"alignnone size-full wp-image-466\" src=\"http:\/\/www.sunkaraoke.hu\/wp-content\/uploads\/2022\/07\/choir_1-copy.png\" alt=\"\" width=\"30\" height=\"30\" \/><strong style=\"font-size: 16px;\"><br \/>\n<\/strong><\/h6>\n<p>Sunkaraoke mp3 st\u00fadi\u00f3 \/ www.sunkaraoke.hu \/ Inf: Tel: 06 20 4275001<\/p>\n<p>&#8212;Intr\u00f3&#8212;<br \/>\nMindenemet eldobn\u00e1m,<br \/>\nnevem megv\u00e1ltoztatn\u00e1m.<br \/>\nMegtagadn\u00e1m, aki voltam,<br \/>\nhogy megtal\u00e1ljam nyugalmam.<br \/>\nLenn\u00e9k kispolg\u00e1r boldogan,<br \/>\nb\u00e1rhol, ahol b\u00e9ke van.<br \/>\nLenn\u00e9k k\u00f6zt\u00fck \u00e9n az \u00e1tlag,<br \/>\nkinek az Emberi Jogok j\u00e1rnak.<br \/>\n&#8212;Sz\u00f3l\u00f3&#8212;<br \/>\nMenj vissza v\u00e1ndor, nem lehet k\u00e9t haz\u00e1d!<br \/>\n&#8212;Sz\u00f3l\u00f3&#8212;<br \/>\nMenj vissza v\u00e1ndor, nem lehet k\u00e9t haz\u00e1d!<br \/>\n&#8212;Sz\u00f3l\u00f3&#8212;<br \/>\nB\u00fajtam, amikor mindenki vonult,<br \/>\nadtam, amikor mindenki koldult.<br \/>\nR\u00f6h\u00f6gtek mindenen, \u00e9n s\u00edrtam,<br \/>\nha nem volt kinek, akkor is \u00edrtam.<br \/>\nVesztes lettem, hi\u00e1ba gy\u0151ztem,<br \/>\nsenki mellettem, senki m\u00f6g\u00f6ttem<br \/>\n\u00c1llok az \u00faton, r\u00e1d gondolok,<br \/>\ntudom, a szabads\u00e1g mag\u00e1nyos dolog.<br \/>\n&#8212;Sz\u00f3l\u00f3&#8212;<br \/>\nMenj vissza v\u00e1ndor, nem lehet k\u00e9t haz\u00e1d!<br \/>\nMenj vissza v\u00e1ndor, nem lehet k\u00e9t haz\u00e1d!<br \/>\n&#8212;Sz\u00f3l\u00f3&#8212;<br \/>\nMenj vissza v\u00e1ndor, nem lehet k\u00e9t haz\u00e1d!<br \/>\nMenj vissza v\u00e1ndor, nem lehet k\u00e9t haz\u00e1d!<br \/>\n&#8212;Sz\u00f3l\u00f3&#8212;<br \/>\nMenj vissza v\u00e1ndor, nem lehet k\u00e9t haz\u00e1d!<br \/>\nMenj vissza v\u00e1ndor, nem lehet k\u00e9t haz\u00e1d!<br \/>\n&#8212;Sz\u00f3l\u00f3&#8212;<br \/>\nMenj vissza v\u00e1ndor, nem lehet k\u00e9t haz\u00e1d!<br \/>\nMenj vissza v\u00e1ndor, nem lehet k\u00e9t haz\u00e1d!<br \/>\n&#8212;Sz\u00f3l\u00f3&#8212;<br \/>\nMenj vissza v\u00e1ndor, nem lehet k\u00e9t haz\u00e1d!<br \/>\nMenj vissza v\u00e1ndor, nem lehet k\u00e9t haz\u00e1d!<br \/>\n&#8212;V\u00e9ge&#8212;<\/p>\n","protected":false},"featured_media":18281,"template":"","meta":{"site-sidebar-layout":"default","site-content-layout":"default","ast-site-content-layout":"default","site-content-style":"default","site-sidebar-style":"default","ast-global-header-display":"","ast-banner-title-visibility":"","ast-main-header-display":"","ast-hfb-above-header-display":"","ast-hfb-below-header-display":"","ast-hfb-mobile-header-display":"","site-post-title":"","ast-breadcrumbs-content":"","ast-featured-img":"","footer-sml-layout":"","theme-transparent-header-meta":"default","adv-header-id-meta":"","stick-header-meta":"","header-above-stick-meta":"","header-main-stick-meta":"","header-below-stick-meta":"","astra-migrate-meta-layouts":"set","ast-page-background-enabled":"default","ast-page-background-meta":{"desktop":{"background-color":"var(--ast-global-color-4)","background-image":"","background-repeat":"repeat","background-position":"center center","background-size":"auto","background-attachment":"scroll","background-type":"","background-media":"","overlay-type":"","overlay-color":"","overlay-opacity":"","overlay-gradient":""},"tablet":{"background-color":"","background-image":"","background-repeat":"repeat","background-position":"center center","background-size":"auto","background-attachment":"scroll","background-type":"","background-media":"","overlay-type":"","overlay-color":"","overlay-opacity":"","overlay-gradient":""},"mobile":{"background-color":"","background-image":"","background-repeat":"repeat","background-position":"center center","background-size":"auto","background-attachment":"scroll","background-type":"","background-media":"","overlay-type":"","overlay-color":"","overlay-opacity":"","overlay-gradient":""}},"ast-content-background-meta":{"desktop":{"background-color":"var(--ast-global-color-5)","background-image":"","background-repeat":"repeat","background-position":"center center","background-size":"auto","background-attachment":"scroll","background-type":"","background-media":"","overlay-type":"","overlay-color":"","overlay-opacity":"","overlay-gradient":""},"tablet":{"background-color":"var(--ast-global-color-5)","background-image":"","background-repeat":"repeat","background-position":"center center","background-size":"auto","background-attachment":"scroll","background-type":"","background-media":"","overlay-type":"","overlay-color":"","overlay-opacity":"","overlay-gradient":""},"mobile":{"background-color":"var(--ast-global-color-5)","background-image":"","background-repeat":"repeat","background-position":"center center","background-size":"auto","background-attachment":"scroll","background-type":"","background-media":"","overlay-type":"","overlay-color":"","overlay-opacity":"","overlay-gradient":""}}},"product_cat":[48],"product_tag":[],"class_list":["post-4099","product","type-product","status-publish","has-post-thumbnail","hentry","product_cat-sunkaraoke-dalok","desktop-align-left","tablet-align-left","mobile-align-left"],"_links":{"self":[{"href":"https:\/\/www.sunkaraoke.hu\/index.php\/wp-json\/wp\/v2\/product\/4099","targetHints":{"allow":["GET"]}}],"collection":[{"href":"https:\/\/www.sunkaraoke.hu\/index.php\/wp-json\/wp\/v2\/product"}],"about":[{"href":"https:\/\/www.sunkaraoke.hu\/index.php\/wp-json\/wp\/v2\/types\/product"}],"wp:featuredmedia":[{"embeddable":true,"href":"https:\/\/www.sunkaraoke.hu\/index.php\/wp-json\/wp\/v2\/media\/18281"}],"wp:attachment":[{"href":"https:\/\/www.sunkaraoke.hu\/index.php\/wp-json\/wp\/v2\/media?parent=4099"}],"wp:term":[{"taxonomy":"product_cat","embeddable":true,"href":"https:\/\/www.sunkaraoke.hu\/index.php\/wp-json\/wp\/v2\/product_cat?post=4099"},{"taxonomy":"product_tag","embeddable":true,"href":"https:\/\/www.sunkaraoke.hu\/index.php\/wp-json\/wp\/v2\/product_tag?post=4099"}],"curies":[{"name":"wp","href":"https:\/\/api.w.org\/{rel}","templated":true}]}}