{"id":4096,"date":"2025-04-07T01:00:09","date_gmt":"2025-04-07T01:00:09","guid":{"rendered":"https:\/\/www.sunkaraoke.hu\/index.php\/termek\/republic-megy-a-gomba-2013\/"},"modified":"2025-04-10T05:32:00","modified_gmt":"2025-04-10T05:32:00","slug":"republic-megy-a-gomba-2013","status":"publish","type":"product","link":"https:\/\/www.sunkaraoke.hu\/index.php\/termek\/republic-megy-a-gomba-2013\/","title":{"rendered":"<div class=\"wcmp-player-container product-4096\"><audio controlslist=\"nodownload\" data-product=\"4096\"  volume=\"1\"  preload=\"none\" data-lazyloading=\"none\" class=\"wcmp-player track mejs-classic\" data-duration=\"0:34\" data-estimated_duration=\"4\"><source src=\"https:\/\/www.sunkaraoke.hu\/wp-content\/uploads\/2022\/08\/Megy-a-gomba-2013-remix-SB-demoo.mp3\" type=\"audio\/mp3\" \/><\/audio><\/div>Republic &#8211; Megy a gomba NEW. (Original SB Edition)"},"content":{"rendered":"<p><strong>03:21<\/strong> | <strong><img loading=\"lazy\" decoding=\"async\" class=\"alignnone size-full wp-image-467\" src=\"https:\/\/www.sunkaraoke.hu\/wp-content\/uploads\/2022\/07\/choir_2-copy.webp\" alt=\"\" width=\"30\" height=\"30\" \/> <\/strong><\/p>\n","protected":false},"excerpt":{"rendered":"<h6><strong>Bits\u0171r\u0171s\u00e9g: 320<\/strong>kb\/s<strong><br \/>\n<\/strong><strong>Hossz: <\/strong>03:21<strong><br \/>\n<\/strong><strong style=\"font-size: 16px;\">Vok\u00e1lt tartalmaz: <\/strong>Nem <img loading=\"lazy\" decoding=\"async\" class=\"alignnone size-full wp-image-467\" src=\"http:\/\/www.sunkaraoke.hu\/wp-content\/uploads\/2022\/07\/choir_2-copy.png\" alt=\"\" width=\"30\" height=\"30\" \/><strong style=\"font-size: 16px;\"><br \/>\n<\/strong><\/h6>\n<p>Sunkaraoke mp3 st\u00fadi\u00f3 \/ www.sunkaraoke.hu \/ Inf: Tel: 06 20 4275001<\/p>\n<p>&#8212;Intr\u00f3&#8212;<br \/>\nJ\u00f6n a s\u00fcti, j\u00f6n a finoms\u00e1g,<br \/>\nj\u00f6n a bambi, j\u00f6n a menyorsz\u00e1g,<br \/>\nj\u00f6n a hal\u00e1l, aki megoldja,<br \/>\nj\u00f6n a gomba, j\u00f6n a hop, hop, hop!<br \/>\nEz a szeme, ami kit\u00e1r\u00fal,<br \/>\nez a sz\u00edvem, amit kit\u00e1rok,<br \/>\nez a hal\u00e1l, aki megoldja,<br \/>\nj\u00f6n a gomba, j\u00f6n a hop, hop, hop, hop!<br \/>\nGyere gomba, mondd el nekem, hogy mit szeretn\u00e9l,<br \/>\ngyere gomba, \u00fagy szeretn\u00e9m,<br \/>\nhogy szeress bel\u00e9m, szeress bel\u00e9m.<br \/>\nGyere gomba, mondd el nekem, vagy s\u00fagd meg,<br \/>\nm\u00e9rt j\u00f3 ha f\u00e1j,m\u00e9rt j\u00f3 ha \u00e9get, ha \u00e9get!<br \/>\nVan egy orsz\u00e1g, amit im\u00e1dok,<br \/>\nahol vid\u00e1mak, az indi\u00e1nok,<br \/>\nmegy azt olaj, megy a vagonba,<br \/>\nj\u00f6n a gomba, j\u00f6n a hop, hop, hop!<br \/>\nEz az \u00e9let, ez a b\u00f6rt\u00f6n\u0151r,<br \/>\nszabad\u00edts ki, a b\u00f6rt\u00f6nb\u0151l,<br \/>\nj\u00f6n a hal\u00e1l, aki megoldja,<br \/>\nj\u00f6n a gomba, j\u00f6n a hop, hop, hop, hop!<br \/>\nGyere gomba, mondd el nekem,<br \/>\nhogy mit szeretn\u00e9l,<br \/>\ngyere gomba, \u00fagy szeretn\u00e9m,<br \/>\nhogy szeress bel\u00e9m, szeress bel\u00e9m.<br \/>\nGyere gomba, mondd el nekem,<br \/>\nvagy s\u00fagd meg,<br \/>\nm\u00e9rt j\u00f3 ha f\u00e1j, m\u00e9rt j\u00f3 ha \u00e9get,ha \u00e9get!<br \/>\n&#8212;Sz\u00f3l\u00f3&#8212;<br \/>\nGyere gomba, mondd el nekem,<br \/>\nhogy mit szeretn\u00e9l,<br \/>\ngyere gomba, \u00fagy szeretn\u00e9m,<br \/>\nhogy szeress bel\u00e9m, szeress bel\u00e9m.<br \/>\nGyere gomba, mondd el nekem,<br \/>\nvagy s\u00fagd meg,<br \/>\nm\u00e9rt j\u00f3 ha f\u00e1j, m\u00e9rt j\u00f3 ha \u00e9get, ha \u00e9get!<br \/>\nJ\u00f6n a s\u00fcti, j\u00f6n a finoms\u00e1g,<br \/>\nj\u00f6n a bambi, j\u00f6n a menyorsz\u00e1g,<br \/>\nj\u00f6n a hal\u00e1l, aki megoldja,<br \/>\nj\u00f6n a gomba, j\u00f6n a hop, hop, hop!<br \/>\nEz a szeme, ami kit\u00e1r\u00fal,<br \/>\nez a sz\u00edvem, amit kit\u00e1rok,<br \/>\nez a hal\u00e1l, aki megoldja,<br \/>\nj\u00f6n a gomba, j\u00f6n a hop, hop, hop, hop!<br \/>\nMegy a gomba, be a vagonba!<br \/>\nMegy a gomba, be a vagonba!<br \/>\nMegy a gomba, be a vagonba!<br \/>\nMegy a gomba&#8230;&#8230;<br \/>\nj\u00f6n a hop, hop, hop, hop!<br \/>\nMegy a gomba, be a vagonba!<br \/>\nMegy a gomba, be a vagonba!<br \/>\nMegy a gomba, be a vagonba!<br \/>\nMegy a gomba&#8230;&#8230;<br \/>\nj\u00f6n a hop, hop, hop, hop!<br \/>\nMegy a gomba, be a vagonba!<br \/>\nMegy a gomba, be a vagonba!<br \/>\nMegy a gomba, be a vagonba!<br \/>\nMegy a gomba&#8230;&#8230;&#8230;.<br \/>\nj\u00f6n a hop, hop, hop, hop!<br \/>\n&#8212;V\u00e9ge&#8212;<\/p>\n","protected":false},"featured_media":10423,"template":"","meta":{"site-sidebar-layout":"default","site-content-layout":"default","ast-site-content-layout":"default","site-content-style":"default","site-sidebar-style":"default","ast-global-header-display":"","ast-banner-title-visibility":"","ast-main-header-display":"","ast-hfb-above-header-display":"","ast-hfb-below-header-display":"","ast-hfb-mobile-header-display":"","site-post-title":"","ast-breadcrumbs-content":"","ast-featured-img":"","footer-sml-layout":"","theme-transparent-header-meta":"default","adv-header-id-meta":"","stick-header-meta":"","header-above-stick-meta":"","header-main-stick-meta":"","header-below-stick-meta":"","astra-migrate-meta-layouts":"set","ast-page-background-enabled":"default","ast-page-background-meta":{"desktop":{"background-color":"var(--ast-global-color-4)","background-image":"","background-repeat":"repeat","background-position":"center center","background-size":"auto","background-attachment":"scroll","background-type":"","background-media":"","overlay-type":"","overlay-color":"","overlay-opacity":"","overlay-gradient":""},"tablet":{"background-color":"","background-image":"","background-repeat":"repeat","background-position":"center center","background-size":"auto","background-attachment":"scroll","background-type":"","background-media":"","overlay-type":"","overlay-color":"","overlay-opacity":"","overlay-gradient":""},"mobile":{"background-color":"","background-image":"","background-repeat":"repeat","background-position":"center center","background-size":"auto","background-attachment":"scroll","background-type":"","background-media":"","overlay-type":"","overlay-color":"","overlay-opacity":"","overlay-gradient":""}},"ast-content-background-meta":{"desktop":{"background-color":"var(--ast-global-color-5)","background-image":"","background-repeat":"repeat","background-position":"center center","background-size":"auto","background-attachment":"scroll","background-type":"","background-media":"","overlay-type":"","overlay-color":"","overlay-opacity":"","overlay-gradient":""},"tablet":{"background-color":"var(--ast-global-color-5)","background-image":"","background-repeat":"repeat","background-position":"center center","background-size":"auto","background-attachment":"scroll","background-type":"","background-media":"","overlay-type":"","overlay-color":"","overlay-opacity":"","overlay-gradient":""},"mobile":{"background-color":"var(--ast-global-color-5)","background-image":"","background-repeat":"repeat","background-position":"center center","background-size":"auto","background-attachment":"scroll","background-type":"","background-media":"","overlay-type":"","overlay-color":"","overlay-opacity":"","overlay-gradient":""}}},"product_cat":[48],"product_tag":[],"class_list":["post-4096","product","type-product","status-publish","has-post-thumbnail","hentry","product_cat-sunkaraoke-dalok","desktop-align-left","tablet-align-left","mobile-align-left"],"_links":{"self":[{"href":"https:\/\/www.sunkaraoke.hu\/index.php\/wp-json\/wp\/v2\/product\/4096","targetHints":{"allow":["GET"]}}],"collection":[{"href":"https:\/\/www.sunkaraoke.hu\/index.php\/wp-json\/wp\/v2\/product"}],"about":[{"href":"https:\/\/www.sunkaraoke.hu\/index.php\/wp-json\/wp\/v2\/types\/product"}],"wp:featuredmedia":[{"embeddable":true,"href":"https:\/\/www.sunkaraoke.hu\/index.php\/wp-json\/wp\/v2\/media\/10423"}],"wp:attachment":[{"href":"https:\/\/www.sunkaraoke.hu\/index.php\/wp-json\/wp\/v2\/media?parent=4096"}],"wp:term":[{"taxonomy":"product_cat","embeddable":true,"href":"https:\/\/www.sunkaraoke.hu\/index.php\/wp-json\/wp\/v2\/product_cat?post=4096"},{"taxonomy":"product_tag","embeddable":true,"href":"https:\/\/www.sunkaraoke.hu\/index.php\/wp-json\/wp\/v2\/product_tag?post=4096"}],"curies":[{"name":"wp","href":"https:\/\/api.w.org\/{rel}","templated":true}]}}