{"id":4078,"date":"2022-08-08T20:47:08","date_gmt":"2022-08-08T20:47:08","guid":{"rendered":"https:\/\/www.sunkaraoke.hu\/index.php\/termek\/henna-ragyognak-a-csillagok\/"},"modified":"2025-04-04T10:08:23","modified_gmt":"2025-04-04T10:08:23","slug":"henna-ragyognak-a-csillagok","status":"publish","type":"product","link":"https:\/\/www.sunkaraoke.hu\/index.php\/termek\/henna-ragyognak-a-csillagok\/","title":{"rendered":"<div class=\"wcmp-player-container product-4078\"><audio controlslist=\"nodownload\" data-product=\"4078\"  volume=\"1\"  preload=\"none\" data-lazyloading=\"none\" class=\"wcmp-player track mejs-classic\" data-duration=\"0:32\" data-estimated_duration=\"4\"><source src=\"https:\/\/www.sunkaraoke.hu\/wp-content\/uploads\/2022\/08\/Ragyognak-a-csillagok-vocal-SFdemoo.mp3\" type=\"audio\/mp3\" \/><\/audio><\/div>Henna &#8211; Ragyognak a csillagok (Original)"},"content":{"rendered":"<p><strong>03:18<\/strong> | <strong><img loading=\"lazy\" decoding=\"async\" class=\"alignnone size-full wp-image-466\" src=\"https:\/\/www.sunkaraoke.hu\/wp-content\/uploads\/2022\/07\/choir_1-copy.webp\" alt=\"\" width=\"30\" height=\"30\" \/> <\/strong><\/p>\n","protected":false},"excerpt":{"rendered":"<h6><strong>Bits\u0171r\u0171s\u00e9g: 320<\/strong>kb\/s<strong><br \/>\n<\/strong><strong>Hossz: <\/strong>03:18<strong><br \/>\n<\/strong><strong style=\"font-size: 16px;\">Vok\u00e1lt tartalmaz: <\/strong>Igen <img loading=\"lazy\" decoding=\"async\" class=\"alignnone size-full wp-image-466\" src=\"http:\/\/www.sunkaraoke.hu\/wp-content\/uploads\/2022\/07\/choir_1-copy.png\" alt=\"\" width=\"30\" height=\"30\" \/><strong style=\"font-size: 16px;\"><br \/>\n<\/strong><\/h6>\n<p>Sunkaraoke mp3 st\u00fadi\u00f3 \/ www.sunkaraoke.hu \/ Inf: Tel: 06 20 4275001<\/p>\n<p>&#8212;Intr\u00f3&#8212;<br \/>\nRagyognak a csillagok, \u00e9n elaludni nem tudok,<br \/>\nnem tudok mert folyton csak r\u00e1d gondolok.<br \/>\nTal\u00e1n bolond aki \u00fagy szeret,<br \/>\nhogy jobban m\u00e1r nem lehet,<br \/>\n\u00e9n nem adn\u00e1m senki m\u00e1snak oda a sz\u00edvemet.<br \/>\nHidd el csak neked, csak neked,<br \/>\ncsak neked, dobban az \u00e9n sz\u00edvem,<br \/>\nszeresd, csak szeresd igaz\u00e1n.<br \/>\nEgy kicsit ide, vagy oda, de oda vagyok \u00e9rted,<br \/>\na bolond is l\u00e1tja t\u00e1n.<br \/>\nMert olyan laza, ha haza , ha haza k\u00eds\u00e9r a kapuba,<br \/>\ncs\u00f3kot kapok \u00e9n,<br \/>\n\u00e9s mint egy j\u00f3 fi\u00fa, p\u00e1r perc ut\u00e1n elk\u00f6sz\u00f6n szeg\u00e9ny.<br \/>\n\u00dagy alszom el, r\u00e1d gondolok, boldog a sz\u00edvem,<br \/>\nboldog vagyok.<br \/>\n\u00dagy alszom el, r\u00f3lad \u00e1lmodom, boldog a sz\u00edvem,<br \/>\nboldog vagyok.<br \/>\nRagyognak a csillagok, \u00e9n elaludni nem tudok,<br \/>\nnem tudok mert gondolatban csak veled vagyok.<br \/>\n\u00c9n vagyok ki \u00fagy szeret, hogy jobban m\u00e1r nem lehet,<br \/>\nnem hallgat m\u00e1r senkire az \u00e9n bolond sz\u00edvem.<br \/>\nHidd el csak neked, csak neked,<br \/>\ncsak neked, dobban az \u00e9n sz\u00edvem,<br \/>\nszeresd, csak szeresd igaz\u00e1n.<br \/>\nEgy kicsit ide, vagy oda, de oda vagyok \u00e9rted,<br \/>\na bolond is l\u00e1tja t\u00e1n.<br \/>\nMert olyan laza, ha haza, ha haza k\u00eds\u00e9r a kapuba,<br \/>\ncs\u00f3kot kapok \u00e9n,<br \/>\n\u00e9s mint egy j\u00f3 fi\u00fa, p\u00e1r perc ut\u00e1n elk\u00f6sz\u00f6n szeg\u00e9ny.<br \/>\nCsak neked, csak neked, csak neked dobban az \u00e9n sz\u00edvem,<br \/>\nszeresd, csak szeresd igaz\u00e1n.<br \/>\nEgy kicsit ide, vagy oda, de oda vagyok \u00e9rted,<br \/>\na bolond is l\u00e1tja t\u00e1n.<br \/>\nMert olyan laza, ha haza, ha haza k\u00eds\u00e9r a kapuba,<br \/>\ncs\u00f3kot kapok \u00e9n,<br \/>\n\u00e9s mint egy j\u00f3 fi\u00fa, p\u00e1r perc ut\u00e1n elk\u00f6sz\u00f6n szeg\u00e9ny.<br \/>\n\u00dagy alszom el, r\u00e1d gondolok, boldog a sz\u00edvem,<br \/>\nboldog vagyok.<br \/>\n\u00dagy alszom el, r\u00f3lad \u00e1lmodom, boldog a sz\u00edvem,<br \/>\nboldog vagyok.<br \/>\nBoldog vagyok&#8230;..<br \/>\n&#8212;V\u00e9ge&#8212;<\/p>\n","protected":false},"featured_media":9303,"template":"","meta":{"site-sidebar-layout":"default","site-content-layout":"default","ast-site-content-layout":"default","site-content-style":"default","site-sidebar-style":"default","ast-global-header-display":"","ast-banner-title-visibility":"","ast-main-header-display":"","ast-hfb-above-header-display":"","ast-hfb-below-header-display":"","ast-hfb-mobile-header-display":"","site-post-title":"","ast-breadcrumbs-content":"","ast-featured-img":"","footer-sml-layout":"","theme-transparent-header-meta":"default","adv-header-id-meta":"","stick-header-meta":"","header-above-stick-meta":"","header-main-stick-meta":"","header-below-stick-meta":"","astra-migrate-meta-layouts":"set","ast-page-background-enabled":"default","ast-page-background-meta":{"desktop":{"background-color":"var(--ast-global-color-4)","background-image":"","background-repeat":"repeat","background-position":"center center","background-size":"auto","background-attachment":"scroll","background-type":"","background-media":"","overlay-type":"","overlay-color":"","overlay-opacity":"","overlay-gradient":""},"tablet":{"background-color":"","background-image":"","background-repeat":"repeat","background-position":"center center","background-size":"auto","background-attachment":"scroll","background-type":"","background-media":"","overlay-type":"","overlay-color":"","overlay-opacity":"","overlay-gradient":""},"mobile":{"background-color":"","background-image":"","background-repeat":"repeat","background-position":"center center","background-size":"auto","background-attachment":"scroll","background-type":"","background-media":"","overlay-type":"","overlay-color":"","overlay-opacity":"","overlay-gradient":""}},"ast-content-background-meta":{"desktop":{"background-color":"var(--ast-global-color-5)","background-image":"","background-repeat":"repeat","background-position":"center center","background-size":"auto","background-attachment":"scroll","background-type":"","background-media":"","overlay-type":"","overlay-color":"","overlay-opacity":"","overlay-gradient":""},"tablet":{"background-color":"var(--ast-global-color-5)","background-image":"","background-repeat":"repeat","background-position":"center center","background-size":"auto","background-attachment":"scroll","background-type":"","background-media":"","overlay-type":"","overlay-color":"","overlay-opacity":"","overlay-gradient":""},"mobile":{"background-color":"var(--ast-global-color-5)","background-image":"","background-repeat":"repeat","background-position":"center center","background-size":"auto","background-attachment":"scroll","background-type":"","background-media":"","overlay-type":"","overlay-color":"","overlay-opacity":"","overlay-gradient":""}}},"product_cat":[55],"product_tag":[],"class_list":["post-4078","product","type-product","status-publish","has-post-thumbnail","hentry","product_cat-sihell-ferry","desktop-align-left","tablet-align-left","mobile-align-left"],"_links":{"self":[{"href":"https:\/\/www.sunkaraoke.hu\/index.php\/wp-json\/wp\/v2\/product\/4078","targetHints":{"allow":["GET"]}}],"collection":[{"href":"https:\/\/www.sunkaraoke.hu\/index.php\/wp-json\/wp\/v2\/product"}],"about":[{"href":"https:\/\/www.sunkaraoke.hu\/index.php\/wp-json\/wp\/v2\/types\/product"}],"wp:featuredmedia":[{"embeddable":true,"href":"https:\/\/www.sunkaraoke.hu\/index.php\/wp-json\/wp\/v2\/media\/9303"}],"wp:attachment":[{"href":"https:\/\/www.sunkaraoke.hu\/index.php\/wp-json\/wp\/v2\/media?parent=4078"}],"wp:term":[{"taxonomy":"product_cat","embeddable":true,"href":"https:\/\/www.sunkaraoke.hu\/index.php\/wp-json\/wp\/v2\/product_cat?post=4078"},{"taxonomy":"product_tag","embeddable":true,"href":"https:\/\/www.sunkaraoke.hu\/index.php\/wp-json\/wp\/v2\/product_tag?post=4078"}],"curies":[{"name":"wp","href":"https:\/\/api.w.org\/{rel}","templated":true}]}}