{"id":4076,"date":"2025-04-07T01:00:08","date_gmt":"2025-04-07T01:00:08","guid":{"rendered":"https:\/\/www.sunkaraoke.hu\/index.php\/termek\/dallas-reszeg-tengeresz-2013\/"},"modified":"2025-04-10T05:41:43","modified_gmt":"2025-04-10T05:41:43","slug":"dallas-reszeg-tengeresz-2013","status":"publish","type":"product","link":"https:\/\/www.sunkaraoke.hu\/index.php\/termek\/dallas-reszeg-tengeresz-2013\/","title":{"rendered":"<div class=\"wcmp-player-container product-4076\"><audio controlslist=\"nodownload\" data-product=\"4076\"  volume=\"1\"  preload=\"none\" data-lazyloading=\"none\" class=\"wcmp-player track mejs-classic\" data-duration=\"0:32\" data-estimated_duration=\"4\"><source src=\"https:\/\/www.sunkaraoke.hu\/wp-content\/uploads\/2022\/08\/Reszeg-tengeresz-SB-demoo.mp3\" type=\"audio\/mp3\" \/><\/audio><\/div>Dallas &#8211; R\u00e9szeg tenger\u00e9sz (Original SB Edition)"},"content":{"rendered":"<p><strong>02:50<\/strong> | <strong><img loading=\"lazy\" decoding=\"async\" class=\"alignnone size-full wp-image-467\" src=\"https:\/\/www.sunkaraoke.hu\/wp-content\/uploads\/2022\/07\/choir_2-copy.webp\" alt=\"\" width=\"30\" height=\"30\" \/> <\/strong><\/p>\n","protected":false},"excerpt":{"rendered":"<h6><strong>Bits\u0171r\u0171s\u00e9g: 320<\/strong>kb\/s<strong><br \/>\n<\/strong><strong>Hossz: <\/strong>02:50<strong><br \/>\n<\/strong><strong style=\"font-size: 16px;\">Vok\u00e1lt tartalmaz: <\/strong>Nem <img loading=\"lazy\" decoding=\"async\" class=\"alignnone size-full wp-image-467\" src=\"http:\/\/www.sunkaraoke.hu\/wp-content\/uploads\/2022\/07\/choir_2-copy.png\" alt=\"\" width=\"30\" height=\"30\" \/><strong style=\"font-size: 16px;\"><br \/>\n<\/strong><\/h6>\n<p>Sunkaraoke mp3 st\u00fadi\u00f3 \/ www.sunkaraoke.hu \/ Inf: Tel: 06 20 4275001<\/p>\n<p>&#8212;Intr\u00f3&#8212;<br \/>\nBaj van a r\u00e9szeg tenger\u00e9sszel,<br \/>\nbaj van a r\u00e9szeg tenger\u00e9sszel,<br \/>\nbaj van a r\u00e9szeg tenger\u00e9sszel,<br \/>\nreggel mikor felkel.<br \/>\nHaj, h\u00e9, de h\u00fazz r\u00e1 egyet,<br \/>\nhaj, h\u00e9, de h\u00fazz r\u00e1 egyet,<br \/>\nhaj, h\u00e9, de h\u00fazz r\u00e1 egyet,<br \/>\nreggel mikor felkel.<br \/>\nBele vele gyorsan a tengerv\u00edzbe,<br \/>\nbele vele gyorsan a tengerv\u00edzbe,<br \/>\nbele vele gyorsan a tengerv\u00edzbe,<br \/>\nreggel mikor felkel.<br \/>\nHaj, h\u00e9, de h\u00fazz r\u00e1 egyet,<br \/>\nhaj, h\u00e9, de h\u00fazz r\u00e1 egyet,<br \/>\nhaj, h\u00e9, de h\u00fazz r\u00e1 egyet,<br \/>\nreggel mikor felkel.<br \/>\nHaj, h\u00e9, de h\u00fazz r\u00e1 egyet,<br \/>\nhaj, h\u00e9, de h\u00fazz r\u00e1 egyet,<br \/>\nhaj, h\u00e9, de h\u00fazz r\u00e1 egyet,<br \/>\nreggel mikor felkel.<br \/>\n&#8212;Sz\u00f3l\u00f3&#8212;<br \/>\nH\u00fazd le a sz\u0151r\u00e9t rozsd\u00e1s k\u00e9ssel,<br \/>\nh\u00fazd le a sz\u0151r\u00e9t rozsd\u00e1s k\u00e9ssel,<br \/>\nh\u00fazd le a sz\u0151r\u00e9t rozsd\u00e1s k\u00e9ssel,<br \/>\nreggel mikor felkel.<br \/>\nHaj, h\u00e9, de h\u00fazz r\u00e1 egyet,<br \/>\nhaj, h\u00e9, de h\u00fazz r\u00e1 egyet,<br \/>\nhaj, h\u00e9, de h\u00fazz r\u00e1 egyet,<br \/>\nreggel mikor felkel.<br \/>\n&#8212;Sz\u00f3l\u00f3&#8212;<br \/>\nF\u0151 \u00e1rb\u00f3con hadd sz\u00e1radjon,<br \/>\nf\u0151 \u00e1rb\u00f3con hadd sz\u00e1radjon,<br \/>\nf\u0151 \u00e1rb\u00f3con hadd sz\u00e1radjon,<br \/>\nreggel mikor felkel.<br \/>\nHaj, h\u00e9, de h\u00fazz r\u00e1 egyet,<br \/>\nhaj, h\u00e9, de h\u00fazz r\u00e1 egyet,<br \/>\nhaj, h\u00e9, de h\u00fazz r\u00e1 egyet,<br \/>\nreggel mikor felkel.<br \/>\nHaj, h\u00e9, de h\u00fazz r\u00e1 egyet,<br \/>\nhaj, h\u00e9, de h\u00fazz r\u00e1 egyet,<br \/>\nhaj, h\u00e9, de h\u00fazz r\u00e1 egyet,<br \/>\nreggel mikor felkel.<br \/>\n&#8212;Sz\u00f3l\u00f3&#8212;<br \/>\nHaj, h\u00e9, de h\u00fazz r\u00e1 egyet,<br \/>\nhaj, h\u00e9, de h\u00fazz r\u00e1 egyet,<br \/>\nhaj, h\u00e9, de h\u00fazz r\u00e1 egyet,<br \/>\nreggel mikor felkel.<br \/>\nHaj, h\u00e9, de h\u00fazz r\u00e1 egyet,<br \/>\nhaj, h\u00e9, de h\u00fazz r\u00e1 egyet,<br \/>\nhaj, h\u00e9, de h\u00fazz r\u00e1 egyet,<br \/>\nreggel mikor felkel.<br \/>\n&#8212;V\u00e9ge&#8212;<\/p>\n","protected":false},"featured_media":18285,"template":"","meta":{"site-sidebar-layout":"default","site-content-layout":"default","ast-site-content-layout":"default","site-content-style":"default","site-sidebar-style":"default","ast-global-header-display":"","ast-banner-title-visibility":"","ast-main-header-display":"","ast-hfb-above-header-display":"","ast-hfb-below-header-display":"","ast-hfb-mobile-header-display":"","site-post-title":"","ast-breadcrumbs-content":"","ast-featured-img":"","footer-sml-layout":"","theme-transparent-header-meta":"default","adv-header-id-meta":"","stick-header-meta":"","header-above-stick-meta":"","header-main-stick-meta":"","header-below-stick-meta":"","astra-migrate-meta-layouts":"set","ast-page-background-enabled":"default","ast-page-background-meta":{"desktop":{"background-color":"var(--ast-global-color-4)","background-image":"","background-repeat":"repeat","background-position":"center center","background-size":"auto","background-attachment":"scroll","background-type":"","background-media":"","overlay-type":"","overlay-color":"","overlay-opacity":"","overlay-gradient":""},"tablet":{"background-color":"","background-image":"","background-repeat":"repeat","background-position":"center center","background-size":"auto","background-attachment":"scroll","background-type":"","background-media":"","overlay-type":"","overlay-color":"","overlay-opacity":"","overlay-gradient":""},"mobile":{"background-color":"","background-image":"","background-repeat":"repeat","background-position":"center center","background-size":"auto","background-attachment":"scroll","background-type":"","background-media":"","overlay-type":"","overlay-color":"","overlay-opacity":"","overlay-gradient":""}},"ast-content-background-meta":{"desktop":{"background-color":"var(--ast-global-color-5)","background-image":"","background-repeat":"repeat","background-position":"center center","background-size":"auto","background-attachment":"scroll","background-type":"","background-media":"","overlay-type":"","overlay-color":"","overlay-opacity":"","overlay-gradient":""},"tablet":{"background-color":"var(--ast-global-color-5)","background-image":"","background-repeat":"repeat","background-position":"center center","background-size":"auto","background-attachment":"scroll","background-type":"","background-media":"","overlay-type":"","overlay-color":"","overlay-opacity":"","overlay-gradient":""},"mobile":{"background-color":"var(--ast-global-color-5)","background-image":"","background-repeat":"repeat","background-position":"center center","background-size":"auto","background-attachment":"scroll","background-type":"","background-media":"","overlay-type":"","overlay-color":"","overlay-opacity":"","overlay-gradient":""}}},"product_cat":[48],"product_tag":[],"class_list":["post-4076","product","type-product","status-publish","has-post-thumbnail","hentry","product_cat-sunkaraoke-dalok","desktop-align-left","tablet-align-left","mobile-align-left"],"_links":{"self":[{"href":"https:\/\/www.sunkaraoke.hu\/index.php\/wp-json\/wp\/v2\/product\/4076","targetHints":{"allow":["GET"]}}],"collection":[{"href":"https:\/\/www.sunkaraoke.hu\/index.php\/wp-json\/wp\/v2\/product"}],"about":[{"href":"https:\/\/www.sunkaraoke.hu\/index.php\/wp-json\/wp\/v2\/types\/product"}],"wp:featuredmedia":[{"embeddable":true,"href":"https:\/\/www.sunkaraoke.hu\/index.php\/wp-json\/wp\/v2\/media\/18285"}],"wp:attachment":[{"href":"https:\/\/www.sunkaraoke.hu\/index.php\/wp-json\/wp\/v2\/media?parent=4076"}],"wp:term":[{"taxonomy":"product_cat","embeddable":true,"href":"https:\/\/www.sunkaraoke.hu\/index.php\/wp-json\/wp\/v2\/product_cat?post=4076"},{"taxonomy":"product_tag","embeddable":true,"href":"https:\/\/www.sunkaraoke.hu\/index.php\/wp-json\/wp\/v2\/product_tag?post=4076"}],"curies":[{"name":"wp","href":"https:\/\/api.w.org\/{rel}","templated":true}]}}