{"id":4072,"date":"2022-08-08T20:47:07","date_gmt":"2022-08-08T20:47:07","guid":{"rendered":"https:\/\/www.sunkaraoke.hu\/index.php\/termek\/retro-boys-romantika-2013\/"},"modified":"2025-04-09T17:11:07","modified_gmt":"2025-04-09T17:11:07","slug":"retro-boys-romantika-2013","status":"publish","type":"product","link":"https:\/\/www.sunkaraoke.hu\/index.php\/termek\/retro-boys-romantika-2013\/","title":{"rendered":"<div class=\"wcmp-player-container product-4072\"><audio controlslist=\"nodownload\" data-product=\"4072\"  volume=\"1\"  preload=\"none\" data-lazyloading=\"none\" class=\"wcmp-player track mejs-classic\" data-duration=\"0:32\" data-estimated_duration=\"4\"><source src=\"https:\/\/www.sunkaraoke.hu\/wp-content\/uploads\/2022\/08\/Romantika-RB-kdemoo.mp3\" type=\"audio\/mp3\" \/><\/audio><\/div>Retro Boys &#8211; Romantika (Original)"},"content":{"rendered":"<p><strong>04:24<\/strong> | <strong><img loading=\"lazy\" decoding=\"async\" class=\"alignnone size-full wp-image-467\" src=\"https:\/\/www.sunkaraoke.hu\/wp-content\/uploads\/2022\/07\/choir_2-copy.webp\" alt=\"\" width=\"30\" height=\"30\" \/> <\/strong><\/p>\n","protected":false},"excerpt":{"rendered":"<h6><strong>Bits\u0171r\u0171s\u00e9g: 320<\/strong>kb\/s<strong><br \/>\n<\/strong><strong>Hossz: <\/strong>04:24<strong><br \/>\n<\/strong><strong style=\"font-size: 16px;\">Vok\u00e1lt tartalmaz: <\/strong>Nem <img loading=\"lazy\" decoding=\"async\" class=\"alignnone size-full wp-image-467\" src=\"http:\/\/www.sunkaraoke.hu\/wp-content\/uploads\/2022\/07\/choir_2-copy.png\" alt=\"\" width=\"30\" height=\"30\" \/><strong style=\"font-size: 16px;\"><br \/>\n<\/strong><\/h6>\n<p>Sunkaraoke mp3 st\u00fadi\u00f3 \/ www.sunkaraoke.hu \/ Inf: Tel: 06 20 4275001<\/p>\n<p>&#8212;Intr\u00f3&#8212;<br \/>\nKedves elviszlek oda,<br \/>\nhol senki sem ismer, de \u00e9rtem a sz\u00f3t.<br \/>\nHol est\u00e9nk\u00e9nt ringat\u00f3 tengerr\u0151l,<br \/>\ndalolnak altat\u00f3t.<br \/>\nAz \u00e1lmok szer\u00e9nyek,<br \/>\na h\u00e1l\u00f3k er\u0151sek,<br \/>\nott ritka sz\u00f3, a romantika.<br \/>\nA part menti szikl\u00e1kra sz\u0151l\u0151,<br \/>\n\u00e9s mag\u00e1nyos h\u00e1z tapad,<br \/>\naz \u00f6r\u00f6k sz\u00e9l r\u00e1ncosra gy\u0171ri,<br \/>\na tengert, s az arcokat.<br \/>\nA f\u00e9nyek kem\u00e9nyek,<br \/>\naz \u00e1lmok ki\u00e9gnek,<br \/>\n\u00e9s porr\u00e1 hamvad a romantika.<br \/>\n&#8212;Sz\u00f3l\u00f3&#8212;<br \/>\nOtt d\u00e9lid\u0151n nem mozdul m\u00e1s,<br \/>\ncsak a megk\u00f6t\u00f6tt cs\u00f3nakok.<br \/>\nEgy eleven k\u00e9peslap elt\u00falzott,<br \/>\nsz\u00edneit l\u00e1thatod.<br \/>\nA f\u00e9nyek kem\u00e9nyek,<br \/>\naz \u00e1rnyak el\u00e9gnek,<br \/>\ncsak \u00e9jjel \u00e9led,<br \/>\na romantika.<br \/>\nMajd felhev\u00fclt part \u00f6l\u00e9n,<br \/>\nszeretlek forr\u00f3n, m\u00edg tart az \u00e9j,<br \/>\ns a meztelen tengerben,<br \/>\nh\u0171v\u00f6sen f\u00fcrd\u00fcnk, ha v\u00e9get \u00e9r.<br \/>\nA cs\u00f3kom s\u00f3s lesz,<br \/>\n\u00e9s hidd el, j\u00f3 lesz,<br \/>\nmert n\u00e9ha kell a romantika.<br \/>\n&#8212;V\u00e9ge&#8212;<\/p>\n","protected":false},"featured_media":17555,"template":"","meta":{"site-sidebar-layout":"default","site-content-layout":"default","ast-site-content-layout":"default","site-content-style":"default","site-sidebar-style":"default","ast-global-header-display":"","ast-banner-title-visibility":"","ast-main-header-display":"","ast-hfb-above-header-display":"","ast-hfb-below-header-display":"","ast-hfb-mobile-header-display":"","site-post-title":"","ast-breadcrumbs-content":"","ast-featured-img":"","footer-sml-layout":"","theme-transparent-header-meta":"default","adv-header-id-meta":"","stick-header-meta":"","header-above-stick-meta":"","header-main-stick-meta":"","header-below-stick-meta":"","astra-migrate-meta-layouts":"set","ast-page-background-enabled":"default","ast-page-background-meta":{"desktop":{"background-color":"var(--ast-global-color-4)","background-image":"","background-repeat":"repeat","background-position":"center center","background-size":"auto","background-attachment":"scroll","background-type":"","background-media":"","overlay-type":"","overlay-color":"","overlay-opacity":"","overlay-gradient":""},"tablet":{"background-color":"","background-image":"","background-repeat":"repeat","background-position":"center center","background-size":"auto","background-attachment":"scroll","background-type":"","background-media":"","overlay-type":"","overlay-color":"","overlay-opacity":"","overlay-gradient":""},"mobile":{"background-color":"","background-image":"","background-repeat":"repeat","background-position":"center center","background-size":"auto","background-attachment":"scroll","background-type":"","background-media":"","overlay-type":"","overlay-color":"","overlay-opacity":"","overlay-gradient":""}},"ast-content-background-meta":{"desktop":{"background-color":"var(--ast-global-color-5)","background-image":"","background-repeat":"repeat","background-position":"center center","background-size":"auto","background-attachment":"scroll","background-type":"","background-media":"","overlay-type":"","overlay-color":"","overlay-opacity":"","overlay-gradient":""},"tablet":{"background-color":"var(--ast-global-color-5)","background-image":"","background-repeat":"repeat","background-position":"center center","background-size":"auto","background-attachment":"scroll","background-type":"","background-media":"","overlay-type":"","overlay-color":"","overlay-opacity":"","overlay-gradient":""},"mobile":{"background-color":"var(--ast-global-color-5)","background-image":"","background-repeat":"repeat","background-position":"center center","background-size":"auto","background-attachment":"scroll","background-type":"","background-media":"","overlay-type":"","overlay-color":"","overlay-opacity":"","overlay-gradient":""}}},"product_cat":[46,48],"product_tag":[],"class_list":["post-4072","product","type-product","status-publish","has-post-thumbnail","hentry","product_cat-eredeti-karaoke-dalok","product_cat-sunkaraoke-dalok","desktop-align-left","tablet-align-left","mobile-align-left"],"_links":{"self":[{"href":"https:\/\/www.sunkaraoke.hu\/index.php\/wp-json\/wp\/v2\/product\/4072","targetHints":{"allow":["GET"]}}],"collection":[{"href":"https:\/\/www.sunkaraoke.hu\/index.php\/wp-json\/wp\/v2\/product"}],"about":[{"href":"https:\/\/www.sunkaraoke.hu\/index.php\/wp-json\/wp\/v2\/types\/product"}],"wp:featuredmedia":[{"embeddable":true,"href":"https:\/\/www.sunkaraoke.hu\/index.php\/wp-json\/wp\/v2\/media\/17555"}],"wp:attachment":[{"href":"https:\/\/www.sunkaraoke.hu\/index.php\/wp-json\/wp\/v2\/media?parent=4072"}],"wp:term":[{"taxonomy":"product_cat","embeddable":true,"href":"https:\/\/www.sunkaraoke.hu\/index.php\/wp-json\/wp\/v2\/product_cat?post=4072"},{"taxonomy":"product_tag","embeddable":true,"href":"https:\/\/www.sunkaraoke.hu\/index.php\/wp-json\/wp\/v2\/product_tag?post=4072"}],"curies":[{"name":"wp","href":"https:\/\/api.w.org\/{rel}","templated":true}]}}