{"id":4070,"date":"2022-08-08T20:47:07","date_gmt":"2022-08-08T20:47:07","guid":{"rendered":"https:\/\/www.sunkaraoke.hu\/index.php\/termek\/henna-hullanak-a-falevelek\/"},"modified":"2026-02-14T15:46:13","modified_gmt":"2026-02-14T13:46:13","slug":"henna-hullanak-a-falevelek","status":"publish","type":"product","link":"https:\/\/www.sunkaraoke.hu\/index.php\/termek\/henna-hullanak-a-falevelek\/","title":{"rendered":"<div class=\"wcmp-player-container product-4070\"><audio controlslist=\"nodownload\" data-product=\"4070\"  volume=\"1\"  preload=\"none\" data-lazyloading=\"none\" class=\"wcmp-player track mejs-classic\" data-duration=\"0:32\" data-estimated_duration=\"4\"><source src=\"https:\/\/www.sunkaraoke.hu\/wp-content\/uploads\/2022\/08\/Hullanak-a-falevelek-SF-demoo.mp3\" type=\"audio\/mp3\" \/><\/audio><\/div>Henna &#8211; Hullanak a falevelek (Original)"},"content":{"rendered":"<p><strong>02:46<\/strong> | <strong><img loading=\"lazy\" decoding=\"async\" class=\"alignnone size-full wp-image-467\" src=\"https:\/\/www.sunkaraoke.hu\/wp-content\/uploads\/2022\/07\/choir_2-copy.webp\" alt=\"\" width=\"30\" height=\"30\" \/> <\/strong><\/p>\n","protected":false},"excerpt":{"rendered":"<h6><strong>Bits\u0171r\u0171s\u00e9g: 320<\/strong>kb\/s<strong><br \/>\n<\/strong><strong>Hossz: <\/strong>02:46<strong><br \/>\n<\/strong><strong style=\"font-size: 16px;\">Vok\u00e1lt tartalmaz: <\/strong>Nem <img loading=\"lazy\" decoding=\"async\" class=\"alignnone size-full wp-image-467\" src=\"http:\/\/www.sunkaraoke.hu\/wp-content\/uploads\/2022\/07\/choir_2-copy.png\" alt=\"\" width=\"30\" height=\"30\" \/><strong style=\"font-size: 16px;\"><br \/>\n<\/strong><\/h6>\n<p>Sunkaraoke mp3 st\u00fadi\u00f3 \/ www.sunkaraoke.hu \/ Inf: Tel: 06 20 4275001<\/p>\n<p>&#8212;Intr\u00f3&#8212;<br \/>\nHullnak a falevelek, hajamba f\u00faj a sz\u00e9l,<br \/>\nk\u00f6nnycsepp mossa arcomat, mi\u00f3ta elment\u00e9l.<br \/>\nHullnak a falevelek, csendesen f\u00faj a sz\u00e9l,<br \/>\nnagyon f\u00e1j a sz\u00edvem , mi\u00f3ta elment\u00e9l.<\/p>\n<p>Nincs a f\u00f6ld\u00f6n semmi j\u00f3 nekem,<br \/>\nnem adhat az \u00e9let m\u00e1r nekem.<br \/>\nNem adhat senki semmi j\u00f3t,<br \/>\namit\u0151l \u00e9n boldogabb leszek.<br \/>\nHa nem dobog a sz\u00edved m\u00e1r nekem,<br \/>\nha nem \u00f6lel a k\u00e9t karod engem.<br \/>\nHa nem mosolyog r\u00e1m a k\u00e9t szemed,<br \/>\nnem kell az \u00e9letem.<\/p>\n<p>Hullnak a falevelek, b\u00facs\u00fat int a ny\u00e1r,<br \/>\nelk\u00f6sz\u00f6nt a boldogs\u00e1g, ami te volt\u00e1l.<br \/>\nHullnak a falevelek, minden perc \u00fagy f\u00e1j,<br \/>\nminden pillanat \u00fagy k\u00e9r, b\u00e1rcsak itt lenn\u00e9l.<\/p>\n<p>Nincs a f\u00f6ld\u00f6n semmi j\u00f3 nekem,<br \/>\nnem adhat az \u00e9let m\u00e1r nekem.<br \/>\nNem adhat senki semmi j\u00f3t,<br \/>\namit\u0151l \u00e9n boldogabb leszek.<br \/>\nHa nem dobog a sz\u00edved m\u00e1r nekem,<br \/>\nha nem \u00f6lel a k\u00e9t karod engem.<br \/>\nHa nem mosolyog r\u00e1m a k\u00e9t szemed,<br \/>\nnem kell az \u00e9letem.<br \/>\nNincs a f\u00f6ld\u00f6n semmi j\u00f3 nekem,<br \/>\nnem adhat az \u00e9let m\u00e1r nekem.<br \/>\nNem adhat senki semmi j\u00f3t,<br \/>\namit\u0151l \u00e9n boldogabb leszek.<br \/>\nHa nem dobog a sz\u00edved m\u00e1r nekem,<br \/>\nha nem \u00f6lel a k\u00e9t karod engem.<br \/>\nHa nem mosolyog r\u00e1m a k\u00e9t szemed,<br \/>\nnem kell az \u00e9letem.<br \/>\n&#8212;V\u00e9ge&#8212;<\/p>\n","protected":false},"featured_media":9303,"template":"","meta":{"site-sidebar-layout":"default","site-content-layout":"default","ast-site-content-layout":"default","site-content-style":"default","site-sidebar-style":"default","ast-global-header-display":"","ast-banner-title-visibility":"","ast-main-header-display":"","ast-hfb-above-header-display":"","ast-hfb-below-header-display":"","ast-hfb-mobile-header-display":"","site-post-title":"","ast-breadcrumbs-content":"","ast-featured-img":"","footer-sml-layout":"","theme-transparent-header-meta":"default","adv-header-id-meta":"","stick-header-meta":"","header-above-stick-meta":"","header-main-stick-meta":"","header-below-stick-meta":"","astra-migrate-meta-layouts":"set","ast-page-background-enabled":"default","ast-page-background-meta":{"desktop":{"background-color":"var(--ast-global-color-4)","background-image":"","background-repeat":"repeat","background-position":"center center","background-size":"auto","background-attachment":"scroll","background-type":"","background-media":"","overlay-type":"","overlay-color":"","overlay-opacity":"","overlay-gradient":""},"tablet":{"background-color":"","background-image":"","background-repeat":"repeat","background-position":"center center","background-size":"auto","background-attachment":"scroll","background-type":"","background-media":"","overlay-type":"","overlay-color":"","overlay-opacity":"","overlay-gradient":""},"mobile":{"background-color":"","background-image":"","background-repeat":"repeat","background-position":"center center","background-size":"auto","background-attachment":"scroll","background-type":"","background-media":"","overlay-type":"","overlay-color":"","overlay-opacity":"","overlay-gradient":""}},"ast-content-background-meta":{"desktop":{"background-color":"var(--ast-global-color-5)","background-image":"","background-repeat":"repeat","background-position":"center center","background-size":"auto","background-attachment":"scroll","background-type":"","background-media":"","overlay-type":"","overlay-color":"","overlay-opacity":"","overlay-gradient":""},"tablet":{"background-color":"var(--ast-global-color-5)","background-image":"","background-repeat":"repeat","background-position":"center center","background-size":"auto","background-attachment":"scroll","background-type":"","background-media":"","overlay-type":"","overlay-color":"","overlay-opacity":"","overlay-gradient":""},"mobile":{"background-color":"var(--ast-global-color-5)","background-image":"","background-repeat":"repeat","background-position":"center center","background-size":"auto","background-attachment":"scroll","background-type":"","background-media":"","overlay-type":"","overlay-color":"","overlay-opacity":"","overlay-gradient":""}}},"product_cat":[46],"product_tag":[],"class_list":["post-4070","product","type-product","status-publish","has-post-thumbnail","hentry","product_cat-eredeti-karaoke-dalok","desktop-align-left","tablet-align-left","mobile-align-left"],"_links":{"self":[{"href":"https:\/\/www.sunkaraoke.hu\/index.php\/wp-json\/wp\/v2\/product\/4070","targetHints":{"allow":["GET"]}}],"collection":[{"href":"https:\/\/www.sunkaraoke.hu\/index.php\/wp-json\/wp\/v2\/product"}],"about":[{"href":"https:\/\/www.sunkaraoke.hu\/index.php\/wp-json\/wp\/v2\/types\/product"}],"wp:featuredmedia":[{"embeddable":true,"href":"https:\/\/www.sunkaraoke.hu\/index.php\/wp-json\/wp\/v2\/media\/9303"}],"wp:attachment":[{"href":"https:\/\/www.sunkaraoke.hu\/index.php\/wp-json\/wp\/v2\/media?parent=4070"}],"wp:term":[{"taxonomy":"product_cat","embeddable":true,"href":"https:\/\/www.sunkaraoke.hu\/index.php\/wp-json\/wp\/v2\/product_cat?post=4070"},{"taxonomy":"product_tag","embeddable":true,"href":"https:\/\/www.sunkaraoke.hu\/index.php\/wp-json\/wp\/v2\/product_tag?post=4070"}],"curies":[{"name":"wp","href":"https:\/\/api.w.org\/{rel}","templated":true}]}}