{"id":4067,"date":"2022-08-08T20:47:07","date_gmt":"2022-08-08T20:47:07","guid":{"rendered":"https:\/\/www.sunkaraoke.hu\/index.php\/termek\/henna-elhuzatom-a-notamat\/"},"modified":"2025-04-04T09:59:16","modified_gmt":"2025-04-04T09:59:16","slug":"henna-elhuzatom-a-notamat","status":"publish","type":"product","link":"https:\/\/www.sunkaraoke.hu\/index.php\/termek\/henna-elhuzatom-a-notamat\/","title":{"rendered":"<div class=\"wcmp-player-container product-4067\"><audio controlslist=\"nodownload\" data-product=\"4067\"  volume=\"1\"  preload=\"none\" data-lazyloading=\"none\" class=\"wcmp-player track mejs-classic\" data-duration=\"0:32\" data-estimated_duration=\"4\"><source src=\"https:\/\/www.sunkaraoke.hu\/wp-content\/uploads\/2022\/08\/Elhuzatom-a-notamat-vocal-SF-demooo.mp3\" type=\"audio\/mp3\" \/><\/audio><\/div>Henna &#8211; Elh\u00fazatom a n\u00f3t\u00e1mat (Original)"},"content":{"rendered":"<p><strong>03:32<\/strong> | <strong><img loading=\"lazy\" decoding=\"async\" class=\"alignnone size-full wp-image-466\" src=\"https:\/\/www.sunkaraoke.hu\/wp-content\/uploads\/2022\/07\/choir_1-copy.webp\" alt=\"\" width=\"30\" height=\"30\" \/> <\/strong><\/p>\n","protected":false},"excerpt":{"rendered":"<h6><strong>Bits\u0171r\u0171s\u00e9g: 320<\/strong>kb\/s<strong><br \/>\n<\/strong><strong>Hossz: <\/strong>03:32<strong><br \/>\n<\/strong><strong style=\"font-size: 16px;\">Vok\u00e1lt tartalmaz: <\/strong>Igen <img loading=\"lazy\" decoding=\"async\" class=\"alignnone size-full wp-image-466\" src=\"http:\/\/www.sunkaraoke.hu\/wp-content\/uploads\/2022\/07\/choir_1-copy.png\" alt=\"\" width=\"30\" height=\"30\" \/><strong style=\"font-size: 16px;\"><br \/>\n<\/strong><\/h6>\n<p>Sunkaraoke mp3 st\u00fadi\u00f3 \/ www.sunkaraoke.hu \/ Inf: Tel: 06 20 4275001<\/p>\n<p>&#8212;Intr\u00f3&#8212;<br \/>\nGyermekkorom \u00f3ta j\u00f3l tudom, sz\u00edvemben \u00e9lnek a dallamok,<br \/>\nbennem minden dallam v\u00e9rr\u00e9 v\u00e1lt.<br \/>\nHa n\u00e9ha lelkem f\u00e1jt, ott volt egy j\u00f3 bar\u00e1t,<br \/>\na heged\u0171sz\u00f3 sz\u00edvemben boldogs\u00e1gg\u00e1 v\u00e1lt.<\/p>\n<p>Elh\u00fazatom a n\u00f3t\u00e1mat mert oly boldog vagyok,<br \/>\na sok sok rossz \u00fat\u00e1n j\u00f6nnek a boldog sz\u00e9p napok.<br \/>\nEgy \u00e9let\u00fcnk van a f\u00f6ld\u00f6n, csak egyszer \u00e9l\u00fcnk tal\u00e1n,<br \/>\nam\u00edg a heged\u0171 dalol, csak addig van boldogs\u00e1g.<br \/>\nMulassunk h\u00e1t&#8230;.<br \/>\n&#8212;Sz\u00f3l\u00f3&#8212;<\/p>\n<p>Becsapni nem tudn\u00e1m magam, mulatni mindig a v\u00e9rem hajt,<br \/>\n\u00e1tmulatn\u00e1m \u00e9n minden \u00e9jszak\u00e1t.<br \/>\n\u00c9s ha lelkem f\u00e1j, itt van egy j\u00f3bar\u00e1t,<br \/>\na heged\u0171sz\u00f3 sz\u00edvemben boldogs\u00e1gg\u00e1 v\u00e1lt.<\/p>\n<p>Elh\u00fazatom a n\u00f3t\u00e1mat mert oly boldog vagyok,<br \/>\na sok sok rossz \u00fat\u00e1n j\u00f6nnek, a boldog sz\u00e9p napok.<br \/>\nEgy \u00e9let\u00fcnk van a f\u00f6ld\u00f6n, csak egyszer \u00e9l\u00fcnk tal\u00e1n,<br \/>\nam\u00edg a heged\u0171 dalol, csak addig van boldogs\u00e1g.<br \/>\nMulassunk h\u00e1t&#8230;.<br \/>\n&#8212;Sz\u00f3l\u00f3&#8212;<br \/>\nElh\u00fazatom a n\u00f3t\u00e1mat mert oly boldog vagyok,<br \/>\na sok sok rossz \u00fat\u00e1n j\u00f6nnek, a boldog sz\u00e9p napok.<br \/>\nEgy \u00e9let\u00fcnk van a f\u00f6ld\u00f6n, csak egyszer \u00e9l\u00fcnk tal\u00e1n,<br \/>\nam\u00edg a heged\u0171 dalol, csak addig van boldogs\u00e1g.<br \/>\nElh\u00fazatom a n\u00f3t\u00e1mat mert oly boldog vagyok,<br \/>\na sok sok rossz \u00fat\u00e1n j\u00f6nnek, a boldog sz\u00e9p napok.<br \/>\nEgy \u00e9let\u00fcnk van a f\u00f6ld\u00f6n, csak egyszer \u00e9l\u00fcnk tal\u00e1n,<br \/>\nam\u00edg a heged\u0171 dalol, csak addig van boldogs\u00e1g.<br \/>\nMulassunk h\u00e1t&#8230;.<br \/>\n&#8212;V\u00e9ge&#8212;<\/p>\n","protected":false},"featured_media":9303,"template":"","meta":{"site-sidebar-layout":"default","site-content-layout":"default","ast-site-content-layout":"default","site-content-style":"default","site-sidebar-style":"default","ast-global-header-display":"","ast-banner-title-visibility":"","ast-main-header-display":"","ast-hfb-above-header-display":"","ast-hfb-below-header-display":"","ast-hfb-mobile-header-display":"","site-post-title":"","ast-breadcrumbs-content":"","ast-featured-img":"","footer-sml-layout":"","theme-transparent-header-meta":"default","adv-header-id-meta":"","stick-header-meta":"","header-above-stick-meta":"","header-main-stick-meta":"","header-below-stick-meta":"","astra-migrate-meta-layouts":"set","ast-page-background-enabled":"default","ast-page-background-meta":{"desktop":{"background-color":"var(--ast-global-color-4)","background-image":"","background-repeat":"repeat","background-position":"center center","background-size":"auto","background-attachment":"scroll","background-type":"","background-media":"","overlay-type":"","overlay-color":"","overlay-opacity":"","overlay-gradient":""},"tablet":{"background-color":"","background-image":"","background-repeat":"repeat","background-position":"center center","background-size":"auto","background-attachment":"scroll","background-type":"","background-media":"","overlay-type":"","overlay-color":"","overlay-opacity":"","overlay-gradient":""},"mobile":{"background-color":"","background-image":"","background-repeat":"repeat","background-position":"center center","background-size":"auto","background-attachment":"scroll","background-type":"","background-media":"","overlay-type":"","overlay-color":"","overlay-opacity":"","overlay-gradient":""}},"ast-content-background-meta":{"desktop":{"background-color":"var(--ast-global-color-5)","background-image":"","background-repeat":"repeat","background-position":"center center","background-size":"auto","background-attachment":"scroll","background-type":"","background-media":"","overlay-type":"","overlay-color":"","overlay-opacity":"","overlay-gradient":""},"tablet":{"background-color":"var(--ast-global-color-5)","background-image":"","background-repeat":"repeat","background-position":"center center","background-size":"auto","background-attachment":"scroll","background-type":"","background-media":"","overlay-type":"","overlay-color":"","overlay-opacity":"","overlay-gradient":""},"mobile":{"background-color":"var(--ast-global-color-5)","background-image":"","background-repeat":"repeat","background-position":"center center","background-size":"auto","background-attachment":"scroll","background-type":"","background-media":"","overlay-type":"","overlay-color":"","overlay-opacity":"","overlay-gradient":""}}},"product_cat":[55],"product_tag":[],"class_list":["post-4067","product","type-product","status-publish","has-post-thumbnail","hentry","product_cat-sihell-ferry","desktop-align-left","tablet-align-left","mobile-align-left"],"_links":{"self":[{"href":"https:\/\/www.sunkaraoke.hu\/index.php\/wp-json\/wp\/v2\/product\/4067","targetHints":{"allow":["GET"]}}],"collection":[{"href":"https:\/\/www.sunkaraoke.hu\/index.php\/wp-json\/wp\/v2\/product"}],"about":[{"href":"https:\/\/www.sunkaraoke.hu\/index.php\/wp-json\/wp\/v2\/types\/product"}],"wp:featuredmedia":[{"embeddable":true,"href":"https:\/\/www.sunkaraoke.hu\/index.php\/wp-json\/wp\/v2\/media\/9303"}],"wp:attachment":[{"href":"https:\/\/www.sunkaraoke.hu\/index.php\/wp-json\/wp\/v2\/media?parent=4067"}],"wp:term":[{"taxonomy":"product_cat","embeddable":true,"href":"https:\/\/www.sunkaraoke.hu\/index.php\/wp-json\/wp\/v2\/product_cat?post=4067"},{"taxonomy":"product_tag","embeddable":true,"href":"https:\/\/www.sunkaraoke.hu\/index.php\/wp-json\/wp\/v2\/product_tag?post=4067"}],"curies":[{"name":"wp","href":"https:\/\/api.w.org\/{rel}","templated":true}]}}