{"id":4057,"date":"2022-08-08T20:47:06","date_gmt":"2022-08-08T20:47:06","guid":{"rendered":"https:\/\/www.sunkaraoke.hu\/index.php\/termek\/suzy-jolly-iszom-iszom-2\/"},"modified":"2025-03-27T10:50:58","modified_gmt":"2025-03-27T10:50:58","slug":"suzy-jolly-iszom-iszom-2","status":"publish","type":"product","link":"https:\/\/www.sunkaraoke.hu\/index.php\/termek\/suzy-jolly-iszom-iszom-2\/","title":{"rendered":"<div class=\"wcmp-player-container product-4057\"><audio controlslist=\"nodownload\" data-product=\"4057\"  volume=\"1\"  preload=\"none\" data-lazyloading=\"none\" class=\"wcmp-player track mejs-classic\" data-duration=\"0:32\" data-estimated_duration=\"4\"><source src=\"https:\/\/www.sunkaraoke.hu\/wp-content\/uploads\/2022\/08\/Iszom-iszom-N_demo.mp3\" type=\"audio\/mp3\" \/><\/audio><\/div>Suzy &#038; Jolly &#8211; Iszom, iszom (Original)"},"content":{"rendered":"<p><strong>03:55<\/strong> | <strong><img loading=\"lazy\" decoding=\"async\" class=\"alignnone size-full wp-image-467\" src=\"https:\/\/www.sunkaraoke.hu\/wp-content\/uploads\/2022\/07\/choir_2-copy.webp\" alt=\"\" width=\"30\" height=\"30\" \/> <\/strong><\/p>\n","protected":false},"excerpt":{"rendered":"<h6>Bits\u0171r\u0171s\u00e9g: 320 kb\/s<br \/>\nHossz: 03:55<br \/>\nVok\u00e1lt tartalmaz: Nem <img loading=\"lazy\" decoding=\"async\" class=\"alignnone size-full wp-image-467\" src=\"http:\/\/www.sunkaraoke.hu\/wp-content\/uploads\/2022\/07\/choir_2-copy.png\" alt=\"\" width=\"30\" height=\"30\" \/><strong style=\"font-size: 16px;\"><br \/>\n<\/strong><\/h6>\n<p>Sunkaraoke mp3 st\u00fadi\u00f3 \/ www.sunkaraoke.hu \/ Inf: Tel: 06 20 4275001<\/p>\n<p>&#8212;Intr\u00f3&#8212;<br \/>\nIszom-iszom veled iszom, j\u00f3 a muzsika,<br \/>\nel\u00e9neklem \u00e9n a n\u00f3t\u00e1m minden \u00e9jszaka.<br \/>\nSok p\u00e9nzem nincsen,de boldog sz\u00edvem,<br \/>\njaj Istenk\u00e9m szerelmes vagyok.<\/p>\n<p>&#8212;Sz\u00f3l\u00f3&#8212;<br \/>\n\u00d3h amerre j\u00e1rok \u00e9n, boldog lesz a sz\u00edvem,<br \/>\nszabad a cs\u00f3k, szabad a t\u00e1nc,b\u00e1nat t\u00f6bb\u00e9 nincsen<br \/>\nEgy \u00e1lmatlan \u00e9jszak\u00e1n, elrabolt\u00e1k sz\u00edvem,<br \/>\nh\u00e1rom \u00e9jjel,h\u00e1rom nap, \u00e9rted sz\u00f3l az \u00e9nek.<\/p>\n<p>Iszom iszom veled iszom, j\u00f3 a muzsika,<br \/>\nel\u00e9neklem \u00e9n a n\u00f3t\u00e1m minden \u00e9jszaka.<br \/>\nSok p\u00e9nzem nincsen, de boldog sz\u00edvem,<br \/>\njaj Istenk\u00e9m szerelmes vagyok.<\/p>\n<p>Iszom iszom veled iszom, j\u00f3 a muzsika,<br \/>\nel\u00e9neklem \u00e9n a n\u00f3t\u00e1m minden \u00e9jszaka.<br \/>\nSok p\u00e9nzem nincsen, de boldog sz\u00edvem,<br \/>\njaj Istenk\u00e9m szerelmes vagyok.<br \/>\n&#8212;Sz\u00f3l\u00f3&#8212;<br \/>\nCsillagos az \u00e9jszaka, boldog lett a lelkem,<br \/>\nelf\u00fajta a b\u00e1natom, az \u0151szi sz\u00e9l oly r\u00e9gen.<br \/>\nSzabad a cs\u00f3k, szabad a t\u00e1nc, szabad az \u00e9n sz\u00edvem,<br \/>\nh\u00e1rom \u00e9jjel,h\u00e1rom nap, \u00e9rted sz\u00f3l az \u00e9nek.<\/p>\n<p>Iszom iszom veled iszom, j\u00f3 a muzsika,<br \/>\nel\u00e9neklem \u00e9n a n\u00f3t\u00e1m minden \u00e9jszaka.<br \/>\nSok p\u00e9nzem nincsen, de boldog sz\u00edvem,<br \/>\njaj Istenk\u00e9m szerelmes vagyok.<\/p>\n<p>Iszom iszom veled iszom, j\u00f3 a muzsika,<br \/>\nel\u00e9neklem \u00e9n a n\u00f3t\u00e1m minden \u00e9jszaka.<br \/>\nSok p\u00e9nzem nincsen,de boldog sz\u00edvem,<br \/>\njaj Istenk\u00e9m szerelmes vagyok.<br \/>\n&#8212;Sz\u00f3l\u00f3&#8212;<br \/>\nIszom iszom veled iszom, j\u00f3 a muzsika,<br \/>\nel\u00e9neklem \u00e9n a n\u00f3t\u00e1m minden \u00e9jszaka.<br \/>\nSok p\u00e9nzem nincsen, de boldog sz\u00edvem,<br \/>\njaj Istenk\u00e9m szerelmes vagyok.<br \/>\nIszom iszom veled iszom, j\u00f3 a muzsika,<br \/>\nel\u00e9neklem \u00e9n a n\u00f3t\u00e1m minden \u00e9jszaka.<br \/>\nSok p\u00e9nzem nincsen, de boldog sz\u00edvem,<br \/>\njaj Istenk\u00e9m szerelmes vagyok.<br \/>\nIszom iszom veled iszom, j\u00f3 a muzsika,<br \/>\nel\u00e9neklem \u00e9n a n\u00f3t\u00e1m minden \u00e9jszaka.<br \/>\nSok p\u00e9nzem nincsen, de boldog sz\u00edvem,<br \/>\njaj Istenk\u00e9m szerelmes vagyok.<br \/>\nIszom iszom veled iszom, j\u00f3 a muzsika,<br \/>\nel\u00e9neklem \u00e9n a n\u00f3t\u00e1m minden \u00e9jszaka.<br \/>\nSok p\u00e9nzem nincsen,de boldog sz\u00edvem,<br \/>\njaj Istenk\u00e9m szerelmes vagyok.<br \/>\n&#8212;V\u00e9ge&#8212;<\/p>\n","protected":false},"featured_media":9007,"template":"","meta":{"site-sidebar-layout":"default","site-content-layout":"default","ast-site-content-layout":"default","site-content-style":"default","site-sidebar-style":"default","ast-global-header-display":"","ast-banner-title-visibility":"","ast-main-header-display":"","ast-hfb-above-header-display":"","ast-hfb-below-header-display":"","ast-hfb-mobile-header-display":"","site-post-title":"","ast-breadcrumbs-content":"","ast-featured-img":"","footer-sml-layout":"","theme-transparent-header-meta":"default","adv-header-id-meta":"","stick-header-meta":"","header-above-stick-meta":"","header-main-stick-meta":"","header-below-stick-meta":"","astra-migrate-meta-layouts":"set","ast-page-background-enabled":"default","ast-page-background-meta":{"desktop":{"background-color":"var(--ast-global-color-4)","background-image":"","background-repeat":"repeat","background-position":"center center","background-size":"auto","background-attachment":"scroll","background-type":"","background-media":"","overlay-type":"","overlay-color":"","overlay-opacity":"","overlay-gradient":""},"tablet":{"background-color":"","background-image":"","background-repeat":"repeat","background-position":"center center","background-size":"auto","background-attachment":"scroll","background-type":"","background-media":"","overlay-type":"","overlay-color":"","overlay-opacity":"","overlay-gradient":""},"mobile":{"background-color":"","background-image":"","background-repeat":"repeat","background-position":"center center","background-size":"auto","background-attachment":"scroll","background-type":"","background-media":"","overlay-type":"","overlay-color":"","overlay-opacity":"","overlay-gradient":""}},"ast-content-background-meta":{"desktop":{"background-color":"var(--ast-global-color-5)","background-image":"","background-repeat":"repeat","background-position":"center center","background-size":"auto","background-attachment":"scroll","background-type":"","background-media":"","overlay-type":"","overlay-color":"","overlay-opacity":"","overlay-gradient":""},"tablet":{"background-color":"var(--ast-global-color-5)","background-image":"","background-repeat":"repeat","background-position":"center center","background-size":"auto","background-attachment":"scroll","background-type":"","background-media":"","overlay-type":"","overlay-color":"","overlay-opacity":"","overlay-gradient":""},"mobile":{"background-color":"var(--ast-global-color-5)","background-image":"","background-repeat":"repeat","background-position":"center center","background-size":"auto","background-attachment":"scroll","background-type":"","background-media":"","overlay-type":"","overlay-color":"","overlay-opacity":"","overlay-gradient":""}}},"product_cat":[48],"product_tag":[],"class_list":["post-4057","product","type-product","status-publish","has-post-thumbnail","hentry","product_cat-sunkaraoke-dalok","desktop-align-left","tablet-align-left","mobile-align-left"],"_links":{"self":[{"href":"https:\/\/www.sunkaraoke.hu\/index.php\/wp-json\/wp\/v2\/product\/4057","targetHints":{"allow":["GET"]}}],"collection":[{"href":"https:\/\/www.sunkaraoke.hu\/index.php\/wp-json\/wp\/v2\/product"}],"about":[{"href":"https:\/\/www.sunkaraoke.hu\/index.php\/wp-json\/wp\/v2\/types\/product"}],"wp:featuredmedia":[{"embeddable":true,"href":"https:\/\/www.sunkaraoke.hu\/index.php\/wp-json\/wp\/v2\/media\/9007"}],"wp:attachment":[{"href":"https:\/\/www.sunkaraoke.hu\/index.php\/wp-json\/wp\/v2\/media?parent=4057"}],"wp:term":[{"taxonomy":"product_cat","embeddable":true,"href":"https:\/\/www.sunkaraoke.hu\/index.php\/wp-json\/wp\/v2\/product_cat?post=4057"},{"taxonomy":"product_tag","embeddable":true,"href":"https:\/\/www.sunkaraoke.hu\/index.php\/wp-json\/wp\/v2\/product_tag?post=4057"}],"curies":[{"name":"wp","href":"https:\/\/api.w.org\/{rel}","templated":true}]}}