{"id":4043,"date":"2022-08-08T20:47:04","date_gmt":"2022-08-08T20:47:04","guid":{"rendered":"https:\/\/www.sunkaraoke.hu\/index.php\/termek\/kocsis-janika-kocsis-janika-mulatos-mix-03\/"},"modified":"2025-04-06T11:37:36","modified_gmt":"2025-04-06T11:37:36","slug":"kocsis-janika-kocsis-janika-mulatos-mix-03","status":"publish","type":"product","link":"https:\/\/www.sunkaraoke.hu\/index.php\/termek\/kocsis-janika-kocsis-janika-mulatos-mix-03\/","title":{"rendered":"<div class=\"wcmp-player-container product-4043\"><audio controlslist=\"nodownload\" data-product=\"4043\"  volume=\"1\"  preload=\"none\" data-lazyloading=\"none\" class=\"wcmp-player track mejs-classic\" data-duration=\"0:37\" data-estimated_duration=\"4\"><source src=\"https:\/\/www.sunkaraoke.hu\/wp-content\/uploads\/2022\/08\/Kocsis-Janika-Mulatos-mix-03_demo.mp3\" type=\"audio\/mp3\" \/><\/audio><\/div>Kocsis Janika &#8211; Kocsis Janika Mulat\u00f3s mix 03. (SB Edition)"},"content":{"rendered":"<p><strong>23:40<\/strong>\u00a0| <strong><img loading=\"lazy\" decoding=\"async\" class=\"alignnone size-full wp-image-467\" src=\"https:\/\/www.sunkaraoke.hu\/wp-content\/uploads\/2022\/07\/choir_2-copy.webp\" alt=\"\" width=\"30\" height=\"30\" \/><\/strong><\/p>\n","protected":false},"excerpt":{"rendered":"<h6><strong>Bits\u0171r\u0171s\u00e9g: 320kb\/s<\/strong><br \/>\n<strong>Hossz: 23:40<\/strong><br \/>\n<strong>Vok\u00e1lt tartalmaz: Nem <img loading=\"lazy\" decoding=\"async\" class=\"alignnone size-full wp-image-467\" src=\"http:\/\/www.sunkaraoke.hu\/wp-content\/uploads\/2022\/07\/choir_2-copy.png\" alt=\"\" width=\"30\" height=\"30\" \/><\/strong><strong style=\"font-size: 16px;\"><br \/>\n<\/strong><\/h6>\n<p>&#8212;Intr\u00f3&#8212;<br \/>\nLakodalom van a mi utc\u00e1nkba&#8217;,ide hallik cseng\u0151 muzsik\u00e1ja,<br \/>\nhivatalos vagyok oda \u00e9n is,<br \/>\nde nem menn\u00e9k el, ha sz\u00e1zszor \u00fczenn\u00e9k is.<br \/>\nhivatalos vagyok oda \u00e9n is,<br \/>\nde nem menn\u00e9k el, ha sz\u00e1zszor \u00fczenn\u00e9k is.<br \/>\nV\u00e9ge van m\u00e1r a lakodalomnak, nagy b\u00e1nata van a menyasszonynak.<br \/>\nForgatja a karikagy\u0171r\u0171j\u00e9t, sajn\u00e1lja a r\u00e9gi szeret\u0151j\u00e9t.<br \/>\nForgatja a karikagy\u0171r\u0171j\u00e9t, sajn\u00e1lja a r\u00e9gi szeret\u0151j\u00e9t.<br \/>\n&#8212;Sz\u00f3l\u00f3&#8212;<br \/>\nEste viszik a menyasszony \u00e1gy\u00e1t,<br \/>\nellopt\u00e1k a nyoszolya n\u00e9gy l\u00e1b\u00e1t,<br \/>\nde addig asszony nem fekszel az \u00e1gyba,<br \/>\nm\u00edg meg nem lesz a nyoszolya n\u00e9gy l\u00e1ba!<br \/>\nDe addig asszony nem fekszel az \u00e1gyba,<br \/>\nm\u00edg meg nem lesz a nyoszolya n\u00e9gy l\u00e1ba!<br \/>\nMegvan m\u00e1r a nyoszolya n\u00e9gy l\u00e1ba,<br \/>\nmostm\u00e1r asszony befekhetsz az \u00e1gyba,<br \/>\ntedd a l\u00e1bad V-bet\u0171 form\u00e1ba,<br \/>\nhadd mozogjon a nyoszolya n\u00e9gy l\u00e1ba!<br \/>\nTedd a l\u00e1bad V-bet\u0171 form\u00e1ba,<br \/>\nhadd mozogjon a nyoszolya n\u00e9gy l\u00e1ba!<br \/>\n&#8212;Sz\u00f3l\u00f3&#8212;<br \/>\nNyisd ki bab\u00e1m az ajt\u00f3t,<br \/>\ncsendesen mert meghallj\u00e1k a szomsz\u00e9dok.<br \/>\nNyisd ki bab\u00e1m az ajt\u00f3t,<br \/>\ncsendesen mert meghalj\u00e1k a szomsz\u00e9dok.<br \/>\nHa meg hallj\u00e1k hadd halj\u00e1k,<br \/>\nugy is tudja m\u00e1r az eg\u00e9sz vil\u00e1g,<br \/>\nhogy \u00e9n t\u00e9ged szeretlek,<br \/>\nhogy \u00e9n t\u00e9ged soha el nem feledlek.<br \/>\nHa meg hallj\u00e1k hadd hallj\u00e1k, \u00fagy is tudja m\u00e1r az vil\u00e1g,<br \/>\nhogy \u00e9n t\u00e9ged szeretlek,hogy \u00e9n t\u00e9ged soha el nem feledlek.<br \/>\n&#8212;Sz\u00f3l\u00f3&#8212;<br \/>\nHa meg hallj\u00e1k hadd hallj\u00e1k, \u00fagy is tudja m\u00e1r az vil\u00e1g,<br \/>\nhogy \u00e9n t\u00e9ged szeretlek,hogy \u00e9n t\u00e9ged soha el nem feledlek.<br \/>\nHa meg hallj\u00e1k hadd hallj\u00e1k, \u00fagy is tudja m\u00e1r az vil\u00e1g,<br \/>\nhogy \u00e9n t\u00e9ged szeretlek,hogy \u00e9n t\u00e9ged soha el nem feledlek.<br \/>\n&#8212;Sz\u00f3l\u00f3&#8212;<br \/>\nOrsz\u00e1g\u00faton hossz\u00fa a jegenyesor, hossz\u00fa a jegenyesor haz\u00e1ig.<br \/>\nCsizm\u00e1m talpa sz\u00e1zszor is beleragad,sz\u00e1zszor is beleragad a s\u00e1rba.<br \/>\nNincsen p\u00e9nzem a vonatra,szeret\u0151m sincs, aki haza hozatna.<br \/>\nF\u00e1radt l\u00e1bam est\u00e9re hazatal\u00e1l,nem messze van ide Kolozsv\u00e1r.<br \/>\nNincsen p\u00e9nzem a vonatra,szeret\u0151m sincs, aki haza hozatna.<br \/>\nF\u00e1radt l\u00e1bam est\u00e9re hazatal\u00e1l,nem messze van ide Kolozsv\u00e1r.<br \/>\n&#8212;Sz\u00f3l\u00f3&#8212;<br \/>\nEz a kisl\u00e1ny akkor s\u00edr, mikor koszor\u00fa van a fej\u00e9n,<br \/>\nfelmegy az isten h\u00e1z\u00e1ba , r\u00e1bor\u00fal az \u00far asztal\u00e1ra.<br \/>\nCsattos imak\u00f6nyv van a kez\u00e9be, r\u00e9gi szeret\u0151je j\u00e1r az esz\u00e9be.<br \/>\nP\u00e1ros csillag az \u00e9gen, ragyog a fekete szem\u00e9ben.<br \/>\nCsattos imak\u00f6nyv van a kez\u00e9be, r\u00e9gi szeret\u0151je j\u00e1r az esz\u00e9be.<br \/>\nP\u00e1ros csillag az \u00e9gen, ragyog a fekete szem\u00e9ben.<br \/>\nEgy kett\u0151r\u0151l, h\u00e1romra, befogom az any\u00f3som a j\u00e1romba.<br \/>\nKihajtom a tany\u00e1ra, befogom a t\u00f6bbi marha sor\u00e1ba.<br \/>\nSz\u00e9n\u00e1t teszek el\u00e9je, hadd legyek az \u00f6regasszony kedv\u00e9re.<br \/>\nNe s\u00edrj cs\u00e1rd\u00e1s any\u00f3som, itat\u00e1sn\u00e1l a k\u00f6telet eloldom.<br \/>\nSz\u00e9n\u00e1t teszek el\u00e9je, hadd legyek az \u00f6regasszony kedv\u00e9re.<br \/>\nNe s\u00edrj cs\u00e1rd\u00e1s any\u00f3som, itat\u00e1sn\u00e1l a k\u00f6telet eloldom.<br \/>\nHaragszik az \u00e9desany\u00e1m , m\u00e9rt j\u00e1rok a l\u00e1nyok ut\u00e1n.<br \/>\nNe haragudj \u00e9desany\u00e1m , ut\u00e1nad is j\u00e1rt az ap\u00e1m .<br \/>\nN\u00e9ha napj\u00e1n vas\u00e1rnap!<br \/>\nNe haragudj \u00e9desany\u00e1m , ut\u00e1nad is j\u00e1rt az ap\u00e1m .<br \/>\nN\u00e9ha napj\u00e1n vas\u00e1rnap!<br \/>\n&#8212;Sz\u00f3l\u00f3&#8212;<br \/>\nNe haragudj \u00e9desany\u00e1m , ut\u00e1nad is j\u00e1rt az ap\u00e1m .<br \/>\nN\u00e9ha napj\u00e1n vas\u00e1rnap!<br \/>\nNe haragudj \u00e9desany\u00e1m , ut\u00e1nad is j\u00e1rt az ap\u00e1m .<br \/>\nN\u00e9ha napj\u00e1n vas\u00e1rnap!<br \/>\n\u00c9desany\u00e1m nem tudok el aludni,h\u00e1zunk el\u0151tt leg\u00e9nyt hallok besz\u00e9lni.<br \/>\n\u00c9desany\u00e1m eresszen ki hozz\u00e1ja, f\u00e1j a sz\u00edvem, majd meghalok ut\u00e1na.<br \/>\n\u00c9desany\u00e1m eresszen ki hozz\u00e1ja, f\u00e1j a sz\u00edvem, majd meghalok ut\u00e1na.<br \/>\nR\u00e1 \u00e9rsz te m\u00e9g \u00e9des l\u00e1nyom kimenni,r\u00e1 \u00e9rsz te m\u00e9g a kapuban besz\u00e9lni.<br \/>\nJ\u00f3l van any\u00e1m j\u00f3l tudom, hogy r\u00e1\u00e9rek,azt is tudom hogy nem sok\u00e1ig \u00e9lek.<br \/>\nJ\u00f3l van any\u00e1m j\u00f3l tudom, hogy r\u00e1\u00e9rek,azt is tudom hogy nem sok\u00e1ig \u00e9lek.<br \/>\nZ\u00f6ld erd\u0151ben terem a m\u00e9rges k\u00edgy\u00f3 sz\u00e9p le\u00e1nyb\u00f3l lesz a leg\u00e9ny cs\u00e1b\u00edt\u00f3.<br \/>\n\u00c9desany\u00e1m de j\u00f3 annak, ki cs\u00fanya, szeg\u00e9ny leg\u00e9ny sz\u00edv\u00e9t nem szomor\u00edtja.<br \/>\n\u00c9desany\u00e1m de j\u00f3 annak, ki cs\u00fanya, szeg\u00e9ny leg\u00e9ny sz\u00edv\u00e9t nem szomor\u00edtja.<br \/>\n&#8212;Sz\u00f3l\u00f3&#8212;<br \/>\n\u00c9desany\u00e1m de j\u00f3 annak, ki cs\u00fanya, szeg\u00e9ny leg\u00e9ny sz\u00edv\u00e9t nem szomor\u00edtja.<br \/>\nSz\u00e9p asszonynak uriz\u00e1lok, kuriz\u00e1lok, kuriz\u00e1lok,<br \/>\naz ur\u00e1nak fittyet h\u00e1nyok, fittyet h\u00e1nyok, fittyet h\u00e1nyok.<br \/>\nJaj, jaj, jaj, jaj a sz\u00edvem, meg ne tudja senki sem,<br \/>\nhogy \u00e9n \u00e9n ezt a barna kisl\u00e1nyt szeretem.<br \/>\nCsak a cig\u00e1ny egyed\u00fcl, aki n\u00e9kem heged\u00fcl,csak azt tudja egyes egyed\u00fcl.<br \/>\nJaj, jaj, jaj, jaj a sz\u00edvem, meg ne tudja senki sem,<br \/>\nhogy \u00e9n \u00e9n ezt a barna kisl\u00e1nyt szeretem.<br \/>\nCsak a cig\u00e1ny egyed\u00fcl, aki n\u00e9kem heged\u00fcl,csak azt tudja egyes egyed\u00fcl.<br \/>\nH\u00e1zuk el\u0151tt van egy \u00e1rok, van egy \u00e1rok, van egy \u00e1rok,<br \/>\nminden este arra j\u00e1rok, arra j\u00e1rok, abba h\u00e1lok.<br \/>\nJaj, jaj, jaj, jaj a sz\u00edvem, meg ne tudja senki sem,<br \/>\nhogy \u00e9n \u00e9n ezt a barna kisl\u00e1nyt szeretem.<br \/>\nCsak a jegyz\u0151, meg a pap, aki minket \u00f6sszead, csak azt tudja egyes egyed\u00fcl.<br \/>\nJaj, jaj, jaj, jaj a sz\u00edvem, meg ne tudja senki sem,<br \/>\nhogy \u00e9n \u00e9n ezt a barna kisl\u00e1nyt szeretem.<br \/>\nCsak a jegyz\u0151, meg a pap, aki minket \u00f6sszead,csak azt tudja egyes egyed\u00fcl.<br \/>\n&#8212;Sz\u00f3l\u00f3&#8212;<br \/>\nKis k\u00fat, kerekes k\u00fat van az udvaromba.<br \/>\nEgy sz\u00e9p barna kisle\u00e1ny van a szomsz\u00e9domba.<br \/>\nCsalfa szemeimet r\u00e1 se merem vetni,<br \/>\nfiatal az \u00e9desanyja, azt is kell szeretni.<br \/>\nCsalfa szemeimet r\u00e1 se merem vetni,<br \/>\nfiatal az \u00e9desanyja, azt is kell szeretni.<br \/>\nEnnek a sz\u00e9p barna l\u00e1nynak dombon van a h\u00e1za.<br \/>\nSud\u00e1r jegenyefa van az udvar\u00e1ba,<br \/>\nsud\u00e1r jegenyefa, f\u00f6ldre hajlik az \u00e1ga.<br \/>\nEnnek a sz\u00e9p barna l\u00e1nynak \u00e9n leszek a p\u00e1rja.<br \/>\nSud\u00e1r jegenyefa, f\u00f6ldre hajlik az \u00e1ga,<br \/>\nennek a sz\u00e9p barna l\u00e1nynak \u00e9n leszek a p\u00e1rja.<br \/>\n\u0150sszel a sok tea r\u00f3zsa hullajtja level\u00e9t,<br \/>\nk\u00f6sz\u00f6n\u00f6m galambom hogy eddig szerett\u00e9l.<br \/>\nHogy eddig szerett\u00e9l de m\u00e1r a m\u00e1s\u00e9 lett\u00e9l.<br \/>\nVerjen meg a jeges es\u0151, ha el felejtett\u00e9l.<br \/>\nHogy eddig szerett\u00e9l de m\u00e1r a m\u00e1s\u00e9 lett\u00e9l.<br \/>\nVerjen meg a jeges es\u0151, ha el felejtett\u00e9l.<br \/>\n&#8212;Sz\u00f3l\u00f3&#8212;<br \/>\nNagy a feje, b\u00fasuljon a l\u00f3,egy kisl\u00e1ny\u00e9rt b\u00fasulni nem j\u00f3!<br \/>\nGombh\u00e1z, sej, ha leszakad,egy hely\u00e9be sz\u00e1z is akad.<br \/>\nGombh\u00e1z, sej, ha leszakad,egy hely\u00e9be sz\u00e1z is akad.<br \/>\nAzt mondja a t\u00edzparancsolat,szeresd felebar\u00e1todat!<br \/>\nKisangyalom, szeress teh\u00e1t,\u00e9n vagyok a felebar\u00e1t.<br \/>\nKisangyalom, szeress teh\u00e1t,\u00e9n vagyok a felebar\u00e1t.<br \/>\nElt\u00f6r\u00f6tt a kocsi kereke,mivel megy\u00fcnk ki a ligetbe?<br \/>\nZsuppkocsival, h\u00e1rom csacsival,v\u00e1rnak a l\u00e1nyok a cvikipuszival.<br \/>\nZsuppkocsival, h\u00e1rom csacsival,v\u00e1rnak a l\u00e1nyok a cvikipuszival.<br \/>\n&#8212;Sz\u00f3l\u00f3&#8212;<br \/>\nEz a kisl\u00e1ny megy a k\u00fatra,nem tal\u00e1l a gyalog\u00fatra.<br \/>\nHajnalba&#8217;, hajnal el\u0151tt, r\u00f3zsafa ny\u00edlik a h\u00e1za el\u0151tt.<br \/>\nHajnalba&#8217;, hajnal el\u0151tt, r\u00f3zsafa ny\u00edlik a h\u00e1za el\u0151tt.<br \/>\nAk\u00e1r milyen \u00f6regasszony,ha elveszik csak menyasszony.<br \/>\nHajnalba&#8217;, hajnal el\u0151tt, r\u00f3zsafa ny\u00edlik a h\u00e1za el\u0151tt.<br \/>\nHajnalba&#8217;, hajnal el\u0151tt, r\u00f3zsafa ny\u00edlik a h\u00e1za el\u0151tt.<br \/>\nEz a kisl\u00e1ny olyan kisl\u00e1ny,maga j\u00e1r a leg\u00e9ny ut\u00e1n.<br \/>\nHajnalba&#8217;, hajnal el\u0151tt, r\u00f3zsafa ny\u00edlik a h\u00e1za el\u0151tt.<br \/>\nHajnalba&#8217;, hajnal el\u0151tt, r\u00f3zsafa ny\u00edlik a h\u00e1za el\u0151tt.<br \/>\nEz a kisl\u00e1ny azt akarja,hogy a leg\u00e9ny megcs\u00f3kolja.<br \/>\nHajnalba&#8217;, hajnal el\u0151tt, r\u00f3zsafa ny\u00edlik a h\u00e1za el\u0151tt.<br \/>\nHajnalba&#8217;, hajnal el\u0151tt, r\u00f3zsafa ny\u00edlik a h\u00e1za el\u0151tt.<br \/>\nEz a kisl\u00e1ny tehenet fej, a l\u00e1ba k\u00f6z\u00f6tt csepeg a tej.<br \/>\nHajnalba&#8217;, hajnal el\u0151tt, r\u00f3zsafa ny\u00edlik a h\u00e1za el\u0151tt.<br \/>\nHajnalba&#8217;, hajnal el\u0151tt, r\u00f3zsafa ny\u00edlik a h\u00e1za el\u0151tt.<br \/>\nHogyha n\u00e9kem sok p\u00e9nzem lesz fel\u00fcl\u00f6k a rep\u00fcl\u0151re.<br \/>\n\u00dagy el sz\u00e1llok mint a fecske, magasan a leveg\u0151ben.<br \/>\nAmerre \u00e9n j\u00e1rok b\u00e1mul a vil\u00e1g, irigylik a sok p\u00e9nzt amit k\u00f6lt\u00f6k r\u00e1d,<br \/>\n\u00e9n a sok p\u00e9nzt nem sajn\u00e1lom,csak te l\u00e9gy a kicsi p\u00e1rom!<br \/>\nAmerre \u00e9n j\u00e1rok b\u00e1mul a vil\u00e1g, irigylik a sok p\u00e9nzt amit k\u00f6lt\u00f6k r\u00e1d,<br \/>\n\u00e9n a sok p\u00e9nzt nem sajn\u00e1lom, csak te l\u00e9gy a kicsi p\u00e1rom!<br \/>\nHogyha n\u00e9kem sok p\u00e9nzem lesz felutazom Budapestre.<br \/>\nBev\u00e1s\u00e1rlok a r\u00f3zs\u00e1mnak , minden \u00e1ldott szombat este.<br \/>\nVeszek az \u00faj\u00e1ra arany karik\u00e1t, a csinos l\u00e1b\u00e1ra selyem harisny\u00e1t.<br \/>\nLesz bel\u0151le olyan d\u00e1ma,hogy eg\u00e9sz vil\u00e1g megcsod\u00e1lja!<br \/>\nVeszek az \u00faj\u00e1ra arany karik\u00e1t, a csinos l\u00e1b\u00e1ra selyem harisny\u00e1t.<br \/>\nLesz bel\u0151le olyan d\u00e1ma,hogy eg\u00e9sz vil\u00e1g megcsod\u00e1lja.<br \/>\nNagys\u00e1gos kisasszony, felm\u00e1szott a f\u00e1ra,<br \/>\nleesett \u00e9s bele ment a t\u00f6vis, a l\u00e1ba sz\u00e1r\u00e1ba.<br \/>\nPiszk\u00e1ld ki, piszk\u00e1ld ki, piszk\u00e1ld ki bel\u0151le,<br \/>\nnem piszk\u00e1lom egye meg a fene, hadd maradjon benne.<br \/>\nPiszk\u00e1ld ki, piszk\u00e1ld ki, piszk\u00e1ld ki bel\u0151le,<br \/>\nnem piszk\u00e1lom egye meg a fene, hadd maradjon benne.<br \/>\n&#8212;Sz\u00f3l\u00f3&#8212;<br \/>\nPiszk\u00e1ld ki, piszk\u00e1ld ki, piszk\u00e1ld ki bel\u0151le,<br \/>\nnem piszk\u00e1lom egye meg a fene, hadd maradjon benne.<br \/>\nPiszk\u00e1ld ki, piszk\u00e1ld ki, piszk\u00e1ld ki bel\u0151le,<br \/>\nnem piszk\u00e1lom egye meg a fene, hadd maradjon benne.<br \/>\n&#8212;Sz\u00f3l\u00f3&#8212;<\/p>\n<p>Egy asszonynak kilenc a le\u00e1nya, nem gy\u0151zi sz\u00e1ml\u00e1lni,<br \/>\nminden este ki\u00e1ll a kapuba s h\u00edvja vacsor\u00e1zni.<br \/>\n&#8220;Erzsi Piri S\u00e1ri Juliska Roz\u00e1li Ella Bella Juci Karolina,<br \/>\ngyertek vacsor\u00e1lni.&#8221;<br \/>\n&#8220;Erzsi Piri S\u00e1ri Juliska Roz\u00e1li Ella Bella Juci Karolina,<br \/>\ngyertek vacsor\u00e1lni.&#8221;<br \/>\nHa v\u00e9gig megyek a debreceni utc\u00e1n kacagnak a l\u00e1nyok,<br \/>\nazt kacagj\u00e1k, hogy \u00e9n mindig csak egyed\u00fcl j\u00e1rok.<br \/>\nKacagjatok l\u00e1nyok debreceni l\u00e1nyok, ha megl\u00e1tn\u00e1tok a sur\u00e1nyi bab\u00e1m,<br \/>\ns\u00edrva fakadn\u00e1tok.&#8221;<br \/>\nKacagjatok l\u00e1nyok debreceni l\u00e1nyok, ha megl\u00e1tn\u00e1tok a sur\u00e1nyi bab\u00e1m,<br \/>\ns\u00edrva fakadn\u00e1tok.&#8221;<br \/>\nHej, de kutya j\u00f3 kedvem van az \u00e1ld\u00f3j\u00e1t n\u00e9ki,<br \/>\nm\u00e9g az \u00e9jjel, \u00fagy ber\u00fagok, hogy \u00f6r\u00f6m lesz azt n\u00e9zni.<br \/>\nSzombaton este azt mondta a bab\u00e1m,<br \/>\nhogy ne j\u00e1rjak, bolonduljak ut\u00e1na,<br \/>\nmasnit teker a haj\u00e1ba,m\u00e1snak lesz a bab\u00e1ja.<br \/>\nSzombaton este azt mondta a bab\u00e1m,<br \/>\nhogy ne j\u00e1rjak, bolonduljak ut\u00e1na,<br \/>\nmasnit teker a haj\u00e1ba,m\u00e1snak lesz a bab\u00e1ja.<br \/>\nHej, de kutya j\u00f3 kedvem van az \u00e1ld\u00f3j\u00e1t n\u00e9ki,<br \/>\nm\u00e9g az \u00e9jjel, \u00fagy ber\u00fagok, hogy \u00f6r\u00f6m lesz azt n\u00e9zni.<br \/>\nDe \u00e9n azt\u00e1n azt feleltem n\u00e9ki,hallod r\u00f3zs\u00e1m kellesz te a fen\u00e9nek,<br \/>\nnem vagyok \u00e9n bugyi, amit minden este cser\u00e9lnek.<br \/>\nDe \u00e9n azt\u00e1n azt feleltem n\u00e9ki,hallod r\u00f3zs\u00e1m kellesz te a fen\u00e9nek,<br \/>\nnem vagyok \u00e9n bugyi, amit minden este cser\u00e9lnek.<br \/>\nLemegyek a , lemegyek a pince fenek\u00e9re,r\u00e1\u00fcl\u00f6k a, r\u00e1\u00fcl\u00f6k a hord\u00f3 tetej\u00e9re.<br \/>\nAddig iszok m\u00edg egy korty lesz, ut\u00e1na meg kisangyalom a sz\u00f3da v\u00edz is j\u00f3 lesz.<br \/>\nEste pedig kimegy\u00fcnk a ligetbe s\u00e9t\u00e1lni.<br \/>\nAddig iszok m\u00edg egy korty lesz, ut\u00e1na meg kisangyalom a sz\u00f3da v\u00edz is j\u00f3 lesz.<br \/>\nEste pedig kimegy\u00fcnk a ligetbe s\u00e9t\u00e1lni.<br \/>\nEzt a kerek erd\u0151t j\u00e1rom \u00e9n ezt a barna kisl\u00e1nyt v\u00e1rom \u00e9n.<br \/>\nEz a barna kisl\u00e1ny viola, \u00e9n vagyok a vigasztal\u00f3ja.<br \/>\nEz a barna kisl\u00e1ny viola, \u00e9n vagyok a vigasztal\u00f3ja.<br \/>\nJaj de sokat j\u00e1rtam f\u00e1radtam, mikor h\u00e1zasodni akartam.<br \/>\nNem tal\u00e1ltam kedvemre val\u00f3t, az lesz a szeret\u0151m, aki volt.<br \/>\nNem tal\u00e1ltam kedvemre val\u00f3t, az lesz a szeret\u0151m, aki volt.<br \/>\nAkkor sz\u00e9p az erd\u0151, mikor z\u00f6ld, mikor a vadgalamb benne k\u00f6lt.<br \/>\nOlyan a vadgalamb , mint a l\u00e1ny, v\u00e1gyakozik a p\u00e1rja ut\u00e1n.<br \/>\nOlyan a vadgalamb , mint a l\u00e1ny, v\u00e1gyakozik a p\u00e1rja ut\u00e1n.<br \/>\nHat nap \u00f3ta sz\u00f3l a n\u00f3ta, nem pihentem \u00e9n az\u00f3ta,<br \/>\n\u00e1t\u00f6lelve tart a p\u00e1rom, hatnak a fele h\u00e1rom,<br \/>\na pici cs\u00f3kos sz\u00e1dat v\u00e1rom, \u00fagyis te leszel a p\u00e1rom.<br \/>\nF\u00e9lre r\u00fagtam, a csizma sark\u00e1t,elh\u00edvattam a zirci varg\u00e1t,<br \/>\n\u00fcsse jobban r\u00e1ja, m\u00edg a banda muzsik\u00e1lja.<br \/>\nF\u00e9lre r\u00fagtam, a csizma sark\u00e1t,elh\u00edvattam a zirci varg\u00e1t,<br \/>\n\u00fcsse jobban r\u00e1ja, m\u00edg a banda muzsik\u00e1lja.<br \/>\nHat nap \u00f3ta sz\u00f3l a n\u00f3ta, nem pihentem \u00e9n az\u00f3ta,<br \/>\n\u00e1t\u00f6lelve tart a p\u00e1rom, hatnak a fele h\u00e1rom,<br \/>\na pici cs\u00f3kos sz\u00e1dat v\u00e1rom, \u00fagyis te leszel a p\u00e1rom.<br \/>\nF\u00e9lre r\u00fagtam, a csizma sark\u00e1t,elh\u00edvattam a zirci varg\u00e1t,<br \/>\n\u00dcsse jobban r\u00e1ja, m\u00edg a banda muzsik\u00e1lja.<br \/>\n&#8212;V\u00e9ge&#8212;<\/p>\n","protected":false},"featured_media":8738,"template":"","meta":{"site-sidebar-layout":"default","site-content-layout":"default","ast-site-content-layout":"default","site-content-style":"default","site-sidebar-style":"default","ast-global-header-display":"","ast-banner-title-visibility":"","ast-main-header-display":"","ast-hfb-above-header-display":"","ast-hfb-below-header-display":"","ast-hfb-mobile-header-display":"","site-post-title":"","ast-breadcrumbs-content":"","ast-featured-img":"","footer-sml-layout":"","theme-transparent-header-meta":"default","adv-header-id-meta":"","stick-header-meta":"","header-above-stick-meta":"","header-main-stick-meta":"","header-below-stick-meta":"","astra-migrate-meta-layouts":"set","ast-page-background-enabled":"default","ast-page-background-meta":{"desktop":{"background-color":"var(--ast-global-color-4)","background-image":"","background-repeat":"repeat","background-position":"center center","background-size":"auto","background-attachment":"scroll","background-type":"","background-media":"","overlay-type":"","overlay-color":"","overlay-opacity":"","overlay-gradient":""},"tablet":{"background-color":"","background-image":"","background-repeat":"repeat","background-position":"center center","background-size":"auto","background-attachment":"scroll","background-type":"","background-media":"","overlay-type":"","overlay-color":"","overlay-opacity":"","overlay-gradient":""},"mobile":{"background-color":"","background-image":"","background-repeat":"repeat","background-position":"center center","background-size":"auto","background-attachment":"scroll","background-type":"","background-media":"","overlay-type":"","overlay-color":"","overlay-opacity":"","overlay-gradient":""}},"ast-content-background-meta":{"desktop":{"background-color":"var(--ast-global-color-5)","background-image":"","background-repeat":"repeat","background-position":"center center","background-size":"auto","background-attachment":"scroll","background-type":"","background-media":"","overlay-type":"","overlay-color":"","overlay-opacity":"","overlay-gradient":""},"tablet":{"background-color":"var(--ast-global-color-5)","background-image":"","background-repeat":"repeat","background-position":"center center","background-size":"auto","background-attachment":"scroll","background-type":"","background-media":"","overlay-type":"","overlay-color":"","overlay-opacity":"","overlay-gradient":""},"mobile":{"background-color":"var(--ast-global-color-5)","background-image":"","background-repeat":"repeat","background-position":"center center","background-size":"auto","background-attachment":"scroll","background-type":"","background-media":"","overlay-type":"","overlay-color":"","overlay-opacity":"","overlay-gradient":""}}},"product_cat":[48],"product_tag":[],"class_list":["post-4043","product","type-product","status-publish","has-post-thumbnail","hentry","product_cat-sunkaraoke-dalok","desktop-align-left","tablet-align-left","mobile-align-left"],"_links":{"self":[{"href":"https:\/\/www.sunkaraoke.hu\/index.php\/wp-json\/wp\/v2\/product\/4043","targetHints":{"allow":["GET"]}}],"collection":[{"href":"https:\/\/www.sunkaraoke.hu\/index.php\/wp-json\/wp\/v2\/product"}],"about":[{"href":"https:\/\/www.sunkaraoke.hu\/index.php\/wp-json\/wp\/v2\/types\/product"}],"wp:featuredmedia":[{"embeddable":true,"href":"https:\/\/www.sunkaraoke.hu\/index.php\/wp-json\/wp\/v2\/media\/8738"}],"wp:attachment":[{"href":"https:\/\/www.sunkaraoke.hu\/index.php\/wp-json\/wp\/v2\/media?parent=4043"}],"wp:term":[{"taxonomy":"product_cat","embeddable":true,"href":"https:\/\/www.sunkaraoke.hu\/index.php\/wp-json\/wp\/v2\/product_cat?post=4043"},{"taxonomy":"product_tag","embeddable":true,"href":"https:\/\/www.sunkaraoke.hu\/index.php\/wp-json\/wp\/v2\/product_tag?post=4043"}],"curies":[{"name":"wp","href":"https:\/\/api.w.org\/{rel}","templated":true}]}}