{"id":4038,"date":"2022-08-08T20:47:03","date_gmt":"2022-08-08T20:47:03","guid":{"rendered":"https:\/\/www.sunkaraoke.hu\/index.php\/termek\/slager-tibo-lecso-2013\/"},"modified":"2025-04-03T18:20:45","modified_gmt":"2025-04-03T18:20:45","slug":"slager-tibo-lecso-2013","status":"publish","type":"product","link":"https:\/\/www.sunkaraoke.hu\/index.php\/termek\/slager-tibo-lecso-2013\/","title":{"rendered":"<div class=\"wcmp-player-container product-4038\"><audio controlslist=\"nodownload\" data-product=\"4038\"  volume=\"1\"  preload=\"none\" data-lazyloading=\"none\" class=\"wcmp-player track mejs-classic\" data-duration=\"0:36\" data-estimated_duration=\"4\"><source src=\"https:\/\/www.sunkaraoke.hu\/wp-content\/uploads\/2022\/08\/Lecso-2013.-kdemooo.mp3\" type=\"audio\/mp3\" \/><\/audio><\/div>Sl\u00e1ger Tib\u00f3 &#8211; Lecs\u00f3 (Original)"},"content":{"rendered":"<p><strong>04:31<\/strong> | <strong><img loading=\"lazy\" decoding=\"async\" class=\"alignnone size-full wp-image-467\" src=\"https:\/\/www.sunkaraoke.hu\/wp-content\/uploads\/2022\/07\/choir_2-copy.webp\" alt=\"\" width=\"30\" height=\"30\" \/> <\/strong><\/p>\n","protected":false},"excerpt":{"rendered":"<h5><strong>Bits\u0171r\u0171s\u00e9g: 320<\/strong>kb\/s<strong><br \/>\n<\/strong><strong>Hossz: <\/strong>04:31<strong><br \/>\n<\/strong><strong style=\"font-size: 16px;\">Vok\u00e1lt tartalmaz: <\/strong>Nem <img loading=\"lazy\" decoding=\"async\" class=\"alignnone size-full wp-image-467\" src=\"http:\/\/www.sunkaraoke.hu\/wp-content\/uploads\/2022\/07\/choir_2-copy.png\" alt=\"\" width=\"30\" height=\"30\" \/><strong style=\"font-size: 16px;\"><br \/>\n<\/strong><\/h5>\n<p>Sunkaraoke mp3 st\u00fadi\u00f3 \/ www.sunkaraoke.hu \/ Inf: Tel: 06 20 4275001<\/p>\n<p>&#8212;Intr\u00f3&#8211;<br \/>\nPaprika s\u00f3, sz\u00f3 ami sz\u00f3,<br \/>\nnekem kedvencem a lecs\u00f3.<br \/>\nEgy kis eszem iszom, az a paradicsom,<br \/>\nha a j\u00f3 kedvet \u00e1ztat\u00f3.<br \/>\nHogy ha unom a ban\u00e1nt,<br \/>\nvagy ha sok a rizsa,<br \/>\nolyan messze van Moszkv\u00e1t\u00f3l Amerika.<br \/>\nEz\u00e9rt j\u00f3 lesz nek\u00fcnk,<br \/>\na magyar paprika, \u00e1j \u00e1j \u00e1j.<br \/>\nLecs\u00f3, lecs\u00f3,<br \/>\nlecs\u00f3kolb\u00e1szb\u00f3l f\u0151z\u00fcnk vacsor\u00e1t.<br \/>\nAzt\u00e1n lecs\u00f3, lecs\u00f3,<br \/>\nlecs\u00f3koljuk egym\u00e1sr\u00f3l a ruh\u00e1t.<br \/>\nUgyeb\u00e1r \u00edzlik ez a lecs\u00f3,<br \/>\nvan benne mindig valami j\u00f3.<br \/>\nEgy kis d\u00ednom d\u00e1nom,<br \/>\ndili d\u00e1rid\u00f3.<br \/>\n&#8212;Sz\u00f3l\u00f3&#8212;<br \/>\nPaprika s\u00f3, sz\u00f3 ami sz\u00f3,<br \/>\nnekem kedvencem a lecs\u00f3.<br \/>\nEgy kis eszem iszom,<br \/>\naz a paradicsom, ha a j\u00f3 kedvet \u00e1ztat\u00f3.<br \/>\nHogy ha unom a ban\u00e1nt,<br \/>\nvagy ha sok a rizsa,<br \/>\nolyan messze van Moszkv\u00e1t\u00f3l Amerika.<br \/>\nEz\u00e9rt j\u00f3 lesz nek\u00fcnk,<br \/>\na magyar paprika \u00e1j \u00e1j \u00e1j.<br \/>\nLecs\u00f3, lecs\u00f3,<br \/>\nlecs\u00f3kolb\u00e1szb\u00f3l f\u0151z\u00fcnk vacsor\u00e1t.<br \/>\nAzt\u00e1n lecs\u00f3, lecs\u00f3,<br \/>\nlecs\u00f3koljuk egym\u00e1sr\u00f3l a ruh\u00e1t.<br \/>\nUgyeb\u00e1r \u00edzlik ez a lecs\u00f3,<br \/>\nvan benne mindig valami j\u00f3.<br \/>\nEgy kis d\u00ednom d\u00e1nom,<br \/>\ndili d\u00e1rid\u00f3.<br \/>\n&#8212;Sz\u00f3l\u00f3&#8212;<br \/>\nHogy ha unom a ban\u00e1nt, vagy ha sok a rizsa,<br \/>\nolyan messze van,Moszkv\u00e1t\u00f3l Amerika.<br \/>\nEz\u00e9rt j\u00f3 lesz nek\u00fcnk, a magyar paprika \u00e1j \u00e1j \u00e1j.<br \/>\nLecs\u00f3, lecs\u00f3,<br \/>\nlecs\u00f3kolb\u00e1szb\u00f3l f\u0151z\u00fcnk vacsor\u00e1t.<br \/>\nAzt\u00e1n lecs\u00f3, lecs\u00f3,<br \/>\nlecs\u00f3koljuk egym\u00e1sr\u00f3l a ruh\u00e1t.<br \/>\nUgyeb\u00e1r \u00edzlik ez a lecs\u00f3,<br \/>\nvan benne mindig valami j\u00f3.<br \/>\nEgy kis d\u00ednom d\u00e1nom,<br \/>\ndili d\u00e1rid\u00f3.<br \/>\nLecs\u00f3, lecs\u00f3,<br \/>\nlecs\u00f3kolb\u00e1szb\u00f3l f\u0151z\u00fcnk vacsor\u00e1t.<br \/>\nAzt\u00e1n lecs\u00f3, lecs\u00f3,<br \/>\nlecs\u00f3koljuk egym\u00e1sr\u00f3l a ruh\u00e1t.<br \/>\nUgyeb\u00e1r \u00edzlik ez a lecs\u00f3,<br \/>\nvan benne mindig valami j\u00f3.<br \/>\nEgy kis d\u00ednom d\u00e1nom,<br \/>\ndili d\u00e1rid\u00f3.<br \/>\n&#8212;V\u00e9ge&#8212;<\/p>\n","protected":false},"featured_media":9289,"template":"","meta":{"site-sidebar-layout":"default","site-content-layout":"default","ast-site-content-layout":"default","site-content-style":"default","site-sidebar-style":"default","ast-global-header-display":"","ast-banner-title-visibility":"","ast-main-header-display":"","ast-hfb-above-header-display":"","ast-hfb-below-header-display":"","ast-hfb-mobile-header-display":"","site-post-title":"","ast-breadcrumbs-content":"","ast-featured-img":"","footer-sml-layout":"","theme-transparent-header-meta":"default","adv-header-id-meta":"","stick-header-meta":"","header-above-stick-meta":"","header-main-stick-meta":"","header-below-stick-meta":"","astra-migrate-meta-layouts":"set","ast-page-background-enabled":"default","ast-page-background-meta":{"desktop":{"background-color":"var(--ast-global-color-4)","background-image":"","background-repeat":"repeat","background-position":"center center","background-size":"auto","background-attachment":"scroll","background-type":"","background-media":"","overlay-type":"","overlay-color":"","overlay-opacity":"","overlay-gradient":""},"tablet":{"background-color":"","background-image":"","background-repeat":"repeat","background-position":"center center","background-size":"auto","background-attachment":"scroll","background-type":"","background-media":"","overlay-type":"","overlay-color":"","overlay-opacity":"","overlay-gradient":""},"mobile":{"background-color":"","background-image":"","background-repeat":"repeat","background-position":"center center","background-size":"auto","background-attachment":"scroll","background-type":"","background-media":"","overlay-type":"","overlay-color":"","overlay-opacity":"","overlay-gradient":""}},"ast-content-background-meta":{"desktop":{"background-color":"var(--ast-global-color-5)","background-image":"","background-repeat":"repeat","background-position":"center center","background-size":"auto","background-attachment":"scroll","background-type":"","background-media":"","overlay-type":"","overlay-color":"","overlay-opacity":"","overlay-gradient":""},"tablet":{"background-color":"var(--ast-global-color-5)","background-image":"","background-repeat":"repeat","background-position":"center center","background-size":"auto","background-attachment":"scroll","background-type":"","background-media":"","overlay-type":"","overlay-color":"","overlay-opacity":"","overlay-gradient":""},"mobile":{"background-color":"var(--ast-global-color-5)","background-image":"","background-repeat":"repeat","background-position":"center center","background-size":"auto","background-attachment":"scroll","background-type":"","background-media":"","overlay-type":"","overlay-color":"","overlay-opacity":"","overlay-gradient":""}}},"product_cat":[46],"product_tag":[],"class_list":["post-4038","product","type-product","status-publish","has-post-thumbnail","hentry","product_cat-eredeti-karaoke-dalok","desktop-align-left","tablet-align-left","mobile-align-left"],"_links":{"self":[{"href":"https:\/\/www.sunkaraoke.hu\/index.php\/wp-json\/wp\/v2\/product\/4038","targetHints":{"allow":["GET"]}}],"collection":[{"href":"https:\/\/www.sunkaraoke.hu\/index.php\/wp-json\/wp\/v2\/product"}],"about":[{"href":"https:\/\/www.sunkaraoke.hu\/index.php\/wp-json\/wp\/v2\/types\/product"}],"wp:featuredmedia":[{"embeddable":true,"href":"https:\/\/www.sunkaraoke.hu\/index.php\/wp-json\/wp\/v2\/media\/9289"}],"wp:attachment":[{"href":"https:\/\/www.sunkaraoke.hu\/index.php\/wp-json\/wp\/v2\/media?parent=4038"}],"wp:term":[{"taxonomy":"product_cat","embeddable":true,"href":"https:\/\/www.sunkaraoke.hu\/index.php\/wp-json\/wp\/v2\/product_cat?post=4038"},{"taxonomy":"product_tag","embeddable":true,"href":"https:\/\/www.sunkaraoke.hu\/index.php\/wp-json\/wp\/v2\/product_tag?post=4038"}],"curies":[{"name":"wp","href":"https:\/\/api.w.org\/{rel}","templated":true}]}}