{"id":4033,"date":"2022-08-08T20:47:03","date_gmt":"2022-08-08T20:47:03","guid":{"rendered":"https:\/\/www.sunkaraoke.hu\/index.php\/termek\/slager-tibo-tancolj-ciganylany-2013\/"},"modified":"2025-04-03T17:35:24","modified_gmt":"2025-04-03T17:35:24","slug":"slager-tibo-tancolj-ciganylany-2013","status":"publish","type":"product","link":"https:\/\/www.sunkaraoke.hu\/index.php\/termek\/slager-tibo-tancolj-ciganylany-2013\/","title":{"rendered":"<div class=\"wcmp-player-container product-4033\"><audio controlslist=\"nodownload\" data-product=\"4033\"  volume=\"1\"  preload=\"none\" data-lazyloading=\"none\" class=\"wcmp-player track mejs-classic\" data-duration=\"0:31\" data-estimated_duration=\"4\"><source src=\"https:\/\/www.sunkaraoke.hu\/wp-content\/uploads\/2022\/08\/Tancolj-ciganylany-2013.-demo.mp3\" type=\"audio\/mp3\" \/><\/audio><\/div>Sl\u00e1ger Tib\u00f3 &#8211; T\u00e1ncolj cig\u00e1nyl\u00e1ny NEW (Original)"},"content":{"rendered":"<p><strong>03:51<\/strong> | <strong><img loading=\"lazy\" decoding=\"async\" class=\"alignnone size-full wp-image-467\" src=\"https:\/\/www.sunkaraoke.hu\/wp-content\/uploads\/2022\/07\/choir_2-copy.webp\" alt=\"\" width=\"30\" height=\"30\" \/> <\/strong><\/p>\n","protected":false},"excerpt":{"rendered":"<h6><strong>Bits\u0171r\u0171s\u00e9g: 320<\/strong>kb\/s<strong><br \/>\n<\/strong><strong>Hossz: <\/strong>03:51<strong><br \/>\n<\/strong><strong style=\"font-size: 16px;\">Vok\u00e1lt tartalmaz: <\/strong>Nem <img loading=\"lazy\" decoding=\"async\" class=\"alignnone size-full wp-image-467\" src=\"http:\/\/www.sunkaraoke.hu\/wp-content\/uploads\/2022\/07\/choir_2-copy.png\" alt=\"\" width=\"30\" height=\"30\" \/><strong style=\"font-size: 16px;\"><br \/>\n<\/strong><\/h6>\n<p>Sunkaraoke mp3 st\u00fadi\u00f3 \/ www.sunkaraoke.hu \/ Inf: Tel: 06 20 4275001<\/p>\n<p>&#8212;Intr\u00f3&#8212;<br \/>\n\u00c9l a faluv\u00e9gi kiskunyh\u00f3ban,<br \/>\negy suk\u00e1r cig\u00e1nyl\u00e1ny,<br \/>\nrabja lettem nem felejtem, sz\u00edvem re\u00e1 v\u00e1r.<br \/>\nSzeretni m\u00e1st az\u00f3ta \u00e9n nem tudok,<br \/>\n\u00e1lmaimban mindig csak r\u00e1 gondolok.<\/p>\n<p>Gyere t\u00e1ncolj cig\u00e1nyl\u00e1ny,<br \/>\nnekem mindegy \u00fagyis m\u00e1r,<br \/>\neliszom az utols\u00f3 p\u00e9nzemet,<br \/>\nnem b\u00e1nom, hogy szerettelek t\u00e9gedet.<br \/>\nGyere t\u00e1ncolj cig\u00e1nyl\u00e1ny,<br \/>\nez a t\u00e1nc m\u00e9g nek\u00fcnk j\u00e1r,<br \/>\nfeledj\u00fck a b\u00e1natot, hisz \u00e1ll a b\u00e1l,<br \/>\ngyere t\u00e1ncolj cig\u00e1nyl\u00e1ny!<br \/>\n&#8212;Sz\u00f3l\u00f3&#8212;<br \/>\nNem \u00e9l m\u00e1r a faluv\u00e9gi kiskunyh\u00f3ban,<br \/>\naz a cig\u00e1nyl\u00e1ny,<br \/>\nelszerettem, el is vettem, velem lakik m\u00e1r.<br \/>\nSzeretni m\u00e1st az\u00f3ta \u00e9n nem tudok,<br \/>\n\u00e1lmaimban mindig csak r\u00e1 gondolok.<\/p>\n<p>Gyere t\u00e1ncolj cig\u00e1nyl\u00e1ny,<br \/>\nnekem mindegy \u00fagyis m\u00e1r,<br \/>\neliszom az utols\u00f3 p\u00e9nzemet,<br \/>\nnem b\u00e1nom, hogy szerettelek t\u00e9gedet.<br \/>\nGyere t\u00e1ncolj cig\u00e1nyl\u00e1ny,<br \/>\nez a t\u00e1nc m\u00e9g nek\u00fcnk j\u00e1r,<br \/>\nfeledj\u00fck a b\u00e1natot, hisz \u00e1ll a b\u00e1l,<br \/>\ngyere t\u00e1ncolj cig\u00e1nyl\u00e1ny!<br \/>\n&#8212;Sz\u00f3l\u00f3&#8212;<br \/>\nGyere t\u00e1ncolj cig\u00e1nyl\u00e1ny,<br \/>\nnekem mindegy \u00fagyis m\u00e1r,<br \/>\neliszom az utols\u00f3 p\u00e9nzemet,<br \/>\nnem b\u00e1nom, hogy szerettelek t\u00e9gedet.<br \/>\nGyere t\u00e1ncolj cig\u00e1nyl\u00e1ny,<br \/>\nez a t\u00e1nc m\u00e9g nek\u00fcnk j\u00e1r,<br \/>\nfeledj\u00fck a b\u00e1natot, hisz \u00e1ll a b\u00e1l,<br \/>\ngyere t\u00e1ncolj cig\u00e1nyl\u00e1ny!<br \/>\nGyere t\u00e1ncolj cig\u00e1nyl\u00e1ny,<br \/>\nnekem mindegy \u00fagyis m\u00e1r,<br \/>\neliszom az utols\u00f3 p\u00e9nzemet,<br \/>\nnem b\u00e1nom, hogy szerettelek t\u00e9gedet.<br \/>\nGyere t\u00e1ncolj cig\u00e1nyl\u00e1ny,<br \/>\nez a t\u00e1nc m\u00e9g nek\u00fcnk j\u00e1r,<br \/>\nfeledj\u00fck a b\u00e1natot, hisz \u00e1ll a b\u00e1l,<br \/>\ngyere t\u00e1ncolj cig\u00e1nyl\u00e1ny!<br \/>\n&#8212;V\u00e9ge&#8212;<\/p>\n","protected":false},"featured_media":9289,"template":"","meta":{"site-sidebar-layout":"default","site-content-layout":"default","ast-site-content-layout":"default","site-content-style":"default","site-sidebar-style":"default","ast-global-header-display":"","ast-banner-title-visibility":"","ast-main-header-display":"","ast-hfb-above-header-display":"","ast-hfb-below-header-display":"","ast-hfb-mobile-header-display":"","site-post-title":"","ast-breadcrumbs-content":"","ast-featured-img":"","footer-sml-layout":"","theme-transparent-header-meta":"default","adv-header-id-meta":"","stick-header-meta":"","header-above-stick-meta":"","header-main-stick-meta":"","header-below-stick-meta":"","astra-migrate-meta-layouts":"set","ast-page-background-enabled":"default","ast-page-background-meta":{"desktop":{"background-color":"var(--ast-global-color-4)","background-image":"","background-repeat":"repeat","background-position":"center center","background-size":"auto","background-attachment":"scroll","background-type":"","background-media":"","overlay-type":"","overlay-color":"","overlay-opacity":"","overlay-gradient":""},"tablet":{"background-color":"","background-image":"","background-repeat":"repeat","background-position":"center center","background-size":"auto","background-attachment":"scroll","background-type":"","background-media":"","overlay-type":"","overlay-color":"","overlay-opacity":"","overlay-gradient":""},"mobile":{"background-color":"","background-image":"","background-repeat":"repeat","background-position":"center center","background-size":"auto","background-attachment":"scroll","background-type":"","background-media":"","overlay-type":"","overlay-color":"","overlay-opacity":"","overlay-gradient":""}},"ast-content-background-meta":{"desktop":{"background-color":"var(--ast-global-color-5)","background-image":"","background-repeat":"repeat","background-position":"center center","background-size":"auto","background-attachment":"scroll","background-type":"","background-media":"","overlay-type":"","overlay-color":"","overlay-opacity":"","overlay-gradient":""},"tablet":{"background-color":"var(--ast-global-color-5)","background-image":"","background-repeat":"repeat","background-position":"center center","background-size":"auto","background-attachment":"scroll","background-type":"","background-media":"","overlay-type":"","overlay-color":"","overlay-opacity":"","overlay-gradient":""},"mobile":{"background-color":"var(--ast-global-color-5)","background-image":"","background-repeat":"repeat","background-position":"center center","background-size":"auto","background-attachment":"scroll","background-type":"","background-media":"","overlay-type":"","overlay-color":"","overlay-opacity":"","overlay-gradient":""}}},"product_cat":[46],"product_tag":[],"class_list":["post-4033","product","type-product","status-publish","has-post-thumbnail","hentry","product_cat-eredeti-karaoke-dalok","desktop-align-left","tablet-align-left","mobile-align-left"],"_links":{"self":[{"href":"https:\/\/www.sunkaraoke.hu\/index.php\/wp-json\/wp\/v2\/product\/4033","targetHints":{"allow":["GET"]}}],"collection":[{"href":"https:\/\/www.sunkaraoke.hu\/index.php\/wp-json\/wp\/v2\/product"}],"about":[{"href":"https:\/\/www.sunkaraoke.hu\/index.php\/wp-json\/wp\/v2\/types\/product"}],"wp:featuredmedia":[{"embeddable":true,"href":"https:\/\/www.sunkaraoke.hu\/index.php\/wp-json\/wp\/v2\/media\/9289"}],"wp:attachment":[{"href":"https:\/\/www.sunkaraoke.hu\/index.php\/wp-json\/wp\/v2\/media?parent=4033"}],"wp:term":[{"taxonomy":"product_cat","embeddable":true,"href":"https:\/\/www.sunkaraoke.hu\/index.php\/wp-json\/wp\/v2\/product_cat?post=4033"},{"taxonomy":"product_tag","embeddable":true,"href":"https:\/\/www.sunkaraoke.hu\/index.php\/wp-json\/wp\/v2\/product_tag?post=4033"}],"curies":[{"name":"wp","href":"https:\/\/api.w.org\/{rel}","templated":true}]}}