{"id":4032,"date":"2022-08-08T20:47:03","date_gmt":"2022-08-08T20:47:03","guid":{"rendered":"https:\/\/www.sunkaraoke.hu\/index.php\/termek\/slager-tibo-nekem-csak-jatek-az-elet\/"},"modified":"2026-02-14T15:46:13","modified_gmt":"2026-02-14T13:46:13","slug":"slager-tibo-nekem-csak-jatek-az-elet","status":"publish","type":"product","link":"https:\/\/www.sunkaraoke.hu\/index.php\/termek\/slager-tibo-nekem-csak-jatek-az-elet\/","title":{"rendered":"<div class=\"wcmp-player-container product-4032\"><audio controlslist=\"nodownload\" data-product=\"4032\"  volume=\"1\"  preload=\"none\" data-lazyloading=\"none\" class=\"wcmp-player track mejs-classic\" data-duration=\"0:36\" data-estimated_duration=\"4\"><source src=\"https:\/\/www.sunkaraoke.hu\/wp-content\/uploads\/2022\/08\/Nekem-csak-jatek-az-elet-SlagerT-udemoo.mp3\" type=\"audio\/mp3\" \/><\/audio><\/div>Sl\u00e1ger Tib\u00f3 &#8211; Nekem csak j\u00e1t\u00e9k az \u00e9let (Original)"},"content":{"rendered":"<p><strong>04:04<\/strong> | <strong><img loading=\"lazy\" decoding=\"async\" class=\"alignnone size-full wp-image-467\" src=\"https:\/\/www.sunkaraoke.hu\/wp-content\/uploads\/2022\/07\/choir_2-copy.webp\" alt=\"\" width=\"30\" height=\"30\" \/> <\/strong><\/p>\n","protected":false},"excerpt":{"rendered":"<h6><strong>Bits\u0171r\u0171s\u00e9g: 320<\/strong>kb\/s<strong><br \/>\n<\/strong><strong>Hossz: <\/strong>04:04<strong><br \/>\n<\/strong><strong style=\"font-size: 16px;\">Vok\u00e1lt tartalmaz: <\/strong>Nem <img loading=\"lazy\" decoding=\"async\" class=\"alignnone size-full wp-image-467\" src=\"http:\/\/www.sunkaraoke.hu\/wp-content\/uploads\/2022\/07\/choir_2-copy.png\" alt=\"\" width=\"30\" height=\"30\" \/><strong style=\"font-size: 16px;\"><br \/>\n<\/strong><\/h6>\n<p>Sunkaraoke mp3 st\u00fadi\u00f3 \/ www.sunkaraoke.hu \/ Inf: Tel: 06 20 4275001<\/p>\n<p>&#8212;Intr\u00f3&#8212;<\/p>\n<p>Ma este indul a buli, v\u00e1rtam m\u00e1r nagyon,<br \/>\nj\u00f3 lesz a hangulat.<br \/>\nMa \u00fajra eny\u00e9m a rem\u00e9ny, hogy l\u00e1tom az arcod,<br \/>\ns hallom a hangodat.<br \/>\nM\u00e9g n\u00e9h\u00e1ny perc \u00e9s elvar\u00e1zsol,<br \/>\na b\u0171v\u00f6s m\u00e1mor a hangulat.<br \/>\nHa l\u00e1tom minden j\u00f3bar\u00e1tom,<br \/>\na sz\u00edvem boldogabb.<\/p>\n<p>Nekem csak j\u00e1t\u00e9k az \u00e9let ha \u00e9nekelek,<br \/>\n\u00e9s a sz\u00ednpad egy j\u00e1tsz\u00f3t\u00e9r.<br \/>\nVeletek \u00e9lem \u00e1t a sikereket,<br \/>\n\u00e9s minden csak ett\u0151l sz\u00e9p.<br \/>\nNekem csak j\u00e1t\u00e9k az \u00e9let ha \u00e9nekelek,<br \/>\n\u00e9s a sz\u00ednpad egy j\u00e1tsz\u00f3t\u00e9r.<br \/>\nVeletek \u00e9lem \u00e1t a sikereket,<br \/>\n\u00e9s minden csak ett\u0151l sz\u00e9p.<\/p>\n<p>Ma \u00fajra tombol egy \u00e9rz\u00e9s, nem lehet k\u00e9rd\u00e9s,<br \/>\nhajszol egy \u00e9gi v\u00e1gy.<br \/>\nCsak h\u00fanyd le a szemed, \u00e9s t\u00e1rd ki a sz\u00edved,<br \/>\n\u00e9lvezd az \u00e9jszak\u00e1t.<br \/>\nM\u00e9g n\u00e9h\u00e1ny perc \u00e9s elvar\u00e1zsol,<br \/>\na b\u0171v\u00f6s m\u00e1mor a hangulat.<br \/>\nHa l\u00e1tom minden j\u00f3bar\u00e1tom,<br \/>\na sz\u00edvem boldogabb.<\/p>\n<p>Nekem csak j\u00e1t\u00e9k az \u00e9let ha \u00e9nekelek,<br \/>\n\u00e9s a sz\u00ednpad egy j\u00e1tsz\u00f3t\u00e9r.<br \/>\nVeletek \u00e9lem \u00e1t a sikereket,<br \/>\n\u00e9s minden csak ett\u0151l sz\u00e9p.<br \/>\nNekem csak j\u00e1t\u00e9k az \u00e9let ha \u00e9nekelek,<br \/>\n\u00e9s a sz\u00ednpad egy j\u00e1tsz\u00f3t\u00e9r.<br \/>\nVeletek \u00e9lem \u00e1t a sikereket,<br \/>\n\u00e9s minden csak ett\u0151l sz\u00e9p.<br \/>\n&#8212;Sz\u00f3l\u00f3&#8212;<\/p>\n<p>M\u00e9g n\u00e9h\u00e1ny perc \u00e9s elvar\u00e1zsol,<br \/>\na b\u0171v\u00f6s m\u00e1mor a hangulat.<br \/>\nHa l\u00e1tom minden j\u00f3bar\u00e1tom,<br \/>\na sz\u00edvem boldogabb.<\/p>\n<p>Nekem csak j\u00e1t\u00e9k az \u00e9let ha \u00e9nekelek,<br \/>\n\u00e9s a sz\u00ednpad egy j\u00e1tsz\u00f3t\u00e9r.<br \/>\nVeletek \u00e9lem \u00e1t a sikereket,<br \/>\n\u00e9s minden csak ett\u0151l sz\u00e9p.<br \/>\nNekem csak j\u00e1t\u00e9k az \u00e9let ha \u00e9nekelek,<br \/>\n\u00e9s a sz\u00ednpad egy j\u00e1tsz\u00f3t\u00e9r.<br \/>\nVeletek \u00e9lem \u00e1t a sikereket,<br \/>\n\u00e9s minden csak ett\u0151l sz\u00e9p.<\/p>\n<p>Nekem csak j\u00e1t\u00e9k&#8230;&#8230;&#8230;<\/p>\n<p>Veletek \u00e9lem \u00e1t &#8230;&#8230;&#8230;<\/p>\n<p>Nekem csak j\u00e1t\u00e9k az \u00e9let ha \u00e9nekelek,<br \/>\n\u00e9s a sz\u00ednpad egy j\u00e1tsz\u00f3t\u00e9r.<br \/>\nVeletek \u00e9lem \u00e1t a sikereket,<br \/>\n\u00e9s minden csak ett\u0151l sz\u00e9p.<\/p>\n<p>M\u00e9g n\u00e9h\u00e1ny perc \u00e9s elvar\u00e1zsol,<br \/>\na b\u0171v\u00f6s m\u00e1mor a hangulat.<br \/>\nHa l\u00e1tom minden j\u00f3bar\u00e1tom,<br \/>\na sz\u00edvem boldogabb.<\/p>\n<p>Nekem csak j\u00e1t\u00e9k az \u00e9let ha \u00e9nekelek,<br \/>\n\u00e9s a sz\u00ednpad egy j\u00e1tsz\u00f3t\u00e9r.<br \/>\nVeletek \u00e9lem \u00e1t a sikereket,<br \/>\n\u00e9s minden csak ett\u0151l sz\u00e9p.<br \/>\nNekem csak j\u00e1t\u00e9k az \u00e9let ha \u00e9nekelek,<br \/>\n\u00e9s a sz\u00ednpad egy j\u00e1tsz\u00f3t\u00e9r.<br \/>\nVeletek \u00e9lem \u00e1t a sikereket,<br \/>\n\u00e9s minden csak ett\u0151l sz\u00e9p.<br \/>\n&#8212;V\u00e9ge&#8212;<\/p>\n","protected":false},"featured_media":9289,"template":"","meta":{"site-sidebar-layout":"default","site-content-layout":"default","ast-site-content-layout":"default","site-content-style":"default","site-sidebar-style":"default","ast-global-header-display":"","ast-banner-title-visibility":"","ast-main-header-display":"","ast-hfb-above-header-display":"","ast-hfb-below-header-display":"","ast-hfb-mobile-header-display":"","site-post-title":"","ast-breadcrumbs-content":"","ast-featured-img":"","footer-sml-layout":"","theme-transparent-header-meta":"default","adv-header-id-meta":"","stick-header-meta":"","header-above-stick-meta":"","header-main-stick-meta":"","header-below-stick-meta":"","astra-migrate-meta-layouts":"set","ast-page-background-enabled":"default","ast-page-background-meta":{"desktop":{"background-color":"var(--ast-global-color-4)","background-image":"","background-repeat":"repeat","background-position":"center center","background-size":"auto","background-attachment":"scroll","background-type":"","background-media":"","overlay-type":"","overlay-color":"","overlay-opacity":"","overlay-gradient":""},"tablet":{"background-color":"","background-image":"","background-repeat":"repeat","background-position":"center center","background-size":"auto","background-attachment":"scroll","background-type":"","background-media":"","overlay-type":"","overlay-color":"","overlay-opacity":"","overlay-gradient":""},"mobile":{"background-color":"","background-image":"","background-repeat":"repeat","background-position":"center center","background-size":"auto","background-attachment":"scroll","background-type":"","background-media":"","overlay-type":"","overlay-color":"","overlay-opacity":"","overlay-gradient":""}},"ast-content-background-meta":{"desktop":{"background-color":"var(--ast-global-color-5)","background-image":"","background-repeat":"repeat","background-position":"center center","background-size":"auto","background-attachment":"scroll","background-type":"","background-media":"","overlay-type":"","overlay-color":"","overlay-opacity":"","overlay-gradient":""},"tablet":{"background-color":"var(--ast-global-color-5)","background-image":"","background-repeat":"repeat","background-position":"center center","background-size":"auto","background-attachment":"scroll","background-type":"","background-media":"","overlay-type":"","overlay-color":"","overlay-opacity":"","overlay-gradient":""},"mobile":{"background-color":"var(--ast-global-color-5)","background-image":"","background-repeat":"repeat","background-position":"center center","background-size":"auto","background-attachment":"scroll","background-type":"","background-media":"","overlay-type":"","overlay-color":"","overlay-opacity":"","overlay-gradient":""}}},"product_cat":[46],"product_tag":[],"class_list":["post-4032","product","type-product","status-publish","has-post-thumbnail","hentry","product_cat-eredeti-karaoke-dalok","desktop-align-left","tablet-align-left","mobile-align-left"],"_links":{"self":[{"href":"https:\/\/www.sunkaraoke.hu\/index.php\/wp-json\/wp\/v2\/product\/4032","targetHints":{"allow":["GET"]}}],"collection":[{"href":"https:\/\/www.sunkaraoke.hu\/index.php\/wp-json\/wp\/v2\/product"}],"about":[{"href":"https:\/\/www.sunkaraoke.hu\/index.php\/wp-json\/wp\/v2\/types\/product"}],"wp:featuredmedia":[{"embeddable":true,"href":"https:\/\/www.sunkaraoke.hu\/index.php\/wp-json\/wp\/v2\/media\/9289"}],"wp:attachment":[{"href":"https:\/\/www.sunkaraoke.hu\/index.php\/wp-json\/wp\/v2\/media?parent=4032"}],"wp:term":[{"taxonomy":"product_cat","embeddable":true,"href":"https:\/\/www.sunkaraoke.hu\/index.php\/wp-json\/wp\/v2\/product_cat?post=4032"},{"taxonomy":"product_tag","embeddable":true,"href":"https:\/\/www.sunkaraoke.hu\/index.php\/wp-json\/wp\/v2\/product_tag?post=4032"}],"curies":[{"name":"wp","href":"https:\/\/api.w.org\/{rel}","templated":true}]}}