{"id":4029,"date":"2022-08-08T20:47:03","date_gmt":"2022-08-08T20:47:03","guid":{"rendered":"https:\/\/www.sunkaraoke.hu\/index.php\/termek\/slager-tibo-pentek-13-uj-verzio-2013\/"},"modified":"2025-04-03T17:38:18","modified_gmt":"2025-04-03T17:38:18","slug":"slager-tibo-pentek-13-uj-verzio-2013","status":"publish","type":"product","link":"https:\/\/www.sunkaraoke.hu\/index.php\/termek\/slager-tibo-pentek-13-uj-verzio-2013\/","title":{"rendered":"<div class=\"wcmp-player-container product-4029\"><audio controlslist=\"nodownload\" data-product=\"4029\"  volume=\"1\"  preload=\"none\" data-lazyloading=\"none\" class=\"wcmp-player track mejs-classic\" data-duration=\"0:33\" data-estimated_duration=\"4\"><source src=\"https:\/\/www.sunkaraoke.hu\/wp-content\/uploads\/2022\/08\/Pentek-13-Tibo-Uj-kdemo.mp3\" type=\"audio\/mp3\" \/><\/audio><\/div>Sl\u00e1ger Tib\u00f3 &#8211; P\u00e9ntek 13. NEW ( Original)"},"content":{"rendered":"<p><strong>03:53<\/strong> | <strong><img loading=\"lazy\" decoding=\"async\" class=\"alignnone size-full wp-image-467\" src=\"https:\/\/www.sunkaraoke.hu\/wp-content\/uploads\/2022\/07\/choir_2-copy.webp\" alt=\"\" width=\"30\" height=\"30\" \/> <\/strong><\/p>\n","protected":false},"excerpt":{"rendered":"<h6><strong>Bits\u0171r\u0171s\u00e9g: 320<\/strong>kb\/s<strong><br \/>\n<\/strong><strong>Hossz: <\/strong>03:53<strong><br \/>\n<\/strong><strong style=\"font-size: 16px;\">Vok\u00e1lt tartalmaz: <\/strong>Nem <img loading=\"lazy\" decoding=\"async\" class=\"alignnone size-full wp-image-467\" src=\"http:\/\/www.sunkaraoke.hu\/wp-content\/uploads\/2022\/07\/choir_2-copy.png\" alt=\"\" width=\"30\" height=\"30\" \/><strong style=\"font-size: 16px;\"><br \/>\n<\/strong><\/h6>\n<p>Sunkaraoke mp3 st\u00fadi\u00f3 \/ www.sunkaraoke.hu \/ Inf: Tel: 06 20 4275001<\/p>\n<p>&#8212;Intr\u00f3&#8212;<br \/>\nP\u00e9ntek t\u00edzenh\u00e1rom,ez nem volt a szerencse sz\u00e1mom,<br \/>\nmert elt\u0171nt\u00e9l ezen a napon,<br \/>\n\u00e9s az\u00f3ta is hi\u00e1nyzol.<br \/>\nP\u00e9ntek t\u00edzenh\u00e1rom,kerestelek eg\u00e9sz ny\u00e1ron,<br \/>\nmert elt\u0171nt\u00e9l ezen a napon \u00e9s az\u00f3ta is hi\u00e1nyzol.<\/p>\n<p>J\u00f3solj cig\u00e1nyasszony, j\u00f3sold meg nekem,<br \/>\nhogy m\u00e9rt \u0151 a kiv\u00e1lasztott,<br \/>\nm\u00e9rt \u0151 kell nekem?<br \/>\nJ\u00f3solj cig\u00e1nyasszony, s\u00edrjanak a csillagok,<br \/>\nj\u00f3sold, hogy szerelmes vagyok.<br \/>\n&#8212;Sz\u00f3l\u00f3<br \/>\nP\u00e9ntek t\u00edzenh\u00e1rom,ez nem volt a szerencse sz\u00e1mom,<br \/>\nmert elt\u0171nt\u00e9l ezen a napon,<br \/>\n\u00e9s az\u00f3ta is hi\u00e1nyzol.<br \/>\nP\u00e9ntek t\u00edzenh\u00e1rom,kerestelek eg\u00e9sz ny\u00e1ron,<br \/>\nmert elt\u0171nt\u00e9l ezen a napon \u00e9s az\u00f3ta is hi\u00e1nyzol.<\/p>\n<p>J\u00f3solj cig\u00e1nyasszony, j\u00f3sold meg nekem,<br \/>\nhogy m\u00e9rt \u0151 a kiv\u00e1lasztott,<br \/>\nm\u00e9rt \u0151 kell nekem?<br \/>\nJ\u00f3solj cig\u00e1nyasszony, s\u00edrjanak a csillagok,<br \/>\nj\u00f3sold, hogy szerelmes vagyok.<\/p>\n<p>&#8212;Sz\u00f3l\u00f3&#8212;<br \/>\nJ\u00f3solj cig\u00e1nyasszony, j\u00f3sold meg nekem,<br \/>\nhogy m\u00e9rt \u0151 a kiv\u00e1lasztott,<br \/>\nm\u00e9rt \u0151 kell nekem?<br \/>\nJ\u00f3solj cig\u00e1nyasszony, s\u00edrjanak a csillagok,<br \/>\nj\u00f3sold, hogy szerelmes vagyok.<br \/>\nJ\u00f3solj cig\u00e1nyasszony, j\u00f3sold meg nekem,<br \/>\nhogy m\u00e9rt \u0151 a kiv\u00e1lasztott,<br \/>\nm\u00e9rt \u0151 kell nekem?<br \/>\nJ\u00f3solj cig\u00e1nyasszony, s\u00edrjanak a csillagok,<br \/>\nj\u00f3sold, hogy szerelmes vagyok.<br \/>\n&#8212;V\u00e9ge&#8212;<\/p>\n","protected":false},"featured_media":9289,"template":"","meta":{"site-sidebar-layout":"default","site-content-layout":"default","ast-site-content-layout":"default","site-content-style":"default","site-sidebar-style":"default","ast-global-header-display":"","ast-banner-title-visibility":"","ast-main-header-display":"","ast-hfb-above-header-display":"","ast-hfb-below-header-display":"","ast-hfb-mobile-header-display":"","site-post-title":"","ast-breadcrumbs-content":"","ast-featured-img":"","footer-sml-layout":"","theme-transparent-header-meta":"default","adv-header-id-meta":"","stick-header-meta":"","header-above-stick-meta":"","header-main-stick-meta":"","header-below-stick-meta":"","astra-migrate-meta-layouts":"set","ast-page-background-enabled":"default","ast-page-background-meta":{"desktop":{"background-color":"var(--ast-global-color-4)","background-image":"","background-repeat":"repeat","background-position":"center center","background-size":"auto","background-attachment":"scroll","background-type":"","background-media":"","overlay-type":"","overlay-color":"","overlay-opacity":"","overlay-gradient":""},"tablet":{"background-color":"","background-image":"","background-repeat":"repeat","background-position":"center center","background-size":"auto","background-attachment":"scroll","background-type":"","background-media":"","overlay-type":"","overlay-color":"","overlay-opacity":"","overlay-gradient":""},"mobile":{"background-color":"","background-image":"","background-repeat":"repeat","background-position":"center center","background-size":"auto","background-attachment":"scroll","background-type":"","background-media":"","overlay-type":"","overlay-color":"","overlay-opacity":"","overlay-gradient":""}},"ast-content-background-meta":{"desktop":{"background-color":"var(--ast-global-color-5)","background-image":"","background-repeat":"repeat","background-position":"center center","background-size":"auto","background-attachment":"scroll","background-type":"","background-media":"","overlay-type":"","overlay-color":"","overlay-opacity":"","overlay-gradient":""},"tablet":{"background-color":"var(--ast-global-color-5)","background-image":"","background-repeat":"repeat","background-position":"center center","background-size":"auto","background-attachment":"scroll","background-type":"","background-media":"","overlay-type":"","overlay-color":"","overlay-opacity":"","overlay-gradient":""},"mobile":{"background-color":"var(--ast-global-color-5)","background-image":"","background-repeat":"repeat","background-position":"center center","background-size":"auto","background-attachment":"scroll","background-type":"","background-media":"","overlay-type":"","overlay-color":"","overlay-opacity":"","overlay-gradient":""}}},"product_cat":[46],"product_tag":[],"class_list":["post-4029","product","type-product","status-publish","has-post-thumbnail","hentry","product_cat-eredeti-karaoke-dalok","desktop-align-left","tablet-align-left","mobile-align-left"],"_links":{"self":[{"href":"https:\/\/www.sunkaraoke.hu\/index.php\/wp-json\/wp\/v2\/product\/4029","targetHints":{"allow":["GET"]}}],"collection":[{"href":"https:\/\/www.sunkaraoke.hu\/index.php\/wp-json\/wp\/v2\/product"}],"about":[{"href":"https:\/\/www.sunkaraoke.hu\/index.php\/wp-json\/wp\/v2\/types\/product"}],"wp:featuredmedia":[{"embeddable":true,"href":"https:\/\/www.sunkaraoke.hu\/index.php\/wp-json\/wp\/v2\/media\/9289"}],"wp:attachment":[{"href":"https:\/\/www.sunkaraoke.hu\/index.php\/wp-json\/wp\/v2\/media?parent=4029"}],"wp:term":[{"taxonomy":"product_cat","embeddable":true,"href":"https:\/\/www.sunkaraoke.hu\/index.php\/wp-json\/wp\/v2\/product_cat?post=4029"},{"taxonomy":"product_tag","embeddable":true,"href":"https:\/\/www.sunkaraoke.hu\/index.php\/wp-json\/wp\/v2\/product_tag?post=4029"}],"curies":[{"name":"wp","href":"https:\/\/api.w.org\/{rel}","templated":true}]}}