{"id":4018,"date":"2022-08-08T20:47:02","date_gmt":"2022-08-08T20:47:02","guid":{"rendered":"https:\/\/www.sunkaraoke.hu\/index.php\/termek\/jolly-bodi-csabi-dolce-vita-transzp-v\/"},"modified":"2025-04-02T12:10:15","modified_gmt":"2025-04-02T12:10:15","slug":"jolly-bodi-csabi-dolce-vita-transzp-v","status":"publish","type":"product","link":"https:\/\/www.sunkaraoke.hu\/index.php\/termek\/jolly-bodi-csabi-dolce-vita-transzp-v\/","title":{"rendered":"<div class=\"wcmp-player-container product-4018\"><audio controlslist=\"nodownload\" data-product=\"4018\"  volume=\"1\"  preload=\"none\" data-lazyloading=\"none\" class=\"wcmp-player track mejs-classic\" data-duration=\"0:35\" data-estimated_duration=\"4\"><source src=\"https:\/\/www.sunkaraoke.hu\/wp-content\/uploads\/2022\/08\/Dolce-Vita-SB-_demo.mp3\" type=\"audio\/mp3\" \/><\/audio><\/div>Jolly &#038; B\u00f3di Csabi &#8211; Dolce Vita (SB. Edition)"},"content":{"rendered":"<p><strong>03:33<\/strong> | <strong><img loading=\"lazy\" decoding=\"async\" class=\"alignnone size-full wp-image-467\" src=\"https:\/\/www.sunkaraoke.hu\/wp-content\/uploads\/2022\/07\/choir_2-copy.webp\" alt=\"\" width=\"30\" height=\"30\" \/> <strong> | <img loading=\"lazy\" decoding=\"async\" class=\"alignnone size-full wp-image-613\" src=\"https:\/\/www.sunkaraoke.hu\/wp-content\/uploads\/2022\/07\/transzponalas.webp\" alt=\"\" width=\"30\" height=\"30\" \/> <\/strong><strong>-3<\/strong><\/strong><\/p>\n","protected":false},"excerpt":{"rendered":"<h6>Bits\u0171r\u0171s\u00e9g: 320 kb\/s<br \/>\nHossz: 03:33<br \/>\nVok\u00e1lt tartalmaz: Nem <img loading=\"lazy\" decoding=\"async\" class=\"alignnone size-full wp-image-467\" src=\"http:\/\/www.sunkaraoke.hu\/wp-content\/uploads\/2022\/07\/choir_2-copy.png\" alt=\"\" width=\"30\" height=\"30\" \/><br \/>\nTranszpon\u00e1l\u00e1s: <img loading=\"lazy\" decoding=\"async\" class=\"alignnone size-full wp-image-613\" src=\"http:\/\/www.sunkaraoke.hu\/wp-content\/uploads\/2022\/07\/transzponalas.png\" alt=\"\" width=\"30\" height=\"30\" \/> -3<\/h6>\n<p>Sunkaraoke mp3 st\u00fadi\u00f3 \/ www.sunkaraoke.hu \/ Inf: Tel: 06 20 4275001<\/p>\n<p>&#8212;Intr\u00f3&#8212;<\/p>\n<p>D\u00e1j, l\u00e1, m\u00f3, d\u00e1j, l\u00e1, m\u00f3&#8230;<br \/>\nD\u00e1j, l\u00e1, m\u00f3, d\u00e1j, l\u00e1, m\u00f3&#8230;<br \/>\nD\u00e1j, l\u00e1, m\u00f3, d\u00e1j, l\u00e1, m\u00f3&#8230;<\/p>\n<p>D\u00e1j, l\u00e1, m\u00f3, d\u00e1j, l\u00e1, m\u00f3, l\u00e1j, l\u00e1, l\u00e1, l\u00e1, l\u00e1j&#8230;.<br \/>\nD\u00e1j, l\u00e1, m\u00f3, d\u00e1j, l\u00e1, m\u00f3, l\u00e1j, l\u00e1, l\u00e1, l\u00e1, l\u00e1j&#8230;.<br \/>\nD\u00e1j, l\u00e1, m\u00f3, d\u00e1j, l\u00e1, m\u00f3, l\u00e1j, l\u00e1, l\u00e1, l\u00e1, l\u00e1j&#8230;.<\/p>\n<p>Dolce Vita , senorit\u00e1, a k\u00e9t kir\u00e1lyt fullos g\u00e1dzsik v\u00e1rj\u00e1k,<br \/>\nitt egy sz\u0151ke \u00e9s fekete, \u00f3h a Jolly j\u00f3l \u00e9rzi mag\u00e1t.<br \/>\nDolce Vita, senorit\u00e1, egy bomba csajszi r\u00e1zza a szokny\u00e1j\u00e1t,<br \/>\n\u00f3h itt ez a party na meg a csajszi, a k\u00e9t herceg j\u00f3l \u00e9rzi mag\u00e1t.<\/p>\n<p>\u00d3h a szeme, \u00e9s a sz\u00e1ja,<br \/>\negy forr\u00f3 \u00e9rint\u00e9s, \u00e9s egy kacsint\u00e1s.<br \/>\nEgy bomba n\u0151, a hercegn\u0151,<br \/>\n\u00e9n leszek a hercege, \u00f3h a nyer\u0151.<br \/>\nOj, digi, digi, digi, digi ri p\u00e1, p\u00e1&#8230;<br \/>\nOj, l\u00e9, l\u00e9, l\u00e1, l\u00e1, &#8230;..<br \/>\n\u00d3h a szeme, \u00e9s a sz\u00e1ja,<br \/>\negy forr\u00f3 \u00e9rint\u00e9s \u00e9s egy kacsint\u00e1s.<br \/>\nEgy bomba n\u0151, a hercegn\u0151,<br \/>\n\u00e9n leszek a hercege , \u00f3h a nyer\u0151.<\/p>\n<p>Dolce Vita , senorit\u00e1, a k\u00e9t kir\u00e1lyt fullos g\u00e1dzsik v\u00e1rj\u00e1k,<br \/>\nitt egy sz\u0151ke \u00e9s fekete, a B\u00f3di Csabi j\u00f3l \u00e9rzi mag\u00e1t.<br \/>\nDolce Vita , senorit\u00e1, egy bomba csajszi r\u00e1zza a szokny\u00e1j\u00e1t,<br \/>\n\u00e9s itt ez a party na meg a csajszi, a k\u00e9t herceg \u00e9li a vil\u00e1g\u00e1t.<\/p>\n<p>D\u00e1j, l\u00e1, m\u00f3, d\u00e1j, l\u00e1, m\u00f3, l\u00e1j, l\u00e1, l\u00e1, l\u00e1j&#8230;.<br \/>\n&#8212;V\u00e9ge&#8212;<\/p>\n","protected":false},"featured_media":8742,"template":"","meta":{"site-sidebar-layout":"default","site-content-layout":"default","ast-site-content-layout":"default","site-content-style":"default","site-sidebar-style":"default","ast-global-header-display":"","ast-banner-title-visibility":"","ast-main-header-display":"","ast-hfb-above-header-display":"","ast-hfb-below-header-display":"","ast-hfb-mobile-header-display":"","site-post-title":"","ast-breadcrumbs-content":"","ast-featured-img":"","footer-sml-layout":"","theme-transparent-header-meta":"default","adv-header-id-meta":"","stick-header-meta":"","header-above-stick-meta":"","header-main-stick-meta":"","header-below-stick-meta":"","astra-migrate-meta-layouts":"set","ast-page-background-enabled":"default","ast-page-background-meta":{"desktop":{"background-color":"var(--ast-global-color-4)","background-image":"","background-repeat":"repeat","background-position":"center center","background-size":"auto","background-attachment":"scroll","background-type":"","background-media":"","overlay-type":"","overlay-color":"","overlay-opacity":"","overlay-gradient":""},"tablet":{"background-color":"","background-image":"","background-repeat":"repeat","background-position":"center center","background-size":"auto","background-attachment":"scroll","background-type":"","background-media":"","overlay-type":"","overlay-color":"","overlay-opacity":"","overlay-gradient":""},"mobile":{"background-color":"","background-image":"","background-repeat":"repeat","background-position":"center center","background-size":"auto","background-attachment":"scroll","background-type":"","background-media":"","overlay-type":"","overlay-color":"","overlay-opacity":"","overlay-gradient":""}},"ast-content-background-meta":{"desktop":{"background-color":"var(--ast-global-color-5)","background-image":"","background-repeat":"repeat","background-position":"center center","background-size":"auto","background-attachment":"scroll","background-type":"","background-media":"","overlay-type":"","overlay-color":"","overlay-opacity":"","overlay-gradient":""},"tablet":{"background-color":"var(--ast-global-color-5)","background-image":"","background-repeat":"repeat","background-position":"center center","background-size":"auto","background-attachment":"scroll","background-type":"","background-media":"","overlay-type":"","overlay-color":"","overlay-opacity":"","overlay-gradient":""},"mobile":{"background-color":"var(--ast-global-color-5)","background-image":"","background-repeat":"repeat","background-position":"center center","background-size":"auto","background-attachment":"scroll","background-type":"","background-media":"","overlay-type":"","overlay-color":"","overlay-opacity":"","overlay-gradient":""}}},"product_cat":[48],"product_tag":[],"class_list":["post-4018","product","type-product","status-publish","has-post-thumbnail","hentry","product_cat-sunkaraoke-dalok","desktop-align-left","tablet-align-left","mobile-align-left"],"_links":{"self":[{"href":"https:\/\/www.sunkaraoke.hu\/index.php\/wp-json\/wp\/v2\/product\/4018","targetHints":{"allow":["GET"]}}],"collection":[{"href":"https:\/\/www.sunkaraoke.hu\/index.php\/wp-json\/wp\/v2\/product"}],"about":[{"href":"https:\/\/www.sunkaraoke.hu\/index.php\/wp-json\/wp\/v2\/types\/product"}],"wp:featuredmedia":[{"embeddable":true,"href":"https:\/\/www.sunkaraoke.hu\/index.php\/wp-json\/wp\/v2\/media\/8742"}],"wp:attachment":[{"href":"https:\/\/www.sunkaraoke.hu\/index.php\/wp-json\/wp\/v2\/media?parent=4018"}],"wp:term":[{"taxonomy":"product_cat","embeddable":true,"href":"https:\/\/www.sunkaraoke.hu\/index.php\/wp-json\/wp\/v2\/product_cat?post=4018"},{"taxonomy":"product_tag","embeddable":true,"href":"https:\/\/www.sunkaraoke.hu\/index.php\/wp-json\/wp\/v2\/product_tag?post=4018"}],"curies":[{"name":"wp","href":"https:\/\/api.w.org\/{rel}","templated":true}]}}