{"id":4014,"date":"2022-08-08T20:47:02","date_gmt":"2022-08-08T20:47:02","guid":{"rendered":"https:\/\/www.sunkaraoke.hu\/index.php\/termek\/notar-mary-dudolj-tancolj\/"},"modified":"2025-03-29T05:36:54","modified_gmt":"2025-03-29T05:36:54","slug":"notar-mary-dudolj-tancolj","status":"publish","type":"product","link":"https:\/\/www.sunkaraoke.hu\/index.php\/termek\/notar-mary-dudolj-tancolj\/","title":{"rendered":"<div class=\"wcmp-player-container product-4014\"><audio controlslist=\"nodownload\" data-product=\"4014\"  volume=\"1\"  preload=\"none\" data-lazyloading=\"none\" class=\"wcmp-player track mejs-classic\" data-duration=\"0:32\" data-estimated_duration=\"4\"><source src=\"https:\/\/www.sunkaraoke.hu\/wp-content\/uploads\/2022\/08\/Dudolj-tancolj-SB-_demo.mp3\" type=\"audio\/mp3\" \/><\/audio><\/div>Notar Mary &#8211; D\u00fadolj t\u00e1ncolj (Original)"},"content":{"rendered":"<p><strong>03:54<\/strong> | <strong><img loading=\"lazy\" decoding=\"async\" class=\"alignnone size-full wp-image-467\" src=\"https:\/\/www.sunkaraoke.hu\/wp-content\/uploads\/2022\/07\/choir_2-copy.webp\" alt=\"\" width=\"30\" height=\"30\" \/> <\/strong><\/p>\n","protected":false},"excerpt":{"rendered":"<h6><strong>Bits\u0171r\u0171s\u00e9g: 320 kb\/s<\/strong><br \/>\n<strong>Hossz: 03:54<\/strong><br \/>\n<strong>Vok\u00e1lt tartalmaz: Nem <img loading=\"lazy\" decoding=\"async\" class=\"alignnone size-full wp-image-467\" src=\"http:\/\/www.sunkaraoke.hu\/wp-content\/uploads\/2022\/07\/choir_2-copy.png\" alt=\"\" width=\"30\" height=\"30\" \/><\/strong><\/h6>\n<p>Sunkaraoke mp3 st\u00fadi\u00f3 \/ www.sunkaraoke.hu \/ Inf: Tel: 06 20 4275001<\/p>\n<p>&#8212;Intr\u00f3&#8212;<br \/>\nSoha ne f\u00e9lj, mindig van rem\u00e9ny,<br \/>\nnevess ha s\u00edrni akarn\u00e1l!<br \/>\nAz \u00e9let neh\u00e9z, kitart\u00f3 legy\u00e9l,<br \/>\ns megtal\u00e1l a boldogs\u00e1g.<br \/>\nHarcolj h\u00e1t velem, ny\u00fajtom a kezem,<br \/>\nott leszek akkor ha baj van.<br \/>\n\u00d6sszetart a dal, s megl\u00e1tod hamar,<br \/>\nelm\u00falik minden mi f\u00e1j.<br \/>\nD\u00fadolj t\u00e1ncolj, csak \u00e9nekeld,<br \/>\nhogy ma este laz\u00edtok \u00e9s semmi nem \u00e9rdekel.<br \/>\nD\u00fadolj t\u00e1ncolj, csak \u00e9nekeld,<br \/>\nhogy az \u00e9let oly gy\u00f6ny\u00f6r\u0171 \u00e9s nekem ezt \u00e9lnem kell.<br \/>\nD\u00fadolj t\u00e1ncolj, csak \u00e9nekeld,<br \/>\nhogy ma este laz\u00edtok \u00e9s semmi nem \u00e9rdekel.<br \/>\nD\u00fadolj t\u00e1ncolj, csak \u00e9nekeld,<br \/>\nhogy az \u00e9let oly gy\u00f6ny\u00f6r\u0171 \u00e9s nekem ezt \u00e9lnem kell.<br \/>\n&#8212;Sz\u00f3l\u00f3&#8212;<br \/>\nSzomor\u00fa szemek, f\u00e1j\u00f3 sz\u00edvek,<br \/>\ns\u00f6t\u00e9tben mag\u00e1nyos lelkek.<br \/>\nV\u00e1ltoztass ezen, hogy ne \u00edgy legyen,<br \/>\nszemedb\u0151l ne hulljon k\u00f6nnycsepp.<br \/>\nNe legy\u00e9l komor, l\u00e9gy n\u00e9ha bolond,<br \/>\ntudd meg, hogy milyen j\u00f3 \u00e9rz\u00e9s!<br \/>\n\u00d6sszetart a dal, s megl\u00e1tod hamar,<br \/>\nelm\u00falik minden mi f\u00e1j.<br \/>\nD\u00fadolj t\u00e1ncolj, csak \u00e9nekeld,<br \/>\nhogy ma este laz\u00edtok \u00e9s semmi nem \u00e9rdekel.<br \/>\nD\u00fadolj t\u00e1ncolj, csak \u00e9nekeld,<br \/>\nhogy az \u00e9let oly gy\u00f6ny\u00f6r\u0171 \u00e9s nekem ezt \u00e9lnem kell.<br \/>\nD\u00fadolj t\u00e1ncolj, csak \u00e9nekeld,<br \/>\nhogy ma este laz\u00edtok \u00e9s semmi nem \u00e9rdekel.<br \/>\nD\u00fadolj t\u00e1ncolj, csak \u00e9nekeld,<br \/>\nhogy az \u00e9let oly gy\u00f6ny\u00f6r\u0171 \u00e9s nekem ezt \u00e9lnem kell.<br \/>\n&#8212;Sz\u00f3l\u00f3&#8212;<br \/>\nD\u00fadolj t\u00e1ncolj, csak \u00e9nekeld,<br \/>\nhogy ma este laz\u00edtok \u00e9s semmi nem \u00e9rdekel.<br \/>\nD\u00fadolj t\u00e1ncolj, csak \u00e9nekeld,<br \/>\nhogy az \u00e9let oly gy\u00f6ny\u00f6r\u0171 \u00e9s nekem ezt \u00e9lnem kell.<\/p>\n<p>D\u00fadolj t\u00e1ncolj, csak \u00e9nekeld,<br \/>\nhogy ma este laz\u00edtok \u00e9s semmi nem \u00e9rdekel.<br \/>\nD\u00fadolj t\u00e1ncolj, csak \u00e9nekeld,<br \/>\nhogy az \u00e9let oly gy\u00f6ny\u00f6r\u0171 \u00e9s nekem ezt \u00e9lnem kell.<br \/>\n&#8212;V\u00e9ge&#8212;<\/p>\n","protected":false},"featured_media":8740,"template":"","meta":{"site-sidebar-layout":"default","site-content-layout":"default","ast-site-content-layout":"default","site-content-style":"default","site-sidebar-style":"default","ast-global-header-display":"","ast-banner-title-visibility":"","ast-main-header-display":"","ast-hfb-above-header-display":"","ast-hfb-below-header-display":"","ast-hfb-mobile-header-display":"","site-post-title":"","ast-breadcrumbs-content":"","ast-featured-img":"","footer-sml-layout":"","theme-transparent-header-meta":"default","adv-header-id-meta":"","stick-header-meta":"","header-above-stick-meta":"","header-main-stick-meta":"","header-below-stick-meta":"","astra-migrate-meta-layouts":"set","ast-page-background-enabled":"default","ast-page-background-meta":{"desktop":{"background-color":"var(--ast-global-color-4)","background-image":"","background-repeat":"repeat","background-position":"center center","background-size":"auto","background-attachment":"scroll","background-type":"","background-media":"","overlay-type":"","overlay-color":"","overlay-opacity":"","overlay-gradient":""},"tablet":{"background-color":"","background-image":"","background-repeat":"repeat","background-position":"center center","background-size":"auto","background-attachment":"scroll","background-type":"","background-media":"","overlay-type":"","overlay-color":"","overlay-opacity":"","overlay-gradient":""},"mobile":{"background-color":"","background-image":"","background-repeat":"repeat","background-position":"center center","background-size":"auto","background-attachment":"scroll","background-type":"","background-media":"","overlay-type":"","overlay-color":"","overlay-opacity":"","overlay-gradient":""}},"ast-content-background-meta":{"desktop":{"background-color":"var(--ast-global-color-5)","background-image":"","background-repeat":"repeat","background-position":"center center","background-size":"auto","background-attachment":"scroll","background-type":"","background-media":"","overlay-type":"","overlay-color":"","overlay-opacity":"","overlay-gradient":""},"tablet":{"background-color":"var(--ast-global-color-5)","background-image":"","background-repeat":"repeat","background-position":"center center","background-size":"auto","background-attachment":"scroll","background-type":"","background-media":"","overlay-type":"","overlay-color":"","overlay-opacity":"","overlay-gradient":""},"mobile":{"background-color":"var(--ast-global-color-5)","background-image":"","background-repeat":"repeat","background-position":"center center","background-size":"auto","background-attachment":"scroll","background-type":"","background-media":"","overlay-type":"","overlay-color":"","overlay-opacity":"","overlay-gradient":""}}},"product_cat":[48],"product_tag":[],"class_list":["post-4014","product","type-product","status-publish","has-post-thumbnail","hentry","product_cat-sunkaraoke-dalok","desktop-align-left","tablet-align-left","mobile-align-left"],"_links":{"self":[{"href":"https:\/\/www.sunkaraoke.hu\/index.php\/wp-json\/wp\/v2\/product\/4014","targetHints":{"allow":["GET"]}}],"collection":[{"href":"https:\/\/www.sunkaraoke.hu\/index.php\/wp-json\/wp\/v2\/product"}],"about":[{"href":"https:\/\/www.sunkaraoke.hu\/index.php\/wp-json\/wp\/v2\/types\/product"}],"wp:featuredmedia":[{"embeddable":true,"href":"https:\/\/www.sunkaraoke.hu\/index.php\/wp-json\/wp\/v2\/media\/8740"}],"wp:attachment":[{"href":"https:\/\/www.sunkaraoke.hu\/index.php\/wp-json\/wp\/v2\/media?parent=4014"}],"wp:term":[{"taxonomy":"product_cat","embeddable":true,"href":"https:\/\/www.sunkaraoke.hu\/index.php\/wp-json\/wp\/v2\/product_cat?post=4014"},{"taxonomy":"product_tag","embeddable":true,"href":"https:\/\/www.sunkaraoke.hu\/index.php\/wp-json\/wp\/v2\/product_tag?post=4014"}],"curies":[{"name":"wp","href":"https:\/\/api.w.org\/{rel}","templated":true}]}}