{"id":4013,"date":"2022-08-08T20:47:02","date_gmt":"2022-08-08T20:47:02","guid":{"rendered":"https:\/\/www.sunkaraoke.hu\/index.php\/termek\/simon-duo-debrecenbe-ket-uton-kell\/"},"modified":"2022-10-21T14:39:34","modified_gmt":"2022-10-21T14:39:34","slug":"simon-duo-debrecenbe-ket-uton-kell","status":"publish","type":"product","link":"https:\/\/www.sunkaraoke.hu\/index.php\/termek\/simon-duo-debrecenbe-ket-uton-kell\/","title":{"rendered":"<div class=\"wcmp-player-container product-4013\"><audio controlslist=\"nodownload\" data-product=\"4013\"  volume=\"1\"  preload=\"none\" data-lazyloading=\"none\" class=\"wcmp-player track mejs-classic\" ><source src=\"https:\/\/www.sunkaraoke.hu\/wp-content\/uploads\/wcmp\/b2a6b5d2131d95d162f2c9dd25348ecd.mp3\" type=\"audio\/mp3\" \/><\/audio><\/div>Simon du\u00f3 &#8211; Debrecenbe k\u00e9t \u00faton kell"},"content":{"rendered":"<p><strong>03:27<\/strong> | <strong><img loading=\"lazy\" decoding=\"async\" class=\"alignnone size-full wp-image-467\" src=\"https:\/\/www.sunkaraoke.hu\/wp-content\/uploads\/2022\/07\/choir_2-copy.webp\" alt=\"\" width=\"30\" height=\"30\" \/> <\/p>\n","protected":false},"excerpt":{"rendered":"<p><strong>Bits\u0171r\u0171s\u00e9g: <\/strong>196kb\/s<strong><br \/>\n<\/strong><strong>Hossz: <\/strong>03:27<strong><br \/>\n<\/strong><strong style=\"font-size: 16px;\">Vok\u00e1lt tartalmaz: <\/strong>Nem <img loading=\"lazy\" decoding=\"async\" class=\"alignnone size-full wp-image-467\" src=\"http:\/\/www.sunkaraoke.hu\/wp-content\/uploads\/2022\/07\/choir_2-copy.png\" alt=\"\" width=\"30\" height=\"30\" \/><strong style=\"font-size: 16px;\"><br \/>\n<\/strong><\/p>\n<p>&nbsp;<\/p>\n<p>&#8212;Intr\u00f3&#8212;<br \/>\nDebrecenbe k\u00e9t \u00faton kell bemenni,<br \/>\nde szeretn\u00e9k a r\u00f3zs\u00e1mmal besz\u00e9lni.<br \/>\nT\u00e9len ny\u00e1ron rozmaringos az ablaka,<br \/>\njaj, de sokat \u00e1ztam f\u00e1ztam alatta.<br \/>\nT\u00e9len ny\u00e1ron rozmaringos az ablaka,<br \/>\njaj, de sokat \u00e1ztam f\u00e1ztam alatta.<\/p>\n<p>\u00c9desany\u00e1m, eresszen el a b\u00e1lba,<br \/>\nk\u00f6t\u00e9ny n\u00e9lk\u00fcl a r\u00f3zsasz\u00edn ruh\u00e1mba&#8217;.<br \/>\nGy\u00e1sz m\u00e1r n\u00e9kem a r\u00f3zsasz\u00edn ruh\u00e1m is,<br \/>\n\u00e1rva vagyok, elhagyott a bab\u00e1m is.<br \/>\nGy\u00e1sz m\u00e1r n\u00e9kem a r\u00f3zsasz\u00edn ruh\u00e1m is,<br \/>\n\u00e1rva vagyok, elhagyott a bab\u00e1m is.<br \/>\n&#8212;Sz\u00f3l\u00f3&#8212;<br \/>\nK\u00e9k a k\u00f6k\u00e9ny, ha meg\u00e9rik fekete,<br \/>\nnem leszek \u00e9n debreceni menyecske.<br \/>\nK\u00e1r volna m\u00e9g engemet f\u00e9rjhez adni,<br \/>\nr\u00f3zsa helyett bimb\u00f3t leszak\u00edtani.<br \/>\nK\u00e1r volna m\u00e9g engemet f\u00e9rjhez adni,<br \/>\nr\u00f3zsa helyett bimb\u00f3t leszak\u00edtani.<\/p>\n<p>Debrecenbe k\u00e9t \u00faton kell bemenni,<br \/>\nde szeretn\u00e9k a r\u00f3zs\u00e1mmal besz\u00e9lni.<br \/>\nT\u00e9len ny\u00e1ron rozmaringos az ablaka,<br \/>\njaj, de sokat \u00e1ztam f\u00e1ztam alatta.<br \/>\nT\u00e9len ny\u00e1ron rozmaringos az ablaka,<br \/>\njaj, de sokat \u00e1ztam f\u00e1ztam alatta.<br \/>\n&#8212;V\u00e9ge&#8212;<\/p>\n","protected":false},"featured_media":8720,"template":"","meta":{"site-sidebar-layout":"default","site-content-layout":"default","ast-site-content-layout":"","site-content-style":"default","site-sidebar-style":"default","ast-global-header-display":"","ast-banner-title-visibility":"","ast-main-header-display":"","ast-hfb-above-header-display":"","ast-hfb-below-header-display":"","ast-hfb-mobile-header-display":"","site-post-title":"","ast-breadcrumbs-content":"","ast-featured-img":"","footer-sml-layout":"","theme-transparent-header-meta":"default","adv-header-id-meta":"","stick-header-meta":"","header-above-stick-meta":"","header-main-stick-meta":"","header-below-stick-meta":"","astra-migrate-meta-layouts":"default","ast-page-background-enabled":"default","ast-page-background-meta":{"desktop":{"background-color":"var(--ast-global-color-4)","background-image":"","background-repeat":"repeat","background-position":"center center","background-size":"auto","background-attachment":"scroll","background-type":"","background-media":"","overlay-type":"","overlay-color":"","overlay-opacity":"","overlay-gradient":""},"tablet":{"background-color":"","background-image":"","background-repeat":"repeat","background-position":"center center","background-size":"auto","background-attachment":"scroll","background-type":"","background-media":"","overlay-type":"","overlay-color":"","overlay-opacity":"","overlay-gradient":""},"mobile":{"background-color":"","background-image":"","background-repeat":"repeat","background-position":"center center","background-size":"auto","background-attachment":"scroll","background-type":"","background-media":"","overlay-type":"","overlay-color":"","overlay-opacity":"","overlay-gradient":""}},"ast-content-background-meta":{"desktop":{"background-color":"var(--ast-global-color-5)","background-image":"","background-repeat":"repeat","background-position":"center center","background-size":"auto","background-attachment":"scroll","background-type":"","background-media":"","overlay-type":"","overlay-color":"","overlay-opacity":"","overlay-gradient":""},"tablet":{"background-color":"var(--ast-global-color-5)","background-image":"","background-repeat":"repeat","background-position":"center center","background-size":"auto","background-attachment":"scroll","background-type":"","background-media":"","overlay-type":"","overlay-color":"","overlay-opacity":"","overlay-gradient":""},"mobile":{"background-color":"var(--ast-global-color-5)","background-image":"","background-repeat":"repeat","background-position":"center center","background-size":"auto","background-attachment":"scroll","background-type":"","background-media":"","overlay-type":"","overlay-color":"","overlay-opacity":"","overlay-gradient":""}}},"product_cat":[48],"product_tag":[],"class_list":["post-4013","product","type-product","status-publish","has-post-thumbnail","hentry","product_cat-sunkaraoke-dalok","desktop-align-left","tablet-align-left","mobile-align-left"],"_links":{"self":[{"href":"https:\/\/www.sunkaraoke.hu\/index.php\/wp-json\/wp\/v2\/product\/4013","targetHints":{"allow":["GET"]}}],"collection":[{"href":"https:\/\/www.sunkaraoke.hu\/index.php\/wp-json\/wp\/v2\/product"}],"about":[{"href":"https:\/\/www.sunkaraoke.hu\/index.php\/wp-json\/wp\/v2\/types\/product"}],"wp:featuredmedia":[{"embeddable":true,"href":"https:\/\/www.sunkaraoke.hu\/index.php\/wp-json\/wp\/v2\/media\/8720"}],"wp:attachment":[{"href":"https:\/\/www.sunkaraoke.hu\/index.php\/wp-json\/wp\/v2\/media?parent=4013"}],"wp:term":[{"taxonomy":"product_cat","embeddable":true,"href":"https:\/\/www.sunkaraoke.hu\/index.php\/wp-json\/wp\/v2\/product_cat?post=4013"},{"taxonomy":"product_tag","embeddable":true,"href":"https:\/\/www.sunkaraoke.hu\/index.php\/wp-json\/wp\/v2\/product_tag?post=4013"}],"curies":[{"name":"wp","href":"https:\/\/api.w.org\/{rel}","templated":true}]}}