{"id":4012,"date":"2022-08-08T20:47:01","date_gmt":"2022-08-08T20:47:01","guid":{"rendered":"https:\/\/www.sunkaraoke.hu\/index.php\/termek\/szabrina-minden-roma\/"},"modified":"2025-04-09T17:02:58","modified_gmt":"2025-04-09T17:02:58","slug":"szabrina-minden-roma","status":"publish","type":"product","link":"https:\/\/www.sunkaraoke.hu\/index.php\/termek\/szabrina-minden-roma\/","title":{"rendered":"<div class=\"wcmp-player-container product-4012\"><audio controlslist=\"nodownload\" data-product=\"4012\"  volume=\"1\"  preload=\"none\" data-lazyloading=\"none\" class=\"wcmp-player track mejs-classic\" data-duration=\"0:32\" data-estimated_duration=\"4\"><source src=\"https:\/\/www.sunkaraoke.hu\/wp-content\/uploads\/2022\/08\/Minden-roma-SB-kdemooo.mp3\" type=\"audio\/mp3\" \/><\/audio><\/div>Szabrina &#8211; Minden roma (Original SB. Edition)"},"content":{"rendered":"<p><strong>03:08<\/strong> | <strong><img loading=\"lazy\" decoding=\"async\" class=\"alignnone size-full wp-image-467\" src=\"https:\/\/www.sunkaraoke.hu\/wp-content\/uploads\/2022\/07\/choir_2-copy.webp\" alt=\"\" width=\"30\" height=\"30\" \/> <\/strong><\/p>\n","protected":false},"excerpt":{"rendered":"<h6><strong>Bits\u0171r\u0171s\u00e9g: 320 K<\/strong>b\/s<strong><br \/>\n<\/strong><strong>Hossz: <\/strong>03:08<strong><br \/>\n<\/strong><strong style=\"font-size: 16px;\">Vok\u00e1lt tartalmaz: <\/strong>Nem <img loading=\"lazy\" decoding=\"async\" class=\"alignnone size-full wp-image-467\" src=\"http:\/\/www.sunkaraoke.hu\/wp-content\/uploads\/2022\/07\/choir_2-copy.png\" alt=\"\" width=\"30\" height=\"30\" \/><strong style=\"font-size: 16px;\"><br \/>\n<\/strong><\/h6>\n<p>Sunkaraoke mp3 st\u00fadi\u00f3 \/ www.sunkaraoke.hu \/ Inf: Tel: 06 20 4275001<\/p>\n<p>&#8212;Intr\u00f3&#8212;<br \/>\nMinden roma r\u00f3lunk besz\u00e9l,<br \/>\nazt mondj\u00e1k, hogy nem vagy eny\u00e9m.<br \/>\nJajj, de ak\u00e1r mit is besz\u00e9lnek,<br \/>\na te szived m\u00e1r az eny\u00e9m.<br \/>\nJajj, da ak\u00e1r mit is besz\u00e9lnek,<br \/>\na te sz\u00edved m\u00e1r az eny\u00e9m.<br \/>\nNem megyek a b\u00e1lba veled,<br \/>\nnem t\u00e1ncolok ottan veled.<br \/>\nJajj, de ha m\u00e9g is elmegyek,<br \/>\nmegl\u00e1tod, hogy csod\u00e1s leszek.<br \/>\nJajj, de ha m\u00e9g is elmegyek,<br \/>\nmegl\u00e1tod, hogy csod\u00e1s leszek.<br \/>\n&#8212;Sz\u00f3l\u00f3&#8212;<br \/>\nMegmutatom mindenkinek,<br \/>\nhogy a cs\u00e1v\u00f3 engem szeret.<br \/>\nJajj, bele n\u00e9zek a szem\u00e9be,<br \/>\nt\u00fczet gy\u00fajtok a sz\u00edv\u00e9be.<br \/>\nJajj, bele n\u00e9zek a szem\u00e9be,<br \/>\nt\u00fczet gy\u00fajtok a sz\u00edv\u00e9be.<br \/>\nMegmutatom a vil\u00e1gnak,<br \/>\nhogy \u00e9n kellek a bab\u00e1mnak.<br \/>\nJajj, de el\u00e9neklem \u00e9n magamat,<br \/>\nmegsz\u00e9d\u00edtem a cs\u00e1v\u00f3mat.<br \/>\nJajj, de el\u00e9neklem \u00e9n magamat,<br \/>\nmegsz\u00e9d\u00edtem a cs\u00e1v\u00f3mat.<br \/>\n&#8212;Sz\u00f3l\u00f3&#8212;<br \/>\nMinden roma r\u00f3lunk besz\u00e9l,<br \/>\nazt mondj\u00e1k, hogy nem vagy eny\u00e9m.<br \/>\nJajj, da ak\u00e1r mit is besz\u00e9lnek,<br \/>\na te szived m\u00e1r az eny\u00e9m.<br \/>\nJajj, da ak\u00e1r mit is besz\u00e9lnek,<br \/>\na te sz\u00edved m\u00e1r az eny\u00e9m.<br \/>\nNem megyek a b\u00e1lba veled,<br \/>\nnem t\u00e1ncolok ottan veled.<br \/>\nJajj, de ha m\u00e9g is elmegyek,<br \/>\nmegl\u00e1tod, hogy csod\u00e1s leszek.<br \/>\nJajj, de ha m\u00e9g is elmegyek,<br \/>\nmegl\u00e1tod, hogy csod\u00e1s leszek.<br \/>\n&#8212;V\u00e9ge&#8212;<\/p>\n","protected":false},"featured_media":18235,"template":"","meta":{"site-sidebar-layout":"default","site-content-layout":"default","ast-site-content-layout":"default","site-content-style":"default","site-sidebar-style":"default","ast-global-header-display":"","ast-banner-title-visibility":"","ast-main-header-display":"","ast-hfb-above-header-display":"","ast-hfb-below-header-display":"","ast-hfb-mobile-header-display":"","site-post-title":"","ast-breadcrumbs-content":"","ast-featured-img":"","footer-sml-layout":"","theme-transparent-header-meta":"default","adv-header-id-meta":"","stick-header-meta":"","header-above-stick-meta":"","header-main-stick-meta":"","header-below-stick-meta":"","astra-migrate-meta-layouts":"set","ast-page-background-enabled":"default","ast-page-background-meta":{"desktop":{"background-color":"var(--ast-global-color-4)","background-image":"","background-repeat":"repeat","background-position":"center center","background-size":"auto","background-attachment":"scroll","background-type":"","background-media":"","overlay-type":"","overlay-color":"","overlay-opacity":"","overlay-gradient":""},"tablet":{"background-color":"","background-image":"","background-repeat":"repeat","background-position":"center center","background-size":"auto","background-attachment":"scroll","background-type":"","background-media":"","overlay-type":"","overlay-color":"","overlay-opacity":"","overlay-gradient":""},"mobile":{"background-color":"","background-image":"","background-repeat":"repeat","background-position":"center center","background-size":"auto","background-attachment":"scroll","background-type":"","background-media":"","overlay-type":"","overlay-color":"","overlay-opacity":"","overlay-gradient":""}},"ast-content-background-meta":{"desktop":{"background-color":"var(--ast-global-color-5)","background-image":"","background-repeat":"repeat","background-position":"center center","background-size":"auto","background-attachment":"scroll","background-type":"","background-media":"","overlay-type":"","overlay-color":"","overlay-opacity":"","overlay-gradient":""},"tablet":{"background-color":"var(--ast-global-color-5)","background-image":"","background-repeat":"repeat","background-position":"center center","background-size":"auto","background-attachment":"scroll","background-type":"","background-media":"","overlay-type":"","overlay-color":"","overlay-opacity":"","overlay-gradient":""},"mobile":{"background-color":"var(--ast-global-color-5)","background-image":"","background-repeat":"repeat","background-position":"center center","background-size":"auto","background-attachment":"scroll","background-type":"","background-media":"","overlay-type":"","overlay-color":"","overlay-opacity":"","overlay-gradient":""}}},"product_cat":[48],"product_tag":[],"class_list":["post-4012","product","type-product","status-publish","has-post-thumbnail","hentry","product_cat-sunkaraoke-dalok","desktop-align-left","tablet-align-left","mobile-align-left"],"_links":{"self":[{"href":"https:\/\/www.sunkaraoke.hu\/index.php\/wp-json\/wp\/v2\/product\/4012","targetHints":{"allow":["GET"]}}],"collection":[{"href":"https:\/\/www.sunkaraoke.hu\/index.php\/wp-json\/wp\/v2\/product"}],"about":[{"href":"https:\/\/www.sunkaraoke.hu\/index.php\/wp-json\/wp\/v2\/types\/product"}],"wp:featuredmedia":[{"embeddable":true,"href":"https:\/\/www.sunkaraoke.hu\/index.php\/wp-json\/wp\/v2\/media\/18235"}],"wp:attachment":[{"href":"https:\/\/www.sunkaraoke.hu\/index.php\/wp-json\/wp\/v2\/media?parent=4012"}],"wp:term":[{"taxonomy":"product_cat","embeddable":true,"href":"https:\/\/www.sunkaraoke.hu\/index.php\/wp-json\/wp\/v2\/product_cat?post=4012"},{"taxonomy":"product_tag","embeddable":true,"href":"https:\/\/www.sunkaraoke.hu\/index.php\/wp-json\/wp\/v2\/product_tag?post=4012"}],"curies":[{"name":"wp","href":"https:\/\/api.w.org\/{rel}","templated":true}]}}