{"id":4005,"date":"2022-08-08T20:47:01","date_gmt":"2022-08-08T20:47:01","guid":{"rendered":"https:\/\/www.sunkaraoke.hu\/index.php\/termek\/annamary-fekete-rozsa\/"},"modified":"2025-04-04T09:44:02","modified_gmt":"2025-04-04T09:44:02","slug":"annamary-fekete-rozsa","status":"publish","type":"product","link":"https:\/\/www.sunkaraoke.hu\/index.php\/termek\/annamary-fekete-rozsa\/","title":{"rendered":"<div class=\"wcmp-player-container product-4005\"><audio controlslist=\"nodownload\" data-product=\"4005\"  volume=\"1\"  preload=\"none\" data-lazyloading=\"none\" class=\"wcmp-player track mejs-classic\" data-duration=\"0:33\" data-estimated_duration=\"4\"><source src=\"https:\/\/www.sunkaraoke.hu\/wp-content\/uploads\/2022\/08\/Fekete-rozsa-SF-kdemooo.mp3\" type=\"audio\/mp3\" \/><\/audio><\/div>Annamary &#8211; Fekete r\u00f3zsa (Original)"},"content":{"rendered":"<p><strong>03:12<\/strong> | <strong><img loading=\"lazy\" decoding=\"async\" class=\"alignnone size-full wp-image-467\" src=\"https:\/\/www.sunkaraoke.hu\/wp-content\/uploads\/2022\/07\/choir_2-copy.webp\" alt=\"\" width=\"30\" height=\"30\" \/> <\/strong><\/p>\n","protected":false},"excerpt":{"rendered":"<h6><strong>Bits\u0171r\u0171s\u00e9g: 320<\/strong>kb\/s<strong><br \/>\n<\/strong><strong>Hossz: <\/strong>03:12<strong><br \/>\n<\/strong><strong style=\"font-size: 16px;\">Vok\u00e1lt tartalmaz: <\/strong>Nem <img loading=\"lazy\" decoding=\"async\" class=\"alignnone size-full wp-image-467\" src=\"http:\/\/www.sunkaraoke.hu\/wp-content\/uploads\/2022\/07\/choir_2-copy.png\" alt=\"\" width=\"30\" height=\"30\" \/><strong style=\"font-size: 16px;\"><br \/>\n<\/strong><\/h6>\n<p>Sunkaraoke mp3 st\u00fadi\u00f3 \/ www.sunkaraoke.hu \/ Inf: Tel: 06 20 4275001<\/p>\n<p>&#8212;Intr\u00f3&#8212;<br \/>\nA fekete r\u00f3zsa m\u00e9g j\u00e1r neked, t\u00f6vise nem sz\u00farja a sz\u00edvedet,<br \/>\ncsak neked ontja illat\u00e1t, dr\u00e1ga sz\u00e9p bab\u00e1m.<br \/>\nA fekete r\u00f3zsa m\u00e9g j\u00e1r neked, t\u00f6vise nem sz\u00farja a sz\u00edvedet,<br \/>\ncsak neked ontja illat\u00e1t, dr\u00e1ga sz\u00e9p bab\u00e1m.<br \/>\nA j\u00f3 isten l\u00e1tja lelkemet, az \u00e9n gondom mert m\u00e9g itt vagy \u00e9nnekem,<br \/>\nmindenem neked ragyog, neked t\u00fcnd\u00f6k\u00f6l a k\u00e9t szemem.<br \/>\nTe vagy a f\u00f6ld\u00f6n a menyorsz\u00e1g, mosolyod az \u00e9des boldogs\u00e1g,<br \/>\n\u00e9s tudom nekem ragyog , nekem t\u00fcnd\u00f6k\u00f6l a k\u00e9t szemed.<br \/>\nA fekete r\u00f3zsa m\u00e9g j\u00e1r neked, t\u00f6vise nem sz\u00farja a sz\u00edvedet,<br \/>\ncsak neked ontja illat\u00e1t, dr\u00e1ga sz\u00e9p bab\u00e1m.<br \/>\nA fekete r\u00f3zsa m\u00e9g j\u00e1r neked, t\u00f6vise nem sz\u00farja a sz\u00edvedet,<br \/>\ncsak neked ontja illat\u00e1t, dr\u00e1ga sz\u00e9p bab\u00e1m.<br \/>\nA fekete r\u00f3zsa m\u00e9g j\u00e1r neked, t\u00f6vise nem sz\u00farja a sz\u00edvedet,<br \/>\ncsak neked ontja illat\u00e1t, dr\u00e1ga sz\u00e9p bab\u00e1m.<br \/>\nA fekete r\u00f3zsa m\u00e9g j\u00e1r neked, t\u00f6vise nem sz\u00farja a sz\u00edvedet,<br \/>\ncsak neked ontja illat\u00e1t, dr\u00e1ga sz\u00e9p bab\u00e1m.<br \/>\nA j\u00f3 isten l\u00e1tja lelkemet, az \u00e9n sz\u00edvem t\u00e9ged \u00fagy szeret,<br \/>\n\u00fagy szeret csak veled mulatom \u00e9n \u00e1t az \u00e9letet.<br \/>\nTe vagy a f\u00f6ld\u00f6n a menyorsz\u00e1g, mosolyod az \u00e9des boldogs\u00e1g,<br \/>\n\u00e9s tudom nekem ragyog , nekem t\u00fcnd\u00f6k\u00f6l a k\u00e9t szemed.<br \/>\nA fekete r\u00f3zsa m\u00e9g j\u00e1r neked, t\u00f6vise nem sz\u00farja a sz\u00edvedet,<br \/>\ncsak neked ontja illat\u00e1t, dr\u00e1ga sz\u00e9p bab\u00e1m.<br \/>\nA fekete r\u00f3zsa m\u00e9g j\u00e1r neked, t\u00f6vise nem sz\u00farja a sz\u00edvedet,<br \/>\ncsak neked ontja illat\u00e1t, dr\u00e1ga sz\u00e9p bab\u00e1m.<br \/>\nA fekete r\u00f3zsa m\u00e9g j\u00e1r neked, t\u00f6vise nem sz\u00farja a sz\u00edvedet,<br \/>\ncsak neked ontja illat\u00e1t, dr\u00e1ga sz\u00e9p bab\u00e1m.<br \/>\nA fekete r\u00f3zsa m\u00e9g j\u00e1r neked, t\u00f6vise nem sz\u00farja a sz\u00edvedet,<br \/>\ncsak neked ontja illat\u00e1t, dr\u00e1ga sz\u00e9p bab\u00e1m.<br \/>\nDr\u00e1ga sz\u00e9p bab\u00e1m.<br \/>\n&#8212;V\u00e9ge&#8212;<\/p>\n","protected":false},"featured_media":10080,"template":"","meta":{"site-sidebar-layout":"default","site-content-layout":"default","ast-site-content-layout":"default","site-content-style":"default","site-sidebar-style":"default","ast-global-header-display":"","ast-banner-title-visibility":"","ast-main-header-display":"","ast-hfb-above-header-display":"","ast-hfb-below-header-display":"","ast-hfb-mobile-header-display":"","site-post-title":"","ast-breadcrumbs-content":"","ast-featured-img":"","footer-sml-layout":"","theme-transparent-header-meta":"default","adv-header-id-meta":"","stick-header-meta":"","header-above-stick-meta":"","header-main-stick-meta":"","header-below-stick-meta":"","astra-migrate-meta-layouts":"set","ast-page-background-enabled":"default","ast-page-background-meta":{"desktop":{"background-color":"var(--ast-global-color-4)","background-image":"","background-repeat":"repeat","background-position":"center center","background-size":"auto","background-attachment":"scroll","background-type":"","background-media":"","overlay-type":"","overlay-color":"","overlay-opacity":"","overlay-gradient":""},"tablet":{"background-color":"","background-image":"","background-repeat":"repeat","background-position":"center center","background-size":"auto","background-attachment":"scroll","background-type":"","background-media":"","overlay-type":"","overlay-color":"","overlay-opacity":"","overlay-gradient":""},"mobile":{"background-color":"","background-image":"","background-repeat":"repeat","background-position":"center center","background-size":"auto","background-attachment":"scroll","background-type":"","background-media":"","overlay-type":"","overlay-color":"","overlay-opacity":"","overlay-gradient":""}},"ast-content-background-meta":{"desktop":{"background-color":"var(--ast-global-color-5)","background-image":"","background-repeat":"repeat","background-position":"center center","background-size":"auto","background-attachment":"scroll","background-type":"","background-media":"","overlay-type":"","overlay-color":"","overlay-opacity":"","overlay-gradient":""},"tablet":{"background-color":"var(--ast-global-color-5)","background-image":"","background-repeat":"repeat","background-position":"center center","background-size":"auto","background-attachment":"scroll","background-type":"","background-media":"","overlay-type":"","overlay-color":"","overlay-opacity":"","overlay-gradient":""},"mobile":{"background-color":"var(--ast-global-color-5)","background-image":"","background-repeat":"repeat","background-position":"center center","background-size":"auto","background-attachment":"scroll","background-type":"","background-media":"","overlay-type":"","overlay-color":"","overlay-opacity":"","overlay-gradient":""}}},"product_cat":[55],"product_tag":[],"class_list":["post-4005","product","type-product","status-publish","has-post-thumbnail","hentry","product_cat-sihell-ferry","desktop-align-left","tablet-align-left","mobile-align-left"],"_links":{"self":[{"href":"https:\/\/www.sunkaraoke.hu\/index.php\/wp-json\/wp\/v2\/product\/4005","targetHints":{"allow":["GET"]}}],"collection":[{"href":"https:\/\/www.sunkaraoke.hu\/index.php\/wp-json\/wp\/v2\/product"}],"about":[{"href":"https:\/\/www.sunkaraoke.hu\/index.php\/wp-json\/wp\/v2\/types\/product"}],"wp:featuredmedia":[{"embeddable":true,"href":"https:\/\/www.sunkaraoke.hu\/index.php\/wp-json\/wp\/v2\/media\/10080"}],"wp:attachment":[{"href":"https:\/\/www.sunkaraoke.hu\/index.php\/wp-json\/wp\/v2\/media?parent=4005"}],"wp:term":[{"taxonomy":"product_cat","embeddable":true,"href":"https:\/\/www.sunkaraoke.hu\/index.php\/wp-json\/wp\/v2\/product_cat?post=4005"},{"taxonomy":"product_tag","embeddable":true,"href":"https:\/\/www.sunkaraoke.hu\/index.php\/wp-json\/wp\/v2\/product_tag?post=4005"}],"curies":[{"name":"wp","href":"https:\/\/api.w.org\/{rel}","templated":true}]}}