{"id":4001,"date":"2022-08-08T20:47:01","date_gmt":"2022-08-08T20:47:01","guid":{"rendered":"https:\/\/www.sunkaraoke.hu\/index.php\/termek\/simon-duo-egy-a-szivem-azt-neked-adom-2013\/"},"modified":"2022-10-21T14:39:35","modified_gmt":"2022-10-21T14:39:35","slug":"simon-duo-egy-a-szivem-azt-neked-adom-2013","status":"publish","type":"product","link":"https:\/\/www.sunkaraoke.hu\/index.php\/termek\/simon-duo-egy-a-szivem-azt-neked-adom-2013\/","title":{"rendered":"<div class=\"wcmp-player-container product-4001\"><audio controlslist=\"nodownload\" data-product=\"4001\"  volume=\"1\"  preload=\"none\" data-lazyloading=\"none\" class=\"wcmp-player track mejs-classic\" ><source src=\"https:\/\/www.sunkaraoke.hu\/wp-content\/uploads\/wcmp\/48f167e892ded84facf67190503a407d.mp3\" type=\"audio\/mp3\" \/><\/audio><\/div>Simon du\u00f3 &#8211; Egy a sz\u00edvem azt neked adom 2013."},"content":{"rendered":"<p><strong>03:09<\/strong> | <strong><img loading=\"lazy\" decoding=\"async\" class=\"alignnone size-full wp-image-467\" src=\"https:\/\/www.sunkaraoke.hu\/wp-content\/uploads\/2022\/07\/choir_2-copy.webp\" alt=\"\" width=\"30\" height=\"30\" \/> <\/p>\n","protected":false},"excerpt":{"rendered":"<p><strong>Bits\u0171r\u0171s\u00e9g: <\/strong>196kb\/s<strong><br \/>\n<\/strong><strong>Hossz: <\/strong>03:09<strong><br \/>\n<\/strong><strong style=\"font-size: 16px;\">Vok\u00e1lt tartalmaz: <\/strong>Nem <img loading=\"lazy\" decoding=\"async\" class=\"alignnone size-full wp-image-467\" src=\"http:\/\/www.sunkaraoke.hu\/wp-content\/uploads\/2022\/07\/choir_2-copy.png\" alt=\"\" width=\"30\" height=\"30\" \/><strong style=\"font-size: 16px;\"><br \/>\n<\/strong><\/p>\n<p>&nbsp;<\/p>\n<p>&#8212;Intr\u00f3&#8212;<br \/>\nTudn\u00e1d h\u00e1nyszor gondoltam, elmondom neked,<br \/>\nf\u00e9ltem hogy majd kig\u00fanyolsz, \u00e9s nem \u00e9rted meg!<br \/>\nR\u00e1mn\u00e9zt\u00e9l egy mosollyal, csak ezt v\u00e1rtam m\u00e1r,<br \/>\nigy most b\u00e1tran elmondom, hisz ugyis tudod m\u00e1r! <\/p>\n<p>Egy a szivem azt neked adom k\u00e9rlek ne t\u00f6rd \u00f6ssze,<br \/>\nha k\u00e9rdezn\u00e9d \u00e9n igy akarom most \u00e9s mind\u00f6r\u00f6kre!<br \/>\nVigy\u00e1zz r\u00e1 mert nem tagadom b\u00e1ntott\u00e1k m\u00e1r ezren,<br \/>\na szivemet most neked adom, maradjunk igy ketten!<br \/>\n&#8212;Sz\u00f3l\u00f3&#8211;<br \/>\nHa tudn\u00e1d h\u00e1nyszor gondoltam, elmondom neked,<br \/>\nf\u00e9ltem hogy majd kig\u00fanyolsz, \u00e9s nem \u00e9rted meg!<br \/>\nR\u00e1mn\u00e9zt\u00e9l egy mosollyal, csak ezt v\u00e1rtam m\u00e1r,<br \/>\nigy most b\u00e1tran elmondom, hisz ugyis tudod m\u00e1r! <\/p>\n<p>Egy a szivem azt neked adom k\u00e9rlek ne t\u00f6rd \u00f6ssze,<br \/>\nha k\u00e9rdezn\u00e9d \u00e9n igy akarom most \u00e9s mind\u00f6r\u00f6kre!<br \/>\nVigy\u00e1zz r\u00e1 mert nem tagadom b\u00e1ntott\u00e1k m\u00e1r ezren,<br \/>\na szivemet most neked adom, maradjunk igy ketten! <\/p>\n<p>Egy a szivem azt neked adom k\u00e9rlek ne t\u00f6rd \u00f6ssze,<br \/>\nha k\u00e9rdezn\u00e9d \u00e9n igy akarom most \u00e9s mind\u00f6r\u00f6kre!<br \/>\nVigy\u00e1zz r\u00e1 mert nem tagadom b\u00e1ntott\u00e1k m\u00e1r ezren,<br \/>\na szivemet most neked adom, maradjunk igy ketten!<br \/>\n&#8212;V\u00e9ge&#8212;<\/p>\n","protected":false},"featured_media":8720,"template":"","meta":{"site-sidebar-layout":"default","site-content-layout":"default","ast-site-content-layout":"","site-content-style":"default","site-sidebar-style":"default","ast-global-header-display":"","ast-banner-title-visibility":"","ast-main-header-display":"","ast-hfb-above-header-display":"","ast-hfb-below-header-display":"","ast-hfb-mobile-header-display":"","site-post-title":"","ast-breadcrumbs-content":"","ast-featured-img":"","footer-sml-layout":"","theme-transparent-header-meta":"default","adv-header-id-meta":"","stick-header-meta":"","header-above-stick-meta":"","header-main-stick-meta":"","header-below-stick-meta":"","astra-migrate-meta-layouts":"default","ast-page-background-enabled":"default","ast-page-background-meta":{"desktop":{"background-color":"var(--ast-global-color-4)","background-image":"","background-repeat":"repeat","background-position":"center center","background-size":"auto","background-attachment":"scroll","background-type":"","background-media":"","overlay-type":"","overlay-color":"","overlay-opacity":"","overlay-gradient":""},"tablet":{"background-color":"","background-image":"","background-repeat":"repeat","background-position":"center center","background-size":"auto","background-attachment":"scroll","background-type":"","background-media":"","overlay-type":"","overlay-color":"","overlay-opacity":"","overlay-gradient":""},"mobile":{"background-color":"","background-image":"","background-repeat":"repeat","background-position":"center center","background-size":"auto","background-attachment":"scroll","background-type":"","background-media":"","overlay-type":"","overlay-color":"","overlay-opacity":"","overlay-gradient":""}},"ast-content-background-meta":{"desktop":{"background-color":"var(--ast-global-color-5)","background-image":"","background-repeat":"repeat","background-position":"center center","background-size":"auto","background-attachment":"scroll","background-type":"","background-media":"","overlay-type":"","overlay-color":"","overlay-opacity":"","overlay-gradient":""},"tablet":{"background-color":"var(--ast-global-color-5)","background-image":"","background-repeat":"repeat","background-position":"center center","background-size":"auto","background-attachment":"scroll","background-type":"","background-media":"","overlay-type":"","overlay-color":"","overlay-opacity":"","overlay-gradient":""},"mobile":{"background-color":"var(--ast-global-color-5)","background-image":"","background-repeat":"repeat","background-position":"center center","background-size":"auto","background-attachment":"scroll","background-type":"","background-media":"","overlay-type":"","overlay-color":"","overlay-opacity":"","overlay-gradient":""}}},"product_cat":[48],"product_tag":[],"class_list":["post-4001","product","type-product","status-publish","has-post-thumbnail","hentry","product_cat-sunkaraoke-dalok","desktop-align-left","tablet-align-left","mobile-align-left"],"_links":{"self":[{"href":"https:\/\/www.sunkaraoke.hu\/index.php\/wp-json\/wp\/v2\/product\/4001","targetHints":{"allow":["GET"]}}],"collection":[{"href":"https:\/\/www.sunkaraoke.hu\/index.php\/wp-json\/wp\/v2\/product"}],"about":[{"href":"https:\/\/www.sunkaraoke.hu\/index.php\/wp-json\/wp\/v2\/types\/product"}],"wp:featuredmedia":[{"embeddable":true,"href":"https:\/\/www.sunkaraoke.hu\/index.php\/wp-json\/wp\/v2\/media\/8720"}],"wp:attachment":[{"href":"https:\/\/www.sunkaraoke.hu\/index.php\/wp-json\/wp\/v2\/media?parent=4001"}],"wp:term":[{"taxonomy":"product_cat","embeddable":true,"href":"https:\/\/www.sunkaraoke.hu\/index.php\/wp-json\/wp\/v2\/product_cat?post=4001"},{"taxonomy":"product_tag","embeddable":true,"href":"https:\/\/www.sunkaraoke.hu\/index.php\/wp-json\/wp\/v2\/product_tag?post=4001"}],"curies":[{"name":"wp","href":"https:\/\/api.w.org\/{rel}","templated":true}]}}