{"id":4000,"date":"2022-08-08T20:47:01","date_gmt":"2022-08-08T20:47:01","guid":{"rendered":"https:\/\/www.sunkaraoke.hu\/index.php\/termek\/korda-gyorgy-ha-nem-tudom-nem-faj-2013\/"},"modified":"2025-04-02T04:32:17","modified_gmt":"2025-04-02T04:32:17","slug":"korda-gyorgy-ha-nem-tudom-nem-faj-2013","status":"publish","type":"product","link":"https:\/\/www.sunkaraoke.hu\/index.php\/termek\/korda-gyorgy-ha-nem-tudom-nem-faj-2013\/","title":{"rendered":"<div class=\"wcmp-player-container product-4000\"><audio controlslist=\"nodownload\" data-product=\"4000\"  volume=\"1\"  preload=\"none\" data-lazyloading=\"none\" class=\"wcmp-player track mejs-classic\" data-duration=\"0:33\" data-estimated_duration=\"4\"><source src=\"https:\/\/www.sunkaraoke.hu\/wp-content\/uploads\/2022\/08\/Ha-nem-tudom-nem-faj-SB-2013-demooo.mp3\" type=\"audio\/mp3\" \/><\/audio><\/div>Korda Gy\u00f6rgy &#8211; Ha nem tudom nem f\u00e1j (Original)"},"content":{"rendered":"<p><strong>03:31<\/strong> | <strong><img loading=\"lazy\" decoding=\"async\" class=\"alignnone size-full wp-image-467\" src=\"https:\/\/www.sunkaraoke.hu\/wp-content\/uploads\/2022\/07\/choir_2-copy.webp\" alt=\"\" width=\"30\" height=\"30\" \/> <\/strong><\/p>\n","protected":false},"excerpt":{"rendered":"<h6><strong>Bits\u0171r\u0171s\u00e9g: 320<\/strong>kb\/s<strong><br \/>\n<\/strong><strong>Hossz: <\/strong>03:31<strong><br \/>\n<\/strong><strong style=\"font-size: 16px;\">Vok\u00e1lt tartalmaz: <\/strong>Nem <img loading=\"lazy\" decoding=\"async\" class=\"alignnone size-full wp-image-467\" src=\"http:\/\/www.sunkaraoke.hu\/wp-content\/uploads\/2022\/07\/choir_2-copy.png\" alt=\"\" width=\"30\" height=\"30\" \/><strong style=\"font-size: 16px;\"><br \/>\n<\/strong><\/h6>\n<p>Sunkaraoke mp3 st\u00fadi\u00f3 \/ www.sunkaraoke.hu \/ Inf: Tel: 06 20 4275001<\/p>\n<p>&#8212;Intr\u00f3&#8212;<br \/>\nHol j\u00e1rsz most \u00e9s merre vagy,<br \/>\noly r\u00e9g nem l\u00e1ttalak.<br \/>\nHa felh\u00edvsz most, hirtelen,<br \/>\nhol volt\u00e1l, nem k\u00e9rdezem.<\/p>\n<p>Ha nem tudom, nem f\u00e1j,<br \/>\nmerre, hol j\u00e1rt\u00e1l?<br \/>\nHa r\u00e1m nevetsz, ha \u00e1t\u00f6lelsz,<br \/>\nnem sz\u00e1m\u00edt m\u00e1r.<br \/>\nHa nem tudom, nem f\u00e1j,<br \/>\nm\u00e1st is cs\u00f3kolt\u00e1l,<br \/>\nm\u00edg \u00edgy szeretsz, ha m\u00falt egy perc,<br \/>\nnem sz\u00e1m\u00edt m\u00e1r.<br \/>\n&#8212;Sz\u00f3l\u00f3&#8212;<br \/>\nKit n\u00e9z most a k\u00e9t szemed,<br \/>\nmindent\u0151l f\u00e9ltelek.<br \/>\nHa felh\u00edvsz most, hirtelen,<br \/>\nhol volt\u00e1l, nem k\u00e9rdezem.<\/p>\n<p>Ha nem tudom, nem f\u00e1j,<br \/>\nmerre, hol j\u00e1rt\u00e1l?<br \/>\nHa r\u00e1m nevetsz, ha \u00e1t\u00f6lelsz,<br \/>\nnem sz\u00e1m\u00edt m\u00e1r.<br \/>\nHa nem tudom, nem f\u00e1j,<br \/>\nm\u00e1st is cs\u00f3kolt\u00e1l,<br \/>\nm\u00edg \u00edgy szeretsz, ha m\u00falt egy perc,<br \/>\nnem sz\u00e1m\u00edt m\u00e1r.<br \/>\n&#8212;Sz\u00f3l\u00f3&#8212;<br \/>\nHa nem tudom, nem f\u00e1j,<br \/>\nmerre, hol j\u00e1rt\u00e1l?<br \/>\nHa r\u00e1m nevetsz, ha \u00e1t\u00f6lelsz,<br \/>\nnem sz\u00e1m\u00edt m\u00e1r.<br \/>\nHa nem tudom, nem f\u00e1j,<br \/>\nm\u00e1st is cs\u00f3kolt\u00e1l,<br \/>\nm\u00edg \u00edgy szeretsz, ha m\u00falt egy perc,<br \/>\nnem sz\u00e1m\u00edt m\u00e1r.<br \/>\nHa nem tudom, nem f\u00e1j,<br \/>\nmerre, hol j\u00e1rt\u00e1l?<br \/>\nHa r\u00e1m nevetsz, ha \u00e1t\u00f6lelsz,<br \/>\nnem sz\u00e1m\u00edt m\u00e1r.<br \/>\nHa nem tudom, nem f\u00e1j,<br \/>\nm\u00e1st is cs\u00f3kolt\u00e1l,<br \/>\nm\u00edg \u00edgy szeretsz, ha m\u00falt egy perc,<br \/>\nnem sz\u00e1m\u00edt m\u00e1r.<br \/>\n&#8212;V\u00e9ge&#8212;<\/p>\n","protected":false},"featured_media":8824,"template":"","meta":{"site-sidebar-layout":"default","site-content-layout":"default","ast-site-content-layout":"default","site-content-style":"default","site-sidebar-style":"default","ast-global-header-display":"","ast-banner-title-visibility":"","ast-main-header-display":"","ast-hfb-above-header-display":"","ast-hfb-below-header-display":"","ast-hfb-mobile-header-display":"","site-post-title":"","ast-breadcrumbs-content":"","ast-featured-img":"","footer-sml-layout":"","theme-transparent-header-meta":"default","adv-header-id-meta":"","stick-header-meta":"","header-above-stick-meta":"","header-main-stick-meta":"","header-below-stick-meta":"","astra-migrate-meta-layouts":"set","ast-page-background-enabled":"default","ast-page-background-meta":{"desktop":{"background-color":"var(--ast-global-color-4)","background-image":"","background-repeat":"repeat","background-position":"center center","background-size":"auto","background-attachment":"scroll","background-type":"","background-media":"","overlay-type":"","overlay-color":"","overlay-opacity":"","overlay-gradient":""},"tablet":{"background-color":"","background-image":"","background-repeat":"repeat","background-position":"center center","background-size":"auto","background-attachment":"scroll","background-type":"","background-media":"","overlay-type":"","overlay-color":"","overlay-opacity":"","overlay-gradient":""},"mobile":{"background-color":"","background-image":"","background-repeat":"repeat","background-position":"center center","background-size":"auto","background-attachment":"scroll","background-type":"","background-media":"","overlay-type":"","overlay-color":"","overlay-opacity":"","overlay-gradient":""}},"ast-content-background-meta":{"desktop":{"background-color":"var(--ast-global-color-5)","background-image":"","background-repeat":"repeat","background-position":"center center","background-size":"auto","background-attachment":"scroll","background-type":"","background-media":"","overlay-type":"","overlay-color":"","overlay-opacity":"","overlay-gradient":""},"tablet":{"background-color":"var(--ast-global-color-5)","background-image":"","background-repeat":"repeat","background-position":"center center","background-size":"auto","background-attachment":"scroll","background-type":"","background-media":"","overlay-type":"","overlay-color":"","overlay-opacity":"","overlay-gradient":""},"mobile":{"background-color":"var(--ast-global-color-5)","background-image":"","background-repeat":"repeat","background-position":"center center","background-size":"auto","background-attachment":"scroll","background-type":"","background-media":"","overlay-type":"","overlay-color":"","overlay-opacity":"","overlay-gradient":""}}},"product_cat":[48],"product_tag":[],"class_list":["post-4000","product","type-product","status-publish","has-post-thumbnail","hentry","product_cat-sunkaraoke-dalok","desktop-align-left","tablet-align-left","mobile-align-left"],"_links":{"self":[{"href":"https:\/\/www.sunkaraoke.hu\/index.php\/wp-json\/wp\/v2\/product\/4000","targetHints":{"allow":["GET"]}}],"collection":[{"href":"https:\/\/www.sunkaraoke.hu\/index.php\/wp-json\/wp\/v2\/product"}],"about":[{"href":"https:\/\/www.sunkaraoke.hu\/index.php\/wp-json\/wp\/v2\/types\/product"}],"wp:featuredmedia":[{"embeddable":true,"href":"https:\/\/www.sunkaraoke.hu\/index.php\/wp-json\/wp\/v2\/media\/8824"}],"wp:attachment":[{"href":"https:\/\/www.sunkaraoke.hu\/index.php\/wp-json\/wp\/v2\/media?parent=4000"}],"wp:term":[{"taxonomy":"product_cat","embeddable":true,"href":"https:\/\/www.sunkaraoke.hu\/index.php\/wp-json\/wp\/v2\/product_cat?post=4000"},{"taxonomy":"product_tag","embeddable":true,"href":"https:\/\/www.sunkaraoke.hu\/index.php\/wp-json\/wp\/v2\/product_tag?post=4000"}],"curies":[{"name":"wp","href":"https:\/\/api.w.org\/{rel}","templated":true}]}}