{"id":3995,"date":"2022-08-08T20:47:00","date_gmt":"2022-08-08T20:47:00","guid":{"rendered":"https:\/\/www.sunkaraoke.hu\/index.php\/termek\/eder-gabee-aruld-el\/"},"modified":"2025-04-09T16:34:19","modified_gmt":"2025-04-09T16:34:19","slug":"eder-gabee-aruld-el","status":"publish","type":"product","link":"https:\/\/www.sunkaraoke.hu\/index.php\/termek\/eder-gabee-aruld-el\/","title":{"rendered":"<div class=\"wcmp-player-container product-3995\"><audio controlslist=\"nodownload\" data-product=\"3995\"  volume=\"1\"  preload=\"none\" data-lazyloading=\"none\" class=\"wcmp-player track mejs-classic\" data-duration=\"0:33\" data-estimated_duration=\"4\"><source src=\"https:\/\/www.sunkaraoke.hu\/wp-content\/uploads\/2022\/08\/Aruld-el-Eder-SB-kardemoo-1.mp3\" type=\"audio\/mp3\" \/><\/audio><\/div>\u00c9der Gabee &#8211; \u00c1ruld el (Original SB. Edition))"},"content":{"rendered":"<p><strong>04:23<\/strong> | <strong><img loading=\"lazy\" decoding=\"async\" class=\"alignnone size-full wp-image-467\" src=\"https:\/\/www.sunkaraoke.hu\/wp-content\/uploads\/2022\/07\/choir_2-copy.webp\" alt=\"\" width=\"30\" height=\"30\" \/> <\/strong><\/p>\n","protected":false},"excerpt":{"rendered":"<h6><strong>Bits\u0171r\u0171s\u00e9g: 320<\/strong>kb\/s<strong><br \/>\n<\/strong><strong>Hossz: <\/strong>04:23<strong><br \/>\n<\/strong><strong style=\"font-size: 16px;\">Vok\u00e1lt tartalmaz: <\/strong>Nem <img loading=\"lazy\" decoding=\"async\" class=\"alignnone size-full wp-image-467\" src=\"http:\/\/www.sunkaraoke.hu\/wp-content\/uploads\/2022\/07\/choir_2-copy.png\" alt=\"\" width=\"30\" height=\"30\" \/><strong style=\"font-size: 16px;\"><br \/>\n<\/strong><\/h6>\n<p>Sunkaraoke mp3 st\u00fadi\u00f3 \/ www.sunkaraoke.hu \/ Inf: Tel: 06 20 4275001<\/p>\n<p>&#8212;Intr\u00f3&#8212;<br \/>\nKi tudja mi\u00e9rt t\u00f6r r\u00e1m a gy\u00f6tr\u0151 k\u00ednz\u00f3 f\u00e9lelem,<br \/>\nki mondja meg hol t\u0171nik el, a j\u00f3zan \u00e9rtelem.<br \/>\nKi \u00e9rti azt, hogy szenvedek, ha nem vagy \u00e9n velem,<br \/>\n\u00e9pp ez amit szeretek.<br \/>\nMi\u00e9rt van az \u00fagy, hogy l\u00e1ngra gy\u00fajt,<br \/>\na h\u0171v\u00f6s k\u00e9t kezed,<br \/>\nmi\u00e9rt ijeszt meg ha szikl\u00e1t sz\u00f3r a halv\u00e1ny z\u00f6ld szemed.<br \/>\nMi\u00e9rt zavarnak ha vonzanak, a furcsa v\u00e9gletek,<br \/>\n\u00e9pp ez amit szeretek.<\/p>\n<p>\u00c1ruld el mivel tudsz hatni r\u00e1m.<br \/>\n\u00c1ruld el mit\u0151l szomjas a sz\u00e1d.<br \/>\n\u00c1ruld el mi j\u00f6n m\u00e9g ezut\u00e1n, \u00e1ruld el igaz\u00e1n.<br \/>\n\u00c1ruld el mit\u0151l \u00e9g ez a l\u00e1z.<br \/>\n\u00c1ruld el sz\u00edvedre ki vigy\u00e1z.<br \/>\n\u00c1ruld el medd\u00edg tart a var\u00e1zs,\u00e1ruld el mire v\u00e1rsz.<\/p>\n<p>Tudod te j\u00f3l,az \u00faj ruh\u00e1k nekem nem tetszenek,<br \/>\ntudod te j\u00f3l,a r\u00e9giben \u00e9n jobban kedvellek.<br \/>\nTudod te j\u00f3l,de r\u00e1besz\u00e9lsz \u00e9s v\u00e9g\u00fcl felveszed,<br \/>\nt\u00e1n \u00e9pp ez, amit szeretek.<br \/>\nCsak \u00e9n tudom,mit \u00e9rzek \u00e9n,ha olykor k\u00e9tkedek?<br \/>\nCsak \u00e9n tudom,milyen neh\u00e9z,de m\u00e9gis f\u00e9ltelek.<br \/>\nCsak \u00e9n tudom,hogy n\u00e9lk\u00fcled most m\u00e1r nem \u00e9lhetek,<br \/>\nt\u00e1n ez,amit \u00fagy szeretek.<\/p>\n<p>\u00c1ruld el mivel tudsz hatni r\u00e1m.<br \/>\n\u00c1ruld el mit\u0151l szomjas a sz\u00e1d.<br \/>\n\u00c1ruld el mi j\u00f6n m\u00e9g ezut\u00e1n, \u00e1ruld el igaz\u00e1n.<br \/>\n\u00c1ruld el mit\u0151l \u00e9g ez a l\u00e1z.<br \/>\n\u00c1ruld el sz\u00edvedre ki vigy\u00e1z.<br \/>\n\u00c1ruld el medd\u00edg tart a var\u00e1zs, \u00e1ruld el mire v\u00e1rsz.<\/p>\n<p>&#8212;Sz\u00f3l\u00f3&#8212;<\/p>\n<p>\u00c1ruld el mivel tudsz hatni r\u00e1m.<br \/>\n\u00c1ruld el mit\u0151l szomjas a sz\u00e1d.<br \/>\n\u00c1ruld el mi j\u00f6n m\u00e9g ezut\u00e1n, \u00e1ruld el igaz\u00e1n.<br \/>\n\u00c1ruld el mit\u0151l \u00e9g ez a l\u00e1z.<br \/>\n\u00c1ruld el sz\u00edvedre ki vigy\u00e1z.<br \/>\n\u00c1ruld el medd\u00edg tart a var\u00e1zs, \u00e1ruld el mire v\u00e1rsz.<\/p>\n<p>\u00c1ruld el mivel tudsz hatni r\u00e1m.<br \/>\n\u00c1ruld el mit\u0151l szomjas a sz\u00e1d.<br \/>\n\u00c1ruld el mi j\u00f6n m\u00e9g ezut\u00e1n, \u00e1ruld el igaz\u00e1n.<br \/>\n\u00c1ruld el mit\u0151l \u00e9g ez a l\u00e1z.<br \/>\n\u00c1ruld el sz\u00edvedre ki vigy\u00e1z.<br \/>\n\u00c1ruld el medd\u00edg tart a var\u00e1zs, \u00e1ruld el mire v\u00e1rsz.<br \/>\n&#8212;V\u00e9ge&#8212;<\/p>\n","protected":false},"featured_media":11804,"template":"","meta":{"site-sidebar-layout":"default","site-content-layout":"default","ast-site-content-layout":"default","site-content-style":"default","site-sidebar-style":"default","ast-global-header-display":"","ast-banner-title-visibility":"","ast-main-header-display":"","ast-hfb-above-header-display":"","ast-hfb-below-header-display":"","ast-hfb-mobile-header-display":"","site-post-title":"","ast-breadcrumbs-content":"","ast-featured-img":"","footer-sml-layout":"","theme-transparent-header-meta":"default","adv-header-id-meta":"","stick-header-meta":"","header-above-stick-meta":"","header-main-stick-meta":"","header-below-stick-meta":"","astra-migrate-meta-layouts":"set","ast-page-background-enabled":"default","ast-page-background-meta":{"desktop":{"background-color":"var(--ast-global-color-4)","background-image":"","background-repeat":"repeat","background-position":"center center","background-size":"auto","background-attachment":"scroll","background-type":"","background-media":"","overlay-type":"","overlay-color":"","overlay-opacity":"","overlay-gradient":""},"tablet":{"background-color":"","background-image":"","background-repeat":"repeat","background-position":"center center","background-size":"auto","background-attachment":"scroll","background-type":"","background-media":"","overlay-type":"","overlay-color":"","overlay-opacity":"","overlay-gradient":""},"mobile":{"background-color":"","background-image":"","background-repeat":"repeat","background-position":"center center","background-size":"auto","background-attachment":"scroll","background-type":"","background-media":"","overlay-type":"","overlay-color":"","overlay-opacity":"","overlay-gradient":""}},"ast-content-background-meta":{"desktop":{"background-color":"var(--ast-global-color-5)","background-image":"","background-repeat":"repeat","background-position":"center center","background-size":"auto","background-attachment":"scroll","background-type":"","background-media":"","overlay-type":"","overlay-color":"","overlay-opacity":"","overlay-gradient":""},"tablet":{"background-color":"var(--ast-global-color-5)","background-image":"","background-repeat":"repeat","background-position":"center center","background-size":"auto","background-attachment":"scroll","background-type":"","background-media":"","overlay-type":"","overlay-color":"","overlay-opacity":"","overlay-gradient":""},"mobile":{"background-color":"var(--ast-global-color-5)","background-image":"","background-repeat":"repeat","background-position":"center center","background-size":"auto","background-attachment":"scroll","background-type":"","background-media":"","overlay-type":"","overlay-color":"","overlay-opacity":"","overlay-gradient":""}}},"product_cat":[48],"product_tag":[],"class_list":["post-3995","product","type-product","status-publish","has-post-thumbnail","hentry","product_cat-sunkaraoke-dalok","desktop-align-left","tablet-align-left","mobile-align-left"],"_links":{"self":[{"href":"https:\/\/www.sunkaraoke.hu\/index.php\/wp-json\/wp\/v2\/product\/3995","targetHints":{"allow":["GET"]}}],"collection":[{"href":"https:\/\/www.sunkaraoke.hu\/index.php\/wp-json\/wp\/v2\/product"}],"about":[{"href":"https:\/\/www.sunkaraoke.hu\/index.php\/wp-json\/wp\/v2\/types\/product"}],"wp:featuredmedia":[{"embeddable":true,"href":"https:\/\/www.sunkaraoke.hu\/index.php\/wp-json\/wp\/v2\/media\/11804"}],"wp:attachment":[{"href":"https:\/\/www.sunkaraoke.hu\/index.php\/wp-json\/wp\/v2\/media?parent=3995"}],"wp:term":[{"taxonomy":"product_cat","embeddable":true,"href":"https:\/\/www.sunkaraoke.hu\/index.php\/wp-json\/wp\/v2\/product_cat?post=3995"},{"taxonomy":"product_tag","embeddable":true,"href":"https:\/\/www.sunkaraoke.hu\/index.php\/wp-json\/wp\/v2\/product_tag?post=3995"}],"curies":[{"name":"wp","href":"https:\/\/api.w.org\/{rel}","templated":true}]}}