{"id":3994,"date":"2022-08-08T20:47:00","date_gmt":"2022-08-08T20:47:00","guid":{"rendered":"https:\/\/www.sunkaraoke.hu\/index.php\/termek\/domotor-balazs-kedvesem\/"},"modified":"2025-03-31T17:06:11","modified_gmt":"2025-03-31T17:06:11","slug":"domotor-balazs-kedvesem","status":"publish","type":"product","link":"https:\/\/www.sunkaraoke.hu\/index.php\/termek\/domotor-balazs-kedvesem\/","title":{"rendered":"<div class=\"wcmp-player-container product-3994\"><audio controlslist=\"nodownload\" data-product=\"3994\"  volume=\"1\"  preload=\"none\" data-lazyloading=\"none\" class=\"wcmp-player track mejs-classic\" data-duration=\"0:33\" data-estimated_duration=\"4\"><source src=\"https:\/\/www.sunkaraoke.hu\/wp-content\/uploads\/2022\/08\/Kedvesem-ByeAlex_demo.mp3\" type=\"audio\/mp3\" \/><\/audio><\/div>D\u00f6m\u00f6t\u00f6r Bal\u00e1zs &#8211; Kedvesem (Original)"},"content":{"rendered":"<p><strong>03:10<\/strong> | <strong><img loading=\"lazy\" decoding=\"async\" class=\"alignnone size-full wp-image-467\" src=\"https:\/\/www.sunkaraoke.hu\/wp-content\/uploads\/2022\/07\/choir_2-copy.webp\" alt=\"\" width=\"30\" height=\"30\" \/> <\/strong><\/p>\n","protected":false},"excerpt":{"rendered":"<h6><strong>Bits\u0171r\u0171s\u00e9g: 320<\/strong>kb\/s<strong><br \/>\n<\/strong><strong>Hossz: <\/strong>03:10<strong><br \/>\n<\/strong><strong style=\"font-size: 16px;\">Vok\u00e1lt tartalmaz: <\/strong>Nem <img loading=\"lazy\" decoding=\"async\" class=\"alignnone size-full wp-image-467\" src=\"http:\/\/www.sunkaraoke.hu\/wp-content\/uploads\/2022\/07\/choir_2-copy.png\" alt=\"\" width=\"30\" height=\"30\" \/><strong style=\"font-size: 16px;\"><br \/>\n<\/strong><\/h6>\n<p>Sunkaraoke mp3 st\u00fadi\u00f3 \/ www.sunkaraoke.hu \/ Inf: Tel: 06 20 4275001<\/p>\n<p>&#8212;Intr\u00f3&#8212;<br \/>\nAz \u00e9n kedvesem egy olyan l\u00e1ny, akit farkasok neveltek,<br \/>\n\u00e9s t\u00e1ncolt egy d\u00e9lib\u00e1bbal,majd elillant csendesen,<br \/>\naz \u00e9n kedvesem, \u0151 az \u00e9n kedvesem.<\/p>\n<p>Az \u00e9n kedvesem egy olyan l\u00e1ny, akit \u00e1t\u00f6lel h\u00e9t kontinens,<br \/>\ncsobban sz\u00e9p tengerekben,s t\u00e1ncot lejt fent felh\u0151k k\u00f6zt,<br \/>\na, kedvesem, \u0151 az \u00e9n kedvesem.<\/p>\n<p>Mert nekem, nincs most m\u00e1s,csak a kedvesem, az \u00e9n kedvesem.<br \/>\n\u0150 b\u00e1rhol j\u00e1r,az \u00fagy j\u00f3 nekem, az \u00fagy j\u00f3 nekem.<br \/>\nMert mindig r\u00e1m tal\u00e1l,az \u00e9n kedvesem, az \u00e9n kedvesem.<br \/>\n\u00dagy d\u00fadoln\u00e1m, ez \u00edgy j\u00f3 nekem, ez \u00edgy j\u00f3 nekem, ez a dal.<br \/>\n&#8212;Sz\u00f3l\u00f3&#8212;<br \/>\nAz \u00e9n kedvesem egy olyan l\u00e1ny, akit h\u00f3bortos \u00e1lmok t\u00e9pnek,<br \/>\nk\u00f3cos haj\u00e1t reggelente szelek fonj\u00e1k,ett\u0151l m\u00e1s a kedvesem,<br \/>\n\u0151 az \u00e9n kedvesem.<\/p>\n<p>Az \u00e9n kedvesem a v\u00e9gtelennel,ujjat h\u00faz \u00e9s sosem retteg,<br \/>\nrozmaringb\u00f3l k\u00e9sz\u00edt hint\u00f3t, t\u00fccsk\u00f6k h\u00fazz\u00e1k, \u00edgy nyugtat meg csendesen,<br \/>\n\u0151 az \u00e9n kedvesem.<\/p>\n<p>Mert nekem nincs most m\u00e1s,csak a kedvesem, az \u00e9n kedvesem.<br \/>\n\u0150 b\u00e1rhol j\u00e1r,az \u00fagy j\u00f3 nekem, az \u00fagy j\u00f3 nekem.<br \/>\nMert mindig r\u00e1m tal\u00e1l,az \u00e9n kedvesem, az \u00e9n kedvesem,<br \/>\n\u00fagy d\u00fadoln\u00e1m ez \u00edgy j\u00f3 nekem, ez \u00edgy j\u00f3 nekem,ez a dal.<\/p>\n<p>Mert nekem nincs most m\u00e1s,csak a kedvesem, az \u00e9n kedvesem.<br \/>\n\u0150 b\u00e1rhol j\u00e1r,az \u00fagy j\u00f3 nekem, az \u00fagy j\u00f3 nekem.<br \/>\nMert mindig r\u00e1m tal\u00e1l,az \u00e9n kedvesem, az \u00e9n kedvesem,<br \/>\n\u00fagy d\u00fadoln\u00e1m ez \u00edgy j\u00f3 nekem, ez \u00edgy j\u00f3 nekem,ez a dal.<br \/>\n&#8212;V\u00e9ge&#8212;<\/p>\n","protected":false},"featured_media":13436,"template":"","meta":{"site-sidebar-layout":"default","site-content-layout":"default","ast-site-content-layout":"default","site-content-style":"default","site-sidebar-style":"default","ast-global-header-display":"","ast-banner-title-visibility":"","ast-main-header-display":"","ast-hfb-above-header-display":"","ast-hfb-below-header-display":"","ast-hfb-mobile-header-display":"","site-post-title":"","ast-breadcrumbs-content":"","ast-featured-img":"","footer-sml-layout":"","theme-transparent-header-meta":"default","adv-header-id-meta":"","stick-header-meta":"","header-above-stick-meta":"","header-main-stick-meta":"","header-below-stick-meta":"","astra-migrate-meta-layouts":"set","ast-page-background-enabled":"default","ast-page-background-meta":{"desktop":{"background-color":"var(--ast-global-color-4)","background-image":"","background-repeat":"repeat","background-position":"center center","background-size":"auto","background-attachment":"scroll","background-type":"","background-media":"","overlay-type":"","overlay-color":"","overlay-opacity":"","overlay-gradient":""},"tablet":{"background-color":"","background-image":"","background-repeat":"repeat","background-position":"center center","background-size":"auto","background-attachment":"scroll","background-type":"","background-media":"","overlay-type":"","overlay-color":"","overlay-opacity":"","overlay-gradient":""},"mobile":{"background-color":"","background-image":"","background-repeat":"repeat","background-position":"center center","background-size":"auto","background-attachment":"scroll","background-type":"","background-media":"","overlay-type":"","overlay-color":"","overlay-opacity":"","overlay-gradient":""}},"ast-content-background-meta":{"desktop":{"background-color":"var(--ast-global-color-5)","background-image":"","background-repeat":"repeat","background-position":"center center","background-size":"auto","background-attachment":"scroll","background-type":"","background-media":"","overlay-type":"","overlay-color":"","overlay-opacity":"","overlay-gradient":""},"tablet":{"background-color":"var(--ast-global-color-5)","background-image":"","background-repeat":"repeat","background-position":"center center","background-size":"auto","background-attachment":"scroll","background-type":"","background-media":"","overlay-type":"","overlay-color":"","overlay-opacity":"","overlay-gradient":""},"mobile":{"background-color":"var(--ast-global-color-5)","background-image":"","background-repeat":"repeat","background-position":"center center","background-size":"auto","background-attachment":"scroll","background-type":"","background-media":"","overlay-type":"","overlay-color":"","overlay-opacity":"","overlay-gradient":""}}},"product_cat":[46],"product_tag":[],"class_list":["post-3994","product","type-product","status-publish","has-post-thumbnail","hentry","product_cat-eredeti-karaoke-dalok","desktop-align-left","tablet-align-left","mobile-align-left"],"_links":{"self":[{"href":"https:\/\/www.sunkaraoke.hu\/index.php\/wp-json\/wp\/v2\/product\/3994","targetHints":{"allow":["GET"]}}],"collection":[{"href":"https:\/\/www.sunkaraoke.hu\/index.php\/wp-json\/wp\/v2\/product"}],"about":[{"href":"https:\/\/www.sunkaraoke.hu\/index.php\/wp-json\/wp\/v2\/types\/product"}],"wp:featuredmedia":[{"embeddable":true,"href":"https:\/\/www.sunkaraoke.hu\/index.php\/wp-json\/wp\/v2\/media\/13436"}],"wp:attachment":[{"href":"https:\/\/www.sunkaraoke.hu\/index.php\/wp-json\/wp\/v2\/media?parent=3994"}],"wp:term":[{"taxonomy":"product_cat","embeddable":true,"href":"https:\/\/www.sunkaraoke.hu\/index.php\/wp-json\/wp\/v2\/product_cat?post=3994"},{"taxonomy":"product_tag","embeddable":true,"href":"https:\/\/www.sunkaraoke.hu\/index.php\/wp-json\/wp\/v2\/product_tag?post=3994"}],"curies":[{"name":"wp","href":"https:\/\/api.w.org\/{rel}","templated":true}]}}