{"id":3993,"date":"2022-08-08T20:47:00","date_gmt":"2022-08-08T20:47:00","guid":{"rendered":"https:\/\/www.sunkaraoke.hu\/index.php\/termek\/suzy-aranycipo-2013\/"},"modified":"2025-04-09T16:30:38","modified_gmt":"2025-04-09T16:30:38","slug":"suzy-aranycipo-2013","status":"publish","type":"product","link":"https:\/\/www.sunkaraoke.hu\/index.php\/termek\/suzy-aranycipo-2013\/","title":{"rendered":"<div class=\"wcmp-player-container product-3993\"><audio controlslist=\"nodownload\" data-product=\"3993\"  volume=\"1\"  preload=\"none\" data-lazyloading=\"none\" class=\"wcmp-player track mejs-classic\" data-duration=\"0:32\" data-estimated_duration=\"4\"><source src=\"https:\/\/www.sunkaraoke.hu\/wp-content\/uploads\/2022\/08\/Aranycipo-SB-kdemooo.mp3\" type=\"audio\/mp3\" \/><\/audio><\/div>Suzy &#8211; Aranycip\u0151 (Original SB. Edition)"},"content":{"rendered":"<p><strong>03:05<\/strong> | <strong><img loading=\"lazy\" decoding=\"async\" class=\"alignnone size-full wp-image-467\" src=\"https:\/\/www.sunkaraoke.hu\/wp-content\/uploads\/2022\/07\/choir_2-copy.webp\" alt=\"\" width=\"30\" height=\"30\" \/> <\/strong><\/p>\n","protected":false},"excerpt":{"rendered":"<h6><strong>Bits\u0171r\u0171s\u00e9g: 320<\/strong>kb\/s<strong><br \/>\n<\/strong><strong>Hossz: <\/strong>03:05<strong><br \/>\n<\/strong><strong style=\"font-size: 16px;\">Vok\u00e1lt tartalmaz: <\/strong>Nem <img loading=\"lazy\" decoding=\"async\" class=\"alignnone size-full wp-image-467\" src=\"http:\/\/www.sunkaraoke.hu\/wp-content\/uploads\/2022\/07\/choir_2-copy.png\" alt=\"\" width=\"30\" height=\"30\" \/><strong style=\"font-size: 16px;\"><br \/>\n<\/strong><\/h6>\n<p>Sunkaraoke mp3 st\u00fadi\u00f3 \/ www.sunkaraoke.hu \/ Inf: Tel: 06 20 4275001<\/p>\n<p>&#8212;Intr\u00f3&#8212;<br \/>\nArany cip\u0151, arany ruha,<br \/>\nroma b\u00e1lba k\u00e9sz\u00fcl most a cig\u00e1ny h\u00faga.<br \/>\nArany gy\u0171r\u0171, arany szalag,<br \/>\n\u00e9s a fej\u00e9n arany csipk\u00e9s arany kalap.<\/p>\n<p>Csukl\u00f3j\u00e1n egy arany kark\u00f6t\u0151.<br \/>\na gy\u0171r\u0171j\u00e9ben ott ragyog a k\u0151<br \/>\nCs\u00f6pp kis f\u00fcl\u00e9n arany karika,<br \/>\njaj de csinos ez a Zsuzsika.<br \/>\nCsukl\u00f3j\u00e1n egy arany kark\u00f6t\u0151.<br \/>\na gy\u0171r\u0171j\u00e9ben ott ragyog a k\u0151<br \/>\nCs\u00f6pp kis f\u00fcl\u00e9n arany karika,<br \/>\njaj de csinos ez a Zsuzsika.<br \/>\n&#8212;Sz\u00f3l\u00f3&#8212;<br \/>\nNincs arany cip\u0151m sem arany \u00f3r\u00e1m ,<br \/>\na cs\u00f3r\u00f3s\u00e1gt\u00f3l kil\u00e1tszik a terem bur\u00e1m.<br \/>\nNincs arany gy\u0171r\u0171m sem arany \u00f3r\u00e1m,<br \/>\na b\u00e1li ruha valahogyan sosem j\u00f3 r\u00e1m.<\/p>\n<p>Cig\u00e1ny b\u00e1lba \u00fagy se megyek \u00e9n,<br \/>\nkin\u00e9zn\u00e9nek m\u00e9g az elej\u00e9n.<br \/>\nJ\u00f3 nekem itt lenn a faluban,<br \/>\na kocsm\u00e1ban cig\u00e1nyzene van.<br \/>\nCig\u00e1ny b\u00e1lba \u00fagy se megyek \u00e9n,<br \/>\nkin\u00e9zn\u00e9nek m\u00e9g az elej\u00e9n.<br \/>\nJ\u00f3 nekem itt lenn a faluban,<br \/>\na kocsm\u00e1ban cig\u00e1nyzene van.<br \/>\n&#8212;Sz\u00f3l\u00f3&#8212;<br \/>\nArany cip\u0151, arany ruha,<br \/>\nroma b\u00e1lba k\u00e9sz\u00fcl most a cig\u00e1ny h\u00faga.<br \/>\nArany gy\u0171r\u0171, arany szalag,<br \/>\n\u00e9s a fej\u00e9n arany csipk\u00e9s arany kalap.<\/p>\n<p>Csukl\u00f3j\u00e1n egy arany kark\u00f6t\u0151.<br \/>\na gy\u0171r\u0171j\u00e9ben ott ragyog a k\u0151<br \/>\nCs\u00f6pp kis f\u00fcl\u00e9n arany karika,<br \/>\njaj de csinos ez a Zsuzsika.<\/p>\n<p>Csukl\u00f3j\u00e1n egy arany kark\u00f6t\u0151.<br \/>\na gy\u0171r\u0171j\u00e9ben ott ragyog a k\u0151<br \/>\nCs\u00f6pp kis f\u00fcl\u00e9n arany karika,<br \/>\njaj de csinos ez a Zsuzsika.<br \/>\n&#8212;V\u00e9ge&#8212;<\/p>\n","protected":false},"featured_media":9887,"template":"","meta":{"site-sidebar-layout":"default","site-content-layout":"default","ast-site-content-layout":"default","site-content-style":"default","site-sidebar-style":"default","ast-global-header-display":"","ast-banner-title-visibility":"","ast-main-header-display":"","ast-hfb-above-header-display":"","ast-hfb-below-header-display":"","ast-hfb-mobile-header-display":"","site-post-title":"","ast-breadcrumbs-content":"","ast-featured-img":"","footer-sml-layout":"","theme-transparent-header-meta":"default","adv-header-id-meta":"","stick-header-meta":"","header-above-stick-meta":"","header-main-stick-meta":"","header-below-stick-meta":"","astra-migrate-meta-layouts":"set","ast-page-background-enabled":"default","ast-page-background-meta":{"desktop":{"background-color":"var(--ast-global-color-4)","background-image":"","background-repeat":"repeat","background-position":"center center","background-size":"auto","background-attachment":"scroll","background-type":"","background-media":"","overlay-type":"","overlay-color":"","overlay-opacity":"","overlay-gradient":""},"tablet":{"background-color":"","background-image":"","background-repeat":"repeat","background-position":"center center","background-size":"auto","background-attachment":"scroll","background-type":"","background-media":"","overlay-type":"","overlay-color":"","overlay-opacity":"","overlay-gradient":""},"mobile":{"background-color":"","background-image":"","background-repeat":"repeat","background-position":"center center","background-size":"auto","background-attachment":"scroll","background-type":"","background-media":"","overlay-type":"","overlay-color":"","overlay-opacity":"","overlay-gradient":""}},"ast-content-background-meta":{"desktop":{"background-color":"var(--ast-global-color-5)","background-image":"","background-repeat":"repeat","background-position":"center center","background-size":"auto","background-attachment":"scroll","background-type":"","background-media":"","overlay-type":"","overlay-color":"","overlay-opacity":"","overlay-gradient":""},"tablet":{"background-color":"var(--ast-global-color-5)","background-image":"","background-repeat":"repeat","background-position":"center center","background-size":"auto","background-attachment":"scroll","background-type":"","background-media":"","overlay-type":"","overlay-color":"","overlay-opacity":"","overlay-gradient":""},"mobile":{"background-color":"var(--ast-global-color-5)","background-image":"","background-repeat":"repeat","background-position":"center center","background-size":"auto","background-attachment":"scroll","background-type":"","background-media":"","overlay-type":"","overlay-color":"","overlay-opacity":"","overlay-gradient":""}}},"product_cat":[48],"product_tag":[],"class_list":["post-3993","product","type-product","status-publish","has-post-thumbnail","hentry","product_cat-sunkaraoke-dalok","desktop-align-left","tablet-align-left","mobile-align-left"],"_links":{"self":[{"href":"https:\/\/www.sunkaraoke.hu\/index.php\/wp-json\/wp\/v2\/product\/3993","targetHints":{"allow":["GET"]}}],"collection":[{"href":"https:\/\/www.sunkaraoke.hu\/index.php\/wp-json\/wp\/v2\/product"}],"about":[{"href":"https:\/\/www.sunkaraoke.hu\/index.php\/wp-json\/wp\/v2\/types\/product"}],"wp:featuredmedia":[{"embeddable":true,"href":"https:\/\/www.sunkaraoke.hu\/index.php\/wp-json\/wp\/v2\/media\/9887"}],"wp:attachment":[{"href":"https:\/\/www.sunkaraoke.hu\/index.php\/wp-json\/wp\/v2\/media?parent=3993"}],"wp:term":[{"taxonomy":"product_cat","embeddable":true,"href":"https:\/\/www.sunkaraoke.hu\/index.php\/wp-json\/wp\/v2\/product_cat?post=3993"},{"taxonomy":"product_tag","embeddable":true,"href":"https:\/\/www.sunkaraoke.hu\/index.php\/wp-json\/wp\/v2\/product_tag?post=3993"}],"curies":[{"name":"wp","href":"https:\/\/api.w.org\/{rel}","templated":true}]}}