{"id":3985,"date":"2022-08-08T20:46:59","date_gmt":"2022-08-08T20:46:59","guid":{"rendered":"https:\/\/www.sunkaraoke.hu\/index.php\/termek\/postas-jozsi-ha-balba-megyek\/"},"modified":"2025-04-01T14:56:37","modified_gmt":"2025-04-01T14:56:37","slug":"postas-jozsi-ha-balba-megyek","status":"publish","type":"product","link":"https:\/\/www.sunkaraoke.hu\/index.php\/termek\/postas-jozsi-ha-balba-megyek\/","title":{"rendered":"<div class=\"wcmp-player-container product-3985\"><audio controlslist=\"nodownload\" data-product=\"3985\"  volume=\"1\"  preload=\"none\" data-lazyloading=\"none\" class=\"wcmp-player track mejs-classic\" data-duration=\"0:34\" data-estimated_duration=\"4\"><source src=\"https:\/\/www.sunkaraoke.hu\/wp-content\/uploads\/2022\/08\/Ha-balba-megyek-demo.mp3\" type=\"audio\/mp3\" \/><\/audio><\/div>Post\u00e1s J\u00f3zsi &#8211; Ha b\u00e1lba megyek (Original)"},"content":{"rendered":"<p><strong>03:24<\/strong> | <strong><img loading=\"lazy\" decoding=\"async\" class=\"alignnone size-full wp-image-467\" src=\"https:\/\/www.sunkaraoke.hu\/wp-content\/uploads\/2022\/07\/choir_2-copy.webp\" alt=\"\" width=\"30\" height=\"30\" \/> <\/strong><\/p>\n","protected":false},"excerpt":{"rendered":"<h6><strong>Bits\u0171r\u0171s\u00e9g: 320<\/strong>kb\/s<strong><br \/>\n<\/strong><strong>Hossz: <\/strong>03:24<strong><br \/>\n<\/strong><strong style=\"font-size: 16px;\">Vok\u00e1lt tartalmaz: <\/strong>Nem <img loading=\"lazy\" decoding=\"async\" class=\"alignnone size-full wp-image-467\" src=\"http:\/\/www.sunkaraoke.hu\/wp-content\/uploads\/2022\/07\/choir_2-copy.png\" alt=\"\" width=\"30\" height=\"30\" \/><strong style=\"font-size: 16px;\"><br \/>\n<\/strong><\/h6>\n<p>Sunkaraoke mp3 st\u00fadi\u00f3 \/ www.sunkaraoke.hu \/ Inf: Tel: 06 20 4275001<\/p>\n<p>&#8212;Intr\u00f3&#8212;<br \/>\nKisgyerekk\u00e9nt azt \u00e1lmodtam \u00e9nekes leszek,<br \/>\nebben hitt a dr\u00e1ga j\u00f3 any\u00e1m.<br \/>\nHitte, hogy majd egyszer \u00e9n is nagy zen\u00e9sz leszek,<br \/>\nm\u00falathatok annyi \u00e9jjen \u00e1t.<br \/>\nAz els\u0151 hang a torkomon egy kiss\u00e9 hamis volt,<br \/>\nde gyorsan j\u00f6tt egy \u00fajabb \u00e1llom\u00e1s.<br \/>\nEgy v\u00e1ltoz\u00e1s, mely \u00e9vek \u00f3ta elragadtatott,<br \/>\na zene \u00e9s a sz\u00ednpad r\u00e1m tal\u00e1lt.<\/p>\n<p>Ha b\u00e1lba megyek \u00e9n a sz\u00edvem kit\u00e1rom,<br \/>\nhisz ott vannak a legszebb n\u0151k a vil\u00e1gon.<br \/>\nHa b\u00e1lba megyek, t\u00e1ncra kelek , j\u00f3kedv\u0171en \u00e9nekelek,<br \/>\nboldog vagyok, val\u00f3ra v\u00e1lt az \u00e1lmom.<br \/>\nHa b\u00e1lba megyek \u00e9n a sz\u00edvem kit\u00e1rom,<br \/>\nmert nincsen n\u00e1lam boldogabb a vil\u00e1gon.<br \/>\nHa b\u00e1lba megyek,t\u00e1ncra kelek,figyeljetek j\u00f3 emberek,<br \/>\nbulizzunk egy \u00e9leten \u00e1t, nem b\u00e1nom!<br \/>\n&#8212;Sz\u00f3l\u00f3&#8212;<br \/>\n\u00c9des any\u00e1m vettem meg az els\u0151 lemezem,<br \/>\n\u0151 volt, ki az els\u0151 sorban \u00e1llt.<br \/>\nMeghallgatta, s az ut\u00e1n megfogta kezem,<br \/>\nj\u00f3l van fiam, b\u00fcszke vagyok r\u00e1d.<\/p>\n<p>Ha b\u00e1lba megyek \u00e9n a sz\u00edvem kit\u00e1rom,<br \/>\nhisz ott vannak a legszebb n\u0151k a vil\u00e1gon.<br \/>\nHa b\u00e1lba megyek, t\u00e1ncra kelek , j\u00f3kedv\u0171en \u00e9nekelek,<br \/>\nboldog vagyok, val\u00f3ra v\u00e1lt az \u00e1lmom.<br \/>\nHa b\u00e1lba megyek \u00e9n a sz\u00edvem kit\u00e1rom,<br \/>\nmert nincsen n\u00e1lam boldogabb a vil\u00e1gon.<br \/>\nHa b\u00e1lba megyek,t\u00e1ncra kelek,figyeljetek j\u00f3 emberek,<br \/>\nbulizzunk egy \u00e9leten \u00e1t, nem b\u00e1nom!<br \/>\n&#8212;Sz\u00f3l\u00f3&#8212;<br \/>\nHa b\u00e1lba megyek \u00e9n a sz\u00edvem kit\u00e1rom,<br \/>\nhisz ott vannak a legszebb n\u0151k a vil\u00e1gon.<br \/>\nHa b\u00e1lba megyek, t\u00e1ncra kelek , j\u00f3kedv\u0171en \u00e9nekelek,<br \/>\nboldog vagyok, val\u00f3ra v\u00e1lt az \u00e1lmom.<br \/>\nHa b\u00e1lba megyek \u00e9n a sz\u00edvem kit\u00e1rom,<br \/>\nmert nincsen n\u00e1lam boldogabb a vil\u00e1gon.<br \/>\nHa b\u00e1lba megyek,t\u00e1ncra kelek,figyeljetek j\u00f3 emberek,<br \/>\nbulizzunk egy \u00e9leten \u00e1t, nem b\u00e1nom!<\/p>\n<p>Ha b\u00e1lba megyek \u00e9n a sz\u00edvem kit\u00e1rom,<br \/>\nhisz ott vannak a legszebb n\u0151k a vil\u00e1gon.<br \/>\nHa b\u00e1lba megyek, t\u00e1ncra kelek , j\u00f3kedv\u0171en \u00e9nekelek,<br \/>\nboldog vagyok, val\u00f3ra v\u00e1lt az \u00e1lmom.<br \/>\nHa b\u00e1lba megyek \u00e9n a sz\u00edvem kit\u00e1rom,<br \/>\nmert nincsen n\u00e1lam boldogabb a vil\u00e1gon.<br \/>\nHa b\u00e1lba megyek,t\u00e1ncra kelek,figyeljetek j\u00f3 emberek,<br \/>\nbulizzunk egy \u00e9leten \u00e1t, nem b\u00e1nom!<br \/>\n&#8212;V\u00e9ge&#8212;<\/p>\n","protected":false},"featured_media":9011,"template":"","meta":{"site-sidebar-layout":"default","site-content-layout":"default","ast-site-content-layout":"default","site-content-style":"default","site-sidebar-style":"default","ast-global-header-display":"","ast-banner-title-visibility":"","ast-main-header-display":"","ast-hfb-above-header-display":"","ast-hfb-below-header-display":"","ast-hfb-mobile-header-display":"","site-post-title":"","ast-breadcrumbs-content":"","ast-featured-img":"","footer-sml-layout":"","theme-transparent-header-meta":"default","adv-header-id-meta":"","stick-header-meta":"","header-above-stick-meta":"","header-main-stick-meta":"","header-below-stick-meta":"","astra-migrate-meta-layouts":"set","ast-page-background-enabled":"default","ast-page-background-meta":{"desktop":{"background-color":"var(--ast-global-color-4)","background-image":"","background-repeat":"repeat","background-position":"center center","background-size":"auto","background-attachment":"scroll","background-type":"","background-media":"","overlay-type":"","overlay-color":"","overlay-opacity":"","overlay-gradient":""},"tablet":{"background-color":"","background-image":"","background-repeat":"repeat","background-position":"center center","background-size":"auto","background-attachment":"scroll","background-type":"","background-media":"","overlay-type":"","overlay-color":"","overlay-opacity":"","overlay-gradient":""},"mobile":{"background-color":"","background-image":"","background-repeat":"repeat","background-position":"center center","background-size":"auto","background-attachment":"scroll","background-type":"","background-media":"","overlay-type":"","overlay-color":"","overlay-opacity":"","overlay-gradient":""}},"ast-content-background-meta":{"desktop":{"background-color":"var(--ast-global-color-5)","background-image":"","background-repeat":"repeat","background-position":"center center","background-size":"auto","background-attachment":"scroll","background-type":"","background-media":"","overlay-type":"","overlay-color":"","overlay-opacity":"","overlay-gradient":""},"tablet":{"background-color":"var(--ast-global-color-5)","background-image":"","background-repeat":"repeat","background-position":"center center","background-size":"auto","background-attachment":"scroll","background-type":"","background-media":"","overlay-type":"","overlay-color":"","overlay-opacity":"","overlay-gradient":""},"mobile":{"background-color":"var(--ast-global-color-5)","background-image":"","background-repeat":"repeat","background-position":"center center","background-size":"auto","background-attachment":"scroll","background-type":"","background-media":"","overlay-type":"","overlay-color":"","overlay-opacity":"","overlay-gradient":""}}},"product_cat":[46],"product_tag":[],"class_list":["post-3985","product","type-product","status-publish","has-post-thumbnail","hentry","product_cat-eredeti-karaoke-dalok","desktop-align-left","tablet-align-left","mobile-align-left"],"_links":{"self":[{"href":"https:\/\/www.sunkaraoke.hu\/index.php\/wp-json\/wp\/v2\/product\/3985","targetHints":{"allow":["GET"]}}],"collection":[{"href":"https:\/\/www.sunkaraoke.hu\/index.php\/wp-json\/wp\/v2\/product"}],"about":[{"href":"https:\/\/www.sunkaraoke.hu\/index.php\/wp-json\/wp\/v2\/types\/product"}],"wp:featuredmedia":[{"embeddable":true,"href":"https:\/\/www.sunkaraoke.hu\/index.php\/wp-json\/wp\/v2\/media\/9011"}],"wp:attachment":[{"href":"https:\/\/www.sunkaraoke.hu\/index.php\/wp-json\/wp\/v2\/media?parent=3985"}],"wp:term":[{"taxonomy":"product_cat","embeddable":true,"href":"https:\/\/www.sunkaraoke.hu\/index.php\/wp-json\/wp\/v2\/product_cat?post=3985"},{"taxonomy":"product_tag","embeddable":true,"href":"https:\/\/www.sunkaraoke.hu\/index.php\/wp-json\/wp\/v2\/product_tag?post=3985"}],"curies":[{"name":"wp","href":"https:\/\/api.w.org\/{rel}","templated":true}]}}