{"id":3982,"date":"2022-08-08T20:46:59","date_gmt":"2022-08-08T20:46:59","guid":{"rendered":"https:\/\/www.sunkaraoke.hu\/index.php\/termek\/postas-jozsi-postasdal\/"},"modified":"2025-04-01T15:11:26","modified_gmt":"2025-04-01T15:11:26","slug":"postas-jozsi-postasdal","status":"publish","type":"product","link":"https:\/\/www.sunkaraoke.hu\/index.php\/termek\/postas-jozsi-postasdal\/","title":{"rendered":"<div class=\"wcmp-player-container product-3982\"><audio controlslist=\"nodownload\" data-product=\"3982\"  volume=\"1\"  preload=\"none\" data-lazyloading=\"none\" class=\"wcmp-player track mejs-classic\" data-duration=\"0:31\" data-estimated_duration=\"4\"><source src=\"https:\/\/www.sunkaraoke.hu\/wp-content\/uploads\/2022\/08\/Postasdal-demo.mp3\" type=\"audio\/mp3\" \/><\/audio><\/div>Post\u00e1s J\u00f3zsi &#8211; Post\u00e1sdal (Original)"},"content":{"rendered":"<p><strong>03:51<\/strong> | <strong><img loading=\"lazy\" decoding=\"async\" class=\"alignnone size-full wp-image-467\" src=\"https:\/\/www.sunkaraoke.hu\/wp-content\/uploads\/2022\/07\/choir_2-copy.webp\" alt=\"\" width=\"30\" height=\"30\" \/> <\/strong><\/p>\n","protected":false},"excerpt":{"rendered":"<h6><strong>Bits\u0171r\u0171s\u00e9g: 320<\/strong>kb\/s<strong><br \/>\n<\/strong><strong>Hossz: <\/strong>03:51<strong><br \/>\n<\/strong><strong style=\"font-size: 16px;\">Vok\u00e1lt tartalmaz: <\/strong>Nem <img loading=\"lazy\" decoding=\"async\" class=\"alignnone size-full wp-image-467\" src=\"http:\/\/www.sunkaraoke.hu\/wp-content\/uploads\/2022\/07\/choir_2-copy.png\" alt=\"\" width=\"30\" height=\"30\" \/><strong style=\"font-size: 16px;\"><br \/>\n<\/strong><\/h6>\n<p>Sunkaraoke mp3 st\u00fadi\u00f3 \/ www.sunkaraoke.hu \/ Inf: Tel: 06 20 4275001<\/p>\n<p>&#8212;Intr\u00f3&#8212;<br \/>\nReggel hatkor friss \u00e9bred\u00e9s,<br \/>\nir\u00e1ny a posta, munkakezd\u00e9s,<br \/>\nnem sz\u00e1m\u00edt ha rossz is az id\u0151,<br \/>\nt\u00e9len \u00e9s ny\u00e1ron a posta a nyer\u0151.<\/p>\n<p>Az \u00fcgyfeleknek p\u00e9nzk\u00fcldem\u00e9ny,<br \/>\naz \u00fcgyv\u00e9deknek aj\u00e1nlott lev\u00e9l,<br \/>\nk\u00e1r hogy k\u00e9sik a h\u00e9tv\u00e9ge,<br \/>\nmert sz\u00fcks\u00e9gem lenne a pihen\u00e9sre.<\/p>\n<p>\u00c9n pr\u00f3b\u00e1lom szedni a l\u00e1bamat,<br \/>\na biciklim olyan mint egy gyorsvonat,<br \/>\nhajnalban mindig \u00fatra k\u00e9lek,<br \/>\nhogy c\u00e9lba \u00e9rjenek a k\u00fcldem\u00e9nyek.<br \/>\nPr\u00f3b\u00e1lom szedni a l\u00e1bamat,<br \/>\na biciklim olyan mint egy gyorsvonat,<br \/>\nhajnalban mindig \u00fatra k\u00e9lek,<br \/>\nhogy c\u00e9lba \u00e9rjenek a k\u00fcldem\u00e9nyek.<br \/>\n&#8212;Sz\u00f3l\u00f3&#8212;<br \/>\nAz \u00f6sszes kutya az \u00e9n bar\u00e1tom,<br \/>\nkiharapj\u00e1k a b\u0151rnadr\u00e1gom,<br \/>\nn\u00e9melyikkel ha szembesz\u00e1llok,<br \/>\naz ilyeds\u00e9gt\u0151l m\u00e1r alig l\u00e1tok.<br \/>\nMeg van rakva a post\u00e1st\u00e1ska,<br \/>\nbenne a sorsjegy a nyugd\u00edj a sz\u00e1mla,<br \/>\na csal\u00e1di p\u00f3tl\u00e9k meg a seg\u00e9ly,<br \/>\nebb\u0151l a post\u00e1s v\u00edgan \u00e9l.<\/p>\n<p>\u00c9n pr\u00f3b\u00e1lom szedni a l\u00e1bamat,<br \/>\na biciklim olyan mint egy gyorsvonat,<br \/>\nhajnalban mindig \u00fatra k\u00e9lek,<br \/>\nhogy c\u00e9lba \u00e9rjenek a k\u00fcldem\u00e9nyek.<br \/>\nPr\u00f3b\u00e1lom szedni a l\u00e1bamat,<br \/>\na biciklim olyan mint egy gyorsvonat,<br \/>\nhajnalban mindig \u00fatra k\u00e9lek,<br \/>\nhogy c\u00e9lba \u00e9rjenek a k\u00fcldem\u00e9nyek.<br \/>\n&#8212;Sz\u00f3l\u00f3&#8212;<br \/>\n\u00c9n pr\u00f3b\u00e1lom szedni a l\u00e1bamat,<br \/>\na biciklim olyan mint egy gyorsvonat,<br \/>\nhajnalban mindig \u00fatra k\u00e9lek,<br \/>\nhogy c\u00e9lba \u00e9rjenek a k\u00fcldem\u00e9nyek.<br \/>\nPr\u00f3b\u00e1lom szedni a l\u00e1bamat,<br \/>\na biciklim olyan mint egy gyorsvonat,<br \/>\nhajnalban mindig \u00fatra k\u00e9lek,<br \/>\nhogy c\u00e9lba \u00e9rjenek a k\u00fcldem\u00e9nyek.<br \/>\nPr\u00f3b\u00e1lom szedni a l\u00e1bamat,<br \/>\na biciklim olyan mint egy gyorsvonat,<br \/>\nhajnalban mindig \u00fatra k\u00e9lek,<br \/>\nhogy c\u00e9lba \u00e9rjenek a k\u00fcldem\u00e9nyek.<br \/>\nPr\u00f3b\u00e1lom szedni a l\u00e1bamat,<br \/>\na biciklim olyan mint egy gyorsvonat,<br \/>\nhajnalban mindig \u00fatra k\u00e9lek,<br \/>\nhogy c\u00e9lba \u00e9rjenek a k\u00fcldem\u00e9nyek.<br \/>\n&#8212;V\u00e9ge&#8212;<\/p>\n","protected":false},"featured_media":9011,"template":"","meta":{"site-sidebar-layout":"default","site-content-layout":"default","ast-site-content-layout":"default","site-content-style":"default","site-sidebar-style":"default","ast-global-header-display":"","ast-banner-title-visibility":"","ast-main-header-display":"","ast-hfb-above-header-display":"","ast-hfb-below-header-display":"","ast-hfb-mobile-header-display":"","site-post-title":"","ast-breadcrumbs-content":"","ast-featured-img":"","footer-sml-layout":"","theme-transparent-header-meta":"default","adv-header-id-meta":"","stick-header-meta":"","header-above-stick-meta":"","header-main-stick-meta":"","header-below-stick-meta":"","astra-migrate-meta-layouts":"set","ast-page-background-enabled":"default","ast-page-background-meta":{"desktop":{"background-color":"var(--ast-global-color-4)","background-image":"","background-repeat":"repeat","background-position":"center center","background-size":"auto","background-attachment":"scroll","background-type":"","background-media":"","overlay-type":"","overlay-color":"","overlay-opacity":"","overlay-gradient":""},"tablet":{"background-color":"","background-image":"","background-repeat":"repeat","background-position":"center center","background-size":"auto","background-attachment":"scroll","background-type":"","background-media":"","overlay-type":"","overlay-color":"","overlay-opacity":"","overlay-gradient":""},"mobile":{"background-color":"","background-image":"","background-repeat":"repeat","background-position":"center center","background-size":"auto","background-attachment":"scroll","background-type":"","background-media":"","overlay-type":"","overlay-color":"","overlay-opacity":"","overlay-gradient":""}},"ast-content-background-meta":{"desktop":{"background-color":"var(--ast-global-color-5)","background-image":"","background-repeat":"repeat","background-position":"center center","background-size":"auto","background-attachment":"scroll","background-type":"","background-media":"","overlay-type":"","overlay-color":"","overlay-opacity":"","overlay-gradient":""},"tablet":{"background-color":"var(--ast-global-color-5)","background-image":"","background-repeat":"repeat","background-position":"center center","background-size":"auto","background-attachment":"scroll","background-type":"","background-media":"","overlay-type":"","overlay-color":"","overlay-opacity":"","overlay-gradient":""},"mobile":{"background-color":"var(--ast-global-color-5)","background-image":"","background-repeat":"repeat","background-position":"center center","background-size":"auto","background-attachment":"scroll","background-type":"","background-media":"","overlay-type":"","overlay-color":"","overlay-opacity":"","overlay-gradient":""}}},"product_cat":[46],"product_tag":[],"class_list":["post-3982","product","type-product","status-publish","has-post-thumbnail","hentry","product_cat-eredeti-karaoke-dalok","desktop-align-left","tablet-align-left","mobile-align-left"],"_links":{"self":[{"href":"https:\/\/www.sunkaraoke.hu\/index.php\/wp-json\/wp\/v2\/product\/3982","targetHints":{"allow":["GET"]}}],"collection":[{"href":"https:\/\/www.sunkaraoke.hu\/index.php\/wp-json\/wp\/v2\/product"}],"about":[{"href":"https:\/\/www.sunkaraoke.hu\/index.php\/wp-json\/wp\/v2\/types\/product"}],"wp:featuredmedia":[{"embeddable":true,"href":"https:\/\/www.sunkaraoke.hu\/index.php\/wp-json\/wp\/v2\/media\/9011"}],"wp:attachment":[{"href":"https:\/\/www.sunkaraoke.hu\/index.php\/wp-json\/wp\/v2\/media?parent=3982"}],"wp:term":[{"taxonomy":"product_cat","embeddable":true,"href":"https:\/\/www.sunkaraoke.hu\/index.php\/wp-json\/wp\/v2\/product_cat?post=3982"},{"taxonomy":"product_tag","embeddable":true,"href":"https:\/\/www.sunkaraoke.hu\/index.php\/wp-json\/wp\/v2\/product_tag?post=3982"}],"curies":[{"name":"wp","href":"https:\/\/api.w.org\/{rel}","templated":true}]}}