{"id":3979,"date":"2022-08-08T20:46:59","date_gmt":"2022-08-08T20:46:59","guid":{"rendered":"https:\/\/www.sunkaraoke.hu\/index.php\/termek\/postas-jozsi-a-kisfroccs-nota\/"},"modified":"2025-04-01T15:14:18","modified_gmt":"2025-04-01T15:14:18","slug":"postas-jozsi-a-kisfroccs-nota","status":"publish","type":"product","link":"https:\/\/www.sunkaraoke.hu\/index.php\/termek\/postas-jozsi-a-kisfroccs-nota\/","title":{"rendered":"<div class=\"wcmp-player-container product-3979\"><audio controlslist=\"nodownload\" data-product=\"3979\"  volume=\"1\"  preload=\"none\" data-lazyloading=\"none\" class=\"wcmp-player track mejs-classic\" data-duration=\"0:33\" data-estimated_duration=\"4\"><source src=\"https:\/\/www.sunkaraoke.hu\/wp-content\/uploads\/2022\/08\/kisfroccs-demooo.mp3\" type=\"audio\/mp3\" \/><\/audio><\/div>Post\u00e1s J\u00f3zsi &#8211; A kisfr\u00f6ccs n\u00f3ta (Original)"},"content":{"rendered":"<p><strong>03:15<\/strong> | <strong><img loading=\"lazy\" decoding=\"async\" class=\"alignnone size-full wp-image-467\" src=\"https:\/\/www.sunkaraoke.hu\/wp-content\/uploads\/2022\/07\/choir_2-copy.webp\" alt=\"\" width=\"30\" height=\"30\" \/> <\/strong><\/p>\n","protected":false},"excerpt":{"rendered":"<h6><strong>Bits\u0171r\u0171s\u00e9g: 320<\/strong>kb\/s<strong><br \/>\n<\/strong><strong>Hossz: <\/strong>03:15<strong><br \/>\n<\/strong><strong style=\"font-size: 16px;\">Vok\u00e1lt tartalmaz: <\/strong>Nem <img loading=\"lazy\" decoding=\"async\" class=\"alignnone size-full wp-image-467\" src=\"http:\/\/www.sunkaraoke.hu\/wp-content\/uploads\/2022\/07\/choir_2-copy.png\" alt=\"\" width=\"30\" height=\"30\" \/><strong style=\"font-size: 16px;\"><br \/>\n<\/strong><\/h6>\n<p>Sunkaraoke mp3 st\u00fadi\u00f3 \/ www.sunkaraoke.hu \/ Inf: Tel: 06 20 4275001<\/p>\n<p>&#8212;Intr\u00f3&#8212;<br \/>\nH\u00e1&#8217; de kit\u00f6lt\u00f6m a kisfr\u00f6ccs\u00f6m egy poh\u00e1rba,<br \/>\nh\u00e1&#8217; de b\u00e1natomat s\u00edrom el a kocsm\u00e1ba.<br \/>\nZeneg\u00e9p, \u00e1llj!<\/p>\n<p>Jajj de neh\u00e9z az \u00e9let,hogy ha egyed\u00fcl \u00e9lek.<br \/>\nNincsen t\u00e1rsam b\u00faban,\u00e9s betegs\u00e9gben.<\/p>\n<p>Borba folytom b\u00e1natom,nem v\u00e1r haza az asszony.<br \/>\nItt egy kocsma,m\u00e9g az \u00e9jjel bet\u00e9rek.<\/p>\n<p>Kit\u00f6lt\u00f6m a kisfr\u00f6ccs\u00f6m egy poh\u00e1rba,<br \/>\nb\u00e1natomat s\u00edrom el a kocsm\u00e1ba.<br \/>\nKocsm\u00e1rosn\u00e9 fizetek,m\u00e9g egy fr\u00f6ccs\u00f6t rendelek.<br \/>\nTele van az \u00e9n sz\u00edvem betegs\u00e9ggel.<br \/>\nKit\u00f6lt\u00f6m a kisfr\u00f6ccs\u00f6m egy poh\u00e1rba,<br \/>\nb\u00e1natomat s\u00edrom el a kocsm\u00e1ba.<br \/>\nKocsm\u00e1rosn\u00e9 fizetek,m\u00e9g egy fr\u00f6ccs\u00f6t rendelek.<br \/>\nTele van az \u00e9n sz\u00edvem betegs\u00e9ggel.<br \/>\n&#8212;Sz\u00f3l\u00f3&#8212;<br \/>\nJajj de neh\u00e9z az \u00e9let,hogy ha egyed\u00fcl \u00e9lek.<br \/>\nNincsen t\u00e1rsam b\u00faban,\u00e9s betegs\u00e9gben.<\/p>\n<p>Borba folytom b\u00e1natom,nem v\u00e1r haza az asszony.<br \/>\nItt egy kocsma,m\u00e9g az \u00e9jjel bet\u00e9rek.<\/p>\n<p>Kit\u00f6lt\u00f6m a kisfr\u00f6ccs\u00f6m egy poh\u00e1rba,<br \/>\nb\u00e1natomat s\u00edrom el a kocsm\u00e1ba.<br \/>\nKocsm\u00e1rosn\u00e9 fizetek,m\u00e9g egy fr\u00f6ccs\u00f6t rendelek.<br \/>\nTele van az \u00e9n sz\u00edvem betegs\u00e9ggel.<br \/>\nKit\u00f6lt\u00f6m a kisfr\u00f6ccs\u00f6m egy poh\u00e1rba,<br \/>\nb\u00e1natomat s\u00edrom el a kocsm\u00e1ba.<br \/>\nKocsm\u00e1rosn\u00e9 fizetek,m\u00e9g egy fr\u00f6ccs\u00f6t rendelek.<br \/>\nTele van az \u00e9n sz\u00edvem betegs\u00e9ggel.<br \/>\n&#8212;Sz\u00f3l\u00f3&#8212;<\/p>\n<p>Kit\u00f6lt\u00f6m a kisfr\u00f6ccs\u00f6m egy poh\u00e1rba,<br \/>\nb\u00e1natomat s\u00edrom el a kocsm\u00e1ba.<br \/>\nKocsm\u00e1rosn\u00e9 fizetek,m\u00e9g egy fr\u00f6ccs\u00f6t rendelek.<br \/>\nTele van az \u00e9n sz\u00edvem betegs\u00e9ggel.<br \/>\nKit\u00f6lt\u00f6m a kisfr\u00f6ccs\u00f6m egy poh\u00e1rba,<br \/>\nb\u00e1natomat s\u00edrom el a kocsm\u00e1ba.<br \/>\nKocsm\u00e1rosn\u00e9 fizetek,m\u00e9g egy fr\u00f6ccs\u00f6t rendelek.<br \/>\nTele van az \u00e9n sz\u00edvem betegs\u00e9ggel.<\/p>\n<p>Kit\u00f6lt\u00f6m a kisfr\u00f6ccs\u00f6m egy poh\u00e1rba,<br \/>\nb\u00e1natomat s\u00edrom el a kocsm\u00e1ba.<br \/>\nKocsm\u00e1rosn\u00e9 fizetek,m\u00e9g egy fr\u00f6ccs\u00f6t rendelek.<br \/>\nTele van az \u00e9n sz\u00edvem betegs\u00e9ggel.<\/p>\n<p>Kit\u00f6lt\u00f6m a kisfr\u00f6ccs\u00f6m egy poh\u00e1rba,<br \/>\nb\u00e1natomat s\u00edrom el a kocsm\u00e1ba.<br \/>\nKocsm\u00e1rosn\u00e9 fizetek,m\u00e9g egy fr\u00f6ccs\u00f6t rendelek.<br \/>\nTele van az \u00e9n sz\u00edvem betegs\u00e9ggel.<\/p>\n<p>&#8212;V\u00e9ge&#8212;<\/p>\n","protected":false},"featured_media":9011,"template":"","meta":{"site-sidebar-layout":"default","site-content-layout":"default","ast-site-content-layout":"default","site-content-style":"default","site-sidebar-style":"default","ast-global-header-display":"","ast-banner-title-visibility":"","ast-main-header-display":"","ast-hfb-above-header-display":"","ast-hfb-below-header-display":"","ast-hfb-mobile-header-display":"","site-post-title":"","ast-breadcrumbs-content":"","ast-featured-img":"","footer-sml-layout":"","theme-transparent-header-meta":"default","adv-header-id-meta":"","stick-header-meta":"","header-above-stick-meta":"","header-main-stick-meta":"","header-below-stick-meta":"","astra-migrate-meta-layouts":"set","ast-page-background-enabled":"default","ast-page-background-meta":{"desktop":{"background-color":"var(--ast-global-color-4)","background-image":"","background-repeat":"repeat","background-position":"center center","background-size":"auto","background-attachment":"scroll","background-type":"","background-media":"","overlay-type":"","overlay-color":"","overlay-opacity":"","overlay-gradient":""},"tablet":{"background-color":"","background-image":"","background-repeat":"repeat","background-position":"center center","background-size":"auto","background-attachment":"scroll","background-type":"","background-media":"","overlay-type":"","overlay-color":"","overlay-opacity":"","overlay-gradient":""},"mobile":{"background-color":"","background-image":"","background-repeat":"repeat","background-position":"center center","background-size":"auto","background-attachment":"scroll","background-type":"","background-media":"","overlay-type":"","overlay-color":"","overlay-opacity":"","overlay-gradient":""}},"ast-content-background-meta":{"desktop":{"background-color":"var(--ast-global-color-5)","background-image":"","background-repeat":"repeat","background-position":"center center","background-size":"auto","background-attachment":"scroll","background-type":"","background-media":"","overlay-type":"","overlay-color":"","overlay-opacity":"","overlay-gradient":""},"tablet":{"background-color":"var(--ast-global-color-5)","background-image":"","background-repeat":"repeat","background-position":"center center","background-size":"auto","background-attachment":"scroll","background-type":"","background-media":"","overlay-type":"","overlay-color":"","overlay-opacity":"","overlay-gradient":""},"mobile":{"background-color":"var(--ast-global-color-5)","background-image":"","background-repeat":"repeat","background-position":"center center","background-size":"auto","background-attachment":"scroll","background-type":"","background-media":"","overlay-type":"","overlay-color":"","overlay-opacity":"","overlay-gradient":""}}},"product_cat":[46],"product_tag":[],"class_list":["post-3979","product","type-product","status-publish","has-post-thumbnail","hentry","product_cat-eredeti-karaoke-dalok","desktop-align-left","tablet-align-left","mobile-align-left"],"_links":{"self":[{"href":"https:\/\/www.sunkaraoke.hu\/index.php\/wp-json\/wp\/v2\/product\/3979","targetHints":{"allow":["GET"]}}],"collection":[{"href":"https:\/\/www.sunkaraoke.hu\/index.php\/wp-json\/wp\/v2\/product"}],"about":[{"href":"https:\/\/www.sunkaraoke.hu\/index.php\/wp-json\/wp\/v2\/types\/product"}],"wp:featuredmedia":[{"embeddable":true,"href":"https:\/\/www.sunkaraoke.hu\/index.php\/wp-json\/wp\/v2\/media\/9011"}],"wp:attachment":[{"href":"https:\/\/www.sunkaraoke.hu\/index.php\/wp-json\/wp\/v2\/media?parent=3979"}],"wp:term":[{"taxonomy":"product_cat","embeddable":true,"href":"https:\/\/www.sunkaraoke.hu\/index.php\/wp-json\/wp\/v2\/product_cat?post=3979"},{"taxonomy":"product_tag","embeddable":true,"href":"https:\/\/www.sunkaraoke.hu\/index.php\/wp-json\/wp\/v2\/product_tag?post=3979"}],"curies":[{"name":"wp","href":"https:\/\/api.w.org\/{rel}","templated":true}]}}