{"id":3976,"date":"2022-08-08T20:46:58","date_gmt":"2022-08-08T20:46:58","guid":{"rendered":"https:\/\/www.sunkaraoke.hu\/index.php\/termek\/asos-attila-szep-julia\/"},"modified":"2025-04-09T14:40:07","modified_gmt":"2025-04-09T14:40:07","slug":"asos-attila-szep-julia","status":"publish","type":"product","link":"https:\/\/www.sunkaraoke.hu\/index.php\/termek\/asos-attila-szep-julia\/","title":{"rendered":"<div class=\"wcmp-player-container product-3976\"><audio controlslist=\"nodownload\" data-product=\"3976\"  volume=\"1\"  preload=\"none\" data-lazyloading=\"none\" class=\"wcmp-player track mejs-classic\" data-duration=\"0:34\" data-estimated_duration=\"4\"><source src=\"https:\/\/www.sunkaraoke.hu\/wp-content\/uploads\/2022\/08\/Szep-Julia-SB-kdemooo.mp3\" type=\"audio\/mp3\" \/><\/audio><\/div>\u00c1s\u00f3s Attila &#8211; Sz\u00e9p J\u00falia (Original SB Edition)"},"content":{"rendered":"<p><strong>03:57<\/strong> | <strong><img loading=\"lazy\" decoding=\"async\" class=\"alignnone size-full wp-image-467\" src=\"https:\/\/www.sunkaraoke.hu\/wp-content\/uploads\/2022\/07\/choir_2-copy.webp\" alt=\"\" width=\"30\" height=\"30\" \/> <\/strong><\/p>\n","protected":false},"excerpt":{"rendered":"<h6><strong>Bits\u0171r\u0171s\u00e9g: 320<\/strong>kb\/s<strong><br \/>\n<\/strong><strong>Hossz: <\/strong>03:57<strong><br \/>\n<\/strong><strong style=\"font-size: 16px;\">Vok\u00e1lt tartalmaz: <\/strong>Nem <img loading=\"lazy\" decoding=\"async\" class=\"alignnone size-full wp-image-467\" src=\"http:\/\/www.sunkaraoke.hu\/wp-content\/uploads\/2022\/07\/choir_2-copy.png\" alt=\"\" width=\"30\" height=\"30\" \/><strong style=\"font-size: 16px;\"><br \/>\n<\/strong><\/h6>\n<p>Sunkaraoke mp3 st\u00fadi\u00f3 \/ www.sunkaraoke.hu \/ Inf: Tel: 06 20 4275001<\/p>\n<p>&#8212;Intr\u00f3&#8212;<br \/>\nP\u00e1r h\u00e1z volt k\u00f6zt\u00fcnk, s tal\u00e1n egy k\u00e9t \u00e9v,<br \/>\n\u00e9s hozz\u00e1d k\u00f6ly\u00f6k voltam \u00e9n.<br \/>\nF\u00e9ltem ha mondan\u00e1m csak nevetn\u00e9l,<br \/>\ns f\u00e9ltem hogy \u00e9szre vetted r\u00e9g.<br \/>\nH\u00e1nyszor indultam el hozz\u00e1d,<br \/>\ns te mindig, mindig siett\u00e9l.<br \/>\nHossz\u00fa aut\u00f3kban v\u00e1rtak r\u00e1d,<br \/>\ns nem hittem el hogy nincs es\u00e9ly.<br \/>\nEml\u00e9kszem megfogadtam, nem is baj,<br \/>\nlesz nevem s p\u00e9nzem egyszer m\u00e9g.<br \/>\nF\u00e9nyek k\u00f6zt \u00e1llok s halkan sz\u00f3l egy dal,<br \/>\ns akkor majd te is szeretn\u00e9l.<br \/>\nDe a s\u00e1ros kis utc\u00e1nkban,<br \/>\n\u00e9pp csak egy-k\u00e9t l\u00e1mpa \u00e9g.<br \/>\n\u00c9n mindig f\u00e1ztam ha r\u00e1d v\u00e1rtam,<br \/>\nt\u00e9l illat\u00e1t \u00e9rzem m\u00e9g.<br \/>\nSz\u00e9p J\u00falia, sz\u00e9p J\u00falia,<br \/>\ntal\u00e1n m\u00e1r r\u00e1m sem ismern\u00e9l.<br \/>\nSz\u00e9p J\u00falia, sz\u00e9p J\u00falia,<br \/>\nmaradj h\u00e1t mind\u00f6r\u00f6kre sz\u00e9p.<br \/>\n&#8212;Sz\u00f3l\u00f3&#8212;<br \/>\n\u00c1rny\u00e9kba rejt\u00f6zik a n\u00e9z\u00f6t\u00e9r,<br \/>\na szivem hangosabban ver.<br \/>\nUgy l\u00e1tom n\u00e9ha mintha itt lenn\u00e9l,<br \/>\nb\u00e1r tudom sosem j\u00f6tt\u00e9l el.<br \/>\n\u00c9s egy t\u00e1voli utc\u00e1ban,<br \/>\ntal\u00e1n sok f\u00e9nyes l\u00e1mpa \u00e9g.<br \/>\n\u00c1lom aut\u00f3kban r\u00e1d v\u00e1rnak,<br \/>\nvissza sem n\u00e9zel m\u00e1r r\u00e9g.<br \/>\nSz\u00e9p J\u00falia, sz\u00e9p J\u00falia,<br \/>\ntal\u00e1n m\u00e1r r\u00e1m sem ismern\u00e9l.<br \/>\nSz\u00e9p J\u00falia, sz\u00e9p J\u00falia,<br \/>\nmaradj h\u00e1t mind\u00f6r\u00f6kre sz\u00e9p.<br \/>\n&#8212;V\u00e9ge&#8212;<\/p>\n","protected":false},"featured_media":10082,"template":"","meta":{"site-sidebar-layout":"default","site-content-layout":"default","ast-site-content-layout":"default","site-content-style":"default","site-sidebar-style":"default","ast-global-header-display":"","ast-banner-title-visibility":"","ast-main-header-display":"","ast-hfb-above-header-display":"","ast-hfb-below-header-display":"","ast-hfb-mobile-header-display":"","site-post-title":"","ast-breadcrumbs-content":"","ast-featured-img":"","footer-sml-layout":"","theme-transparent-header-meta":"default","adv-header-id-meta":"","stick-header-meta":"","header-above-stick-meta":"","header-main-stick-meta":"","header-below-stick-meta":"","astra-migrate-meta-layouts":"set","ast-page-background-enabled":"default","ast-page-background-meta":{"desktop":{"background-color":"var(--ast-global-color-4)","background-image":"","background-repeat":"repeat","background-position":"center center","background-size":"auto","background-attachment":"scroll","background-type":"","background-media":"","overlay-type":"","overlay-color":"","overlay-opacity":"","overlay-gradient":""},"tablet":{"background-color":"","background-image":"","background-repeat":"repeat","background-position":"center center","background-size":"auto","background-attachment":"scroll","background-type":"","background-media":"","overlay-type":"","overlay-color":"","overlay-opacity":"","overlay-gradient":""},"mobile":{"background-color":"","background-image":"","background-repeat":"repeat","background-position":"center center","background-size":"auto","background-attachment":"scroll","background-type":"","background-media":"","overlay-type":"","overlay-color":"","overlay-opacity":"","overlay-gradient":""}},"ast-content-background-meta":{"desktop":{"background-color":"var(--ast-global-color-5)","background-image":"","background-repeat":"repeat","background-position":"center center","background-size":"auto","background-attachment":"scroll","background-type":"","background-media":"","overlay-type":"","overlay-color":"","overlay-opacity":"","overlay-gradient":""},"tablet":{"background-color":"var(--ast-global-color-5)","background-image":"","background-repeat":"repeat","background-position":"center center","background-size":"auto","background-attachment":"scroll","background-type":"","background-media":"","overlay-type":"","overlay-color":"","overlay-opacity":"","overlay-gradient":""},"mobile":{"background-color":"var(--ast-global-color-5)","background-image":"","background-repeat":"repeat","background-position":"center center","background-size":"auto","background-attachment":"scroll","background-type":"","background-media":"","overlay-type":"","overlay-color":"","overlay-opacity":"","overlay-gradient":""}}},"product_cat":[48],"product_tag":[],"class_list":["post-3976","product","type-product","status-publish","has-post-thumbnail","hentry","product_cat-sunkaraoke-dalok","desktop-align-left","tablet-align-left","mobile-align-left"],"_links":{"self":[{"href":"https:\/\/www.sunkaraoke.hu\/index.php\/wp-json\/wp\/v2\/product\/3976","targetHints":{"allow":["GET"]}}],"collection":[{"href":"https:\/\/www.sunkaraoke.hu\/index.php\/wp-json\/wp\/v2\/product"}],"about":[{"href":"https:\/\/www.sunkaraoke.hu\/index.php\/wp-json\/wp\/v2\/types\/product"}],"wp:featuredmedia":[{"embeddable":true,"href":"https:\/\/www.sunkaraoke.hu\/index.php\/wp-json\/wp\/v2\/media\/10082"}],"wp:attachment":[{"href":"https:\/\/www.sunkaraoke.hu\/index.php\/wp-json\/wp\/v2\/media?parent=3976"}],"wp:term":[{"taxonomy":"product_cat","embeddable":true,"href":"https:\/\/www.sunkaraoke.hu\/index.php\/wp-json\/wp\/v2\/product_cat?post=3976"},{"taxonomy":"product_tag","embeddable":true,"href":"https:\/\/www.sunkaraoke.hu\/index.php\/wp-json\/wp\/v2\/product_tag?post=3976"}],"curies":[{"name":"wp","href":"https:\/\/api.w.org\/{rel}","templated":true}]}}