{"id":3974,"date":"2022-08-08T20:46:58","date_gmt":"2022-08-08T20:46:58","guid":{"rendered":"https:\/\/www.sunkaraoke.hu\/index.php\/termek\/suzy-jolly-mulatunk-az-ejszakaba\/"},"modified":"2025-04-09T14:36:03","modified_gmt":"2025-04-09T14:36:03","slug":"suzy-jolly-mulatunk-az-ejszakaba","status":"publish","type":"product","link":"https:\/\/www.sunkaraoke.hu\/index.php\/termek\/suzy-jolly-mulatunk-az-ejszakaba\/","title":{"rendered":"<div class=\"wcmp-player-container product-3974\"><audio controlslist=\"nodownload\" data-product=\"3974\"  volume=\"1\"  preload=\"none\" data-lazyloading=\"none\" class=\"wcmp-player track mejs-classic\" data-duration=\"0:31\" data-estimated_duration=\"4\"><source src=\"https:\/\/www.sunkaraoke.hu\/wp-content\/uploads\/2022\/08\/Mulatunk-az-ejszakaba-Jolly-Transz-_demo.mp3\" type=\"audio\/mp3\" \/><\/audio><\/div>Suzy &#038; Jolly &#8211; Mulatunk az \u00e9jszak\u00e1ba (Original)"},"content":{"rendered":"<p><strong>03:47<\/strong> | <strong><img loading=\"lazy\" decoding=\"async\" class=\"alignnone size-full wp-image-467\" src=\"https:\/\/www.sunkaraoke.hu\/wp-content\/uploads\/2022\/07\/choir_2-copy.webp\" alt=\"\" width=\"30\" height=\"30\" \/> \/ -3<\/strong><\/p>\n","protected":false},"excerpt":{"rendered":"<h6><strong>Bits\u0171r\u0171s\u00e9g: 320 kb\/s<\/strong><br \/>\n<strong>Hossz: 03:47<\/strong><br \/>\n<strong>Vok\u00e1lt tartalmaz: Nem <img loading=\"lazy\" decoding=\"async\" class=\"alignnone size-full wp-image-467\" src=\"http:\/\/www.sunkaraoke.hu\/wp-content\/uploads\/2022\/07\/choir_2-copy.png\" alt=\"\" width=\"30\" height=\"30\" \/><br \/>\nTranszpon\u00e1ls: -3<\/strong><\/h6>\n<p>&nbsp;<\/p>\n<p>&#8212;-Intr\u00f3&#8212;<br \/>\nOj, l\u00e9, l\u00e9, l\u00e9, oj, l\u00e9, l\u00e9, l\u00e9&#8230;&#8230;<br \/>\n\u00dagy szeretlek , \u00fagy im\u00e1dlak kellesz nekem,<br \/>\nminden nappalon \u00e9s \u00e9jjelen.<br \/>\nBelev\u00e9stem nevedet a sz\u00edvembe,<br \/>\nmert te vagy az \u00e9n \u00e9letem.<br \/>\nT\u00e1ncra h\u00edv a zene, gyere hallgass bele,<br \/>\nbehunyom a szememet \u00e9s r\u00e1 gondolok.<br \/>\n\u00c9nekelj most nekem, tedd rabb\u00e1 a sz\u00edvem,<br \/>\nn\u00e9lk\u00fcled \u00e9n \u00e9lni tov\u00e1bb nem tudok.<\/p>\n<p>Jaj de nem b\u00e1nom ne m\u00e1r,<br \/>\nhogy nekem te lett\u00e9l a kicsike bab\u00e1m,<br \/>\nminden \u00e9jjel mulatunk az \u00e9jszak\u00e1ba,<br \/>\naz \u00e9n dr\u00e1ga galambomnak nincsen p\u00e1rja.<br \/>\nNem b\u00e1nom ne m\u00e1r,<br \/>\nhogy nekem te lett\u00e9l a kicsike bab\u00e1m,<br \/>\nminden \u00e9jjel r\u00f3lad sz\u00f3l az \u00e9des \u00e1lmom,<br \/>\ntied az \u00e9n s\u00edrig tart\u00f3 boldogs\u00e1gom.<br \/>\nOj, l\u00e9, l\u00e9, l\u00e9, oj, l\u00e9, l\u00e9, l\u00e9&#8230;&#8230;<br \/>\n&#8212;Sz\u00f3l\u00f3&#8212;<br \/>\n\u00dagy szeretlek , \u00fagy im\u00e1dlak kellesz nekem,<br \/>\nminden nappalon \u00e9s \u00e9jjelen.<br \/>\nBelev\u00e9stem nevedet a sz\u00edvembe,<br \/>\nmert te vagy az \u00e9n \u00e9letem.<br \/>\nT\u00e1ncra h\u00edv a zene, gyere hallgass bele,<br \/>\nbehunyom a szememet \u00e9s r\u00e1 gondolok.<br \/>\n\u00c9nekelj most nekem, tedd rabb\u00e1 a sz\u00edvem,<br \/>\nn\u00e9lk\u00fcled \u00e9n \u00e9lni tov\u00e1bb nem tudok.<br \/>\nJaj de nem b\u00e1nom ne m\u00e1r,<br \/>\nhogy nekem te lett\u00e9l a kicsike bab\u00e1m,<br \/>\nminden \u00e9jjel mulatunk az \u00e9jszak\u00e1ba,<br \/>\naz \u00e9n dr\u00e1ga galambomnak nincsen p\u00e1rja.<br \/>\nNem b\u00e1nom ne m\u00e1r,<br \/>\nhogy nekem te lett\u00e9l a kicsike bab\u00e1m,<br \/>\nminden \u00e9jjel r\u00f3lad sz\u00f3l az \u00e9des \u00e1lmom,<br \/>\ntied az \u00e9n s\u00edrig tart\u00f3 boldogs\u00e1gom.<br \/>\nOj, l\u00e9, l\u00e9, l\u00e9, oj, l\u00e9, l\u00e9, l\u00e9&#8230;&#8230;<br \/>\n&#8212;V\u00e9ge&#8212;<\/p>\n","protected":false},"featured_media":9007,"template":"","meta":{"site-sidebar-layout":"default","site-content-layout":"default","ast-site-content-layout":"default","site-content-style":"default","site-sidebar-style":"default","ast-global-header-display":"","ast-banner-title-visibility":"","ast-main-header-display":"","ast-hfb-above-header-display":"","ast-hfb-below-header-display":"","ast-hfb-mobile-header-display":"","site-post-title":"","ast-breadcrumbs-content":"","ast-featured-img":"","footer-sml-layout":"","theme-transparent-header-meta":"default","adv-header-id-meta":"","stick-header-meta":"","header-above-stick-meta":"","header-main-stick-meta":"","header-below-stick-meta":"","astra-migrate-meta-layouts":"set","ast-page-background-enabled":"default","ast-page-background-meta":{"desktop":{"background-color":"var(--ast-global-color-4)","background-image":"","background-repeat":"repeat","background-position":"center center","background-size":"auto","background-attachment":"scroll","background-type":"","background-media":"","overlay-type":"","overlay-color":"","overlay-opacity":"","overlay-gradient":""},"tablet":{"background-color":"","background-image":"","background-repeat":"repeat","background-position":"center center","background-size":"auto","background-attachment":"scroll","background-type":"","background-media":"","overlay-type":"","overlay-color":"","overlay-opacity":"","overlay-gradient":""},"mobile":{"background-color":"","background-image":"","background-repeat":"repeat","background-position":"center center","background-size":"auto","background-attachment":"scroll","background-type":"","background-media":"","overlay-type":"","overlay-color":"","overlay-opacity":"","overlay-gradient":""}},"ast-content-background-meta":{"desktop":{"background-color":"var(--ast-global-color-5)","background-image":"","background-repeat":"repeat","background-position":"center center","background-size":"auto","background-attachment":"scroll","background-type":"","background-media":"","overlay-type":"","overlay-color":"","overlay-opacity":"","overlay-gradient":""},"tablet":{"background-color":"var(--ast-global-color-5)","background-image":"","background-repeat":"repeat","background-position":"center center","background-size":"auto","background-attachment":"scroll","background-type":"","background-media":"","overlay-type":"","overlay-color":"","overlay-opacity":"","overlay-gradient":""},"mobile":{"background-color":"var(--ast-global-color-5)","background-image":"","background-repeat":"repeat","background-position":"center center","background-size":"auto","background-attachment":"scroll","background-type":"","background-media":"","overlay-type":"","overlay-color":"","overlay-opacity":"","overlay-gradient":""}}},"product_cat":[48],"product_tag":[],"class_list":["post-3974","product","type-product","status-publish","has-post-thumbnail","hentry","product_cat-sunkaraoke-dalok","desktop-align-left","tablet-align-left","mobile-align-left"],"_links":{"self":[{"href":"https:\/\/www.sunkaraoke.hu\/index.php\/wp-json\/wp\/v2\/product\/3974","targetHints":{"allow":["GET"]}}],"collection":[{"href":"https:\/\/www.sunkaraoke.hu\/index.php\/wp-json\/wp\/v2\/product"}],"about":[{"href":"https:\/\/www.sunkaraoke.hu\/index.php\/wp-json\/wp\/v2\/types\/product"}],"wp:featuredmedia":[{"embeddable":true,"href":"https:\/\/www.sunkaraoke.hu\/index.php\/wp-json\/wp\/v2\/media\/9007"}],"wp:attachment":[{"href":"https:\/\/www.sunkaraoke.hu\/index.php\/wp-json\/wp\/v2\/media?parent=3974"}],"wp:term":[{"taxonomy":"product_cat","embeddable":true,"href":"https:\/\/www.sunkaraoke.hu\/index.php\/wp-json\/wp\/v2\/product_cat?post=3974"},{"taxonomy":"product_tag","embeddable":true,"href":"https:\/\/www.sunkaraoke.hu\/index.php\/wp-json\/wp\/v2\/product_tag?post=3974"}],"curies":[{"name":"wp","href":"https:\/\/api.w.org\/{rel}","templated":true}]}}