{"id":3971,"date":"2022-08-08T20:46:58","date_gmt":"2022-08-08T20:46:58","guid":{"rendered":"https:\/\/www.sunkaraoke.hu\/index.php\/termek\/balazs-pali-mama-ne-sirj-kerlek\/"},"modified":"2025-03-31T11:38:58","modified_gmt":"2025-03-31T11:38:58","slug":"balazs-pali-mama-ne-sirj-kerlek","status":"publish","type":"product","link":"https:\/\/www.sunkaraoke.hu\/index.php\/termek\/balazs-pali-mama-ne-sirj-kerlek\/","title":{"rendered":"<div class=\"wcmp-player-container product-3971\"><audio controlslist=\"nodownload\" data-product=\"3971\"  volume=\"1\"  preload=\"none\" data-lazyloading=\"none\" class=\"wcmp-player track mejs-classic\" data-duration=\"0:37\" data-estimated_duration=\"4\"><source src=\"https:\/\/www.sunkaraoke.hu\/wp-content\/uploads\/2022\/08\/Mama-ne-sirj-kerlek-SB-demo.mp3\" type=\"audio\/mp3\" \/><\/audio><\/div>Bal\u00e1zs Pali &#8211; Mama ne s\u00edrj k\u00e9rlek (Original)"},"content":{"rendered":"<p><strong>03:35<\/strong> | <strong><img loading=\"lazy\" decoding=\"async\" class=\"alignnone size-full wp-image-467\" src=\"https:\/\/www.sunkaraoke.hu\/wp-content\/uploads\/2022\/07\/choir_2-copy.webp\" alt=\"\" width=\"30\" height=\"30\" \/> <\/strong><\/p>\n","protected":false},"excerpt":{"rendered":"<h6><strong>Bits\u0171r\u0171s\u00e9g: 320<\/strong>kb\/s<strong><br \/>\n<\/strong><strong>Hossz: <\/strong>03:35<strong><br \/>\n<\/strong><strong style=\"font-size: 16px;\">Vok\u00e1lt tartalmaz: <\/strong>Nem <img loading=\"lazy\" decoding=\"async\" class=\"alignnone size-full wp-image-467\" src=\"http:\/\/www.sunkaraoke.hu\/wp-content\/uploads\/2022\/07\/choir_2-copy.png\" alt=\"\" width=\"30\" height=\"30\" \/><strong style=\"font-size: 16px;\"><br \/>\n<\/strong><\/h6>\n<p>Sunkaraoke mp3 st\u00fadi\u00f3 \/ www.sunkaraoke.hu \/ Inf: Tel: 06 20 4275001<\/p>\n<p>&#8212;Intr\u00f3&#8212;-<br \/>\nKi \u00e9rti meg, hogy mit rem\u00e9lek,<br \/>\nki \u00e9rzi meg a b\u00e1natom?<br \/>\nKi tudja azt, hogy most mit \u00e9rzek,<br \/>\nki hallja meg a s\u00f3hajom?<br \/>\nMama ne s\u00edrj az Isten\u00e9rt,<br \/>\nvisszaj\u00f6v\u00f6k m\u00e9g,<br \/>\nitt leszek, visszat\u00e9rek \u00fajra!<br \/>\nMama ne s\u00edrj a kedvem\u00e9rt,<br \/>\nnem b\u00facs\u00fazom, ne f\u00e9lj,<br \/>\nmost elmegyek, s hogy merre azt ki tudja?<br \/>\nKi \u0151rzi m\u00e9g a kisszob\u00e1mat,<br \/>\nhol gyermek voltam akkor r\u00e9g?<br \/>\nKi v\u00e1r re\u00e1m, ki s\u00edr ut\u00e1nam,<br \/>\naz \u00e9n any\u00e1m, \u0151 az ki f\u00e9lt!<br \/>\nMama ne s\u00edrj az Isten\u00e9rt,<br \/>\nvisszaj\u00f6v\u00f6k m\u00e9g,<br \/>\nitt leszek, visszat\u00e9rek \u00fajra!<br \/>\nMama ne s\u00edrj a kedvem\u00e9rt,<br \/>\nnem b\u00facs\u00fazom, ne f\u00e9lj,<br \/>\nmost elmegyek, s hogy merre azt ki tudja?<br \/>\n&#8212;Sz\u00f3l\u00f3&#8212;<br \/>\nMama ne s\u00edrj az Isten\u00e9rt,<br \/>\nvisszaj\u00f6v\u00f6k m\u00e9g,<br \/>\nitt leszek, visszat\u00e9rek \u00fajra!<br \/>\nMama ne s\u00edrj a kedvem\u00e9rt,<br \/>\nnem b\u00facs\u00fazom, ne f\u00e9lj,<br \/>\nmost elmegyek, s hogy merre azt ki tudja?<br \/>\nMama ne s\u00edrj az Isten\u00e9rt,<br \/>\nvisszaj\u00f6v\u00f6k m\u00e9g,<br \/>\nitt leszek, visszat\u00e9rek \u00fajra!<br \/>\nMama ne s\u00edrj a kedvem\u00e9rt,<br \/>\nnem b\u00facs\u00fazom, ne f\u00e9lj,<br \/>\nmost elmegyek, s hogy merre azt ki tudja?<br \/>\nKi tudja&#8230;&#8230;ki tudja&#8230; ki tudja&#8230; ki tudja?<br \/>\n&#8212;V\u00e9ge&#8212;<\/p>\n","protected":false},"featured_media":13078,"template":"","meta":{"site-sidebar-layout":"default","site-content-layout":"default","ast-site-content-layout":"default","site-content-style":"default","site-sidebar-style":"default","ast-global-header-display":"","ast-banner-title-visibility":"","ast-main-header-display":"","ast-hfb-above-header-display":"","ast-hfb-below-header-display":"","ast-hfb-mobile-header-display":"","site-post-title":"","ast-breadcrumbs-content":"","ast-featured-img":"","footer-sml-layout":"","theme-transparent-header-meta":"default","adv-header-id-meta":"","stick-header-meta":"","header-above-stick-meta":"","header-main-stick-meta":"","header-below-stick-meta":"","astra-migrate-meta-layouts":"set","ast-page-background-enabled":"default","ast-page-background-meta":{"desktop":{"background-color":"var(--ast-global-color-4)","background-image":"","background-repeat":"repeat","background-position":"center center","background-size":"auto","background-attachment":"scroll","background-type":"","background-media":"","overlay-type":"","overlay-color":"","overlay-opacity":"","overlay-gradient":""},"tablet":{"background-color":"","background-image":"","background-repeat":"repeat","background-position":"center center","background-size":"auto","background-attachment":"scroll","background-type":"","background-media":"","overlay-type":"","overlay-color":"","overlay-opacity":"","overlay-gradient":""},"mobile":{"background-color":"","background-image":"","background-repeat":"repeat","background-position":"center center","background-size":"auto","background-attachment":"scroll","background-type":"","background-media":"","overlay-type":"","overlay-color":"","overlay-opacity":"","overlay-gradient":""}},"ast-content-background-meta":{"desktop":{"background-color":"var(--ast-global-color-5)","background-image":"","background-repeat":"repeat","background-position":"center center","background-size":"auto","background-attachment":"scroll","background-type":"","background-media":"","overlay-type":"","overlay-color":"","overlay-opacity":"","overlay-gradient":""},"tablet":{"background-color":"var(--ast-global-color-5)","background-image":"","background-repeat":"repeat","background-position":"center center","background-size":"auto","background-attachment":"scroll","background-type":"","background-media":"","overlay-type":"","overlay-color":"","overlay-opacity":"","overlay-gradient":""},"mobile":{"background-color":"var(--ast-global-color-5)","background-image":"","background-repeat":"repeat","background-position":"center center","background-size":"auto","background-attachment":"scroll","background-type":"","background-media":"","overlay-type":"","overlay-color":"","overlay-opacity":"","overlay-gradient":""}}},"product_cat":[48],"product_tag":[],"class_list":["post-3971","product","type-product","status-publish","has-post-thumbnail","hentry","product_cat-sunkaraoke-dalok","desktop-align-left","tablet-align-left","mobile-align-left"],"_links":{"self":[{"href":"https:\/\/www.sunkaraoke.hu\/index.php\/wp-json\/wp\/v2\/product\/3971","targetHints":{"allow":["GET"]}}],"collection":[{"href":"https:\/\/www.sunkaraoke.hu\/index.php\/wp-json\/wp\/v2\/product"}],"about":[{"href":"https:\/\/www.sunkaraoke.hu\/index.php\/wp-json\/wp\/v2\/types\/product"}],"wp:featuredmedia":[{"embeddable":true,"href":"https:\/\/www.sunkaraoke.hu\/index.php\/wp-json\/wp\/v2\/media\/13078"}],"wp:attachment":[{"href":"https:\/\/www.sunkaraoke.hu\/index.php\/wp-json\/wp\/v2\/media?parent=3971"}],"wp:term":[{"taxonomy":"product_cat","embeddable":true,"href":"https:\/\/www.sunkaraoke.hu\/index.php\/wp-json\/wp\/v2\/product_cat?post=3971"},{"taxonomy":"product_tag","embeddable":true,"href":"https:\/\/www.sunkaraoke.hu\/index.php\/wp-json\/wp\/v2\/product_tag?post=3971"}],"curies":[{"name":"wp","href":"https:\/\/api.w.org\/{rel}","templated":true}]}}