{"id":3966,"date":"2022-08-08T20:46:58","date_gmt":"2022-08-08T20:46:58","guid":{"rendered":"https:\/\/www.sunkaraoke.hu\/index.php\/termek\/tesok-keressuk-az-igazit\/"},"modified":"2025-03-28T15:39:02","modified_gmt":"2025-03-28T15:39:02","slug":"tesok-keressuk-az-igazit","status":"publish","type":"product","link":"https:\/\/www.sunkaraoke.hu\/index.php\/termek\/tesok-keressuk-az-igazit\/","title":{"rendered":"<div class=\"wcmp-player-container product-3966\"><audio controlslist=\"nodownload\" data-product=\"3966\"  volume=\"1\"  preload=\"none\" data-lazyloading=\"none\" class=\"wcmp-player track mejs-classic\" data-duration=\"4:14\" data-estimated_duration=\"26\"><source src=\"https:\/\/www.sunkaraoke.hu\/wp-content\/uploads\/2022\/08\/Keressuk-az-igazit-TRSZ-Orig-Tesok-SB-karaoke2.mp3\" type=\"audio\/mp3\" \/><\/audio><\/div>Tes\u00f3k &#8211; Keress\u00fck az igazit"},"content":{"rendered":"<p><strong>04:14<\/strong> | <strong><img loading=\"lazy\" decoding=\"async\" class=\"alignnone size-full wp-image-467\" src=\"https:\/\/www.sunkaraoke.hu\/wp-content\/uploads\/2022\/07\/choir_2-copy.webp\" alt=\"\" width=\"30\" height=\"30\" \/> <strong> | <img loading=\"lazy\" decoding=\"async\" class=\"alignnone size-full wp-image-613\" src=\"https:\/\/www.sunkaraoke.hu\/wp-content\/uploads\/2022\/07\/transzponalas.webp\" alt=\"\" width=\"30\" height=\"30\" \/> -2<\/strong><\/strong><\/p>\n","protected":false},"excerpt":{"rendered":"<h6><strong>Bits\u0171r\u0171s\u00e9g: 320 kb\/s<\/strong><br \/>\n<strong>Hossz: 04:14<\/strong><br \/>\n<strong>Vok\u00e1lt tartalmaz: Nem <img loading=\"lazy\" decoding=\"async\" class=\"alignnone size-full wp-image-467\" src=\"http:\/\/www.sunkaraoke.hu\/wp-content\/uploads\/2022\/07\/choir_2-copy.png\" alt=\"\" width=\"30\" height=\"30\" \/><\/strong><br \/>\n<strong>Transzpon\u00e1l\u00e1s: <img loading=\"lazy\" decoding=\"async\" class=\"alignnone size-full wp-image-613\" src=\"http:\/\/www.sunkaraoke.hu\/wp-content\/uploads\/2022\/07\/transzponalas.png\" alt=\"\" width=\"30\" height=\"30\" \/> -2<\/strong><\/h6>\n<p>Sunkaraoke mp3 st\u00fadi\u00f3 \/ www.sunkaraoke.hu \/ Inf: Tel: 06 20 4275001<\/p>\n<p>&#8212;Intr\u00f3&#8212;<br \/>\nKeress\u00fck az igazi n\u0151t, akit\u0151l nem kell k\u00e9rni kimen\u0151t,<br \/>\naki nem akar esk\u00fcv\u0151t, \u00e9s m\u00e9gsem tart mellett\u00fcnk szeret\u0151t.<br \/>\nAzt mondj\u00e1k a haverok, Chicag\u00f3ba kaphatok,<br \/>\n\u00e9n csak ilyen n\u0151t.<br \/>\n\u00d6ssze j\u00f6tt egy j\u00f3 maszek, rep\u00fcl\u0151jegyet veszek,<br \/>\nfelhajtom a nagy \u0150t.<br \/>\nEgyszer \u00e9l\u00fcnk, b\u00fasulni k\u00e1r,<br \/>\nhajt a v\u00e9r\u00fcnk nincsen hat\u00e1r,<br \/>\ns\u00fct a nap r\u00e1nk bulizni j\u00f3,<br \/>\nez az \u00e9let nek\u00fcnk val\u00f3.<br \/>\nEgyszer \u00e9l\u00fcnk, b\u00fasulni k\u00e1r,<br \/>\nmegtal\u00e1ljuk b\u00e1rmerre j\u00e1r,<br \/>\nazt a n\u0151t aki beleval\u00f3,<br \/>\naki tudja nek\u00fcnk mi j\u00f3!<br \/>\n&#8212;Sz\u00f3l\u00f3&#8212;<br \/>\nKeress\u00fck az igazi n\u0151t,aki ha megl\u00e1t nem kap leveg\u0151t.<br \/>\n\u00e9s \u00e9jjel ad nek\u00fcnk id\u0151t hogy elkoptathassuk a leped\u0151t.<br \/>\nAzt mondj\u00e1k a haverok, Chicag\u00f3ba kaphatok,<br \/>\n\u00e9n csak ilyen n\u0151t.<br \/>\n\u00d6ssze j\u00f6tt egy j\u00f3 maszek, rep\u00fcl\u0151jegyet veszek,<br \/>\nfelhajtom a nagy \u0150t.<br \/>\nEgyszer \u00e9l\u00fcnk, b\u00fasulni k\u00e1r,<br \/>\nhajt a v\u00e9r\u00fcnk nincsen hat\u00e1r,<br \/>\ns\u00fct a nap r\u00e1nk bulizni j\u00f3,<br \/>\nez az \u00e9let nek\u00fcnk val\u00f3.<br \/>\nEgyszer \u00e9l\u00fcnk, b\u00fasulni k\u00e1r,<br \/>\nmegtal\u00e1ljuk b\u00e1rmerre j\u00e1r,<br \/>\nazt a n\u0151t aki beleval\u00f3,<br \/>\naki tudja nek\u00fcnk mi j\u00f3!<br \/>\n&#8212;Sz\u00f3l\u00f3&#8212;<br \/>\nAzt mondj\u00e1k a haverok, Chicag\u00f3ba kaphatok,<br \/>\n\u00e9n csak ilyen n\u0151t.<br \/>\n\u00d6ssze j\u00f6tt egy j\u00f3 maszek, rep\u00fcl\u0151jegyet veszek,<br \/>\nfelhajtom a nagy \u0150t.<br \/>\nEgyszer \u00e9l\u00fcnk, b\u00fasulni k\u00e1r,<br \/>\nhajt a v\u00e9r\u00fcnk nincsen hat\u00e1r,<br \/>\ns\u00fct a nap r\u00e1nk bulizni j\u00f3,<br \/>\nez az \u00e9let nek\u00fcnk val\u00f3.<br \/>\nEgyszer \u00e9l\u00fcnk, b\u00fasulni k\u00e1r,<br \/>\nmegtal\u00e1ljuk b\u00e1rmerre j\u00e1r,<br \/>\nazt a n\u0151t aki beleval\u00f3,<br \/>\naki tudja nek\u00fcnk mi j\u00f3!<br \/>\nEgyszer \u00e9l\u00fcnk, b\u00fasulni k\u00e1r,<br \/>\nhajt a v\u00e9r\u00fcnk nincsen hat\u00e1r,<br \/>\ns\u00fct a nap r\u00e1nk bulizni j\u00f3,<br \/>\nez az \u00e9let nek\u00fcnk val\u00f3.<br \/>\nEgyszer \u00e9l\u00fcnk, b\u00fasulni k\u00e1r,<br \/>\nmegtal\u00e1ljuk b\u00e1rmerre j\u00e1r,<br \/>\nazt a n\u0151t aki beleval\u00f3,<br \/>\naki tudja nek\u00fcnk mi j\u00f3!<br \/>\n&#8212;V\u00e9ge&#8212;<\/p>\n","protected":false},"featured_media":8715,"template":"","meta":{"site-sidebar-layout":"default","site-content-layout":"default","ast-site-content-layout":"default","site-content-style":"default","site-sidebar-style":"default","ast-global-header-display":"","ast-banner-title-visibility":"","ast-main-header-display":"","ast-hfb-above-header-display":"","ast-hfb-below-header-display":"","ast-hfb-mobile-header-display":"","site-post-title":"","ast-breadcrumbs-content":"","ast-featured-img":"","footer-sml-layout":"","theme-transparent-header-meta":"default","adv-header-id-meta":"","stick-header-meta":"","header-above-stick-meta":"","header-main-stick-meta":"","header-below-stick-meta":"","astra-migrate-meta-layouts":"set","ast-page-background-enabled":"default","ast-page-background-meta":{"desktop":{"background-color":"var(--ast-global-color-4)","background-image":"","background-repeat":"repeat","background-position":"center center","background-size":"auto","background-attachment":"scroll","background-type":"","background-media":"","overlay-type":"","overlay-color":"","overlay-opacity":"","overlay-gradient":""},"tablet":{"background-color":"","background-image":"","background-repeat":"repeat","background-position":"center center","background-size":"auto","background-attachment":"scroll","background-type":"","background-media":"","overlay-type":"","overlay-color":"","overlay-opacity":"","overlay-gradient":""},"mobile":{"background-color":"","background-image":"","background-repeat":"repeat","background-position":"center center","background-size":"auto","background-attachment":"scroll","background-type":"","background-media":"","overlay-type":"","overlay-color":"","overlay-opacity":"","overlay-gradient":""}},"ast-content-background-meta":{"desktop":{"background-color":"var(--ast-global-color-5)","background-image":"","background-repeat":"repeat","background-position":"center center","background-size":"auto","background-attachment":"scroll","background-type":"","background-media":"","overlay-type":"","overlay-color":"","overlay-opacity":"","overlay-gradient":""},"tablet":{"background-color":"var(--ast-global-color-5)","background-image":"","background-repeat":"repeat","background-position":"center center","background-size":"auto","background-attachment":"scroll","background-type":"","background-media":"","overlay-type":"","overlay-color":"","overlay-opacity":"","overlay-gradient":""},"mobile":{"background-color":"var(--ast-global-color-5)","background-image":"","background-repeat":"repeat","background-position":"center center","background-size":"auto","background-attachment":"scroll","background-type":"","background-media":"","overlay-type":"","overlay-color":"","overlay-opacity":"","overlay-gradient":""}}},"product_cat":[48],"product_tag":[],"class_list":["post-3966","product","type-product","status-publish","has-post-thumbnail","hentry","product_cat-sunkaraoke-dalok","desktop-align-left","tablet-align-left","mobile-align-left"],"_links":{"self":[{"href":"https:\/\/www.sunkaraoke.hu\/index.php\/wp-json\/wp\/v2\/product\/3966","targetHints":{"allow":["GET"]}}],"collection":[{"href":"https:\/\/www.sunkaraoke.hu\/index.php\/wp-json\/wp\/v2\/product"}],"about":[{"href":"https:\/\/www.sunkaraoke.hu\/index.php\/wp-json\/wp\/v2\/types\/product"}],"wp:featuredmedia":[{"embeddable":true,"href":"https:\/\/www.sunkaraoke.hu\/index.php\/wp-json\/wp\/v2\/media\/8715"}],"wp:attachment":[{"href":"https:\/\/www.sunkaraoke.hu\/index.php\/wp-json\/wp\/v2\/media?parent=3966"}],"wp:term":[{"taxonomy":"product_cat","embeddable":true,"href":"https:\/\/www.sunkaraoke.hu\/index.php\/wp-json\/wp\/v2\/product_cat?post=3966"},{"taxonomy":"product_tag","embeddable":true,"href":"https:\/\/www.sunkaraoke.hu\/index.php\/wp-json\/wp\/v2\/product_tag?post=3966"}],"curies":[{"name":"wp","href":"https:\/\/api.w.org\/{rel}","templated":true}]}}